{"id":16154,"date":"2025-08-17T16:53:25","date_gmt":"2025-08-17T14:53:25","guid":{"rendered":"https:\/\/mama-niemowlaka.pl\/sklep\/?post_type=product&#038;p=16154"},"modified":"2026-01-12T19:01:25","modified_gmt":"2026-01-12T18:01:25","slug":"zestaw-ubranek-dla-noworodka-wafel-bez","status":"publish","type":"product","link":"https:\/\/mama-niemowlaka.pl\/sklep\/produkt\/ubranka-niemowlece\/komplet-niemowlecy\/zestaw-ubranek-dla-noworodka-wafel-bez\/","title":{"rendered":"Zestaw ubranek dla noworodka 5 element\u00f3w &#8211; musztardowy"},"content":{"rendered":"<h2 data-pm-slice=\"1 1 []\"><strong>Ubranka dla noworodka &#8211; zestaw dla noworodka 56<\/strong><\/h2>\n<p data-pm-slice=\"1 3 []\">Ten <a href=\"https:\/\/mama-niemowlaka.pl\/sklep\/produkt\/ubranka-niemowlece\/wyprawka-dla-noworodka\/zestaw-ubranek-dla-noworodka-wafel-bez\/\" target=\"_blank\" rel=\"noopener\"><strong>zestaw ubranek dla noworodka<\/strong><\/a> to niezb\u0119dny element ka\u017cdej wyprawki dla noworodka. Komplet ubra\u0144 dla noworodka w rozmiarze 56 doskonale si\u0119 sprawdzi jako ubranka dla ch\u0142opc\u00f3w jak i ubranka dla dziewczynek. Be\u017cowy kolor jest niezwykle modny i uniwersalny.<\/p>\n<p>W jego sk\u0142ad wchodz\u0105:<\/p>\n<ul>\n<li><strong>Kaftanik niemowl\u0119cy<\/strong> &#8211; delikatny i wygodny, zapinany na boku, co u\u0142atwia ubieranie maluszka. Doskonale sprawdza si\u0119 w codziennym u\u017cytkowaniu.<\/li>\n<li><strong>P\u00f3\u0142\u015bpiochy niemowl\u0119ce<\/strong> &#8211; elastyczne i mi\u0119kkie, zapewniaj\u0105 komfort noszenia i swobod\u0119 ruch\u00f3w.<\/li>\n<li><strong>Czapeczka niemowl\u0119ca<\/strong> &#8211; chroni g\u0142\u00f3wk\u0119 przed ch\u0142odem, a jednocze\u015bnie jest przewiewna.<\/li>\n<li><strong>Niedrapki<\/strong> &#8211; zapobiegaj\u0105 przypadkowemu zadrapaniu delikatnej sk\u00f3ry dziecka.<\/li>\n<li><strong>\u015aliniaczek w formie chusteczki<\/strong> &#8211; nie tylko chroni ubranka przed zabrudzeniami, ale r\u00f3wnie\u017c dodaje uroku ca\u0142emu zestawowi.<\/li>\n<\/ul>\n<p data-pm-slice=\"1 1 []\">Zestaw jest idealny na ka\u017cd\u0105 por\u0119 roku, wykonany z najwy\u017cszej jako\u015bci bawe\u0142ny, kt\u00f3ra jest mi\u0119kka i przyjemna w dotyku, a tak\u017ce hipoalergiczna, co jest kluczowe dla wra\u017cliwej sk\u00f3ry niemowl\u0105t. Komplet wyprawkowy dla noworodka zapakowany jest w pude\u0142eczko dzi\u0119ki czemu mo\u017cna go zam\u00f3wi\u0107 na prezent.<\/p>\n<h2 data-pm-slice=\"1 1 []\"><strong>Wyprawka dla noworodka w sklepie <\/strong><a href=\"https:\/\/mama-niemowlaka.pl\" target=\"_blank\" rel=\"noopener\"><strong>mama-niemowlaka.pl<\/strong><\/a><\/h2>\n<p data-pm-slice=\"1 1 []\">W naszym sklepie znajdziesz r\u00f3wnie\u017c inne produkty niezb\u0119dne do wyprawki dla noworodka. Polecamy:<\/p>\n<ul>\n<li><a href=\"https:\/\/mama-niemowlaka.pl\/sklep\/c\/ubranka-niemowlece\/body-niemowlece\/\" target=\"_blank\" rel=\"noopener\">body niemowl\u0119ce<\/a>, w tym <a href=\"https:\/\/mama-niemowlaka.pl\/sklep\/t\/body-kopertowe\/\" target=\"_blank\" rel=\"noopener\">body kopertowe<\/a><\/li>\n<li><a href=\"https:\/\/mama-niemowlaka.pl\/sklep\/c\/ubranka-niemowlece\/polspiochy\/\" target=\"_blank\" rel=\"noopener\">p\u00f3\u0142\u015bpiochy niemowl\u0119ce<\/a> oraz \u015bpioszki<\/li>\n<li><a href=\"https:\/\/mama-niemowlaka.pl\/sklep\/c\/ubranka-niemowlece\/pajacyki-dla-niemowlat\/\" target=\"_blank\" rel=\"noopener\">pajacyki niemowl\u0119ce<\/a><\/li>\n<li>gotowe <a href=\"https:\/\/mama-niemowlaka.pl\/sklep\/c\/ubranka-niemowlece\/wyprawka-dla-noworodka\/\" target=\"_blank\" rel=\"noopener\">komplety dla noworodka<\/a>.<\/li>\n<\/ul>\n<p>Nasze ubranka dla noworodka doskonale uzupe\u0142ni\u0105 garderob\u0119 Twojego dziecka. Oferujemy szeroki wyb\u00f3r ubranek, kt\u00f3re s\u0105 nie tylko praktyczne, ale r\u00f3wnie\u017c stylowe i wygodne. Sprawd\u017a nasze pozosta\u0142e propozycje ubranek od pierwszych chwil w kategorii <a href=\"https:\/\/mama-niemowlaka.pl\/sklep\/t\/ubranka-dla-noworodkow\/\" target=\"_blank\" rel=\"noopener\"><strong>ubranka dla noworodk\u00f3w<\/strong><\/a> lub <a href=\"https:\/\/mama-niemowlaka.pl\/sklep\/c\/ubranka-niemowlece\/wyprawka-dla-noworodka\/\" target=\"_blank\" rel=\"noopener\"><strong>wyprawki dla niemowl\u0105t<\/strong><\/a>.<\/p>\n","protected":false},"excerpt":{"rendered":"<p data-pm-slice=\"1 1 []\">Kompletny zestaw ubranek dla noworodka, kt\u00f3ry zapewni Twojemu maluszkowi pe\u0142en komfort i wygod\u0119 ju\u017c od pierwszych dni \u017cycia. Zestaw sk\u0142ada si\u0119 z pi\u0119ciu element\u00f3w: kaftanika, p\u00f3\u0142\u015bpioch\u00f3w, czapeczki, niedrapek oraz \u015bliniaczka w formie chusteczki. Wszystkie elementy zestawu noworodka s\u0105 w kolorze be\u017cowym. Wykonany z mi\u0119kkiej i delikatnej bawe\u0142ny, idealny dla wra\u017cliwej sk\u00f3ry niemowl\u0119cia. Zestaw ubranek niemowl\u0119cych doskonale si\u0119 sprawdzi zar\u00f3wno dla ch\u0142opca jak i dziewczynki. To r\u00f3wnie\u017c idealne ubranko dla noworodka do szpitala.<\/p>\n<p>Komplet dla noworodka dost\u0119pny jest w rozmiarze 56.<\/p>\n<p>Sk\u0142ad: 100% bawe\u0142na<\/p>\n","protected":false},"featured_media":18742,"template":"","meta":[],"product_brand":[],"product_cat":[122,57,91],"product_tag":[118,233,145,152,164,153,220,180,165],"class_list":{"0":"post-16154","1":"product","2":"type-product","3":"status-publish","4":"has-post-thumbnail","6":"product_cat-komplet-niemowlecy","7":"product_cat-ubranka-niemowlece","8":"product_cat-wyprawka-dla-noworodka","9":"product_tag-bawelna","10":"product_tag-czapka","11":"product_tag-ubranka-dla-niemowlat-chlopca","12":"product_tag-ubranka-dla-niemowlat-dziewczynek","13":"product_tag-kaftaniki-niemowlece","14":"product_tag-komplet","15":"product_tag-ubranka-dla-noworodkow","16":"product_tag-nowosc","17":"product_tag-polspiochy","18":"product_shipping_class-lekka","19":"pa_rozmiar-311","21":"first","22":"instock","23":"taxable","24":"shipping-taxable","25":"purchasable","26":"product-type-variable","27":"has-default-attributes","28":"wvs-archive-product-wrapper"},"_links":{"self":[{"href":"https:\/\/mama-niemowlaka.pl\/sklep\/wp-json\/wp\/v2\/product\/16154","targetHints":{"allow":["GET"]}}],"collection":[{"href":"https:\/\/mama-niemowlaka.pl\/sklep\/wp-json\/wp\/v2\/product"}],"about":[{"href":"https:\/\/mama-niemowlaka.pl\/sklep\/wp-json\/wp\/v2\/types\/product"}],"wp:featuredmedia":[{"embeddable":true,"href":"https:\/\/mama-niemowlaka.pl\/sklep\/wp-json\/wp\/v2\/media\/18742"}],"wp:attachment":[{"href":"https:\/\/mama-niemowlaka.pl\/sklep\/wp-json\/wp\/v2\/media?parent=16154"}],"wp:term":[{"taxonomy":"product_brand","embeddable":true,"href":"https:\/\/mama-niemowlaka.pl\/sklep\/wp-json\/wp\/v2\/product_brand?post=16154"},{"taxonomy":"product_cat","embeddable":true,"href":"https:\/\/mama-niemowlaka.pl\/sklep\/wp-json\/wp\/v2\/product_cat?post=16154"},{"taxonomy":"product_tag","embeddable":true,"href":"https:\/\/mama-niemowlaka.pl\/sklep\/wp-json\/wp\/v2\/product_tag?post=16154"}],"curies":[{"name":"wp","href":"https:\/\/api.w.org\/{rel}","templated":true}]}}