{"id":17635,"date":"2025-05-12T16:34:45","date_gmt":"2025-05-12T14:34:45","guid":{"rendered":"https:\/\/mama-niemowlaka.pl\/sklep\/?post_type=product&#038;p=17635"},"modified":"2025-05-12T16:34:47","modified_gmt":"2025-05-12T14:34:47","slug":"pajacyk-niemowlecy-bezowy","status":"publish","type":"product","link":"https:\/\/mama-niemowlaka.pl\/sklep\/produkt\/ubranka-niemowlece\/pajacyki-dla-niemowlat\/pajacyk-niemowlecy-bezowy\/","title":{"rendered":"Pajacyk niemowl\u0119cy be\u017cowy g\u0142adki z czapk\u0105"},"content":{"rendered":"<h2 data-pm-slice=\"1 1 []\"><strong>Pajacyk niemowl\u0119cy be\u017cowy dla dziewczynki<\/strong><\/h2>\n<p data-pm-slice=\"1 1 []\">Wygodny, pajacyk niemowl\u0119cy be\u017cowy to obowi\u0105zkowy element w wyprawce dla noworodka. Fioletowe pajacyki dla niemowl\u0105t s\u0105 idealne dla dziewczynki. Pajac niemowl\u0119cy zosta\u0142 uszyty z mi\u0119kkiej bawe\u0142ny, dzi\u0119ki czemu jest odpowiedni dla delikatnej sk\u00f3ry niemowlaka. Bawe\u0142niany pajacyk niemowl\u0119cy w kolorze be\u017cowym zapinany jest na bezniklowe napki po ca\u0142ej d\u0142ugo\u015bci ubranka oraz na obu n\u00f3\u017ckach. Dzi\u0119ki temu zmiana pieluszki jest bardzo wygodna zar\u00f3wno dla rodzica jak i maluszka. Pajac niemowl\u0119cy posiada d\u0142ugi r\u0119kaw oraz zabudowane st\u00f3pki, dzi\u0119ki czeku idealnie zapewnia komfort termiczny dziecku.<\/p>\n<p data-pm-slice=\"1 1 []\">Ten uroczy, be\u017cowy pajacyk niemowl\u0119cy z d\u0142ugim r\u0119kawem jest zar\u00f3wno praktyczny, jak i \u0142adny, dzi\u0119ki czemu idealnie nadaje si\u0119 jako pajacyk do spania dla niemowl\u0119cia lub do noszenia na co dzie\u0144. Nasze pajacyki niemowl\u0119ce zosta\u0142y zaprojektowane, tak aby zapewni\u0107 Twojemu dziecku ciep\u0142o i komfort, zapewnia tak\u017ce wygod\u0119 ma\u0142ym st\u00f3pkom.<\/p>\n<h2 data-pm-slice=\"1 1 []\"><strong>Szukasz pajacyk\u00f3w niemowl\u0119cych? Kup bawe\u0142niane pajacyki niemowl\u0119ce w sklepie <a href=\"http:\/\/www.mama-niemowlaka.pl\">mama-niemowlaka.pl<\/a><\/strong><\/h2>\n<p data-pm-slice=\"1 1 []\">Odwied\u017a nasz sklep internetowy <a href=\"http:\/\/www.mama-niemowlaka.pl\"><strong>mama-niemowlaka.pl<\/strong><\/a>, gdzie znajdziesz szeroki wyb\u00f3r pajacyk\u00f3w oraz ubranek niemowl\u0119cych najwy\u017cszej jako\u015bci. Znajdziesz tu \u015bliczne pajacyki niemowl\u0119ce zar\u00f3wno dla ch\u0142opc\u00f3w i dziewczynek. Sprawd\u017a r\u00f3\u017cne rodzaje pajacyk\u00f3w dla niemowl\u0105t dost\u0119pne w naszym sklepie i wybierz idealny pajac niemowl\u0119cy dla swojego Malucha. W naszym sklepie kupisz pajace do spania, odpowiednie pajacyki na ch\u0142odne dni czy te\u017c pajace ocieplane. Szczeg\u00f3lnie wygodne b\u0119d\u0105 zapinane pajacyki na zamek.<\/p>\n<p data-pm-slice=\"1 1 []\">Gwarantujemy wysy\u0142k\u0119 zam\u00f3wienia w ci\u0105gu 48 godzin oraz darmow\u0105 wymian\u0119 towaru lub mo\u017cliwo\u015b\u0107 zwrotu w ci\u0105gu 14 dni. Co wi\u0119cej, je\u015bli zam\u00f3wisz za minimum 249 PLN, dostawa b\u0119dzie ca\u0142kowicie darmowa.<\/p>\n<p data-pm-slice=\"1 1 []\">Sprawd\u017a pozosta\u0142e pajacyki niemowl\u0119ce dla dziewczynki i kup wygodny pajac niemowl\u0119cy do swojej wyprawki dla noworodka. Pajacyki dla noworodk\u00f3w i niemowl\u0105t znajdziesz tutaj -&gt; <a href=\"https:\/\/mama-niemowlaka.pl\/sklep\/c\/ubranka\/pajacyki-dla-niemowlat\/\" target=\"_blank\" rel=\"noopener\"><strong>pajacyki dla niemowlaka.<\/strong><\/a><\/p>\n","protected":false},"excerpt":{"rendered":"<p data-pm-slice=\"1 1 []\">Bawe\u0142niany, g\u0142adki, pajacyk niemowl\u0119cy be\u017cowy z czapk\u0105,\u00a0 zapinany na bezniklowe napki.<\/p>\n<p>Be\u017cowy pajacyk niemowl\u0119cy wyst\u0119puje w trzech rozmiarach: 56, 62 i 68.<\/p>\n<p>Sk\u0142ad: 100% bawe\u0142na<br \/>\nKraj produkcji: Turcja<\/p>\n","protected":false},"featured_media":17628,"template":"","meta":[],"product_brand":[],"product_cat":[59,57],"product_tag":[118,145,152,220,180,270,272,273,274,268,271,269],"class_list":{"0":"post-17635","1":"product","2":"type-product","3":"status-publish","4":"has-post-thumbnail","6":"product_cat-pajacyki-dla-niemowlat","7":"product_cat-ubranka-niemowlece","8":"product_tag-bawelna","9":"product_tag-ubranka-dla-niemowlat-chlopca","10":"product_tag-ubranka-dla-niemowlat-dziewczynek","11":"product_tag-ubranka-dla-noworodkow","12":"product_tag-nowosc","13":"product_tag-pajacyk-do-spania","14":"product_tag-pajacyk-niemowlecy-62","15":"product_tag-pajacyki-68","16":"product_tag-pajacyki-dla-dziewczynek","17":"product_tag-pajacyki-dla-noworodka","18":"product_tag-pajacyki-niemowlece-56","19":"product_tag-pajacyki-niemowlece-dla-chlopca","20":"product_shipping_class-lekka","21":"pa_rozmiar-311","22":"pa_rozmiar-312","23":"pa_rozmiar-313","25":"first","26":"instock","27":"taxable","28":"shipping-taxable","29":"purchasable","30":"product-type-variable","31":"has-default-attributes","32":"wvs-archive-product-wrapper"},"_links":{"self":[{"href":"https:\/\/mama-niemowlaka.pl\/sklep\/wp-json\/wp\/v2\/product\/17635","targetHints":{"allow":["GET"]}}],"collection":[{"href":"https:\/\/mama-niemowlaka.pl\/sklep\/wp-json\/wp\/v2\/product"}],"about":[{"href":"https:\/\/mama-niemowlaka.pl\/sklep\/wp-json\/wp\/v2\/types\/product"}],"wp:featuredmedia":[{"embeddable":true,"href":"https:\/\/mama-niemowlaka.pl\/sklep\/wp-json\/wp\/v2\/media\/17628"}],"wp:attachment":[{"href":"https:\/\/mama-niemowlaka.pl\/sklep\/wp-json\/wp\/v2\/media?parent=17635"}],"wp:term":[{"taxonomy":"product_brand","embeddable":true,"href":"https:\/\/mama-niemowlaka.pl\/sklep\/wp-json\/wp\/v2\/product_brand?post=17635"},{"taxonomy":"product_cat","embeddable":true,"href":"https:\/\/mama-niemowlaka.pl\/sklep\/wp-json\/wp\/v2\/product_cat?post=17635"},{"taxonomy":"product_tag","embeddable":true,"href":"https:\/\/mama-niemowlaka.pl\/sklep\/wp-json\/wp\/v2\/product_tag?post=17635"}],"curies":[{"name":"wp","href":"https:\/\/api.w.org\/{rel}","templated":true}]}}