{"id":17885,"date":"2025-07-19T23:36:46","date_gmt":"2025-07-19T21:36:46","guid":{"rendered":"https:\/\/mama-niemowlaka.pl\/sklep\/?post_type=product&#038;p=17885"},"modified":"2026-04-02T23:18:07","modified_gmt":"2026-04-02T21:18:07","slug":"elegancki-komplet-do-chrztu-z-koszula-blekitno-granatowy","status":"publish","type":"product","link":"https:\/\/mama-niemowlaka.pl\/sklep\/produkt\/ubranka-niemowlece\/komplet-niemowlecy\/elegancki-komplet-do-chrztu-z-koszula-blekitno-granatowy\/","title":{"rendered":"Elegancki komplet do Chrztu z koszul\u0105 &#8211; b\u0142\u0119kitno-granatowy"},"content":{"rendered":"<h2 data-pm-slice=\"1 1 []\"><strong>Elegancki komplet do Chrztu z koszul\u0105 b\u0142\u0119kitno-granatowy dla ch\u0142opca<\/strong><\/h2>\n<p data-pm-slice=\"1 1 []\">Ubranko do Chrztu dla ch\u0142opca sk\u0142ada si\u0119 z b\u0142\u0119kitnej marynarki, bia\u0142ej koszuli z granatow\u0105 much\u0105 na gumce oraz spodni ch\u0142opi\u0119cych. Komplet dla ch\u0142opca wykonany zosta\u0142 z przewiewnych bawe\u0142nianych tkanin, zapewniaj\u0105c maluszkowi komfort i swobod\u0119 podczas wa\u017cnych uroczysto\u015bci. Koszula posiadaj\u0105 d\u0142ugi r\u0119kaw, zako\u0144czony uroczym mankietem. Koszula ch\u0142opi\u0119ca zapinana jest na urocze guziczki. Lniana marynarka zosta\u0142a wyko\u0144czona z dba\u0142o\u015bci\u0105 o szczeg\u00f3\u0142y. Posiad delikatn\u0105, bawe\u0142nian\u0105 podszewk\u0119 a z przodu urocz\u0105, bia\u0142\u0105 poszetk\u0119.<\/p>\n<p data-pm-slice=\"1 1 []\">Je\u015bli pragniesz, aby Tw\u00f3j syn wygl\u0105da\u0142 uroczo i stylowo w dniu jego Chrztu lub podczas innych wa\u017cnych okazji, nasz garnitur dla niemowlaka jest idealnym wyborem. Niezale\u017cnie od okazji nasze <a href=\"https:\/\/mama-niemowlaka.pl\/sklep\/produkt\/ubranka-niemowlece\/komplet-niemowlecy\/elegancki-komplet-do-chrztu-dla-chlopca-blekitny\/\" target=\"_blank\" rel=\"noopener\"><strong>elegancki komplet niemowl\u0119cy na Chrzest<\/strong><\/a> sprawi, \u017ce Tw\u00f3j maluszek b\u0119dzie wygl\u0105da\u0107 ol\u015bniewaj\u0105co i niezapomnianie.<\/p>\n<p data-pm-slice=\"1 1 []\">Wybierz nasz <a href=\"https:\/\/mama-niemowlaka.pl\/sklep\/produkt\/ubranka-niemowlece\/komplet-niemowlecy\/elegancki-komplet-do-chrztu-dla-chlopca-blekitny\/\" target=\"_blank\" rel=\"noopener\"><strong>elegancki komplet do Chrztu dla ch\u0142opca<\/strong><\/a>, kt\u00f3ry nie odbiega od klasycznego garnituru dla doros\u0142ego m\u0119\u017cczyzny.<\/p>\n<h2 data-pm-slice=\"1 1 []\"><strong>Stylowe komplety i garniturki dla niemowl\u0105t w sklepie <\/strong><a href=\"https:\/\/mama-niemowlaka.pl\/sklep\/\" target=\"_blank\" rel=\"noopener\"><strong>mama-niemowlaka.pl<\/strong><\/a><\/h2>\n<p data-pm-slice=\"1 1 []\">Je\u017celi szukasz <a href=\"https:\/\/mama-niemowlaka.pl\/sklep\/t\/ubranka-do-chrztu-dla-chlopca\/\" target=\"_blank\" rel=\"noopener\"><strong>ubranka na Chrzest dla ch\u0142opca<\/strong><\/a> koniecznie sprawd\u017a nasz\u0105 ofert\u0119 <a href=\"https:\/\/mama-niemowlaka.pl\/sklep\/ubranka-niemowlece\/\" target=\"_blank\" rel=\"noopener\"><strong>ubranek dla niemowl\u0105t<\/strong><\/a>. Odkryj stylowe komplety i garnitury dla niemowl\u0105t w sklepie <a href=\"https:\/\/mama-niemowlaka.pl\/sklep\/\" target=\"_blank\" rel=\"noopener\"><strong>mama-niemowlaka.pl<\/strong><\/a>. Niezale\u017cnie od tego, czy szukasz <a href=\"https:\/\/mama-niemowlaka.pl\/sklep\/t\/ubranka-do-chrztu-dla-chlopca\/\" target=\"_blank\" rel=\"noopener\"><strong>zestawu do Chrztu dla ch\u0142opca<\/strong><\/a>, kompletnego stroju na Chrzest dla ch\u0142opca czy eleganckich ubranek na uroczysto\u015bci, <a href=\"https:\/\/mama-niemowlaka.pl\/sklep\/\" target=\"_blank\" rel=\"noopener\"><strong>mama-niemowlaka.pl<\/strong><\/a> ma to, czego potrzebujesz. Zapewnij swojemu maluszkowi wyj\u0105tkowy wygl\u0105d podczas ceremonii Chrztu dzi\u0119ki naszej kolekcji <a href=\"https:\/\/mama-niemowlaka.pl\/sklep\/c\/ubranka-niemowlece\/eleganckie-ubranka-dla-niemowlaka\/\" target=\"_blank\" rel=\"noopener\"><strong>eleganckich ubranek dla niemowl\u0105t<\/strong><\/a>. Wybierz spo\u015br\u00f3d r\u00f3\u017cnych styl\u00f3w i wzor\u00f3w, aby znale\u017a\u0107 idealny <a href=\"https:\/\/mama-niemowlaka.pl\/sklep\/t\/ubranka-do-chrztu-dla-chlopca\/\" target=\"_blank\" rel=\"noopener\"><strong>komplet ch\u0142opi\u0119cy do Chrztu<\/strong><\/a>.<\/p>\n<p data-pm-slice=\"1 1 []\">Sklep <a href=\"https:\/\/mama-niemowlaka.pl\/sklep\/\" target=\"_blank\" rel=\"noopener\"><strong>mama-niemowlaka.pl<\/strong><\/a> to miejsce, gdzie znajdziesz nie tylko najnowsze trendy w modzie dla niemowl\u0105t, ale tak\u017ce wysok\u0105 jako\u015b\u0107 i doskona\u0142e dopasowanie. Przygotuj si\u0119 na wyj\u0105tkowy dzie\u0144 i ubierz swojego ch\u0142opca w oryginalny zestaw na Chrzest, kt\u00f3ry b\u0119dzie wywo\u0142ywa\u0142 u\u015bmiech na twarzach wszystkich obecnych. Pozosta\u0142e <a href=\"https:\/\/mama-niemowlaka.pl\/sklep\/t\/ubranka-do-chrztu\/\" target=\"_blank\" rel=\"noopener\"><strong>ubranka do Chrztu<\/strong><\/a> znajdziesz w kategoriach: <a href=\"https:\/\/mama-niemowlaka.pl\/sklep\/t\/ubranka-do-chrztu\/\" target=\"_blank\" rel=\"noopener\"><strong>ubranka do Chrztu<\/strong><\/a>, <a href=\"https:\/\/mama-niemowlaka.pl\/sklep\/t\/ubranka-do-chrztu-dla-chlopca\/\" target=\"_blank\" rel=\"noopener\"><strong>ubranka do Chrztu dla ch\u0142opca<\/strong><\/a> i <a href=\"https:\/\/mama-niemowlaka.pl\/sklep\/t\/ubranka-do-chrztu-dla-dziewczynki\/\" target=\"_blank\" rel=\"noopener\"><strong>ubranka do Chrztu dla dziewczynki<\/strong><\/a>.<\/p>\n<p data-pm-slice=\"1 1 []\">Sprawd\u017a nasza ofert\u0119 i kup ju\u017c dzi\u015b <a href=\"https:\/\/mama-niemowlaka.pl\/sklep\/t\/ubranka-do-chrztu\/\" target=\"_blank\" rel=\"noopener\"><strong>eleganckie komplety niemowl\u0119ce na Chrzest<\/strong><\/a>.<\/p>\n<p><strong>Tabela rozmiar\u00f3w:<\/strong><\/p>\n<table>\n<tbody>\n<tr>\n<td><b>Spodnie<\/b><\/td>\n<td style=\"text-align: center;\"><b>68<\/b><\/td>\n<td style=\"text-align: center;\"><b>74<\/b><\/td>\n<td style=\"text-align: center;\"><b>80<\/b><\/td>\n<td style=\"text-align: center;\"><b>86<\/b><\/td>\n<\/tr>\n<tr>\n<td><span style=\"font-weight: 400;\">Obw\u00f3d w pasie<\/span><\/td>\n<td><span style=\"font-weight: 400;\">46 cm<\/span><\/td>\n<td><span style=\"font-weight: 400;\">47 cm<\/span><\/td>\n<td><span style=\"font-weight: 400;\">48 cm<\/span><\/td>\n<td><span style=\"font-weight: 400;\">49 cm<\/span><\/td>\n<\/tr>\n<tr>\n<td><span style=\"font-weight: 400;\">D\u0142ugo\u015b\u0107\u00a0 (bez podwini\u0119cia)<\/span><\/td>\n<td><span style=\"font-weight: 400;\">35 cm<\/span><\/td>\n<td><span style=\"font-weight: 400;\">38 cm<\/span><\/td>\n<td><span style=\"font-weight: 400;\">40 cm<\/span><\/td>\n<td><span style=\"font-weight: 400;\">42 cm<\/span><\/td>\n<\/tr>\n<\/tbody>\n<\/table>\n","protected":false},"excerpt":{"rendered":"<p data-pm-slice=\"1 1 []\"><a href=\"https:\/\/mama-niemowlaka.pl\/sklep\/produkt\/ubranka-niemowlece\/komplet-niemowlecy\/elegancki-komplet-do-chrztu-dla-chlopca-blekitny\/\" target=\"_blank\" rel=\"noopener\"><strong>Elegancki komplet do Chrztu z koszul\u0105 dla ch\u0142opca<\/strong><\/a> w sk\u0142ad, kt\u00f3rego wchodzi b\u0142\u0119kitna marynarka, bia\u0142a koszula z granatow\u0105 much\u0105 na gumce oraz spodnie ch\u0142opi\u0119ce. Komplet dla ch\u0142opca zosta\u0142 uszyty z przewiewnych bawe\u0142nianych tkanin. Je\u015bli chcesz, aby Tw\u00f3j maluszek wygl\u0105da\u0142 uroczo i stylowo w dniu jego Chrztu lub podczas innej wa\u017cnej uroczysto\u015bci, to nasze garnitury dla niemowlak\u00f3w s\u0105 idealnym wyborem.<\/p>\n<p>Garniturek do Chrztu dla ch\u0142opca wyst\u0119puje w czterech rozmiarach: 68, 74, 80 i 86.<\/p>\n<table>\n<tbody>\n<tr>\n<td><b>Spodnie<\/b><\/td>\n<td style=\"text-align: center;\"><b>68<\/b><\/td>\n<td style=\"text-align: center;\"><b>74<\/b><\/td>\n<td style=\"text-align: center;\"><b>80<\/b><\/td>\n<td style=\"text-align: center;\"><b>86<\/b><\/td>\n<\/tr>\n<tr>\n<td><span style=\"font-weight: 400;\">Obw\u00f3d w pasie<\/span><\/td>\n<td><span style=\"font-weight: 400;\">46 cm<\/span><\/td>\n<td><span style=\"font-weight: 400;\">47 cm<\/span><\/td>\n<td><span style=\"font-weight: 400;\">48 cm<\/span><\/td>\n<td><span style=\"font-weight: 400;\">49 cm<\/span><\/td>\n<\/tr>\n<tr>\n<td><span style=\"font-weight: 400;\">D\u0142ugo\u015b\u0107\u00a0 (bez podwini\u0119cia)<\/span><\/td>\n<td><span style=\"font-weight: 400;\">35 cm<\/span><\/td>\n<td><span style=\"font-weight: 400;\">38 cm<\/span><\/td>\n<td><span style=\"font-weight: 400;\">40 cm<\/span><\/td>\n<td><span style=\"font-weight: 400;\">42 cm<\/span><\/td>\n<\/tr>\n<\/tbody>\n<\/table>\n<p>Sk\u0142ad:<br \/>\nkoszula: 70% bawe\u0142na, 30% poliester<br \/>\nmarynarka: 55% len, 45% poliester<br \/>\nspodnie: 97% bawe\u0142na, 3% elastan<\/p>\n","protected":false},"featured_media":17891,"template":"","meta":[],"product_brand":[],"product_cat":[122,143,135,57],"product_tag":[214,238,125,145,155,352,180,343],"class_list":{"0":"post-17885","1":"product","2":"type-product","3":"status-publish","4":"has-post-thumbnail","6":"product_cat-komplet-niemowlecy","7":"product_cat-eleganckie-ubranka-dla-chlopca","8":"product_cat-eleganckie-ubranka-dla-niemowlaka","9":"product_cat-ubranka-niemowlece","10":"product_tag-bestseller","11":"product_tag-ubranka-swiateczne-dla-niemowlaka","12":"product_tag-ubranka-do-chrztu","13":"product_tag-ubranka-dla-niemowlat-chlopca","14":"product_tag-eleganckie","15":"product_tag-komplety-niemowlece-dla-chlopca","16":"product_tag-nowosc","17":"product_tag-ubranka-do-chrztu-dla-chlopca","18":"product_shipping_class-lekka","19":"pa_rozmiar-313","20":"pa_rozmiar-314","21":"pa_rozmiar-315","22":"pa_rozmiar-316","24":"first","25":"instock","26":"taxable","27":"shipping-taxable","28":"purchasable","29":"product-type-variable","30":"has-default-attributes","31":"wvs-archive-product-wrapper"},"_links":{"self":[{"href":"https:\/\/mama-niemowlaka.pl\/sklep\/wp-json\/wp\/v2\/product\/17885","targetHints":{"allow":["GET"]}}],"collection":[{"href":"https:\/\/mama-niemowlaka.pl\/sklep\/wp-json\/wp\/v2\/product"}],"about":[{"href":"https:\/\/mama-niemowlaka.pl\/sklep\/wp-json\/wp\/v2\/types\/product"}],"wp:featuredmedia":[{"embeddable":true,"href":"https:\/\/mama-niemowlaka.pl\/sklep\/wp-json\/wp\/v2\/media\/17891"}],"wp:attachment":[{"href":"https:\/\/mama-niemowlaka.pl\/sklep\/wp-json\/wp\/v2\/media?parent=17885"}],"wp:term":[{"taxonomy":"product_brand","embeddable":true,"href":"https:\/\/mama-niemowlaka.pl\/sklep\/wp-json\/wp\/v2\/product_brand?post=17885"},{"taxonomy":"product_cat","embeddable":true,"href":"https:\/\/mama-niemowlaka.pl\/sklep\/wp-json\/wp\/v2\/product_cat?post=17885"},{"taxonomy":"product_tag","embeddable":true,"href":"https:\/\/mama-niemowlaka.pl\/sklep\/wp-json\/wp\/v2\/product_tag?post=17885"}],"curies":[{"name":"wp","href":"https:\/\/api.w.org\/{rel}","templated":true}]}}