{"id":18275,"date":"2025-10-04T01:19:44","date_gmt":"2025-10-03T23:19:44","guid":{"rendered":"https:\/\/mama-niemowlaka.pl\/sklep\/?post_type=product&#038;p=18275"},"modified":"2026-02-23T17:10:41","modified_gmt":"2026-02-23T16:10:41","slug":"biustonosz-do-karmienia-bez-fiszbin-w-kolorze-bialym","status":"publish","type":"product","link":"https:\/\/mama-niemowlaka.pl\/sklep\/produkt\/dlamamy\/bielizna-poporodowa\/biustonosz-do-karmienia-bez-fiszbin-w-kolorze-bialym\/","title":{"rendered":"Biustonosz do karmienia bez fiszbin w kolorze bia\u0142ym"},"content":{"rendered":"<h2 data-pm-slice=\"1 1 []\">Biustonosz do karmienia bez fiszbin<\/h2>\n<p>Biustonosz do karmienia bez fiszbin w kolorze bia\u0142ym to idealne rozwi\u0105zanie dla mam po porodzie, kt\u00f3re karmi\u0105 piersi\u0105. W naszym sklepie <a href=\"https:\/\/mama-niemowlaka.pl\">mama-niemowlaka.pl<\/a> stawiamy na produkty z naturalnych materia\u0142\u00f3w, takich jak bawe\u0142na, dlatego biustonosz zapewnia maksymalny komfort i wygod\u0119 noszenia. Biustonosz zosta\u0142 wykonany z 90% bawe\u0142ny i 10% spandexu, co sprawia, \u017ce jest mi\u0119kki i delikatny dla sk\u00f3ry a jednocze\u015bnie idealnie dopasowuje si\u0119 do piersi.<\/p>\n<h2>Zalety biustonoszy do karmienia bez fiszbin<\/h2>\n<p>Nasz biustonosz posiada odpi\u0119cie miseczki, umo\u017cliwiaj\u0105ce \u0142atwe i wygodne karmienie piersi\u0105 nawet jedn\u0105 r\u0119k\u0105. Bez fiszbin ani innych usztywnie\u0144, nasz biustonosz zapewnia pe\u0142n\u0105 swobod\u0119 ruch\u00f3w i jest tak wygodny, \u017ce mo\u017cna nawet w nim spa\u0107.<\/p>\n<p>Dodatkowo, biustonosz ma regulowane rami\u0105czka, dzi\u0119ki czemu mo\u017cna go dopasowa\u0107 do indywidualnych potrzeb. Pe\u0142ne miseczki zbieraj\u0105 piersi pi\u0119knie i zapewniaj\u0105 odpowiednie wsparcie.<\/p>\n<h2>Zam\u00f3w wyprawk\u0119 dla mamy w sklepie <a href=\"https:\/\/mama-niemowlaka.pl\">mama-niemowlaka.pl<\/a><\/h2>\n<p>Wybierz nasz\u0105 wysokiej jako\u015bci bielizn\u0119 ci\u0105\u017cow\u0105 dla mam i skorzystaj z naturalnych materia\u0142\u00f3w takich jak bawe\u0142na. Zaoszcz\u0119d\u017a czas i zrelaksuj si\u0119 w wygodnym biustonoszu do karmienia bez fiszbin. Wysy\u0142amy produkty w ci\u0105gu 24 godzin od zam\u00f3wienia, aby\u015b mog\u0142a jak najszybciej cieszy\u0107 si\u0119 komfortem i funkcjonalno\u015bci\u0105 naszego biustonosza.<\/p>\n","protected":false},"excerpt":{"rendered":"<p data-pm-slice=\"1 1 []\">Wygodny i wygodny bawe\u0142niany biustonosz do karmienia bez fiszbin! Nasz bia\u0142y biustonosz do karmienia bez fiszbin zosta\u0142 specjalnie zaprojektowany dla mam karmi\u0105cych piersi\u0105. Wykonany z naturalnych materia\u0142\u00f3w, takich jak bawe\u0142na, zapewnia maksymalny komfort i wsparcie. Dzi\u0119ki \u0142atwym do odpi\u0119cia miseczkom &#8211; jedn\u0105 r\u0119k\u0105, mo\u017cesz wygodnie karmi\u0107 piersi\u0105 dziecko. Nigdy wi\u0119cej zmaga\u0144 ze skomplikowanymi zapi\u0119ciami! Biustonosz do karmienia jest pozbawiony fiszbin i innych materia\u0142\u00f3w usztywniaj\u0105cych, dzi\u0119ki czemu idealnie nadaje si\u0119 do spania. Pe\u0142ne miseczki zapewniaj\u0105 doskona\u0142e krycie i modelowanie, a regulowane rami\u0105czka zapewniaj\u0105 indywidualne dopasowanie. Dost\u0119pny w dziesi\u0119ciu rozmiarach biustonosz jest idealnym wyborem dla matek po porodzie. Zam\u00f3w teraz i do\u015bwiadcz niezr\u00f3wnanego komfortu podczas karmienia piersi\u0105!<br \/>\nSk\u0142ad: 90% bawe\u0142na, 10% spandex<\/p>\n","protected":false},"featured_media":18177,"template":"","meta":[],"product_brand":[],"product_cat":[56,64],"product_tag":[106,330,255,119,191,180],"class_list":{"0":"post-18275","1":"product","2":"type-product","3":"status-publish","4":"has-post-thumbnail","6":"product_cat-bielizna-poporodowa","7":"product_cat-dlamamy","8":"product_tag-bielizna-poporodowa","9":"product_tag-biustonosz-do-karmienia","10":"product_tag-biustonosze-do-karmienia","11":"product_tag-dla-mamy","12":"product_tag-karmienie-piersia","13":"product_tag-nowosc","14":"product_shipping_class-lekka","15":"pa_rozmiar-100e","16":"pa_rozmiar-100f","17":"pa_rozmiar-105e","18":"pa_rozmiar-105f","19":"pa_rozmiar-85e","20":"pa_rozmiar-85f","21":"pa_rozmiar-90e","22":"pa_rozmiar-90f","23":"pa_rozmiar-95e","24":"pa_rozmiar-95f","26":"first","27":"instock","28":"taxable","29":"shipping-taxable","30":"purchasable","31":"product-type-variable","32":"has-default-attributes","33":"wvs-archive-product-wrapper"},"_links":{"self":[{"href":"https:\/\/mama-niemowlaka.pl\/sklep\/wp-json\/wp\/v2\/product\/18275","targetHints":{"allow":["GET"]}}],"collection":[{"href":"https:\/\/mama-niemowlaka.pl\/sklep\/wp-json\/wp\/v2\/product"}],"about":[{"href":"https:\/\/mama-niemowlaka.pl\/sklep\/wp-json\/wp\/v2\/types\/product"}],"wp:featuredmedia":[{"embeddable":true,"href":"https:\/\/mama-niemowlaka.pl\/sklep\/wp-json\/wp\/v2\/media\/18177"}],"wp:attachment":[{"href":"https:\/\/mama-niemowlaka.pl\/sklep\/wp-json\/wp\/v2\/media?parent=18275"}],"wp:term":[{"taxonomy":"product_brand","embeddable":true,"href":"https:\/\/mama-niemowlaka.pl\/sklep\/wp-json\/wp\/v2\/product_brand?post=18275"},{"taxonomy":"product_cat","embeddable":true,"href":"https:\/\/mama-niemowlaka.pl\/sklep\/wp-json\/wp\/v2\/product_cat?post=18275"},{"taxonomy":"product_tag","embeddable":true,"href":"https:\/\/mama-niemowlaka.pl\/sklep\/wp-json\/wp\/v2\/product_tag?post=18275"}],"curies":[{"name":"wp","href":"https:\/\/api.w.org\/{rel}","templated":true}]}}