{"id":18360,"date":"2025-10-19T17:36:02","date_gmt":"2025-10-19T15:36:02","guid":{"rendered":"https:\/\/mama-niemowlaka.pl\/sklep\/?post_type=product&#038;p=18360"},"modified":"2026-02-21T15:39:13","modified_gmt":"2026-02-21T14:39:13","slug":"szlafrok-ciazowy-polarowy-z-kapturem-plus-size-granatowy","status":"publish","type":"product","link":"https:\/\/mama-niemowlaka.pl\/sklep\/produkt\/dlamamy\/szlafrok-ciazowy\/szlafrok-ciazowy-polarowy-z-kapturem-plus-size-granatowy\/","title":{"rendered":"Szlafrok ci\u0105\u017cowy polarowy z kapturem plus size &#8211; granatowy"},"content":{"rendered":"<h2 data-pm-slice=\"1 1 []\"><strong>Szlafrok ci\u0105\u017cowy polarowy z kapturem plus size w kolorze granatowym<\/strong><\/h2>\n<p>Szlafroki ci\u0105\u017cowe to cz\u0119sto pomijany element <a href=\"https:\/\/mama-niemowlaka.pl\/sklep\/dla-mamy\/\" target=\"_blank\" rel=\"noopener\"><strong>wyprawki do szpitala dla mamy<\/strong><\/a>, a bardzo przydatne. Kupuj\u0105c koszul\u0119 ci\u0105\u017cow\u0105, warto pami\u0119ta\u0107 r\u00f3wnie\u017c o nim, bo nigdy nie wiadomo kiedy b\u0119dzie nam potrzebny.<\/p>\n<p>Ten ciep\u0142y mi\u0119kki szlafrok plus size ci\u0105\u017cowy ozdobiony jest wzorem chmurek i gwiazd. Szlafrok damski du\u017ce rozmiary jest idealny dla kobiet w ci\u0105\u017cy lub karmi\u0105cych piersi\u0105. <a href=\"https:\/\/mama-niemowlaka.pl\/sklep\/produkt\/dlamamy\/szlafrok-ciazowy\/szlafrok-ciazowy-polarowy-z-kapturem-plus-size-granatowy\/\" target=\"_blank\" rel=\"noopener\"><strong>Szlafrok ci\u0105\u017cowy<\/strong><\/a> wykonany jest z mi\u0119kkiej tkaniny na bazie bawe\u0142ny, co zapewnia komfort u\u017cytkowania w czasie ch\u0142odnych dni. Dodatkowo szlafrok plus size z \u0142atwo\u015bci\u0105 dostosowuje si\u0119 do zmieniaj\u0105cej si\u0119 figury przysz\u0142ej mamy.<\/p>\n<h2><strong>Ka\u017cda przysz\u0142a mama powinna zaopatrzy\u0107 si\u0119 w wygodny szlafrok ci\u0105\u017cowy<\/strong><\/h2>\n<p>Dzi\u0119ki lu\u017anemu krojowi i zapi\u0119ciu w postaci paska, szlafrok zapewnia wygod\u0119 i swobod\u0119 ruch\u00f3w dla kobiet w ci\u0105\u017cy. Wi\u0105zanie w pasie na pasek pozwala na idealne dopasowanie szlafroka. Dodatkowo, po porodzie, ten wygodny szlafrok w du\u017cych rozmiarach jest idealnym rozwi\u0105zaniem dla matek karmi\u0105cych piersi\u0105.<\/p>\n<p>Szlafrok z d\u0142ugim r\u0119kawem posiada kiesze\u0144, co pozwala na przechowywanie niezb\u0119dnych drobiazg\u00f3w, takich jak telefon lub chusteczki.<\/p>\n<p>Wz\u00f3r nocnego nieba nadaje szlafrokowi uroku i pozwala wyr\u00f3\u017cni\u0107 si\u0119 spo\u015br\u00f3d innych szlafrok\u00f3w. Produkt jest dost\u0119pny w r\u00f3\u017cnych rozmiarach, dzi\u0119ki czemu ka\u017cda kobieta w ci\u0105\u017cy lub karmi\u0105ca piersi\u0105 mo\u017ce wybra\u0107 odpowiedni dla siebie rozmiar.<\/p>\n<h2><strong>Szlafroki w du\u017cych rozmiarach ci\u0105\u017cowe w sklepie <\/strong><a href=\"https:\/\/mama-niemowlaka.pl\/sklep\/\" target=\"_blank\" rel=\"noopener\"><strong>mama-niemowlaka.pl<\/strong><\/a><\/h2>\n<p>Interesuje Ci\u0119 <a href=\"https:\/\/mama-niemowlaka.pl\/sklep\/t\/szlafroki-damskie-duze-rozmiary\/\" target=\"_blank\" rel=\"noopener\"><strong>szlafrok damski du\u017ce rozmiary<\/strong><\/a>? Sprawd\u017a pozosta\u0142e szlafroki w du\u017cych rozmiarach ci\u0105\u017cowe dla przysz\u0142ej mamy w sklepie <a href=\"https:\/\/mama-niemowlaka.pl\/sklep\/\" target=\"_blank\" rel=\"noopener\"><strong>mama-niemowlaka.pl<\/strong><\/a>. Kupuj\u0105c <a href=\"https:\/\/mama-niemowlaka.pl\/sklep\/c\/dlamamy\/szlafrok-ciazowy\/\" target=\"_blank\" rel=\"noopener\"><strong>szlafrok ci\u0105\u017cowy<\/strong><\/a> nie zapomnij o <a href=\"https:\/\/mama-niemowlaka.pl\/sklep\/t\/koszule-ciazowe\/\" target=\"_blank\" rel=\"noopener\"><strong>koszuli ci\u0105\u017cowej<\/strong><\/a>. W naszej ofercie znajdziesz szlafroki w tych samych wzorach co <a href=\"https:\/\/mama-niemowlaka.pl\/sklep\/c\/dlamamy\/koszule-do-karmienia\/\" target=\"_blank\" rel=\"noopener\"><strong>koszule do karmienia<\/strong><\/a>. W naszym sklepie kupisz r\u00f3wnie\u017c du\u017ce rozmiary bielizny nocnej do karmienia. Sprawd\u017a nasze <a href=\"https:\/\/mama-niemowlaka.pl\/sklep\/t\/koszule-do-karmienia-plus-size\/\" target=\"_blank\" rel=\"noopener\"><strong>koszule do karmienia plus size<\/strong><\/a>.<\/p>\n<h3>Tabela rozmiar\u00f3w:<\/h3>\n<table width=\"700\">\n<tbody>\n<tr>\n<td><strong>Rozmiar<\/strong><\/td>\n<td style=\"text-align: center;\"><strong>XL\/2XL<\/strong><\/td>\n<td style=\"text-align: center;\"><strong>3XL\/4XL<\/strong><\/td>\n<\/tr>\n<tr>\n<td>D\u0142ugo\u015b\u0107 ca\u0142kowita<\/td>\n<td style=\"text-align: center;\">100cm<\/td>\n<td style=\"text-align: center;\">103 cm<\/td>\n<\/tr>\n<tr>\n<td>Obw\u00f3d pod pachami<\/td>\n<td style=\"text-align: center;\">132 cm<\/td>\n<td style=\"text-align: center;\">144 cm<\/td>\n<\/tr>\n<\/tbody>\n<\/table>\n<p>Sk\u0142ad: 80% Bawe\u0142na i 20%Poliester<br \/>\nKraj produkcji: Turcja<\/p>\n","protected":false},"excerpt":{"rendered":"<p data-pm-slice=\"1 1 []\">Ciep\u0142y szlafrok ci\u0105\u017cowy polarowy z kapturem plus size wykonany jest z mi\u0119kkiej, nieelektryzuj\u0105cej si\u0119 tkaniny w kolorze granatowym.<br \/>\nPosiada kaptur oraz kieszenie, wi\u0105zany w pasie. D\u0142ugo\u015b\u0107 przed kolana.<\/p>\n<p><a href=\"https:\/\/mama-niemowlaka.pl\/sklep\/produkt\/dlamamy\/szlafrok-ciazowy\/szlafrok-ciazowy-polarowy-z-kapturem-plus-size-granatowy\/\" target=\"_blank\" rel=\"noopener\"><strong>Szlafrok ci\u0105\u017cowy polarowy z kapturem plus size<\/strong><\/a> dost\u0119pny jest w dw\u00f3ch rozmiarach: <strong>xl\/2xl<\/strong> oraz <strong>3xl\/4xl<\/strong>.<br \/>\nAnalogiczny model to <a href=\"https:\/\/mama-niemowlaka.pl\/sklep\/produkt\/dlamamy\/szlafrok-ciazowy\/cieply-szlafrok-polarowy-z-kapturem-granatowy\/\" target=\"_blank\" rel=\"noopener\"><strong>ciep\u0142y szlafrok polarowy z kapturem<\/strong><\/a>\u00a0w rozmiarach <strong>s\/m<\/strong> oraz<strong> l\/xl<\/strong>.<\/p>\n<h3>Tabela rozmiar\u00f3w:<\/h3>\n<table width=\"700\">\n<tbody>\n<tr>\n<td><strong>Rozmiar<\/strong><\/td>\n<td style=\"text-align: center;\"><strong>XL\/2XL<\/strong><\/td>\n<td style=\"text-align: center;\"><strong>3XL\/4XL<\/strong><\/td>\n<\/tr>\n<tr>\n<td>D\u0142ugo\u015b\u0107 ca\u0142kowita<\/td>\n<td style=\"text-align: center;\">100cm<\/td>\n<td style=\"text-align: center;\">103 cm<\/td>\n<\/tr>\n<tr>\n<td>Obw\u00f3d pod pachami<\/td>\n<td style=\"text-align: center;\">132 cm<\/td>\n<td style=\"text-align: center;\">144 cm<\/td>\n<\/tr>\n<\/tbody>\n<\/table>\n<p>Sk\u0142ad: 80% Bawe\u0142na i 20%Poliester<br \/>\nKraj produkcji: Turcja<\/p>\n","protected":false},"featured_media":18375,"template":"","meta":[],"product_brand":[],"product_cat":[64,149],"product_tag":[214,608,119,180,212,142,332],"class_list":{"0":"post-18360","1":"product","2":"type-product","3":"status-publish","4":"has-post-thumbnail","6":"product_cat-dlamamy","7":"product_cat-szlafrok-ciazowy","8":"product_tag-bestseller","9":"product_tag-bestsellery-dla-mamy","10":"product_tag-dla-mamy","11":"product_tag-nowosc","12":"product_tag-oversize","13":"product_tag-szlafrok","14":"product_tag-szlafroki-damskie-duze-rozmiary","15":"product_shipping_class-lekka","16":"pa_rozmiar-3xl-4xl","17":"pa_rozmiar-xl-xxl","19":"first","20":"instock","21":"taxable","22":"shipping-taxable","23":"purchasable","24":"product-type-variable","25":"has-default-attributes","26":"wvs-archive-product-wrapper"},"_links":{"self":[{"href":"https:\/\/mama-niemowlaka.pl\/sklep\/wp-json\/wp\/v2\/product\/18360","targetHints":{"allow":["GET"]}}],"collection":[{"href":"https:\/\/mama-niemowlaka.pl\/sklep\/wp-json\/wp\/v2\/product"}],"about":[{"href":"https:\/\/mama-niemowlaka.pl\/sklep\/wp-json\/wp\/v2\/types\/product"}],"wp:featuredmedia":[{"embeddable":true,"href":"https:\/\/mama-niemowlaka.pl\/sklep\/wp-json\/wp\/v2\/media\/18375"}],"wp:attachment":[{"href":"https:\/\/mama-niemowlaka.pl\/sklep\/wp-json\/wp\/v2\/media?parent=18360"}],"wp:term":[{"taxonomy":"product_brand","embeddable":true,"href":"https:\/\/mama-niemowlaka.pl\/sklep\/wp-json\/wp\/v2\/product_brand?post=18360"},{"taxonomy":"product_cat","embeddable":true,"href":"https:\/\/mama-niemowlaka.pl\/sklep\/wp-json\/wp\/v2\/product_cat?post=18360"},{"taxonomy":"product_tag","embeddable":true,"href":"https:\/\/mama-niemowlaka.pl\/sklep\/wp-json\/wp\/v2\/product_tag?post=18360"}],"curies":[{"name":"wp","href":"https:\/\/api.w.org\/{rel}","templated":true}]}}