{"id":18416,"date":"2025-10-19T18:55:56","date_gmt":"2025-10-19T16:55:56","guid":{"rendered":"https:\/\/mama-niemowlaka.pl\/sklep\/?post_type=product&#038;p=18416"},"modified":"2026-02-22T00:03:55","modified_gmt":"2026-02-21T23:03:55","slug":"cieply-szlafrok-polarowy-z-kapturem-bialy","status":"publish","type":"product","link":"https:\/\/mama-niemowlaka.pl\/sklep\/produkt\/dlamamy\/szlafrok-ciazowy\/cieply-szlafrok-polarowy-z-kapturem-bialy\/","title":{"rendered":"Ciep\u0142y szlafrok polarowy z kapturem &#8211; bia\u0142y"},"content":{"rendered":"<h2 data-pm-slice=\"1 1 []\"><strong>Ciep\u0142y szlafrok polarowy z kapturem w kolorze bia\u0142ym<\/strong><\/h2>\n<p>Szlafroki ci\u0105\u017cowe to cz\u0119sto pomijany element <a href=\"https:\/\/mama-niemowlaka.pl\/sklep\/dla-mamy\/\" target=\"_blank\" rel=\"noopener\"><strong>wyprawki do szpitala dla mamy<\/strong><\/a>, a bardzo przydatne. Kupuj\u0105c koszul\u0119 ci\u0105\u017cow\u0105, warto pami\u0119ta\u0107 r\u00f3wnie\u017c o nim, bo nigdy nie wiadomo kiedy b\u0119dzie nam potrzebny.<\/p>\n<p>Ten ciep\u0142y mi\u0119kki szlafrok ci\u0105\u017cowy polarowy z kapturem ozdobiony jest wzorem chmurek i gwiazd. <a href=\"https:\/\/mama-niemowlaka.pl\/sklep\/produkt\/dlamamy\/szlafrok-ciazowy\/cieply-szlafrok-polarowy-z-kapturem-bialy\/\" target=\"_blank\" rel=\"noopener\"><strong>Szlafrok ci\u0105\u017cowy<\/strong><\/a> wykonany jest mi\u0119kkiej tkaniny na bazie bawe\u0142ny, co zapewnia komfort u\u017cytkowania w czasie ch\u0142odnych dni.<\/p>\n<h2><strong>Ka\u017cda przysz\u0142a mama powinna zaopatrzy\u0107 si\u0119 w wygodny szlafrok ci\u0105\u017cowy<\/strong><\/h2>\n<p>Dzi\u0119ki lu\u017anemu krojowi i zapi\u0119ciu w postaci paska, szlafrok zapewnia wygod\u0119 i swobod\u0119 ruch\u00f3w dla kobiet w ci\u0105\u017cy. Wi\u0105zanie w pasie na pasek pozwala na idealne dopasowanie szlafroka. Dodatkowo, po porodzie, ten wygodny szlafrok jest wygodnym rozwi\u0105zaniem dla matek karmi\u0105cych piersi\u0105.<\/p>\n<p>Szlafrok z d\u0142ugim r\u0119kawem posiada kieszenie, co pozwala na przechowywanie niezb\u0119dnych drobiazg\u00f3w, takich jak telefon lub chusteczki.<\/p>\n<p>Wz\u00f3r nocnego nieba nadaje szlafrokowi uroku i pozwala wyr\u00f3\u017cni\u0107 si\u0119 spo\u015br\u00f3d innych szlafrok\u00f3w. Produkt jest dost\u0119pny w r\u00f3\u017cnych rozmiarach, dzi\u0119ki czemu ka\u017cda kobieta w ci\u0105\u017cy lub karmi\u0105ca piersi\u0105 mo\u017ce wybra\u0107 odpowiedni dla siebie rozmiar.<\/p>\n<h2><strong>Szlafroki w du\u017cych rozmiarach ci\u0105\u017cowe w sklepie <\/strong><a href=\"https:\/\/mama-niemowlaka.pl\/sklep\/\" target=\"_blank\" rel=\"noopener\"><strong>mama-niemowlaka.pl<\/strong><\/a><\/h2>\n<p>Interesuje Ci\u0119 <a href=\"https:\/\/mama-niemowlaka.pl\/sklep\/t\/szlafroki-damskie-duze-rozmiary\/\" target=\"_blank\" rel=\"noopener\"><strong>szlafrok damski du\u017ce rozmiary<\/strong><\/a>? Sprawd\u017a pozosta\u0142e szlafroki w du\u017cych rozmiarach ci\u0105\u017cowe dla przysz\u0142ej mamy w sklepie <a href=\"https:\/\/mama-niemowlaka.pl\/sklep\/\" target=\"_blank\" rel=\"noopener\"><strong>mama-niemowlaka.pl<\/strong><\/a>. Kupuj\u0105c <a href=\"https:\/\/mama-niemowlaka.pl\/sklep\/c\/dlamamy\/szlafrok-ciazowy\/\" target=\"_blank\" rel=\"noopener\"><strong>szlafrok ci\u0105\u017cowy<\/strong><\/a> nie zapomnij o <a href=\"https:\/\/mama-niemowlaka.pl\/sklep\/t\/koszule-ciazowe\/\" target=\"_blank\" rel=\"noopener\"><strong>koszuli ci\u0105\u017cowej<\/strong><\/a>. W naszej ofercie znajdziesz szlafroki w tych samych wzorach co <a href=\"https:\/\/mama-niemowlaka.pl\/sklep\/c\/dlamamy\/koszule-do-karmienia\/\" target=\"_blank\" rel=\"noopener\"><strong>koszule do karmienia<\/strong><\/a>. W naszym sklepie kupisz r\u00f3wnie\u017c du\u017ce rozmiary bielizny nocnej do karmienia. Sprawd\u017a nasze <a href=\"https:\/\/mama-niemowlaka.pl\/sklep\/t\/koszule-do-karmienia-plus-size\/\" target=\"_blank\" rel=\"noopener\"><strong>koszule do karmienia plus size<\/strong><\/a>.<\/p>\n<h3>Tabela rozmiar\u00f3w:<\/h3>\n<table width=\"500\">\n<tbody>\n<tr>\n<td><strong>Rozmiar<\/strong><\/td>\n<td style=\"text-align: center;\"><strong>S\/M<\/strong><\/td>\n<td style=\"text-align: center;\"><strong>L\/XL<\/strong><\/td>\n<\/tr>\n<tr>\n<td>D\u0142ugo\u015b\u0107 ca\u0142kowita<\/td>\n<td style=\"text-align: center;\">93cm<\/td>\n<td style=\"text-align: center;\">95 cm<\/td>\n<\/tr>\n<tr>\n<td>Obw\u00f3d pod pachami<\/td>\n<td style=\"text-align: center;\">114 cm<\/td>\n<td style=\"text-align: center;\">124 cm<\/td>\n<\/tr>\n<\/tbody>\n<\/table>\n<p>Sk\u0142ad: 80% Bawe\u0142na i 20%Poliester<br \/>\nKraj produkcji: Turcja<\/p>\n","protected":false},"excerpt":{"rendered":"<p data-pm-slice=\"1 1 []\">Ciep\u0142y szlafrok polarowy z kapturem wykonany jest z mi\u0119kkiej, nieelektryzuj\u0105cej si\u0119 tkaniny.<br \/>\nPosiada kaptur oraz kieszenie, wi\u0105zany w pasie. D\u0142ugo\u015b\u0107 przed kolana.<\/p>\n<p><a href=\"https:\/\/mama-niemowlaka.pl\/sklep\/produkt\/dlamamy\/szlafrok-ciazowy\/cieply-szlafrok-polarowy-z-kapturem-bialy\/\" target=\"_blank\" rel=\"noopener\"><strong>Ciep\u0142y szlafrok polarowy<\/strong><\/a>\u00a0dost\u0119pny jest w dw\u00f3ch rozmiarach: s\/m oraz l\/xl<br \/>\nAnalogiczny model to <a href=\"https:\/\/mama-niemowlaka.pl\/sklep\/produkt\/dlamamy\/szlafrok-ciazowy\/szlafrok-ciazowy-z-kapturem-plus-size-bialy\/\" target=\"_blank\" rel=\"noopener\"><strong>szlafrok damski plus size<\/strong><\/a> w rozmiarach xl\/2xl oraz 3xl\/4xl.<\/p>\n<table width=\"500\">\n<tbody>\n<tr>\n<td><strong>Rozmiar<\/strong><\/td>\n<td style=\"text-align: center;\"><strong>S\/M<\/strong><\/td>\n<td style=\"text-align: center;\"><strong>L\/XL<\/strong><\/td>\n<\/tr>\n<tr>\n<td>D\u0142ugo\u015b\u0107 ca\u0142kowita<\/td>\n<td style=\"text-align: center;\">93cm<\/td>\n<td style=\"text-align: center;\">95 cm<\/td>\n<\/tr>\n<tr>\n<td>Obw\u00f3d pod pachami<\/td>\n<td style=\"text-align: center;\">114 cm<\/td>\n<td style=\"text-align: center;\">124 cm<\/td>\n<\/tr>\n<\/tbody>\n<\/table>\n<p>Sk\u0142ad: 80% Bawe\u0142na i 20%Poliester<\/p>\n<p>Kraj produkcji: Turcja<\/p>\n","protected":false},"featured_media":20386,"template":"","meta":[],"product_brand":[],"product_cat":[149,64],"product_tag":[608,119,180,142],"class_list":{"0":"post-18416","1":"product","2":"type-product","3":"status-publish","4":"has-post-thumbnail","6":"product_cat-szlafrok-ciazowy","7":"product_cat-dlamamy","8":"product_tag-bestsellery-dla-mamy","9":"product_tag-dla-mamy","10":"product_tag-nowosc","11":"product_tag-szlafrok","12":"product_shipping_class-lekka","13":"pa_rozmiar-l-xl","14":"pa_rozmiar-s-m","16":"first","17":"instock","18":"taxable","19":"shipping-taxable","20":"purchasable","21":"product-type-variable","22":"has-default-attributes","23":"wvs-archive-product-wrapper"},"_links":{"self":[{"href":"https:\/\/mama-niemowlaka.pl\/sklep\/wp-json\/wp\/v2\/product\/18416","targetHints":{"allow":["GET"]}}],"collection":[{"href":"https:\/\/mama-niemowlaka.pl\/sklep\/wp-json\/wp\/v2\/product"}],"about":[{"href":"https:\/\/mama-niemowlaka.pl\/sklep\/wp-json\/wp\/v2\/types\/product"}],"wp:featuredmedia":[{"embeddable":true,"href":"https:\/\/mama-niemowlaka.pl\/sklep\/wp-json\/wp\/v2\/media\/20386"}],"wp:attachment":[{"href":"https:\/\/mama-niemowlaka.pl\/sklep\/wp-json\/wp\/v2\/media?parent=18416"}],"wp:term":[{"taxonomy":"product_brand","embeddable":true,"href":"https:\/\/mama-niemowlaka.pl\/sklep\/wp-json\/wp\/v2\/product_brand?post=18416"},{"taxonomy":"product_cat","embeddable":true,"href":"https:\/\/mama-niemowlaka.pl\/sklep\/wp-json\/wp\/v2\/product_cat?post=18416"},{"taxonomy":"product_tag","embeddable":true,"href":"https:\/\/mama-niemowlaka.pl\/sklep\/wp-json\/wp\/v2\/product_tag?post=18416"}],"curies":[{"name":"wp","href":"https:\/\/api.w.org\/{rel}","templated":true}]}}