{"id":18564,"date":"2025-11-15T22:18:11","date_gmt":"2025-11-15T21:18:11","guid":{"rendered":"https:\/\/mama-niemowlaka.pl\/sklep\/?post_type=product&#038;p=18564"},"modified":"2026-02-02T11:20:45","modified_gmt":"2026-02-02T10:20:45","slug":"szlafrok-ciazowy-szary-gladki","status":"publish","type":"product","link":"https:\/\/mama-niemowlaka.pl\/sklep\/produkt\/dlamamy\/szlafrok-ciazowy\/szlafrok-ciazowy-szary-gladki\/","title":{"rendered":"Szlafrok ci\u0105\u017cowy szary g\u0142adki"},"content":{"rendered":"<h2 data-pm-slice=\"1 1 []\"><a href=\"https:\/\/mama-niemowlaka.pl\/sklep\/produkt\/dlamamy\/szlafrok-ciazowy\/szlafrok-dla-ciezarnych-szare-misie\/\" target=\"_blank\" rel=\"noopener\">Szlafrok ci\u0105\u017cowy szary<\/a><\/h2>\n<p data-pm-slice=\"1 1 []\"><a href=\"https:\/\/mama-niemowlaka.pl\/sklep\/c\/dlamamy\/szlafrok-ciazowy\/\" target=\"_blank\" rel=\"noopener\"><strong>Szlafrok ci\u0105\u017cowy<\/strong><\/a> dla przysz\u0142ej mamy to cz\u0119sto pomijany element wyprawki do szpitala dla mamy, a bardzo przydatny.<\/p>\n<p data-pm-slice=\"1 1 []\">Ten mi\u0119kki szlafrok dla ci\u0119\u017carnych z paskiem to idealny szlafrok do szpitala oraz szlafrok ci\u0105\u017cowy na co dzie\u0144. Szlafrok dla przysz\u0142ej mamy jest idealny dla kobiet w ci\u0105\u017cy lub karmi\u0105cych piersi\u0105. Szlafrok ci\u0105\u017cowy wykonany jest z mi\u0119kkiej, przewiewnej bawe\u0142ny, co zapewnia komfort u\u017cytkowania w czasie ciep\u0142ych dni. Dodatkowo <a href=\"https:\/\/mama-niemowlaka.pl\/sklep\/produkt\/dlamamy\/szlafroki\/szlafrok-bawelniany-ciazowy-szary-w-paski\/\" target=\"_blank\" rel=\"noopener\"><strong>szlafrok ci\u0105\u017cowy szafry<\/strong><\/a> z \u0142atwo\u015bci\u0105 dostosowuje si\u0119 do zmieniaj\u0105cej si\u0119 figury przysz\u0142ej mamy. Szlafrok damski posiada dwie kieszenie na drobiazgi dzi\u0119ki czemu to praktyczny szlafrok ci\u0105\u017cowy. Nasz szlafrok dla ci\u0119\u017carnych to r\u00f3wnie\u017c doskona\u0142y szlafrok ci\u0105\u017cowy na okres karmienia male\u0144stwa.<\/p>\n<p data-pm-slice=\"1 1 []\">Kup ju\u017c dzi\u015b nasz <a href=\"https:\/\/mama-niemowlaka.pl\/sklep\/produkt\/dlamamy\/szlafrok-ciazowy\/szlafrok-dla-ciezarnych-szare-misie\/\" target=\"_blank\" rel=\"noopener\"><strong>szlafrok dla ci\u0119\u017carnych<\/strong><\/a>. Uzupe\u0142nij swoj\u0105 <a href=\"https:\/\/mama-niemowlaka.pl\/sklep\/t\/dla-mamy\/\" target=\"_blank\" rel=\"noopener\"><strong>torb\u0119 do szpitala<\/strong><\/a> o ten komfortowy szlafrok ci\u0105\u017cowy.<\/p>\n<h2 data-pm-slice=\"1 1 []\">Koszula do karmienia i szlafrok dla przysz\u0142ej mamy<\/h2>\n<p data-pm-slice=\"1 1 []\">Do tego szlafroka ci\u0105\u017cowego mo\u017cesz dokupi\u0107 koszul\u0119 do karmienia. Sprawd\u017a koszul\u0119 do karmienia piersi\u0105: <a href=\"https:\/\/mama-niemowlaka.pl\/sklep\/produkt\/dlamamy\/koszule-do-karmienia\/koszula-nocna-dla-karmiacej-szara-w-misie\/\" target=\"_blank\" rel=\"noopener\"><strong>Koszula do karmienia szare misie<\/strong><\/a>.<\/p>\n<h2 data-pm-slice=\"1 1 []\">Koszule do karmienia i szlafroki ci\u0105\u017cowe w sklepie <a href=\"http:\/\/mama-niemowlaka.pl\">mama-niemowlaka.pl<\/a><\/h2>\n<p data-pm-slice=\"1 1 []\"><a href=\"https:\/\/mama-niemowlaka.pl\/sklep\/c\/dlamamy\/koszule-do-karmienia\/\" target=\"_blank\" rel=\"noopener\"><strong>Koszule do karmienia<\/strong><\/a> i <a href=\"https:\/\/mama-niemowlaka.pl\/sklep\/c\/dlamamy\/szlafroki\/\" target=\"_blank\" rel=\"noopener\"><strong>szlafroki ci\u0105\u017cowe<\/strong><\/a> to obowi\u0105zkowy element ka\u017cdej wyprawki do szpitala dla mamy. W sklepie <a href=\"https:\/\/mama-niemowlaka.pl\/sklep\/\" target=\"_blank\" rel=\"noopener\"><strong>mama-niemowlaka.pl<\/strong><\/a> znajdziesz <a href=\"https:\/\/mama-niemowlaka.pl\/sklep\/c\/dlamamy\/szlafroki\/\" target=\"_blank\" rel=\"noopener\"><strong>praktyczny szlafrok ci\u0105\u017cowy<\/strong><\/a> oraz wygodn\u0105 koszul\u0119 do karmienia.<\/p>\n<p data-pm-slice=\"1 1 []\">Nasze produkty wysy\u0142amy w ci\u0105gu 48 godzin. Zapewniamy r\u00f3wnie\u017c bezp\u0142atn\u0105 wymian\u0119 i 14-dniow\u0105 polityk\u0119 zwrotu. Dodatkowo, je\u015bli zam\u00f3wisz produkty o warto\u015bci minimum 249 z\u0142, dostawa jest ca\u0142kowicie bezp\u0142atna. Nasze produkty s\u0105 starannie dobrane, aby zapewni\u0107 maksymalny komfort i bezpiecze\u0144stwo Tobie i Twojemu dziecku. Nie musisz ju\u017c traci\u0107 czasu na przeszukiwanie innych sklep\u00f3w \u2013 <a href=\"https:\/\/mama-niemowlaka.pl\/sklep\/\" target=\"_blank\" rel=\"noopener\"><strong>mama-niemowlaka.pl<\/strong><\/a> ma wszystko, czego potrzebujesz! Skorzystaj z naszych us\u0142ug ju\u017c teraz i poznaj nasz\u0105 ofert\u0119 ju\u017c dzi\u015b!<\/p>\n<p data-pm-slice=\"1 1 []\">Sprawd\u017a nasz\u0105 ofert\u0119 szlafrok\u00f3w ci\u0105\u017cowych w r\u00f3\u017cnych kolorach i kup ju\u017c dzi\u015b wygodny szlafrok ci\u0105\u017cowy dla przysz\u0142ej mamy. Pami\u0119taj, aby wyprawk\u0119 do szpitala dla m\u0142odej mamy uzupe\u0142ni\u0107 o bielizn\u0119 poporodow\u0105. Sprawd\u017a koniecznie nasz\u0105 ofert\u0119 majtek poporodowych i biustonoszy do karmienia \u2013 <a href=\"https:\/\/mama-niemowlaka.pl\/sklep\/c\/dlamamy\/bielizna-poporodowa\/\" target=\"_blank\" rel=\"noopener\"><strong>bielizna poporodowa<\/strong><\/a>.<\/p>\n<h3>Tabela rozmiar\u00f3w:<\/h3>\n<table width=\"700\">\n<tbody>\n<tr>\n<td><strong>Rozmiar<\/strong><\/td>\n<td style=\"text-align: center;\"><strong>M<\/strong><\/td>\n<td style=\"text-align: center;\"><strong>L<\/strong><\/td>\n<td style=\"text-align: center;\"><strong>XL<\/strong><\/td>\n<td style=\"text-align: center;\"><strong>XXL<\/strong><\/td>\n<\/tr>\n<tr>\n<td>D\u0142ugo\u015b\u0107 ca\u0142kowita<\/td>\n<td style=\"text-align: center;\">96 cm<\/td>\n<td style=\"text-align: center;\">98cm<\/td>\n<td style=\"text-align: center;\">100 cm<\/td>\n<td style=\"text-align: center;\">103 cm<\/td>\n<\/tr>\n<tr>\n<td>Obw\u00f3d w pasie<\/td>\n<td style=\"text-align: center;\">118 cm<\/td>\n<td style=\"text-align: center;\">122 cm<\/td>\n<td style=\"text-align: center;\">124 cm<\/td>\n<td style=\"text-align: center;\">128 cm<\/td>\n<\/tr>\n<tr>\n<td>Obw\u00f3d pod pachami<\/td>\n<td style=\"text-align: center;\">100 cm<\/td>\n<td style=\"text-align: center;\">104 cm<\/td>\n<td style=\"text-align: center;\">108 cm<\/td>\n<td style=\"text-align: center;\">120 cm<\/td>\n<\/tr>\n<\/tbody>\n<\/table>\n","protected":false},"excerpt":{"rendered":"<p data-pm-slice=\"1 1 []\">Bawe\u0142niany szlafrok ci\u0105\u017cowy szary do koszuli nocnej lub pi\u017camy. Szlafrok wykonany jest z mi\u0119kkiej tkaniny o du\u017cym udziale bawe\u0142ny. Szlafrok posiada wpuszczane 2 kieszenie.<\/p>\n<p>Szlafrok ci\u0105\u017cowy szary dost\u0119pny jest w czterech rozmiarach: M, L, XL oraz 2XL<\/p>\n<h3>Tabela rozmiar\u00f3w:<\/h3>\n<table width=\"700\">\n<tbody>\n<tr>\n<td><strong>Rozmiar<\/strong><\/td>\n<td style=\"text-align: center;\"><strong>M<\/strong><\/td>\n<td style=\"text-align: center;\"><strong>L<\/strong><\/td>\n<td style=\"text-align: center;\"><strong>XL<\/strong><\/td>\n<td style=\"text-align: center;\"><strong>XXL<\/strong><\/td>\n<\/tr>\n<tr>\n<td>D\u0142ugo\u015b\u0107 ca\u0142kowita<\/td>\n<td style=\"text-align: center;\">96 cm<\/td>\n<td style=\"text-align: center;\">98cm<\/td>\n<td style=\"text-align: center;\">100 cm<\/td>\n<td style=\"text-align: center;\">103 cm<\/td>\n<\/tr>\n<tr>\n<td>Obw\u00f3d w pasie<\/td>\n<td style=\"text-align: center;\">118 cm<\/td>\n<td style=\"text-align: center;\">122 cm<\/td>\n<td style=\"text-align: center;\">124 cm<\/td>\n<td style=\"text-align: center;\">128 cm<\/td>\n<\/tr>\n<tr>\n<td>Obw\u00f3d pod pachami<\/td>\n<td style=\"text-align: center;\">100 cm<\/td>\n<td style=\"text-align: center;\">104 cm<\/td>\n<td style=\"text-align: center;\">108 cm<\/td>\n<td style=\"text-align: center;\">120 cm<\/td>\n<\/tr>\n<\/tbody>\n<\/table>\n<p>Sk\u0142ad: 70% bawe\u0142na, 30% poliester<\/p>\n<p>Kraj produkcji : Turcja<\/p>\n","protected":false},"featured_media":18580,"template":"","meta":[],"product_brand":[],"product_cat":[64,149],"product_tag":[119,180,142],"class_list":{"0":"post-18564","1":"product","2":"type-product","3":"status-publish","4":"has-post-thumbnail","6":"product_cat-dlamamy","7":"product_cat-szlafrok-ciazowy","8":"product_tag-dla-mamy","9":"product_tag-nowosc","10":"product_tag-szlafrok","11":"product_shipping_class-lekka","12":"pa_rozmiar-2xl","13":"pa_rozmiar-l","14":"pa_rozmiar-m","15":"pa_rozmiar-xl","17":"first","18":"instock","19":"taxable","20":"shipping-taxable","21":"purchasable","22":"product-type-variable","23":"has-default-attributes","24":"wvs-archive-product-wrapper"},"_links":{"self":[{"href":"https:\/\/mama-niemowlaka.pl\/sklep\/wp-json\/wp\/v2\/product\/18564","targetHints":{"allow":["GET"]}}],"collection":[{"href":"https:\/\/mama-niemowlaka.pl\/sklep\/wp-json\/wp\/v2\/product"}],"about":[{"href":"https:\/\/mama-niemowlaka.pl\/sklep\/wp-json\/wp\/v2\/types\/product"}],"wp:featuredmedia":[{"embeddable":true,"href":"https:\/\/mama-niemowlaka.pl\/sklep\/wp-json\/wp\/v2\/media\/18580"}],"wp:attachment":[{"href":"https:\/\/mama-niemowlaka.pl\/sklep\/wp-json\/wp\/v2\/media?parent=18564"}],"wp:term":[{"taxonomy":"product_brand","embeddable":true,"href":"https:\/\/mama-niemowlaka.pl\/sklep\/wp-json\/wp\/v2\/product_brand?post=18564"},{"taxonomy":"product_cat","embeddable":true,"href":"https:\/\/mama-niemowlaka.pl\/sklep\/wp-json\/wp\/v2\/product_cat?post=18564"},{"taxonomy":"product_tag","embeddable":true,"href":"https:\/\/mama-niemowlaka.pl\/sklep\/wp-json\/wp\/v2\/product_tag?post=18564"}],"curies":[{"name":"wp","href":"https:\/\/api.w.org\/{rel}","templated":true}]}}