{"id":18733,"date":"2025-11-30T18:28:45","date_gmt":"2025-11-30T17:28:45","guid":{"rendered":"https:\/\/mama-niemowlaka.pl\/sklep\/?post_type=product&#038;p=18733"},"modified":"2026-04-02T11:37:07","modified_gmt":"2026-04-02T09:37:07","slug":"koszula-nocna-dla-karmiacej","status":"publish","type":"product","link":"https:\/\/mama-niemowlaka.pl\/sklep\/produkt\/dlamamy\/koszule-do-karmienia\/koszula-nocna-dla-karmiacej\/","title":{"rendered":"Koszula nocna dla karmi\u0105cej &#8211; szara w serca"},"content":{"rendered":"<h1 data-pm-slice=\"1 1 []\" data-rm-block-id=\"block-1\"><strong>Koszula nocna dla karmi\u0105cej<\/strong><\/h1>\n<p data-pm-slice=\"1 1 []\" data-rm-block-id=\"block-2\">Nasza <a href=\"https:\/\/mama-niemowlaka.pl\/sklep\/c\/dlamamy\/koszule-do-karmienia\/\" target=\"_blank\" rel=\"noopener\"><strong>koszula nocna<\/strong><\/a> dla karmi\u0105cej ma modny design, kt\u00f3ry przypadnie do gustu ka\u017cdej kobiecie. Jest starannie wykonana z doskona\u0142\u0105 precyzj\u0105. Niezale\u017cnie od tego, czy jeste\u015b w ci\u0105\u017cy, czy karmisz piersi\u0105, ta <a href=\"https:\/\/mama-niemowlaka.pl\/sklep\/c\/dlamamy\/koszule-do-karmienia\/\" target=\"_blank\" rel=\"noopener\"><strong>koszula do karmienia<\/strong><\/a> rozpinana na napy zapewnia wygodne i dyskretne karmienie male\u0144stwa. \u0141atwy i szybki dost\u0119p do piersi usprawni nocne karmienia maluszka piersi\u0105. Ta funkcjonalna <a href=\"https:\/\/mama-niemowlaka.pl\/sklep\/produkt\/dlamamy\/koszule-do-karmienia\/koszula-nocna-dla-karmiacej-szara-w-misie\/\" target=\"_blank\" rel=\"noopener\"><strong>koszula nocna dla karmi\u0105cej<\/strong><\/a> zosta\u0142a stworzona z my\u015bl\u0105 o dopasowywaniu si\u0119 do zmieniaj\u0105cego cia\u0142a kobiety. Ta wygodna koszula nocna musi si\u0119 znale\u017a\u0107 w Twojej <a href=\"https:\/\/mama-niemowlaka.pl\/sklep\/t\/dla-mamy\/\" target=\"_blank\" rel=\"noopener\"><strong>torbie do szpitala<\/strong><\/a>.<\/p>\n<p data-pm-slice=\"1 1 []\" data-rm-block-id=\"block-3\">Zakup tej koszuli do karmienia to doskona\u0142y wyb\u00f3r. Ta <a href=\"https:\/\/mama-niemowlaka.pl\/sklep\/produkt\/dlamamy\/koszule-do-karmienia\/koszula-do-karmienia-bawelniana-blekitna-kwiaty\/\" target=\"_blank\" rel=\"noopener\"><strong>koszula nocna bawe\u0142niana<\/strong><\/a> to wyj\u0105tkowa bielizna, kt\u00f3ra sprawi, \u017ce ka\u017cda m\u0142oda mama poczuje si\u0119 pi\u0119knie i atrakcyjnie, a jednocze\u015bnie zapewni dyskrecj\u0119 przy karmieniu male\u0144stwa.<\/p>\n<h2 data-pm-slice=\"1 1 []\" data-rm-block-id=\"block-4\"><strong>Koszule nocne i szlafroki ci\u0105\u017cowe dla przysz\u0142ej mamy<\/strong><\/h2>\n<p data-pm-slice=\"1 1 []\" data-rm-block-id=\"block-5\">Do tej koszuli nocnej dla kobiet w ci\u0105\u017cy mo\u017cesz dokupi\u0107 szlafrok ci\u0105\u017cowy w tym samym wzorze . Sprawd\u017a nasz\u0105 ofert\u0119 <a href=\"https:\/\/mama-niemowlaka.pl\/sklep\/c\/dlamamy\/szlafrok-ciazowy\/\" target=\"_blank\" rel=\"noopener\"><strong>szlafrok\u00f3w ci\u0105\u017cowych<\/strong><\/a>.<\/p>\n<h2 data-pm-slice=\"1 1 []\" data-rm-block-id=\"block-6\"><strong><a href=\"https:\/\/mama-niemowlaka.pl\/sklep\/c\/dlamamy\/koszule-do-karmienia\/\" target=\"_blank\" rel=\"noopener\">Koszule do karmienia<\/a> w sklepie <a href=\"https:\/\/mama-niemowlaka.pl\/sklep\/\" target=\"_blank\" rel=\"noopener\">mama-niemowlaka.pl<\/a><\/strong><\/h2>\n<p data-pm-slice=\"1 1 []\" data-rm-block-id=\"block-7\"><a href=\"https:\/\/mama-niemowlaka.pl\/sklep\/c\/dlamamy\/koszule-do-karmienia\/\" target=\"_blank\" rel=\"noopener\"><strong>Koszule nocne ci\u0105\u017cowe i do karmienia<\/strong><\/a> to niezb\u0119dne elementy garderoby ci\u0105\u017cowej ka\u017cdej przysz\u0142ej mamy. <a href=\"https:\/\/mama-niemowlaka.pl\/sklep\/\" target=\"_blank\" rel=\"noopener\"><strong>mama-niemowlaka.pl<\/strong><\/a> to sklep internetowy oferuj\u0105cy szeroki wyb\u00f3r bielizny poporodowej, koszul do karmienia oraz <a href=\"https:\/\/mama-niemowlaka.pl\/sklep\/ubranka-niemowlece\/\" target=\"_blank\" rel=\"noopener\"><strong>ubranek dzieci\u0119cych<\/strong><\/a>. Kupisz tu najlepsze koszule nocne ci\u0105\u017cowe do karmienia. W naszym sklepie znajdziesz koszule poporodowe, klasyczn\u0105 koszul\u0119 ci\u0105\u017cow\u0105 zapinan\u0105 na guziki, koszule na napy, <a href=\"https:\/\/mama-niemowlaka.pl\/sklep\/c\/dlamamy\/koszule-do-karmienia\/\" target=\"_blank\" rel=\"noopener\"><strong>koszule do karmienia<\/strong><\/a> na suwak, <a href=\"https:\/\/mama-niemowlaka.pl\/sklep\/produkt\/dlamamy\/elegancka-koszula-ciazowa-do-karmienia-rozowa\/\" target=\"_blank\" rel=\"noopener\"><strong>eleganckie koszule nocne<\/strong><\/a> jaki <a href=\"https:\/\/mama-niemowlaka.pl\/sklep\/c\/dlamamy\/pizamy-do-karmienia\/\" target=\"_blank\" rel=\"noopener\"><strong>pi\u017camy ci\u0105\u017cowe<\/strong><\/a>.<\/p>\n<p data-pm-slice=\"1 1 []\" data-rm-block-id=\"block-8\">Nasze produkty wysy\u0142amy w ci\u0105gu 48 godzin. Zapewniamy r\u00f3wnie\u017c bezp\u0142atn\u0105 wymian\u0119 i 14-dniow\u0105 polityk\u0119 zwrotu. Dodatkowo, je\u015bli zam\u00f3wisz produkty o warto\u015bci minimum 249 z\u0142, dostawa jest ca\u0142kowicie bezp\u0142atna. Nasze produkty s\u0105 starannie dobrane, aby zapewni\u0107 maksymalny komfort i bezpiecze\u0144stwo Tobie i Twojemu dziecku. Nie musisz ju\u017c traci\u0107 czasu na przeszukiwanie innych sklep\u00f3w \u2013 <a href=\"https:\/\/mama-niemowlaka.pl\/sklep\/\" target=\"_blank\" rel=\"noopener\"><strong>mama-niemowlaka.pl<\/strong><\/a> ma wszystko, czego potrzebujesz! Skorzystaj z naszych us\u0142ug ju\u017c teraz i poznaj nasz\u0105 ofert\u0119 ju\u017c dzi\u015b!<\/p>\n<p data-pm-slice=\"1 1 []\" data-rm-block-id=\"block-9\">Sprawd\u017a nasz\u0105 ofert\u0119 koszul do karmienia piersi\u0105 i kup ju\u017c dzi\u015b wygodn\u0105 koszul\u0119 nocn\u0105 aby zapewni\u0107 sobie wygodne karmienie maluszka. Pami\u0119taj, aby wyprawk\u0119 do szpitala dla m\u0142odej mamy uzupe\u0142ni\u0107 o bielizn\u0119 poporodow\u0105. Sprawd\u017a koniecznie nasz\u0105 ofert\u0119 majtek poporodowych i biustonoszy do karmienia \u2013 <a href=\"https:\/\/mama-niemowlaka.pl\/sklep\/c\/dlamamy\/bielizna-poporodowa\/\" target=\"_blank\" rel=\"noopener\"><strong>bielizna poporodowa<\/strong><\/a>.<\/p>\n<p data-rm-block-id=\"block-10\">Tabela rozmiar\u00f3w:<\/p>\n<table width=\"700\">\n<tbody>\n<tr>\n<td><strong>Rozmiar<\/strong><\/td>\n<td style=\"text-align: center;\"><strong>M<\/strong><\/td>\n<td style=\"text-align: center;\"><strong>L<\/strong><\/td>\n<td style=\"text-align: center;\"><strong>XL<\/strong><\/td>\n<td style=\"text-align: center;\"><strong>2XL<\/strong><\/td>\n<\/tr>\n<tr>\n<td>D\u0142ugo\u015b\u0107 ca\u0142kowita<\/td>\n<td style=\"text-align: center;\">95 cm<\/td>\n<td style=\"text-align: center;\">97 cm<\/td>\n<td style=\"text-align: center;\">99 cm<\/td>\n<td style=\"text-align: center;\">101 cm<\/td>\n<\/tr>\n<tr>\n<td>Obw\u00f3d w biodrach<\/td>\n<td style=\"text-align: center;\">102 cm<\/td>\n<td style=\"text-align: center;\">108 cm<\/td>\n<td style=\"text-align: center;\">114 cm<\/td>\n<td style=\"text-align: center;\">120 cm<\/td>\n<\/tr>\n<tr>\n<td>Obw\u00f3d w biu\u015bcie<\/td>\n<td style=\"text-align: center;\">98 cm<\/td>\n<td style=\"text-align: center;\">104 cm<\/td>\n<td style=\"text-align: center;\">110 cm<\/td>\n<td style=\"text-align: center;\">116 cm<\/td>\n<\/tr>\n<\/tbody>\n<\/table>\n<p data-rm-block-id=\"block-31\">Sk\u0142ad: 100% bawe\u0142na<br \/>\nKraj produkcji: Turcja<\/p>\n","protected":false},"excerpt":{"rendered":"<p data-pm-slice=\"1 1 []\"><a href=\"https:\/\/mama-niemowlaka.pl\/sklep\/c\/dlamamy\/koszule-do-karmienia\/\" target=\"_blank\" rel=\"noopener\"><strong>Koszula nocna do karmi\u0105cej<\/strong><\/a>\u00a0w kolorze szarym w urocze serca to koszula do karmienia wykonana z mi\u0119kkiej i przyjaznej dla sk\u00f3ry bawe\u0142ny. Dzi\u0119ki napom po obu stronach piersi u\u0142atwia karmienie piersi\u0105. Nasza koszula nocna dla karmi\u0105cych posiada kr\u00f3tki r\u0119kaw, dzi\u0119ki czemu b\u0119dzie Ci wygodnie.<\/p>\n<p>Koszula nocna do karmienia wyst\u0119puje w czterech rozmiarach: M, L. XL i 2XL. Do koszuli mo\u017cesz dokupi\u0107 <a href=\"https:\/\/mama-niemowlaka.pl\/sklep\/produkt\/dlamamy\/szlafrok-ciazowy\/szlafrok-ciazowy-w-serca\/\">szlafrok ci\u0105\u017cowy<\/a> w tych samych kolorach lub kupi\u0107 j\u0105 jako <a href=\"https:\/\/mama-niemowlaka.pl\/sklep\/produkt\/dlamamy\/koszula-i-szlafrok-do-porodu\/komplet-koszula-do-karmienia-i-szlafrok-serca-szary\/\">komplet z szlafrokiem.<\/a><\/p>\n<table width=\"700\">\n<tbody>\n<tr>\n<td><strong>Rozmiar<\/strong><\/td>\n<td style=\"text-align: center;\"><strong>M<\/strong><\/td>\n<td style=\"text-align: center;\"><strong>L<\/strong><\/td>\n<td style=\"text-align: center;\"><strong>XL<\/strong><\/td>\n<td style=\"text-align: center;\"><strong>2XL<\/strong><\/td>\n<\/tr>\n<tr>\n<td>D\u0142ugo\u015b\u0107 ca\u0142kowita<\/td>\n<td style=\"text-align: center;\">95 cm<\/td>\n<td style=\"text-align: center;\">97 cm<\/td>\n<td style=\"text-align: center;\">99 cm<\/td>\n<td style=\"text-align: center;\">101 cm<\/td>\n<\/tr>\n<tr>\n<td>Obw\u00f3d w biodrach<\/td>\n<td style=\"text-align: center;\">102 cm<\/td>\n<td style=\"text-align: center;\">108 cm<\/td>\n<td style=\"text-align: center;\">114 cm<\/td>\n<td style=\"text-align: center;\">120 cm<\/td>\n<\/tr>\n<tr>\n<td>Obw\u00f3d w biu\u015bcie<\/td>\n<td style=\"text-align: center;\">98 cm<\/td>\n<td style=\"text-align: center;\">104 cm<\/td>\n<td style=\"text-align: center;\">110 cm<\/td>\n<td style=\"text-align: center;\">116 cm<\/td>\n<\/tr>\n<\/tbody>\n<\/table>\n<p>Sk\u0142ad: 100% bawe\u0142na<br \/>\nKraj produkcji: Turcja<\/p>\n","protected":false},"featured_media":18812,"template":"","meta":[],"product_brand":[],"product_cat":[97,64],"product_tag":[118,119,138,146,259,258,98,257,260,331,180],"class_list":{"0":"post-18733","1":"product","2":"type-product","3":"status-publish","4":"has-post-thumbnail","6":"product_cat-koszule-do-karmienia","7":"product_cat-dlamamy","8":"product_tag-bawelna","9":"product_tag-dla-mamy","10":"product_tag-koszule-ciazowe","11":"product_tag-koszule-ciazowe-do-karmienia","12":"product_tag-koszula-do-karmienia-l","13":"product_tag-koszula-do-karmienia-m","14":"product_tag-koszule-nocne-do-karmienia","15":"product_tag-koszula-do-karmienia-s","16":"product_tag-koszula-do-karmienia-xl","17":"product_tag-koszulka-nocna-do-karmienia","18":"product_tag-nowosc","19":"product_shipping_class-lekka","20":"pa_rozmiar-2xl","21":"pa_rozmiar-l","22":"pa_rozmiar-m","23":"pa_rozmiar-xl","25":"first","26":"instock","27":"taxable","28":"shipping-taxable","29":"purchasable","30":"product-type-variable","31":"has-default-attributes","32":"wvs-archive-product-wrapper"},"_links":{"self":[{"href":"https:\/\/mama-niemowlaka.pl\/sklep\/wp-json\/wp\/v2\/product\/18733","targetHints":{"allow":["GET"]}}],"collection":[{"href":"https:\/\/mama-niemowlaka.pl\/sklep\/wp-json\/wp\/v2\/product"}],"about":[{"href":"https:\/\/mama-niemowlaka.pl\/sklep\/wp-json\/wp\/v2\/types\/product"}],"wp:featuredmedia":[{"embeddable":true,"href":"https:\/\/mama-niemowlaka.pl\/sklep\/wp-json\/wp\/v2\/media\/18812"}],"wp:attachment":[{"href":"https:\/\/mama-niemowlaka.pl\/sklep\/wp-json\/wp\/v2\/media?parent=18733"}],"wp:term":[{"taxonomy":"product_brand","embeddable":true,"href":"https:\/\/mama-niemowlaka.pl\/sklep\/wp-json\/wp\/v2\/product_brand?post=18733"},{"taxonomy":"product_cat","embeddable":true,"href":"https:\/\/mama-niemowlaka.pl\/sklep\/wp-json\/wp\/v2\/product_cat?post=18733"},{"taxonomy":"product_tag","embeddable":true,"href":"https:\/\/mama-niemowlaka.pl\/sklep\/wp-json\/wp\/v2\/product_tag?post=18733"}],"curies":[{"name":"wp","href":"https:\/\/api.w.org\/{rel}","templated":true}]}}