{"id":18839,"date":"2024-12-08T00:22:15","date_gmt":"2024-12-07T23:22:15","guid":{"rendered":"https:\/\/mama-niemowlaka.pl\/sklep\/?post_type=product&#038;p=18839"},"modified":"2025-12-08T01:31:21","modified_gmt":"2025-12-08T00:31:21","slug":"koszula-do-karmienia-mama-zielona","status":"publish","type":"product","link":"https:\/\/mama-niemowlaka.pl\/sklep\/produkt\/dlamamy\/koszule-do-karmienia\/koszula-do-karmienia-mama-zielona\/","title":{"rendered":"Koszula do karmienia Mama &#8211; zielona"},"content":{"rendered":"<h2 data-pm-slice=\"1 1 []\"><strong>Bawe\u0142niana koszula ci\u0105\u017cowa rozpinana do karmienia<\/strong><\/h2>\n<p data-pm-slice=\"1 1 []\">Nasza <a href=\"https:\/\/mama-niemowlaka.pl\/sklep\/produkt\/dlamamy\/koszule-do-karmienia\/koszula-ciazowa-rozpinana-mama-zielona\/\" target=\"_blank\" rel=\"noopener\"><strong>koszula ci\u0105\u017cowa rozpinana<\/strong><\/a> do karmienia na guziki, w kolorze zielonym, to absolutny hit w\u015br\u00f3d przysz\u0142ych mam! Jej funkcjonalno\u015b\u0107 i modny design sprawi\u0105, \u017ce b\u0119dziesz czu\u0142a si\u0119 wygodnie i stylowo w ka\u017cdej sytuacji. Specjalnie zaprojektowana koszula ci\u0105\u017cowa rozpinana dwustronnie dla mam, kt\u00f3re pragn\u0105 \u0142\u0105czy\u0107 wygod\u0119 z modnym wygl\u0105dem. Ta koszula rozpinana do karmienia wykonana jest z wysokiej jako\u015bci materia\u0142\u00f3w, takich jak bawe\u0142na, gwarantuj\u0105c trwa\u0142o\u015b\u0107 i komfort noszenia. Nie b\u0119dziesz ju\u017c musia\u0142a rezygnowa\u0107 z mody tylko dlatego, \u017ce jeste\u015b mam\u0105. Teraz mo\u017cesz karmi\u0107 swoje dziecko w najmodniejszych fasonach!<\/p>\n<p data-pm-slice=\"1 1 []\">Niezwykle praktyczne guziki pozwalaj\u0105 na wygodne i dyskretne karmienie w dowolnym miejscu i czasie. Ta komfortowa koszula do karmienia dwustronnie rozpinana to idealne po\u0142\u0105czenie funkcjonalno\u015bci i stylu, kt\u00f3re sprawi\u0105, \u017ce b\u0119dziesz czu\u0142a si\u0119 pewnie i modne nawet w czasie karmienia. Niezale\u017cnie od okazji, ta koszula do karmienia ci\u0105\u017cowa b\u0119dzie doskona\u0142ym wyborem dla Ciebie!<\/p>\n<h3 data-pm-slice=\"1 1 []\"><strong>Rozpinana koszula nocna ci\u0105\u017cowa <\/strong><\/h3>\n<p data-pm-slice=\"1 1 []\">Zam\u00f3w teraz nasz\u0105 koszul\u0119 do karmienia ci\u0105\u017cow\u0105 na <a href=\"https:\/\/mama-niemowlaka.pl\/sklep\/\" target=\"_blank\" rel=\"noopener\"><strong>mama-niemowlaka.pl<\/strong><\/a> i ciesz si\u0119 komfortem oraz \u0142adnym wygl\u0105dem podczas karmienia swojego dziecka!<\/p>\n<h2 data-pm-slice=\"1 1 []\"><strong><a href=\"https:\/\/mama-niemowlaka.pl\/sklep\/c\/dlamamy\/koszule-do-karmienia\/\" target=\"_blank\" rel=\"noopener\">Rozpinane koszule do karmienia<\/a> w sklepie <a href=\"https:\/\/mama-niemowlaka.pl\">mama-niemowlaka.pl<\/a><\/strong><\/h2>\n<p data-pm-slice=\"1 1 []\"><a href=\"https:\/\/mama-niemowlaka.pl\/sklep\/c\/dlamamy\/koszule-do-karmienia\/\" target=\"_blank\" rel=\"noopener\"><strong>Koszule do karmienia<\/strong><\/a> to niezb\u0119dne elementy garderoby ci\u0105\u017cowej ka\u017cdej przysz\u0142ej mamy. <a href=\"https:\/\/mama-niemowlaka.pl\/sklep\/\" target=\"_blank\" rel=\"noopener\"><strong>mama-niemowlaka.pl<\/strong><\/a> to sklep internetowy oferuj\u0105cy szeroki wyb\u00f3r bielizny poporodowej, koszul do karmienia oraz <a href=\"https:\/\/mama-niemowlaka.pl\/sklep\/ubranka-niemowlece\/\" target=\"_blank\" rel=\"noopener\"><strong>ubranek dzieci\u0119cych<\/strong><\/a>. Kupisz tu najlepsze koszule nocne do karmienia. W naszym sklepie znajdziesz <a href=\"https:\/\/mama-niemowlaka.pl\/sklep\/t\/koszule-do-porodu\/\" target=\"_blank\" rel=\"noopener\"><strong>koszule do porodu<\/strong><\/a>, klasyczn\u0105 koszul\u0119 nocn\u0105 ci\u0105\u017cow\u0105 rozpinan\u0105 na guziki, <a href=\"https:\/\/mama-niemowlaka.pl\/sklep\/t\/koszula-na-napy\/\" target=\"_blank\" rel=\"noopener\"><strong>koszule ci\u0105\u017cowe na napy<\/strong><\/a>, <a href=\"https:\/\/mama-niemowlaka.pl\/sklep\/c\/dlamamy\/koszule-do-karmienia\/\" target=\"_blank\" rel=\"noopener\"><strong>koszule do karmienia<\/strong><\/a> na suwak, <a href=\"https:\/\/mama-niemowlaka.pl\/sklep\/t\/eleganckie-koszule-ciazowe\/\" target=\"_blank\" rel=\"noopener\"><strong>eleganckie koszule ci\u0105\u017cowe<\/strong><\/a> jaki <a href=\"https:\/\/mama-niemowlaka.pl\/sklep\/c\/dlamamy\/pizamy-do-karmienia\/\" target=\"_blank\" rel=\"noopener\"><strong>pi\u017camy ci\u0105\u017cowe<\/strong><\/a>.<\/p>\n<p data-pm-slice=\"1 1 []\">Sprawd\u017a nasz\u0105 ofert\u0119 koszul do karmienia piersi\u0105 i kup ju\u017c dzi\u015b wygodn\u0105, koszul\u0119 ci\u0105\u017cow\u0105 rozpinan\u0105 do karmienia aby zapewni\u0107 sobie wygodne karmienie maluszka. Pami\u0119taj, aby <a href=\"https:\/\/mama-niemowlaka.pl\/sklep\/dla-mamy\/\" target=\"_blank\" rel=\"noopener\"><strong>wyprawk\u0119 do szpitala dla mamy<\/strong><\/a> uzupe\u0142ni\u0107 o bielizn\u0119 poporodow\u0105. Sprawd\u017a koniecznie nasz\u0105 ofert\u0119 <a href=\"https:\/\/mama-niemowlaka.pl\/sklep\/t\/majtki-poporodowe\/\" target=\"_blank\" rel=\"noopener\"><strong>majtek poporodowych<\/strong><\/a> i <a href=\"https:\/\/mama-niemowlaka.pl\/sklep\/t\/biustonosze-do-karmienia\/\" target=\"_blank\" rel=\"noopener\"><strong>biustonoszy do karmienia<\/strong><\/a> \u2013 <a href=\"https:\/\/mama-niemowlaka.pl\/sklep\/c\/dlamamy\/bielizna-poporodowa\/\" target=\"_blank\" rel=\"noopener\"><strong>bielizna poporodowa<\/strong><\/a>.<\/p>\n<p>Tabela rozmiar\u00f3w:<\/p>\n<table width=\"700\">\n<tbody>\n<tr>\n<td><strong>Rozmiar<\/strong><\/td>\n<td style=\"text-align: center;\"><strong>S<\/strong><\/td>\n<td style=\"text-align: center;\"><strong>M<\/strong><\/td>\n<td style=\"text-align: center;\"><strong>L<\/strong><\/td>\n<td style=\"text-align: center;\"><strong>XL<\/strong><\/td>\n<\/tr>\n<tr>\n<td>D\u0142ugo\u015b\u0107 ca\u0142kowita<\/td>\n<td style=\"text-align: center;\">98 cm<\/td>\n<td style=\"text-align: center;\">100 cm<\/td>\n<td style=\"text-align: center;\">102 cm<\/td>\n<td style=\"text-align: center;\">104 cm<\/td>\n<\/tr>\n<tr>\n<td>Obw\u00f3d w pasie<\/td>\n<td style=\"text-align: center;\">92 cm<\/td>\n<td style=\"text-align: center;\">96 cm<\/td>\n<td style=\"text-align: center;\">100 cm<\/td>\n<td style=\"text-align: center;\">104 cm<\/td>\n<\/tr>\n<tr>\n<td>Obw\u00f3d pod pachami<\/td>\n<td style=\"text-align: center;\">84 cm<\/td>\n<td style=\"text-align: center;\">88 cm<\/td>\n<td style=\"text-align: center;\">92 cm<\/td>\n<td style=\"text-align: center;\">96 cm<\/td>\n<\/tr>\n<\/tbody>\n<\/table>\n<p>&nbsp;<\/p>\n","protected":false},"excerpt":{"rendered":"<p data-pm-slice=\"1 1 []\">Koszula do karmienia dwustronnie rozpinana na guziki, to koszula do karmienia, kt\u00f3ra zapewni Ci \u0142atwy dost\u0119p i wygod\u0119 podczas karmienia swojego dziecka. Nie tylko b\u0119dziesz czu\u0107 si\u0119 komfortowo, ale tak\u017ce \u015bwietnie wygl\u0105da\u0107 w tym modelu koszuli do karmienia! Nasza koszula ci\u0105\u017cowa rozpinana bawe\u0142niana zapewnia \u0142atwy dost\u0119p do piersi, dzi\u0119ki czemu mo\u017cesz karmi\u0107 swoje dziecko dyskretnie i bezproblemowo.<\/p>\n<p>Koszula nocna do karmienia wyst\u0119puje w czterech rozmiarach: S, M, L i XL. koszula do karmienia rozpinana na guziki wyst\u0119puje r\u00f3wnie\u017c w kolorze r\u00f3\u017cowym &#8211; <a href=\"https:\/\/mama-niemowlaka.pl\/sklep\/produkt\/dlamamy\/koszule-do-karmienia\/koszula-do-karmienia-rozpinana-mama-rozowa\/\" target=\"_blank\" rel=\"noopener\"><strong>Koszula do karmienia Mama &#8211; r\u00f3\u017cowa.<\/strong><\/a><\/p>\n<p>Sk\u0142ad: 100% bawe\u0142na<\/p>\n","protected":false},"featured_media":12994,"template":"","meta":[],"product_brand":[],"product_cat":[97,64],"product_tag":[118,119,236,138,146,259,258,98,257,260,331,185],"class_list":{"0":"post-18839","1":"product","2":"type-product","3":"status-publish","4":"has-post-thumbnail","6":"product_cat-koszule-do-karmienia","7":"product_cat-dlamamy","8":"product_tag-bawelna","9":"product_tag-dla-mamy","10":"product_tag-koszula-do-karmienia","11":"product_tag-koszule-ciazowe","12":"product_tag-koszule-ciazowe-do-karmienia","13":"product_tag-koszula-do-karmienia-l","14":"product_tag-koszula-do-karmienia-m","15":"product_tag-koszule-nocne-do-karmienia","16":"product_tag-koszula-do-karmienia-s","17":"product_tag-koszula-do-karmienia-xl","18":"product_tag-koszulka-nocna-do-karmienia","19":"product_tag-krotki-rekaw","20":"product_shipping_class-lekka","21":"pa_rozmiar-l","22":"pa_rozmiar-m","23":"pa_rozmiar-s","24":"pa_rozmiar-xl","26":"first","27":"instock","28":"taxable","29":"shipping-taxable","30":"purchasable","31":"product-type-variable","32":"has-default-attributes","33":"wvs-archive-product-wrapper"},"_links":{"self":[{"href":"https:\/\/mama-niemowlaka.pl\/sklep\/wp-json\/wp\/v2\/product\/18839","targetHints":{"allow":["GET"]}}],"collection":[{"href":"https:\/\/mama-niemowlaka.pl\/sklep\/wp-json\/wp\/v2\/product"}],"about":[{"href":"https:\/\/mama-niemowlaka.pl\/sklep\/wp-json\/wp\/v2\/types\/product"}],"wp:featuredmedia":[{"embeddable":true,"href":"https:\/\/mama-niemowlaka.pl\/sklep\/wp-json\/wp\/v2\/media\/12994"}],"wp:attachment":[{"href":"https:\/\/mama-niemowlaka.pl\/sklep\/wp-json\/wp\/v2\/media?parent=18839"}],"wp:term":[{"taxonomy":"product_brand","embeddable":true,"href":"https:\/\/mama-niemowlaka.pl\/sklep\/wp-json\/wp\/v2\/product_brand?post=18839"},{"taxonomy":"product_cat","embeddable":true,"href":"https:\/\/mama-niemowlaka.pl\/sklep\/wp-json\/wp\/v2\/product_cat?post=18839"},{"taxonomy":"product_tag","embeddable":true,"href":"https:\/\/mama-niemowlaka.pl\/sklep\/wp-json\/wp\/v2\/product_tag?post=18839"}],"curies":[{"name":"wp","href":"https:\/\/api.w.org\/{rel}","templated":true}]}}