{"id":18868,"date":"2024-12-08T01:24:48","date_gmt":"2024-12-08T00:24:48","guid":{"rendered":"https:\/\/mama-niemowlaka.pl\/sklep\/?post_type=product&#038;p=18868"},"modified":"2026-04-14T08:03:26","modified_gmt":"2026-04-14T06:03:26","slug":"koszula-ciazowa-do-karmienia-biala-motyle","status":"publish","type":"product","link":"https:\/\/mama-niemowlaka.pl\/sklep\/produkt\/dlamamy\/koszule-do-karmienia\/koszula-ciazowa-do-karmienia-biala-motyle\/","title":{"rendered":"Koszula ci\u0105\u017cowa do karmienia &#8211; bia\u0142a &#8211; motyle"},"content":{"rendered":"<h2><span style=\"font-weight: 200;\">Bawe\u0142niana koszula nocna ci\u0105\u017cowa z mo\u017cliwo\u015bci\u0105 karmienia w kolorze bia\u0142ym w motyle<\/span><\/h2>\n<p>Koszula ci\u0105\u017cowa do karmienia to wyj\u0105tkowy produkt, kt\u00f3ry zapewnia maksymalny komfort dla przysz\u0142ych mam. Wykonana z mi\u0119kkiej i przyjemnej w dotyku bawe\u0142ny, zapewnia doskona\u0142e warunki dla sk\u00f3ry wra\u017cliwej w okresie ci\u0105\u017cy oraz po porodzie.<\/p>\n<p>Jedn\u0105 z najwi\u0119kszych zalet tej koszuli jest jej funkcjonalno\u015b\u0107 &#8211; posiada specjalne rozwi\u0105zania, kt\u00f3re umo\u017cliwiaj\u0105 wygodne karmienie dziecka. Dzi\u0119ki praktycznym zapi\u0119ciom na guziki na piersiach, mo\u017cna szybko i \u0142atwo nakarmi\u0107 dziecko, bez konieczno\u015bci \u015bci\u0105gania ca\u0142ej koszuli. Koszula posiada obustronne rozpi\u0119cia na guziki. Ten system umo\u017cliwia dyskretno\u015b\u0107 podczas karmienia, co jest bardzo wa\u017cne dla wielu matek.<\/p>\n<p>Koszula ci\u0105\u017cowa do karmienia to r\u00f3wnie\u017c produkt, kt\u00f3ry z \u0142atwo\u015bci\u0105 dostosowuje si\u0119 do zmieniaj\u0105cej si\u0119 figury przysz\u0142ej mamy. Dzi\u0119ki specjalnym rozwi\u0105zaniom, koszula dopasowuje si\u0119 do kszta\u0142tu brzucha w ci\u0105\u017cy, a po porodzie zapewnia optymalne dopasowanie.<\/p>\n<figure id=\"attachment_2523\" class=\"wp-caption alignleft\" style=\"width: 517px;\" aria-describedby=\"caption-attachment-2523\"><figcaption id=\"caption-attachment-2523\" class=\"wp-caption-text\">\n<h3>Tabela rozmiar\u00f3w:<\/h3>\n<table width=\"700\">\n<tbody>\n<tr>\n<td><strong>Rozmiar<\/strong><\/td>\n<td style=\"text-align: center;\"><strong>S<\/strong><\/td>\n<td style=\"text-align: center;\"><strong>M<\/strong><\/td>\n<td style=\"text-align: center;\"><strong>L<\/strong><\/td>\n<td style=\"text-align: center;\"><strong>XL<\/strong><\/td>\n<td style=\"text-align: center;\"><strong>XXL<\/strong><\/td>\n<\/tr>\n<tr>\n<td>D\u0142ugo\u015b\u0107 ca\u0142kowita<\/td>\n<td style=\"text-align: center;\">98 cm<\/td>\n<td style=\"text-align: center;\">100 cm<\/td>\n<td style=\"text-align: center;\">102 cm<\/td>\n<td style=\"text-align: center;\">103 cm<\/td>\n<td style=\"text-align: center;\">104 cm<\/td>\n<\/tr>\n<tr>\n<td>Obw\u00f3d w pasie<\/td>\n<td style=\"text-align: center;\">96 cm<\/td>\n<td style=\"text-align: center;\">100 cm<\/td>\n<td style=\"text-align: center;\">104 cm<\/td>\n<td style=\"text-align: center;\">112 cm<\/td>\n<td style=\"text-align: center;\">116 cm<\/td>\n<\/tr>\n<tr>\n<td>Obw\u00f3d pod pachami<\/td>\n<td style=\"text-align: center;\">90 cm<\/td>\n<td style=\"text-align: center;\">94 cm<\/td>\n<td style=\"text-align: center;\">100 cm<\/td>\n<td style=\"text-align: center;\">104 cm<\/td>\n<td style=\"text-align: center;\">108 cm<\/td>\n<\/tr>\n<\/tbody>\n<\/table>\n<p>Sk\u0142ad: 100% bawe\u0142na<\/p>\n<\/figcaption><\/figure>\n","protected":false},"excerpt":{"rendered":"<p><span style=\"font-weight: 200;\">Bawe\u0142niana koszula nocna ci\u0105\u017cowa z mo\u017cliwo\u015bci\u0105 karmienia w kolorze bia\u0142ym w motyle. Mo\u017cliwo\u015b\u0107 karmienia dzi\u0119ki guzikom po obu stronach piersi. Koszula posiada kr\u00f3tki r\u0119kaw.<\/span><\/p>\n<p>Sk\u0142ad: 100% bawe\u0142na<\/p>\n","protected":false},"featured_media":13153,"template":"","meta":[],"product_brand":[],"product_cat":[97,64],"product_tag":[118,214,608,119,236,138,146,259,258,98,257,260,261,331],"class_list":{"0":"post-18868","1":"product","2":"type-product","3":"status-publish","4":"has-post-thumbnail","6":"product_cat-koszule-do-karmienia","7":"product_cat-dlamamy","8":"product_tag-bawelna","9":"product_tag-bestseller","10":"product_tag-bestsellery-dla-mamy","11":"product_tag-dla-mamy","12":"product_tag-koszula-do-karmienia","13":"product_tag-koszule-ciazowe","14":"product_tag-koszule-ciazowe-do-karmienia","15":"product_tag-koszula-do-karmienia-l","16":"product_tag-koszula-do-karmienia-m","17":"product_tag-koszule-nocne-do-karmienia","18":"product_tag-koszula-do-karmienia-s","19":"product_tag-koszula-do-karmienia-xl","20":"product_tag-koszula-do-karmienia-xxl","21":"product_tag-koszulka-nocna-do-karmienia","22":"product_shipping_class-lekka","23":"pa_rozmiar-2xl","24":"pa_rozmiar-l","25":"pa_rozmiar-m","26":"pa_rozmiar-s","27":"pa_rozmiar-xl","29":"first","30":"instock","31":"taxable","32":"shipping-taxable","33":"purchasable","34":"product-type-variable","35":"has-default-attributes","36":"wvs-archive-product-wrapper"},"_links":{"self":[{"href":"https:\/\/mama-niemowlaka.pl\/sklep\/wp-json\/wp\/v2\/product\/18868","targetHints":{"allow":["GET"]}}],"collection":[{"href":"https:\/\/mama-niemowlaka.pl\/sklep\/wp-json\/wp\/v2\/product"}],"about":[{"href":"https:\/\/mama-niemowlaka.pl\/sklep\/wp-json\/wp\/v2\/types\/product"}],"wp:featuredmedia":[{"embeddable":true,"href":"https:\/\/mama-niemowlaka.pl\/sklep\/wp-json\/wp\/v2\/media\/13153"}],"wp:attachment":[{"href":"https:\/\/mama-niemowlaka.pl\/sklep\/wp-json\/wp\/v2\/media?parent=18868"}],"wp:term":[{"taxonomy":"product_brand","embeddable":true,"href":"https:\/\/mama-niemowlaka.pl\/sklep\/wp-json\/wp\/v2\/product_brand?post=18868"},{"taxonomy":"product_cat","embeddable":true,"href":"https:\/\/mama-niemowlaka.pl\/sklep\/wp-json\/wp\/v2\/product_cat?post=18868"},{"taxonomy":"product_tag","embeddable":true,"href":"https:\/\/mama-niemowlaka.pl\/sklep\/wp-json\/wp\/v2\/product_tag?post=18868"}],"curies":[{"name":"wp","href":"https:\/\/api.w.org\/{rel}","templated":true}]}}