{"id":18904,"date":"2024-12-08T01:59:06","date_gmt":"2024-12-08T00:59:06","guid":{"rendered":"https:\/\/mama-niemowlaka.pl\/sklep\/?post_type=product&#038;p=18904"},"modified":"2026-03-10T19:17:48","modified_gmt":"2026-03-10T18:17:48","slug":"koszula-ciazowa-do-karmienia-granatowa-serca-2","status":"publish","type":"product","link":"https:\/\/mama-niemowlaka.pl\/sklep\/produkt\/dlamamy\/koszule-do-karmienia\/koszula-ciazowa-do-karmienia-granatowa-serca-2\/","title":{"rendered":"Koszula ci\u0105\u017cowa do karmienia &#8211; granatowa &#8211; serca 2"},"content":{"rendered":"<h2><span style=\"font-weight: 200;\">Bawe\u0142niana koszula nocna ci\u0105\u017cowa z mo\u017cliwo\u015bci\u0105 karmienia w kolorze granatowym w serduszka<\/span><\/h2>\n<p>Koszula ci\u0105\u017cowa do karmienia to wyj\u0105tkowy produkt, kt\u00f3ry zapewnia maksymalny komfort dla przysz\u0142ych mam. Wykonana z mi\u0119kkiej i przyjemnej w dotyku bawe\u0142ny, zapewnia doskona\u0142e warunki dla sk\u00f3ry wra\u017cliwej w okresie ci\u0105\u017cy oraz po porodzie.<\/p>\n<p>Jedn\u0105 z najwi\u0119kszych zalet tej koszuli jest jej funkcjonalno\u015b\u0107 &#8211; posiada specjalne rozwi\u0105zania, kt\u00f3re umo\u017cliwiaj\u0105 wygodne karmienie dziecka. Dzi\u0119ki praktycznym zapi\u0119ciom na guziki na piersiach, mo\u017cna szybko i \u0142atwo nakarmi\u0107 dziecko, bez konieczno\u015bci \u015bci\u0105gania ca\u0142ej koszuli. Koszula posiada obustronne rozpi\u0119cia na guziki. Ten system umo\u017cliwia dyskretno\u015b\u0107 podczas karmienia, co jest bardzo wa\u017cne dla wielu matek.<\/p>\n<p>Koszula ci\u0105\u017cowa do karmienia to r\u00f3wnie\u017c produkt, kt\u00f3ry z \u0142atwo\u015bci\u0105 dostosowuje si\u0119 do zmieniaj\u0105cej si\u0119 figury przysz\u0142ej mamy. Dzi\u0119ki specjalnym rozwi\u0105zaniom, koszula dopasowuje si\u0119 do kszta\u0142tu brzucha w ci\u0105\u017cy, a po porodzie zapewnia optymalne dopasowanie.<\/p>\n<h3>Tabela rozmiar\u00f3w:<\/h3>\n<table width=\"700\">\n<tbody>\n<tr>\n<td><strong>Rozmiar<\/strong><\/td>\n<td style=\"text-align: center;\"><strong>M<\/strong><\/td>\n<td style=\"text-align: center;\"><strong>L<\/strong><\/td>\n<td style=\"text-align: center;\"><strong>XL<\/strong><\/td>\n<td style=\"text-align: center;\"><strong>XXL<\/strong><\/td>\n<\/tr>\n<tr>\n<td>D\u0142ugo\u015b\u0107 ca\u0142kowita<\/td>\n<td style=\"text-align: center;\">100 cm<\/td>\n<td style=\"text-align: center;\">102 cm<\/td>\n<td style=\"text-align: center;\">103 cm<\/td>\n<td style=\"text-align: center;\">104 cm<\/td>\n<\/tr>\n<tr>\n<td>Obw\u00f3d w pasie<\/td>\n<td style=\"text-align: center;\">100 cm<\/td>\n<td style=\"text-align: center;\">104 cm<\/td>\n<td style=\"text-align: center;\">112 cm<\/td>\n<td style=\"text-align: center;\">116 cm<\/td>\n<\/tr>\n<tr>\n<td>Obw\u00f3d pod pachami<\/td>\n<td style=\"text-align: center;\">96 cm<\/td>\n<td style=\"text-align: center;\">100 cm<\/td>\n<td style=\"text-align: center;\">104 cm<\/td>\n<td style=\"text-align: center;\">108 cm<\/td>\n<\/tr>\n<\/tbody>\n<\/table>\n<p>Sk\u0142ad: 100% bawe\u0142na<\/p>\n","protected":false},"excerpt":{"rendered":"<p>Bawe\u0142niana koszula nocna ci\u0105\u017cowa z mo\u017cliwo\u015bci\u0105 karmienia w kolorze granatowym w serduszka. Mo\u017cliwo\u015b\u0107 karmienia dzi\u0119ki guzikom po obu stronach piersi. Koszula posiada kr\u00f3tki r\u0119kaw. Bardzo przyjemna i delikatna bawe\u0142na.<\/p>\n<p>Do koszuli polecamy tak\u017ce <a href=\"https:\/\/mama-niemowlaka.pl\/sklep\/produkt\/dlamamy\/szlafrok-ciazowy-granatowy-w-serca\/\" target=\"_blank\" rel=\"noopener\"><strong>szlafrok ci\u0105\u017cowy<\/strong><\/a> w tym samym wzorze i kolorze.<\/p>\n","protected":false},"featured_media":18602,"template":"","meta":[],"product_brand":[],"product_cat":[97,64],"product_tag":[118,214,119,236,138,146,259,258,98,260,261,331],"class_list":{"0":"post-18904","1":"product","2":"type-product","3":"status-publish","4":"has-post-thumbnail","6":"product_cat-koszule-do-karmienia","7":"product_cat-dlamamy","8":"product_tag-bawelna","9":"product_tag-bestseller","10":"product_tag-dla-mamy","11":"product_tag-koszula-do-karmienia","12":"product_tag-koszule-ciazowe","13":"product_tag-koszule-ciazowe-do-karmienia","14":"product_tag-koszula-do-karmienia-l","15":"product_tag-koszula-do-karmienia-m","16":"product_tag-koszule-nocne-do-karmienia","17":"product_tag-koszula-do-karmienia-xl","18":"product_tag-koszula-do-karmienia-xxl","19":"product_tag-koszulka-nocna-do-karmienia","20":"product_shipping_class-lekka","21":"pa_rozmiar-2xl","22":"pa_rozmiar-l","23":"pa_rozmiar-m","24":"pa_rozmiar-xl","26":"first","27":"instock","28":"taxable","29":"shipping-taxable","30":"purchasable","31":"product-type-variable","32":"has-default-attributes","33":"wvs-archive-product-wrapper"},"_links":{"self":[{"href":"https:\/\/mama-niemowlaka.pl\/sklep\/wp-json\/wp\/v2\/product\/18904","targetHints":{"allow":["GET"]}}],"collection":[{"href":"https:\/\/mama-niemowlaka.pl\/sklep\/wp-json\/wp\/v2\/product"}],"about":[{"href":"https:\/\/mama-niemowlaka.pl\/sklep\/wp-json\/wp\/v2\/types\/product"}],"wp:featuredmedia":[{"embeddable":true,"href":"https:\/\/mama-niemowlaka.pl\/sklep\/wp-json\/wp\/v2\/media\/18602"}],"wp:attachment":[{"href":"https:\/\/mama-niemowlaka.pl\/sklep\/wp-json\/wp\/v2\/media?parent=18904"}],"wp:term":[{"taxonomy":"product_brand","embeddable":true,"href":"https:\/\/mama-niemowlaka.pl\/sklep\/wp-json\/wp\/v2\/product_brand?post=18904"},{"taxonomy":"product_cat","embeddable":true,"href":"https:\/\/mama-niemowlaka.pl\/sklep\/wp-json\/wp\/v2\/product_cat?post=18904"},{"taxonomy":"product_tag","embeddable":true,"href":"https:\/\/mama-niemowlaka.pl\/sklep\/wp-json\/wp\/v2\/product_tag?post=18904"}],"curies":[{"name":"wp","href":"https:\/\/api.w.org\/{rel}","templated":true}]}}