{"id":18929,"date":"2025-11-15T10:01:59","date_gmt":"2025-11-15T09:01:59","guid":{"rendered":"https:\/\/mama-niemowlaka.pl\/sklep\/?post_type=product&#038;p=18929"},"modified":"2026-04-16T00:04:44","modified_gmt":"2026-04-15T22:04:44","slug":"szlafrok-plus-size-ciazowy-szary-w-serca","status":"publish","type":"product","link":"https:\/\/mama-niemowlaka.pl\/sklep\/produkt\/dlamamy\/szlafrok-ciazowy\/szlafrok-plus-size-ciazowy-szary-w-serca\/","title":{"rendered":"Szlafrok plus size ci\u0105\u017cowy &#8211; szary w serca"},"content":{"rendered":"<h2 data-pm-slice=\"1 1 []\"><strong>Bawe\u0142niany szlafrok plus size ci\u0105\u017cowy do koszuli nocnej w kolorze szarym z motywem serc.<\/strong><\/h2>\n<p>Szlafroki ci\u0105\u017cowe to cz\u0119sto pomijany element wyprawki przysz\u0142ej mamy, a bardzo przydatne. Kupuj\u0105c koszul\u0119 ci\u0105\u017cow\u0105, warto pami\u0119ta\u0107 r\u00f3wnie\u017c o nim, bo nigdy nie wiadomo kiedy b\u0119dzie nam potrzebny.<\/p>\n<p>&nbsp;<\/p>\n<p>Ten mi\u0119kki szlafrok plus size ci\u0105\u017cowy uszyty z bawe\u0142ny ozdobiony jest wzorem serc. Szlafrok jest idealny dla kobiet w ci\u0105\u017cy lub karmi\u0105cych piersi\u0105. Szlafrok ci\u0105\u017cowy wykonany jest z mi\u0119kkiej, przewiewnej bawe\u0142ny, co zapewnia komfort u\u017cytkowania w czasie ciep\u0142ych dni. Dodatkowo szlafrok plus size z \u0142atwo\u015bci\u0105 dostosowuje si\u0119 do zmieniaj\u0105cej si\u0119 figury przysz\u0142ej mamy.<\/p>\n<h2><\/h2>\n<h2><strong>Ka\u017cda przysz\u0142a mama powinna zaopatrzy\u0107 si\u0119 w wygodny szlafrok ci\u0105\u017cowy<\/strong><\/h2>\n<p>Dzi\u0119ki lu\u017anemu krojowi i zapi\u0119ciu w postaci paska, szlafrok zapewnia wygod\u0119 i swobod\u0119 ruch\u00f3w dla kobiet w ci\u0105\u017cy. Wi\u0105zanie w pasie na pasek pozwala na idealne dopasowanie szlafroka. Dodatkowo, po porodzie, szlafrok ci\u0105\u017cowy jest idealnym rozwi\u0105zaniem dla matek karmi\u0105cych piersi\u0105.<br \/>\nProdukt posiada kiesze\u0144, co pozwala na przechowywanie niezb\u0119dnych drobiazg\u00f3w, takich jak telefon lub chusteczki.<\/p>\n<p>&nbsp;<\/p>\n<p>Szlafrok ci\u0105\u017cowy to obowi\u0105zkowa pozycja przy kompletowaniu wyprawki do szpitala. Ka\u017cda mama powinna mie\u0107 go w swojej torbie do szpitala. Na oddzia\u0142ach po\u0142o\u017cniczych zwykle jest ciep\u0142o, wi\u0119c m\u0142ode mamy, wychodz\u0105c na korytarz lub do \u0142azienki maj\u0105 potrzeb\u0119 zakrycia si\u0119 jedynie lekkim szlafrokiem.<\/p>\n<p>Wz\u00f3r w serca nadaje szlafrokowi uroku i pozwala wyr\u00f3\u017cni\u0107 si\u0119 spo\u015br\u00f3d innych szlafrok\u00f3w. Produkt jest dost\u0119pny w r\u00f3\u017cnych rozmiarach, dzi\u0119ki czemu ka\u017cda kobieta w ci\u0105\u017cy lub karmi\u0105ca piersi\u0105 mo\u017ce wybra\u0107 odpowiedni dla siebie rozmiar.<\/p>\n<p>&nbsp;<\/p>\n<h2><strong>Szlafrok plus size ci\u0105\u017cowy idealnie si\u0119 komponuje z koszul\u0105 ci\u0105\u017cow\u0105 do karmienia ozdobion\u0105 tym samym wzorem w serca.<\/strong><\/h2>\n<h3><strong>Sprawd\u017a pozosta\u0142e szlafroki ci\u0105\u017cowe dla przysz\u0142ej mamy w sklepie <a href=\"http:\/\/mama-niemowlaka.pl\">mama-niemowlaka.pl<\/a>. Kupuj\u0105c szlafrok ci\u0105\u017cowy nie zapomnij o koszuli ci\u0105\u017cowej. W naszej ofercie znajdziesz szlafroki w tych samych wzorach co koszule do karmienia.<\/strong><\/h3>\n<p>Sk\u0142ad: 100% bawe\u0142na<\/p>\n<h3>Tabela rozmiar\u00f3w:<\/h3>\n<table width=\"700\">\n<tbody>\n<tr>\n<td><strong>Rozmiar<\/strong><\/td>\n<td style=\"text-align: center;\"><strong>XL<\/strong><\/td>\n<td style=\"text-align: center;\"><strong>2XL<\/strong><\/td>\n<td style=\"text-align: center;\"><strong>3XL<\/strong><\/td>\n<td style=\"text-align: center;\"><strong>4XL<\/strong><\/td>\n<\/tr>\n<tr>\n<td>D\u0142ugo\u015b\u0107 ca\u0142kowita<\/td>\n<td style=\"text-align: center;\">99cm<\/td>\n<td style=\"text-align: center;\">100 cm<\/td>\n<td style=\"text-align: center;\">102 cm<\/td>\n<td style=\"text-align: center;\">104 cm<\/td>\n<\/tr>\n<tr>\n<td>Obw\u00f3d w pasie<\/td>\n<td style=\"text-align: center;\">140 cm<\/td>\n<td style=\"text-align: center;\">144 cm<\/td>\n<td style=\"text-align: center;\">150 cm<\/td>\n<td style=\"text-align: center;\">156 cm<\/td>\n<\/tr>\n<tr>\n<td>Obw\u00f3d pod pachami<\/td>\n<td style=\"text-align: center;\">136 cm<\/td>\n<td style=\"text-align: center;\">138 cm<\/td>\n<td style=\"text-align: center;\">148 cm<\/td>\n<td style=\"text-align: center;\">150 cm<\/td>\n<\/tr>\n<\/tbody>\n<\/table>\n","protected":false},"excerpt":{"rendered":"<p data-pm-slice=\"1 1 []\">Bawe\u0142niany szlafrok plus size ci\u0105\u017cowy do koszuli nocnej w kolorze szarym z motywem serc. Szlafrok ci\u0105\u017cowy idealnie si\u0119 komponuje z <strong>koszul\u0105 ci\u0105\u017cow\u0105 do karmienia na napy <\/strong>ozdobion\u0105 tym samym wzorem w serca.<\/p>\n","protected":false},"featured_media":12772,"template":"","meta":[],"product_brand":[],"product_cat":[64,149],"product_tag":[118,214,608,119,212,228,142,332],"class_list":{"0":"post-18929","1":"product","2":"type-product","3":"status-publish","4":"has-post-thumbnail","6":"product_cat-dlamamy","7":"product_cat-szlafrok-ciazowy","8":"product_tag-bawelna","9":"product_tag-bestseller","10":"product_tag-bestsellery-dla-mamy","11":"product_tag-dla-mamy","12":"product_tag-oversize","13":"product_tag-promocje","14":"product_tag-szlafrok","15":"product_tag-szlafroki-damskie-duze-rozmiary","16":"product_shipping_class-lekka","17":"pa_rozmiar-2xl","18":"pa_rozmiar-3xl","19":"pa_rozmiar-4xl","20":"pa_rozmiar-xl","22":"first","23":"instock","24":"sale","25":"taxable","26":"shipping-taxable","27":"purchasable","28":"product-type-variable","29":"has-default-attributes","30":"wvs-archive-product-wrapper"},"_links":{"self":[{"href":"https:\/\/mama-niemowlaka.pl\/sklep\/wp-json\/wp\/v2\/product\/18929","targetHints":{"allow":["GET"]}}],"collection":[{"href":"https:\/\/mama-niemowlaka.pl\/sklep\/wp-json\/wp\/v2\/product"}],"about":[{"href":"https:\/\/mama-niemowlaka.pl\/sklep\/wp-json\/wp\/v2\/types\/product"}],"wp:featuredmedia":[{"embeddable":true,"href":"https:\/\/mama-niemowlaka.pl\/sklep\/wp-json\/wp\/v2\/media\/12772"}],"wp:attachment":[{"href":"https:\/\/mama-niemowlaka.pl\/sklep\/wp-json\/wp\/v2\/media?parent=18929"}],"wp:term":[{"taxonomy":"product_brand","embeddable":true,"href":"https:\/\/mama-niemowlaka.pl\/sklep\/wp-json\/wp\/v2\/product_brand?post=18929"},{"taxonomy":"product_cat","embeddable":true,"href":"https:\/\/mama-niemowlaka.pl\/sklep\/wp-json\/wp\/v2\/product_cat?post=18929"},{"taxonomy":"product_tag","embeddable":true,"href":"https:\/\/mama-niemowlaka.pl\/sklep\/wp-json\/wp\/v2\/product_tag?post=18929"}],"curies":[{"name":"wp","href":"https:\/\/api.w.org\/{rel}","templated":true}]}}