{"id":18934,"date":"2023-12-08T10:05:03","date_gmt":"2023-12-08T09:05:03","guid":{"rendered":"https:\/\/mama-niemowlaka.pl\/sklep\/?post_type=product&#038;p=18934"},"modified":"2026-03-06T22:34:48","modified_gmt":"2026-03-06T21:34:48","slug":"szlafrok-ciazowy-granatowy-w-serca","status":"publish","type":"product","link":"https:\/\/mama-niemowlaka.pl\/sklep\/produkt\/dlamamy\/szlafrok-ciazowy\/szlafrok-ciazowy-granatowy-w-serca\/","title":{"rendered":"Szlafrok ci\u0105\u017cowy &#8211; granatowy &#8211; w serca"},"content":{"rendered":"<h2 data-pm-slice=\"1 1 []\"><strong>Bawe\u0142niany szlafrok ci\u0105\u017cowy granatowy do koszuli nocnej w kolorze granatowym z motywem serc.<\/strong><\/h2>\n<p>Szlafroki ci\u0105\u017cowe to cz\u0119sto pomijany element wyprawki przysz\u0142ej mamy, a bardzo przydatne. Kupuj\u0105c koszul\u0119 ci\u0105\u017cow\u0105, warto pami\u0119ta\u0107 r\u00f3wnie\u017c o nim, bo nigdy nie wiadomo kiedy b\u0119dzie nam potrzebny.<\/p>\n<p>Ten mi\u0119kki szlafrok ci\u0105\u017cowy granatowy uszyty z bawe\u0142ny ozdobiony jest wzorem serc. Szlafrok jest idealny dla kobiet w ci\u0105\u017cy lub karmi\u0105cych piersi\u0105. Szlafrok ci\u0105\u017cowy wykonany jest z mi\u0119kkiej, przewiewnej bawe\u0142ny, co zapewnia komfort u\u017cytkowania w czasie ciep\u0142ych dni. Dodatkowo szlafrok z \u0142atwo\u015bci\u0105 dostosowuje si\u0119 do zmieniaj\u0105cej si\u0119 figury przysz\u0142ej mamy.<\/p>\n<h2><strong>Ka\u017cda przysz\u0142a mama powinna zaopatrzy\u0107 si\u0119 w wygodny szlafrok ci\u0105\u017cowy<\/strong><\/h2>\n<p>Dzi\u0119ki lu\u017anemu krojowi i zapi\u0119ciu w postaci paska, szlafrok zapewnia wygod\u0119 i swobod\u0119 ruch\u00f3w dla kobiet w ci\u0105\u017cy. Wi\u0105zanie w pasie na pasek pozwala na idealne dopasowanie szlafroka. Dodatkowo, po porodzie, szlafrok ci\u0105\u017cowy jest idealnym rozwi\u0105zaniem dla matek karmi\u0105cych piersi\u0105.<br \/>\nProdukt posiada kiesze\u0144, co pozwala na przechowywanie niezb\u0119dnych drobiazg\u00f3w, takich jak telefon lub chusteczki.<\/p>\n<p>Szlafrok ci\u0105\u017cowy to obowi\u0105zkowa pozycja przy kompletowaniu wyprawki do szpitala. Ka\u017cda mama powinna mie\u0107 go w swojej torbie do szpitala. Na oddzia\u0142ach po\u0142o\u017cniczych zwykle jest ciep\u0142o, wi\u0119c m\u0142ode mamy, wychodz\u0105c na korytarz lub do \u0142azienki maj\u0105 potrzeb\u0119 zakrycia si\u0119 jedynie lekkim szlafrokiem.<\/p>\n<p>Wz\u00f3r w serca nadaje szlafrokowi uroku i pozwala wyr\u00f3\u017cni\u0107 si\u0119 spo\u015br\u00f3d innych szlafrok\u00f3w. Produkt jest dost\u0119pny w r\u00f3\u017cnych rozmiarach, dzi\u0119ki czemu ka\u017cda kobieta w ci\u0105\u017cy lub karmi\u0105ca piersi\u0105 mo\u017ce wybra\u0107 odpowiedni dla siebie rozmiar.<\/p>\n<h2><strong>Jaki szlafrok ci\u0105\u017cowy wybra\u0107 do wyprawki do szpitala?<\/strong><\/h2>\n<p>Wyb\u00f3r odpowiedniego materia\u0142u szlafroka, to decyzja, kt\u00f3ra b\u0119dzie si\u0119 r\u00f3\u017cni\u0107 w zale\u017cno\u015bci od pory roku. Wybieraj\u0105c szlafrok ci\u0105\u017cowy zwr\u00f3\u0107 uwag\u0119 na dwa elementy &#8211; materia\u0142 i wygl\u0105d. W szpitalu najlepiej sprawdzi si\u0119 szlafrok uszyty z dobrej jako\u015bci bawe\u0142ny. Najwa\u017cniejszym parametrem decyduj\u0105cym o jako\u015bci szlafroka jest jego mi\u0119kko\u015b\u0107, natomiast na drugim miejscu s\u0105 walory wizualne. Ten szlafrok ci\u0105\u017cowy pasuje do <strong><a href=\"https:\/\/mama-niemowlaka.pl\/sklep\/produkt\/dlamamy\/koszula-nocna-ciazowa-do-karmienia-granatowa-serca\/\" target=\"_blank\" rel=\"noopener\">koszuli do karmienia w serca<\/a><\/strong> dost\u0119pnej w naszym sklepie na napy <a href=\"https:\/\/mama-niemowlaka.pl\/sklep\/produkt\/dlamamy\/koszula-nocna-ciazowa-do-karmienia-granatowa-serca-2\/\">lub na guziki<\/a>.<\/p>\n<p>Wa\u017cna jest nie tylko wygoda, ale i elegancja. Przysz\u0142a mama powinna czu\u0107 si\u0119 w szlafroku pi\u0119knie i pewnie. Nie zapominamy r\u00f3wnie\u017c o zdrowiu przysz\u0142ych mam &#8211; szlafrok ci\u0105\u017cowy powinien by\u0107 wygodny i bezpieczny. Szlafrok damski ci\u0105\u017cowy nie mo\u017ce uciska\u0107 rosn\u0105cego brzuszka.<\/p>\n<h2><strong>Jak dobra\u0107 rozmiar szlafroka ci\u0105\u017cowego?<\/strong><\/h2>\n<p>Dobrze dobrany szlafrok ci\u0105\u017cowy potrafi by\u0107 bardzo przydatnym i naprawd\u0119 praktycznym elementem domowej garderoby oraz wyprawki do szpitala dla mamy. Idealnie dopasowany szlafrok ci\u0105\u017cowy powinien delikatnie przylega\u0107 do cia\u0142a, lecz nie ogranicza\u0107 swobody ruch\u00f3w.<\/p>\n<h2><strong>Szlafrok ci\u0105\u017cowy idealnie si\u0119 komponuje z <a href=\"https:\/\/mama-niemowlaka.pl\/sklep\/produkt\/dlamamy\/szlafrok-do-koszuli-nocnej-ciazowej-granatowy-w-serca\/\" target=\"_blank\" rel=\"noopener\">koszul\u0105 ci\u0105\u017cow\u0105 do karmienia ozdobion\u0105 tym samym wzorem w serca<\/a>.<\/strong><\/h2>\n<h3><strong>Sprawd\u017a pozosta\u0142e szlafroki ci\u0105\u017cowe dla przysz\u0142ej mamy w sklepie <a href=\"http:\/\/mama-niemowlaka.pl\">mama-niemowlaka.pl<\/a>. Kupuj\u0105c szlafrok ci\u0105\u017cowy nie zapomnij o koszuli ci\u0105\u017cowej. W naszej ofercie znajdziesz szlafroki w tych samych wzorach co koszule do karmienia.<\/strong><\/h3>\n<p>Sk\u0142ad: 100% bawe\u0142na<\/p>\n<h3>Tabela rozmiar\u00f3w:<\/h3>\n<table width=\"700\">\n<tbody>\n<tr>\n<td><strong>Rozmiar<\/strong><\/td>\n<td style=\"text-align: center;\"><strong>M<\/strong><\/td>\n<td style=\"text-align: center;\"><strong>L<\/strong><\/td>\n<td style=\"text-align: center;\"><strong>XL<\/strong><\/td>\n<td style=\"text-align: center;\"><strong>XXL<\/strong><\/td>\n<\/tr>\n<tr>\n<td>D\u0142ugo\u015b\u0107 ca\u0142kowita<\/td>\n<td style=\"text-align: center;\">97 cm<\/td>\n<td style=\"text-align: center;\">97 cm<\/td>\n<td style=\"text-align: center;\">99cm<\/td>\n<td style=\"text-align: center;\">99 cm<\/td>\n<\/tr>\n<tr>\n<td>Obw\u00f3d w pasie<\/td>\n<td style=\"text-align: center;\">118 cm<\/td>\n<td style=\"text-align: center;\">120 cm<\/td>\n<td style=\"text-align: center;\">122 cm<\/td>\n<td style=\"text-align: center;\">128 cm<\/td>\n<\/tr>\n<tr>\n<td>Obw\u00f3d pod pachami<\/td>\n<td style=\"text-align: center;\">108 cm<\/td>\n<td style=\"text-align: center;\">110 cm<\/td>\n<td style=\"text-align: center;\">116 cm<\/td>\n<td style=\"text-align: center;\">124 cm<\/td>\n<\/tr>\n<\/tbody>\n<\/table>\n","protected":false},"excerpt":{"rendered":"<p data-pm-slice=\"1 1 []\">Bawe\u0142niany szlafrok ci\u0105\u017cowy granatowy do koszuli nocnej w kolorze granatowym z motywem serc. Szlafrok ci\u0105\u017cowy idealnie si\u0119 komponuje z <a href=\"https:\/\/mama-niemowlaka.pl\/sklep\/produkt\/dlamamy\/koszula-nocna-ciazowa-do-karmienia-granatowa-serca\/\" target=\"_blank\" rel=\"noopener\"><strong>koszul\u0105 ci\u0105\u017cow\u0105 do karmienia na napy <\/strong><\/a>ozdobion\u0105 tym samym wzorem w serca lub <a href=\"https:\/\/mama-niemowlaka.pl\/sklep\/produkt\/dlamamy\/koszula-nocna-ciazowa-do-karmienia-granatowa-serca-2\/\">koszul\u0105 ci\u0105\u017cow\u0105 do karmienia na guziki.<\/a><\/p>\n<h3>Tabela rozmiar\u00f3w:<\/h3>\n<table width=\"700\">\n<tbody>\n<tr>\n<td><strong>Rozmiar<\/strong><\/td>\n<td style=\"text-align: center;\"><strong>M<\/strong><\/td>\n<td style=\"text-align: center;\"><strong>L<\/strong><\/td>\n<td style=\"text-align: center;\"><strong>XL<\/strong><\/td>\n<td style=\"text-align: center;\"><strong>XXL<\/strong><\/td>\n<\/tr>\n<tr>\n<td>D\u0142ugo\u015b\u0107 ca\u0142kowita<\/td>\n<td style=\"text-align: center;\">97 cm<\/td>\n<td style=\"text-align: center;\">97 cm<\/td>\n<td style=\"text-align: center;\">99cm<\/td>\n<td style=\"text-align: center;\">99 cm<\/td>\n<\/tr>\n<tr>\n<td>Obw\u00f3d w pasie<\/td>\n<td style=\"text-align: center;\">118 cm<\/td>\n<td style=\"text-align: center;\">120 cm<\/td>\n<td style=\"text-align: center;\">122 cm<\/td>\n<td style=\"text-align: center;\">128 cm<\/td>\n<\/tr>\n<tr>\n<td>Obw\u00f3d pod pachami<\/td>\n<td style=\"text-align: center;\">108 cm<\/td>\n<td style=\"text-align: center;\">110 cm<\/td>\n<td style=\"text-align: center;\">116 cm<\/td>\n<td style=\"text-align: center;\">124 cm<\/td>\n<\/tr>\n<\/tbody>\n<\/table>\n<p data-pm-slice=\"1 1 []\">Sk\u0142ad: 100% bawe\u0142na<\/p>\n","protected":false},"featured_media":18605,"template":"","meta":[],"product_brand":[],"product_cat":[64,149],"product_tag":[118,214,608,119,142],"class_list":{"0":"post-18934","1":"product","2":"type-product","3":"status-publish","4":"has-post-thumbnail","6":"product_cat-dlamamy","7":"product_cat-szlafrok-ciazowy","8":"product_tag-bawelna","9":"product_tag-bestseller","10":"product_tag-bestsellery-dla-mamy","11":"product_tag-dla-mamy","12":"product_tag-szlafrok","13":"product_shipping_class-lekka","14":"pa_rozmiar-2xl","15":"pa_rozmiar-l","16":"pa_rozmiar-m","17":"pa_rozmiar-xl","19":"first","20":"instock","21":"taxable","22":"shipping-taxable","23":"purchasable","24":"product-type-variable","25":"has-default-attributes","26":"wvs-archive-product-wrapper"},"_links":{"self":[{"href":"https:\/\/mama-niemowlaka.pl\/sklep\/wp-json\/wp\/v2\/product\/18934","targetHints":{"allow":["GET"]}}],"collection":[{"href":"https:\/\/mama-niemowlaka.pl\/sklep\/wp-json\/wp\/v2\/product"}],"about":[{"href":"https:\/\/mama-niemowlaka.pl\/sklep\/wp-json\/wp\/v2\/types\/product"}],"wp:featuredmedia":[{"embeddable":true,"href":"https:\/\/mama-niemowlaka.pl\/sklep\/wp-json\/wp\/v2\/media\/18605"}],"wp:attachment":[{"href":"https:\/\/mama-niemowlaka.pl\/sklep\/wp-json\/wp\/v2\/media?parent=18934"}],"wp:term":[{"taxonomy":"product_brand","embeddable":true,"href":"https:\/\/mama-niemowlaka.pl\/sklep\/wp-json\/wp\/v2\/product_brand?post=18934"},{"taxonomy":"product_cat","embeddable":true,"href":"https:\/\/mama-niemowlaka.pl\/sklep\/wp-json\/wp\/v2\/product_cat?post=18934"},{"taxonomy":"product_tag","embeddable":true,"href":"https:\/\/mama-niemowlaka.pl\/sklep\/wp-json\/wp\/v2\/product_tag?post=18934"}],"curies":[{"name":"wp","href":"https:\/\/api.w.org\/{rel}","templated":true}]}}