{"id":18967,"date":"2023-11-08T12:39:43","date_gmt":"2023-11-08T11:39:43","guid":{"rendered":"https:\/\/mama-niemowlaka.pl\/sklep\/?post_type=product&#038;p=18967"},"modified":"2025-12-08T12:44:02","modified_gmt":"2025-12-08T11:44:02","slug":"szlafrok-dla-ciezarnych-szare-misie","status":"publish","type":"product","link":"https:\/\/mama-niemowlaka.pl\/sklep\/produkt\/dlamamy\/szlafrok-ciazowy\/szlafrok-dla-ciezarnych-szare-misie\/","title":{"rendered":"Szlafrok ci\u0105\u017cowy szare misie"},"content":{"rendered":"<h2 data-pm-slice=\"1 1 []\"><a href=\"https:\/\/mama-niemowlaka.pl\/sklep\/produkt\/dlamamy\/szlafrok-ciazowy\/szlafrok-dla-ciezarnych-szare-misie\/\" target=\"_blank\" rel=\"noopener\">Szlafrok dla ci\u0119\u017carnych szare misie<\/a><\/h2>\n<p data-pm-slice=\"1 1 []\"><a href=\"https:\/\/mama-niemowlaka.pl\/sklep\/c\/dlamamy\/szlafrok-ciazowy\/\" target=\"_blank\" rel=\"noopener\"><strong>Szlafrok ci\u0105\u017cowy<\/strong><\/a> dla przysz\u0142ej mamy to cz\u0119sto pomijany element wyprawki do szpitala dla mamy, a bardzo przydatny. Kupuj\u0105c <a href=\"https:\/\/mama-niemowlaka.pl\/sklep\/c\/dlamamy\/koszule-do-karmienia\/\" target=\"_blank\" rel=\"noopener\"><strong>koszul\u0119 ci\u0105\u017cow\u0105<\/strong><\/a>, warto pami\u0119ta\u0107 r\u00f3wnie\u017c o nim, bo nigdy nie wiadomo kiedy b\u0119dzie nam potrzebny.<\/p>\n<p data-pm-slice=\"1 1 []\">Ten mi\u0119kki szlafrok dla ci\u0119\u017carnych z paskiem to idealny szlafrok do szpitala oraz szlafrok ci\u0105\u017cowy na co dzie\u0144. Szlafrok dla przysz\u0142ej mamy w misie jest idealny dla kobiet w ci\u0105\u017cy lub karmi\u0105cych piersi\u0105. Szlafrok ci\u0105\u017cowy wykonany jest z mi\u0119kkiej, przewiewnej bawe\u0142ny, co zapewnia komfort u\u017cytkowania w czasie ciep\u0142ych dni. Dodatkowo <a href=\"https:\/\/mama-niemowlaka.pl\/sklep\/produkt\/dlamamy\/szlafroki\/szlafrok-bawelniany-ciazowy-szary-w-paski\/\" target=\"_blank\" rel=\"noopener\"><strong>szlafrok bawe\u0142niany ci\u0105\u017cowy<\/strong><\/a> z \u0142atwo\u015bci\u0105 dostosowuje si\u0119 do zmieniaj\u0105cej si\u0119 figury przysz\u0142ej mamy. Szlafrok damski posiada kieszonk\u0119 na drobiazgi dzi\u0119ki czemu to praktyczny szlafrok ci\u0105\u017cowy. Nasz szlafrok dla ci\u0119\u017carnych to r\u00f3wnie\u017c doskona\u0142y szlafrok ci\u0105\u017cowy na okres karmienia male\u0144stwa.<\/p>\n<p data-pm-slice=\"1 1 []\">Kup ju\u017c dzi\u015b nasz <a href=\"https:\/\/mama-niemowlaka.pl\/sklep\/produkt\/dlamamy\/szlafrok-ciazowy\/szlafrok-dla-ciezarnych-szare-misie\/\" target=\"_blank\" rel=\"noopener\"><strong>szlafrok dla ci\u0119\u017carnych<\/strong><\/a>. Uzupe\u0142nij swoj\u0105 <a href=\"https:\/\/mama-niemowlaka.pl\/sklep\/t\/dla-mamy\/\" target=\"_blank\" rel=\"noopener\"><strong>torb\u0119 do szpitala<\/strong><\/a> o ten komfortowy szlafrok ci\u0105\u017cowy.<\/p>\n<h2 data-pm-slice=\"1 1 []\">Koszula do karmienia i szlafrok dla przysz\u0142ej mamy<\/h2>\n<p data-pm-slice=\"1 1 []\">Do tego szlafroka ci\u0105\u017cowego mo\u017cesz dokupi\u0107 koszul\u0119 do karmienia w ten sam wz\u00f3r. Sprawd\u017a koszul\u0119 do karmienia piersi\u0105: <a href=\"https:\/\/mama-niemowlaka.pl\/sklep\/produkt\/dlamamy\/koszule-do-karmienia\/koszula-nocna-dla-karmiacej-szara-w-misie\/\" target=\"_blank\" rel=\"noopener\"><strong>Koszula do karmienia szare misie<\/strong><\/a>.<\/p>\n<h2 data-pm-slice=\"1 1 []\">Koszule do karmienia i szlafroki ci\u0105\u017cowe w sklepie <a href=\"http:\/\/mama-niemowlaka.pl\">mama-niemowlaka.pl<\/a><\/h2>\n<p data-pm-slice=\"1 1 []\"><a href=\"https:\/\/mama-niemowlaka.pl\/sklep\/c\/dlamamy\/koszule-do-karmienia\/\" target=\"_blank\" rel=\"noopener\"><strong>Koszule do karmienia<\/strong><\/a> i <a href=\"https:\/\/mama-niemowlaka.pl\/sklep\/c\/dlamamy\/szlafroki\/\" target=\"_blank\" rel=\"noopener\"><strong>szlafroki ci\u0105\u017cowe<\/strong><\/a> to obowi\u0105zkowy element ka\u017cdej wyprawki do szpitala dla mamy. W sklepie <a href=\"https:\/\/mama-niemowlaka.pl\/sklep\/\" target=\"_blank\" rel=\"noopener\"><strong>mama-niemowlaka.pl<\/strong><\/a> znajdziesz <a href=\"https:\/\/mama-niemowlaka.pl\/sklep\/c\/dlamamy\/szlafroki\/\" target=\"_blank\" rel=\"noopener\"><strong>praktyczny szlafrok ci\u0105\u017cowy<\/strong><\/a> oraz wygodn\u0105 koszul\u0119 do karmienia.<\/p>\n<p data-pm-slice=\"1 1 []\">Nasze produkty wysy\u0142amy w ci\u0105gu 48 godzin. Zapewniamy r\u00f3wnie\u017c bezp\u0142atn\u0105 wymian\u0119 i 14-dniow\u0105 polityk\u0119 zwrotu. Dodatkowo, je\u015bli zam\u00f3wisz produkty o warto\u015bci minimum 249 z\u0142, dostawa jest ca\u0142kowicie bezp\u0142atna. Nasze produkty s\u0105 starannie dobrane, aby zapewni\u0107 maksymalny komfort i bezpiecze\u0144stwo Tobie i Twojemu dziecku. Nie musisz ju\u017c traci\u0107 czasu na przeszukiwanie innych sklep\u00f3w \u2013 <a href=\"https:\/\/mama-niemowlaka.pl\/sklep\/\" target=\"_blank\" rel=\"noopener\"><strong>mama-niemowlaka.pl<\/strong><\/a> ma wszystko, czego potrzebujesz! Skorzystaj z naszych us\u0142ug ju\u017c teraz i poznaj nasz\u0105 ofert\u0119 ju\u017c dzi\u015b!<\/p>\n<p data-pm-slice=\"1 1 []\">Sprawd\u017a nasz\u0105 ofert\u0119 szlafrok\u00f3w ci\u0105\u017cowych w r\u00f3\u017cnych kolorach i kup ju\u017c dzi\u015b wygodny szlafrok ci\u0105\u017cowy dla przysz\u0142ej mamy. Pami\u0119taj, aby wyprawk\u0119 do szpitala dla m\u0142odej mamy uzupe\u0142ni\u0107 o bielizn\u0119 poporodow\u0105. Sprawd\u017a koniecznie nasz\u0105 ofert\u0119 majtek poporodowych i biustonoszy do karmienia \u2013 <a href=\"https:\/\/mama-niemowlaka.pl\/sklep\/c\/dlamamy\/bielizna-poporodowa\/\" target=\"_blank\" rel=\"noopener\"><strong>bielizna poporodowa<\/strong><\/a>.<\/p>\n<h3>Tabela rozmiar\u00f3w:<\/h3>\n<table width=\"700\">\n<tbody>\n<tr>\n<td><strong>Rozmiar<\/strong><\/td>\n<td style=\"text-align: center;\"><strong>S<\/strong><\/td>\n<td style=\"text-align: center;\"><strong>M<\/strong><\/td>\n<td style=\"text-align: center;\"><strong>L<\/strong><\/td>\n<td style=\"text-align: center;\"><strong>XL<\/strong><\/td>\n<\/tr>\n<tr>\n<td>D\u0142ugo\u015b\u0107 ca\u0142kowita<\/td>\n<td style=\"text-align: center;\">96 cm<\/td>\n<td style=\"text-align: center;\">97 cm<\/td>\n<td style=\"text-align: center;\">98cm<\/td>\n<td style=\"text-align: center;\">99 cm<\/td>\n<\/tr>\n<tr>\n<td>Obw\u00f3d w pasie<\/td>\n<td style=\"text-align: center;\">118 cm<\/td>\n<td style=\"text-align: center;\">120 cm<\/td>\n<td style=\"text-align: center;\">122 cm<\/td>\n<td style=\"text-align: center;\">128 cm<\/td>\n<\/tr>\n<tr>\n<td>Obw\u00f3d pod pachami<\/td>\n<td style=\"text-align: center;\">100 cm<\/td>\n<td style=\"text-align: center;\">104 cm<\/td>\n<td style=\"text-align: center;\">108 cm<\/td>\n<td style=\"text-align: center;\">112 cm<\/td>\n<\/tr>\n<\/tbody>\n<\/table>\n<div class=\"mpof_ki myre_zn myre_8v_l m389_6m_l\">\n<div class=\"mp4t_16_s mryx_16_s mr3m_1 mli2_1 mh85_56 mh85_0_l\">\n<div class=\"mgn2_16 _0d3bd_am0a-\">\n<p>&nbsp;<\/p>\n<\/div>\n<\/div>\n<\/div>\n","protected":false},"excerpt":{"rendered":"<p data-pm-slice=\"1 1 []\">Bawe\u0142niany szlafrok ci\u0105\u017cowy do koszuli nocnej w kolorze szarym. Wygodny szlafrok ci\u0105\u017cowy idealnie komponuje si\u0119 z koszul\u0105 do karmienia: <a href=\"https:\/\/mama-niemowlaka.pl\/sklep\/produkt\/dlamamy\/koszule-do-karmienia\/koszula-nocna-dla-karmiacej-szara-w-misie\/\" target=\"_blank\" rel=\"noopener\"><strong>Koszula do karmienia szare misie<\/strong><\/a>.<\/p>\n<p>Szlafrok ci\u0105\u017cowy dost\u0119pny jest w czterech rozmiarach: S, M, L, XL.<\/p>\n<p>Sk\u0142ad: 100% bawe\u0142na<\/p>\n","protected":false},"featured_media":12682,"template":"","meta":[],"product_brand":[],"product_cat":[64,149],"product_tag":[118,119,228,142],"class_list":{"0":"post-18967","1":"product","2":"type-product","3":"status-publish","4":"has-post-thumbnail","6":"product_cat-dlamamy","7":"product_cat-szlafrok-ciazowy","8":"product_tag-bawelna","9":"product_tag-dla-mamy","10":"product_tag-promocje","11":"product_tag-szlafrok","12":"product_shipping_class-lekka","13":"pa_rozmiar-l","14":"pa_rozmiar-m","15":"pa_rozmiar-s","16":"pa_rozmiar-xl","18":"first","19":"instock","20":"sale","21":"taxable","22":"shipping-taxable","23":"purchasable","24":"product-type-variable","25":"has-default-attributes","26":"wvs-archive-product-wrapper"},"_links":{"self":[{"href":"https:\/\/mama-niemowlaka.pl\/sklep\/wp-json\/wp\/v2\/product\/18967","targetHints":{"allow":["GET"]}}],"collection":[{"href":"https:\/\/mama-niemowlaka.pl\/sklep\/wp-json\/wp\/v2\/product"}],"about":[{"href":"https:\/\/mama-niemowlaka.pl\/sklep\/wp-json\/wp\/v2\/types\/product"}],"wp:featuredmedia":[{"embeddable":true,"href":"https:\/\/mama-niemowlaka.pl\/sklep\/wp-json\/wp\/v2\/media\/12682"}],"wp:attachment":[{"href":"https:\/\/mama-niemowlaka.pl\/sklep\/wp-json\/wp\/v2\/media?parent=18967"}],"wp:term":[{"taxonomy":"product_brand","embeddable":true,"href":"https:\/\/mama-niemowlaka.pl\/sklep\/wp-json\/wp\/v2\/product_brand?post=18967"},{"taxonomy":"product_cat","embeddable":true,"href":"https:\/\/mama-niemowlaka.pl\/sklep\/wp-json\/wp\/v2\/product_cat?post=18967"},{"taxonomy":"product_tag","embeddable":true,"href":"https:\/\/mama-niemowlaka.pl\/sklep\/wp-json\/wp\/v2\/product_tag?post=18967"}],"curies":[{"name":"wp","href":"https:\/\/api.w.org\/{rel}","templated":true}]}}