{"id":18973,"date":"2022-12-08T12:50:51","date_gmt":"2022-12-08T11:50:51","guid":{"rendered":"https:\/\/mama-niemowlaka.pl\/sklep\/?post_type=product&#038;p=18973"},"modified":"2026-01-16T13:44:53","modified_gmt":"2026-01-16T12:44:53","slug":"majtki-menstruacyjne-bawelniane-2szt","status":"publish","type":"product","link":"https:\/\/mama-niemowlaka.pl\/sklep\/produkt\/dlamamy\/bielizna-poporodowa\/majtki-menstruacyjne-bawelniane-2szt\/","title":{"rendered":"Majtki menstruacyjne czarne 2szt."},"content":{"rendered":"<h2><span style=\"color: #000000;\"><strong>Majtki menstruacyjne<\/strong><strong> w kolorze czarnym<\/strong><\/span><\/h2>\n<p><span style=\"color: #000000;\">Majtki menstruacyjne stanowi\u0105 now\u0105 generacj\u0119 \u015brodk\u00f3w higienicznych.<\/span><\/p>\n<p><span style=\"color: #000000;\">Bielizna menstruacyjna to majtki, kt\u00f3re ca\u0142kowicie zast\u0119puj\u0105 inne \u015brodki higieniczne oraz zwyk\u0142\u0105 bielizn\u0119 a jednocze\u015bnie zapewniaj\u0105 dyskretn\u0105 ochron\u0119. Stosuj\u0105c bielizn\u0119 menstruacyjn\u0105 unikniesz zak\u0142opotania z wyciekiem na spodniach lub prze\u015bcierad\u0142ach, b\u0119dziesz swobodnie si\u0119 porusza\u0107 podczas pracy lub uprawiania sportu. U\u017cywaj\u0105c takiej bielizny nie potrzebujesz podpasek, tampon\u00f3w czy kubeczk\u00f3w menstruacyjnych. Mo\u017cesz nosi\u0107 majtki menstruacyjne bez dodatkowej ochrony.<\/span><\/p>\n<p><span style=\"color: #000000;\">Nasz model bielizny menstruacyjnej to ultra mi\u0119kkie majtki menstruacyjne wykonane z super mi\u0119kkiej tkaniny z du\u017c\u0105 zawarto\u015bci\u0105 bawe\u0142ny premium. Majtki s\u0105 przewiewne, wygodne i elastyczne. Barwniki w tkaninie s\u0105 naturalne, dzi\u0119ki czemu nie musisz si\u0119 martwi\u0107 je\u015bli masz wra\u017cliw\u0105 sk\u00f3r\u0119. Tkanina, z kt\u00f3rej s\u0105 wykonane majtki nie blaknie, jest mi\u0119kka i zdrowa, zapewnia komfort przez ca\u0142y dzie\u0144 i ca\u0142\u0105 noc. Dzi\u0119ki wysokiej elastyczno\u015bci pas jest bardziej rozci\u0105gliwy, nie podje\u017cd\u017ca, nie zwija si\u0119, nie wciska si\u0119 w sk\u00f3r\u0119. Majtki doskonale si\u0119 sprawdz\u0105 r\u00f3wnie\u017c po porodzie. Wygodna konstrukcja z wysokim stanem jest delikatna wok\u00f3\u0142 talii, nie uciska brzucha. Je\u017celi po porodzie nie potrzebujesz tego rodzaju bielizny sprawd\u017a nasz\u0105 ofert\u0119 <a style=\"color: #000000;\" href=\"https:\/\/mama-niemowlaka.pl\/sklep\/produkt\/dlamamy\/bielizna-poporodowa\/majtki-poporodowe-bawelniane-mix-kolorow\/\" target=\"_blank\" rel=\"noopener\">bawe\u0142nianych majtek poporodowych<\/a>, kt\u00f3re s\u0105 tak zaprojektowane, aby zapewnia\u0107 komfort ka\u017cdej mamie. Wiele kobiet u\u017cywa bielizny menstruacyjnej r\u00f3wnie\u017c w przypadku nietrzymania moczu.<\/span><\/p>\n<h2><strong><span style=\"color: #000000;\">Jak dzia\u0142aj\u0105 majtki menstruacyjne?<\/span><\/strong><\/h2>\n<p><span style=\"color: #000000;\">Majtki menstruacyjne przypominaj\u0105 wygl\u0105dem zwyk\u0142e majtki. Ten model majtek menstruacyjnych posiada 4 warstwow\u0105 wk\u0142adk\u0119 nieprzepuszczaj\u0105c\u0105 ciecz oraz zapobiega namna\u017caniu bakterii i wydzielaniu nieprzyjemnego zapachu. Ta warstwa majtek menstruacyjnych zapewnia Ci, \u017ce nie potrzebujesz dodatkowej ochrony. Majtki menstruacyjne zapewniaj\u0105 doskona\u0142\u0105 ochron\u0119 podczas okresu, wch\u0142aniaj\u0105 krew menstruacyjn\u0105. Dzi\u0119ki majtkom menstruacyjnym posiadasz ochron\u0119 wielokrotnego u\u017cytku.<\/span><\/p>\n<p><span style=\"color: #000000;\">Majtki menstruacyjne gwarantuj\u0105 komfort u\u017cytkowania, dopasowuj\u0105 si\u0119 do Twojego cia\u0142a i pozostaj\u0105 na swoim miejscu nawet podczas bardzo intensywnych ruch\u00f3w.<\/span><\/p>\n<h3><strong><span style=\"color: #000000;\">Jak u\u017cywa\u0107 majtek menstruacyjnych?<\/span><\/strong><\/h3>\n<ul>\n<li><span style=\"color: #000000;\">nosi\u0107 majtki menstruacyjne mo\u017cesz od 6 do 12 godzin, w zale\u017cno\u015bci od intensywno\u015bci wydzieliny.<\/span><\/li>\n<li><span style=\"color: #000000;\">po u\u017cyciu, a przed praniem majtek sp\u0142ucz wydzielin\u0119 zimn\u0105 wod\u0105.<\/span><\/li>\n<\/ul>\n<h3><strong><span style=\"color: #000000;\">Jak pra\u0107 i przechowywa\u0107 majtki menstruacyjne:<\/span><\/strong><\/h3>\n<ul>\n<li><span style=\"color: #000000;\">majtki mo\u017cesz upra\u0107 r\u0119cznie lub w pralce \u2013 bez wybielacza i zmi\u0119kczacza. Pior\u0105c majtki w pralce najlepiej w\u0142o\u017cy\u0107 do woreczka do prania, aby unikn\u0105\u0107 uszkodze\u0144 tkaniny.<\/span><\/li>\n<\/ul>\n<h2><strong><span style=\"color: #000000;\">Ju\u017c dzi\u015b wypr\u00f3buj majtki menstruacyjne i zast\u0105p zwyk\u0142e majtki oraz dodatkowe \u015brodki higieniczne na ekologiczne i bezpieczne dla \u015brodowiska majtki menstruacyjne.<\/span><\/strong><\/h2>\n<p><span style=\"color: #000000;\">Majtki menstruacyjne wielokrotnego u\u017cytku pakowane s\u0105 po 2 sztuki.<\/span><\/p>\n<p><span style=\"color: #000000;\">Majtki menstruacyjne dost\u0119pne s\u0105 w 5 rozmiarach.<\/span><\/p>\n<table>\n<tbody>\n<tr>\n<td><img loading=\"lazy\" decoding=\"async\" class=\"aligncenter wp-image-3321\" src=\"https:\/\/mama-niemowlaka.pl\/sklep\/wp-content\/uploads\/sites\/3\/2022\/09\/majtki-menstruacyjne-warstwy-500x600.jpeg\" alt=\"majtki menstruacyjne warstwy\" width=\"452\" height=\"543\" title=\"\"><\/td>\n<td><\/td>\n<\/tr>\n<\/tbody>\n<\/table>\n<table>\n<tbody>\n<tr>\n<td><img loading=\"lazy\" decoding=\"async\" class=\"aligncenter wp-image-3322 size-medium\" src=\"https:\/\/mama-niemowlaka.pl\/sklep\/wp-content\/uploads\/sites\/3\/2022\/09\/majtki-menstruacyjne-bezszwowe-600x577.png\" alt=\"majtki menstruacyjne bezszwowe\" width=\"300\" height=\"288\" title=\"\" srcset=\"https:\/\/mama-niemowlaka.pl\/sklep\/wp-content\/uploads\/sites\/3\/2022\/09\/majtki-menstruacyjne-bezszwowe-600x577.png 600w, https:\/\/mama-niemowlaka.pl\/sklep\/wp-content\/uploads\/sites\/3\/2022\/09\/majtki-menstruacyjne-bezszwowe-400x385.png 400w, https:\/\/mama-niemowlaka.pl\/sklep\/wp-content\/uploads\/sites\/3\/2022\/09\/majtki-menstruacyjne-bezszwowe.png 710w\" sizes=\"auto, (max-width: 300px) 100vw, 300px\" \/><\/td>\n<td><img loading=\"lazy\" decoding=\"async\" class=\"aligncenter wp-image-3324\" src=\"https:\/\/mama-niemowlaka.pl\/sklep\/wp-content\/uploads\/sites\/3\/2022\/09\/majtki-menstruacyjne-wodoodpornosc-600x537.webp\" alt=\"majtki menstruacyjne wodoodporno\u015b\u0107\" width=\"335\" height=\"300\" title=\"\" srcset=\"https:\/\/mama-niemowlaka.pl\/sklep\/wp-content\/uploads\/sites\/3\/2022\/09\/majtki-menstruacyjne-wodoodpornosc-600x537.webp 600w, https:\/\/mama-niemowlaka.pl\/sklep\/wp-content\/uploads\/sites\/3\/2022\/09\/majtki-menstruacyjne-wodoodpornosc-400x358.webp 400w, https:\/\/mama-niemowlaka.pl\/sklep\/wp-content\/uploads\/sites\/3\/2022\/09\/majtki-menstruacyjne-wodoodpornosc.webp 747w\" sizes=\"auto, (max-width: 335px) 100vw, 335px\" \/><\/td>\n<td><img loading=\"lazy\" decoding=\"async\" class=\"alignnone wp-image-3325\" src=\"https:\/\/mama-niemowlaka.pl\/sklep\/wp-content\/uploads\/sites\/3\/2022\/09\/majtki-menstruacyjne-przewiewne.webp\" alt=\"majtki menstruacyjne przewiewne\" width=\"348\" height=\"300\" title=\"\" srcset=\"https:\/\/mama-niemowlaka.pl\/sklep\/wp-content\/uploads\/sites\/3\/2022\/09\/majtki-menstruacyjne-przewiewne.webp 574w, https:\/\/mama-niemowlaka.pl\/sklep\/wp-content\/uploads\/sites\/3\/2022\/09\/majtki-menstruacyjne-przewiewne-400x345.webp 400w\" sizes=\"auto, (max-width: 348px) 100vw, 348px\" \/><\/td>\n<\/tr>\n<\/tbody>\n<\/table>\n<h3><strong>Sk\u0142ad materia\u0142u:<\/strong><\/h3>\n<p>wk\u0142ad ch\u0142onny : 95% bawe\u0142ny, 5% elastan<br \/>\nmajtki : 82% nylon, 18% spandex<\/p>\n<h3><strong>Wymiary majtek:<\/strong><\/h3>\n<table width=\"795\">\n<tbody>\n<tr>\n<td><strong>Rozmiar<\/strong><\/td>\n<td style=\"text-align: center;\"><strong>XS<\/strong><\/td>\n<td style=\"text-align: center;\"><strong>S<\/strong><\/td>\n<td style=\"text-align: center;\"><strong>M<\/strong><\/td>\n<td style=\"text-align: center;\"><strong>L<\/strong><\/td>\n<td style=\"text-align: center;\"><strong>XL<\/strong><\/td>\n<\/tr>\n<tr>\n<td>Talia<\/td>\n<td style=\"text-align: center;\">68 cm<\/td>\n<td style=\"text-align: center;\">70 cm<\/td>\n<td style=\"text-align: center;\">72 cm<\/td>\n<td style=\"text-align: center;\">76 cm<\/td>\n<td style=\"text-align: center;\">82 cm<\/td>\n<\/tr>\n<tr>\n<td>Biodra<\/td>\n<td style=\"text-align: center;\">86 cm<\/td>\n<td style=\"text-align: center;\">90 cm<\/td>\n<td style=\"text-align: center;\">94 cm<\/td>\n<td style=\"text-align: center;\">98 cm<\/td>\n<td style=\"text-align: center;\">102 cm<\/td>\n<\/tr>\n<tr>\n<td style=\"text-align: left;\">Stan<\/td>\n<td style=\"text-align: center;\">25 cm<\/td>\n<td style=\"text-align: center;\">26 cm<\/td>\n<td style=\"text-align: center;\">28 cm<\/td>\n<td style=\"text-align: center;\">30 cm<\/td>\n<td style=\"text-align: center;\">32 cm<\/td>\n<\/tr>\n<\/tbody>\n<\/table>\n","protected":false},"excerpt":{"rendered":"<p>Majtki menstruacyjne czarne to doskona\u0142a alternatywa dla tradycyjnych \u015brodk\u00f3w higienicznych. Wykonane z super mi\u0119kkiej tkaniny z du\u017c\u0105 zawarto\u015bci\u0105 bawe\u0142ny premium, te ultra mi\u0119kkie majtki zapewniaj\u0105 komfort przez ca\u0142y dzie\u0144 i noc. Bielizna menstruacyjna w kolorze czarnym ca\u0142kowicie zast\u0119puje inne \u015brodki higieniczne oraz zwyk\u0142\u0105 bielizn\u0119, daj\u0105c Ci dyskretn\u0105 ochron\u0119. Dzi\u0119ki temu unikniesz zak\u0142opotania z wyciekiem na spodniach czy prze\u015bcierad\u0142ach i b\u0119dziesz mog\u0142a swobodnie porusza\u0107 si\u0119 w czasie pracy lub uprawiania sportu.<\/p>\n","protected":false},"featured_media":3252,"template":"","meta":[],"product_brand":[],"product_cat":[56,64],"product_tag":[119,335],"class_list":{"0":"post-18973","1":"product","2":"type-product","3":"status-publish","4":"has-post-thumbnail","6":"product_cat-bielizna-poporodowa","7":"product_cat-dlamamy","8":"product_tag-dla-mamy","9":"product_tag-majtki-poporodowe","10":"product_shipping_class-lekka","11":"pa_rozmiar-l","12":"pa_rozmiar-m","13":"pa_rozmiar-s","14":"pa_rozmiar-xl","15":"pa_rozmiar-xs","17":"first","18":"instock","19":"taxable","20":"shipping-taxable","21":"purchasable","22":"product-type-variable","23":"has-default-attributes","24":"wvs-archive-product-wrapper"},"_links":{"self":[{"href":"https:\/\/mama-niemowlaka.pl\/sklep\/wp-json\/wp\/v2\/product\/18973","targetHints":{"allow":["GET"]}}],"collection":[{"href":"https:\/\/mama-niemowlaka.pl\/sklep\/wp-json\/wp\/v2\/product"}],"about":[{"href":"https:\/\/mama-niemowlaka.pl\/sklep\/wp-json\/wp\/v2\/types\/product"}],"wp:featuredmedia":[{"embeddable":true,"href":"https:\/\/mama-niemowlaka.pl\/sklep\/wp-json\/wp\/v2\/media\/3252"}],"wp:attachment":[{"href":"https:\/\/mama-niemowlaka.pl\/sklep\/wp-json\/wp\/v2\/media?parent=18973"}],"wp:term":[{"taxonomy":"product_brand","embeddable":true,"href":"https:\/\/mama-niemowlaka.pl\/sklep\/wp-json\/wp\/v2\/product_brand?post=18973"},{"taxonomy":"product_cat","embeddable":true,"href":"https:\/\/mama-niemowlaka.pl\/sklep\/wp-json\/wp\/v2\/product_cat?post=18973"},{"taxonomy":"product_tag","embeddable":true,"href":"https:\/\/mama-niemowlaka.pl\/sklep\/wp-json\/wp\/v2\/product_tag?post=18973"}],"curies":[{"name":"wp","href":"https:\/\/api.w.org\/{rel}","templated":true}]}}