{"id":19003,"date":"2023-12-08T14:35:56","date_gmt":"2023-12-08T13:35:56","guid":{"rendered":"https:\/\/mama-niemowlaka.pl\/sklep\/?post_type=product&#038;p=19003"},"modified":"2025-12-13T21:02:08","modified_gmt":"2025-12-13T20:02:08","slug":"pizama-ciazowa-i-do-karmienia-krotki-rekaw-szara","status":"publish","type":"product","link":"https:\/\/mama-niemowlaka.pl\/sklep\/produkt\/dlamamy\/pizama-do-karmienia\/pizama-ciazowa-i-do-karmienia-krotki-rekaw-szara\/","title":{"rendered":"Pi\u017cama ci\u0105\u017cowa i do karmienia kr\u00f3tki r\u0119kaw &#8211; szara"},"content":{"rendered":"<h2 data-pm-slice=\"1 1 []\">Pi\u017camy do karmienia piersi\u0105 &#8211; wygodne dwucz\u0119\u015bciowe pi\u017camy dla mam karmi\u0105cych<\/h2>\n<p data-pm-slice=\"1 1 []\"><a href=\"https:\/\/mama-niemowlaka.pl\/sklep\/produkt\/dlamamy\/pizamy-do-karmienia\/pizama-ciazowa-i-do-karmienia-krotki-rekaw-szara\/\" target=\"_blank\" rel=\"noopener\"><strong>Pi\u017cama ci\u0105\u017cowa i do karmienia<\/strong><\/a> to doskona\u0142a alternatywa dla <a href=\"https:\/\/mama-niemowlaka.pl\/sklep\/c\/dlamamy\/koszule-do-karmienia\/\" target=\"_blank\" rel=\"noopener\"><strong>koszuli do karmienia<\/strong><\/a> maluszka. Nie ka\u017cda mama czuje si\u0119 komfortowo w koszuli do karmienia. Co wtedy wybra\u0107?<\/p>\n<p data-pm-slice=\"1 1 []\">Rozwi\u0105zaniem jest pi\u017cama do karmienia. Nasza dwucz\u0119\u015bciowa pi\u017cama do karmienia to komplet, kt\u00f3ry sk\u0142ada si\u0119 z spodni z d\u0142ugimi nogawkami oraz bluzki z kr\u00f3tkim r\u0119kawem z mo\u017cliwo\u015bci\u0105 karmienia piersi\u0105. Spodnie posiadaj\u0105 specjaln\u0105 wk\u0142adk\u0119 i regulowany pas, dzi\u0119ki czemu dopasowuj\u0105 si\u0119 do rosn\u0105cego brzuszka w czasie ci\u0105\u017cy. Bluzka z kr\u00f3tkim r\u0119kawem umo\u017cliwia dyskretne karmienie piersi\u0105, dzi\u0119ki guzikom po obu stronach piersi. Pi\u017cama ci\u0105\u017cowa powinna by\u0107 r\u00f3wnie\u017c lekka i przewiewna, aby zapewni\u0107 odpowiedni\u0105 cyrkulacj\u0119 powietrza i komfort termiczny, a jednocze\u015bnie zapewnia\u0107 komfort karmienia dziecka.<\/p>\n<p data-pm-slice=\"1 1 []\">Nasza <a href=\"https:\/\/mama-niemowlaka.pl\/sklep\/produkt\/dlamamy\/pizamy-do-karmienia\/pizama-ciazowa-i-do-karmienia-krotki-rekaw-szara\/\" target=\"_blank\" rel=\"noopener\"><strong>pi\u017cama ci\u0105\u017cowa i do karmienia piersi\u0105<\/strong><\/a> zosta\u0142a uszyta z najwy\u017cszej jako\u015bci materia\u0142\u00f3w, dzi\u0119ki czemu jest bezpieczna dla mamy i dziecka.<\/p>\n<p data-pm-slice=\"1 1 []\">Ta komfortowa pi\u017cama ci\u0105\u017cowa pos\u0142u\u017cy Ci zar\u00f3wno w okresie ci\u0105\u017cy jak i w okresie karmienia piersi\u0105. Zadbaj o wygodne karmienie maluszka oraz sw\u00f3j komfort i wybierz pi\u017camy dla kobiet ci\u0119\u017carnych z mo\u017cliwo\u015bci\u0105 karmienia piersi\u0105.<\/p>\n<h2 data-pm-slice=\"1 1 []\"><strong>Bielizna ci\u0105\u017cowa umo\u017cliwiaj\u0105ca karmienie piersi\u0105 maluszka w sklepie <\/strong><a href=\"https:\/\/mama-niemowlaka.pl\"><strong>mama-niemowlaka.pl<\/strong><\/a><\/h2>\n<p data-pm-slice=\"1 1 []\">Ta <a href=\"https:\/\/mama-niemowlaka.pl\/sklep\/c\/dlamamy\/pizamy-do-karmienia\/\" target=\"_blank\" rel=\"noopener\"><strong>pi\u017cama ci\u0105\u017cowa<\/strong><\/a> pos\u0142u\u017cy Ci zar\u00f3wno w okresie ci\u0105\u017cy jak i w okresie karmienia piersi\u0105. Bielizna nocna dla mam karmi\u0105cych to nie tylko <a href=\"https:\/\/mama-niemowlaka.pl\/sklep\/c\/dlamamy\/pizamy-do-karmienia\/\" target=\"_blank\" rel=\"noopener\"><strong>pi\u017camy do karmienia<\/strong><\/a> czy <a href=\"https:\/\/mama-niemowlaka.pl\/sklep\/t\/eleganckie-koszule-ciazowe\/\" target=\"_blank\" rel=\"noopener\"><strong>eleganckie koszule ci\u0105\u017cowe<\/strong><\/a>. To tak\u017ce <a href=\"https:\/\/mama-niemowlaka.pl\/sklep\/t\/biustonosz-do-karmienia\/\" target=\"_blank\" rel=\"noopener\"><strong>biustonosze ci\u0105\u017cowe<\/strong><\/a> czy <a href=\"https:\/\/mama-niemowlaka.pl\/sklep\/t\/majtki-poporodowe\/\" target=\"_blank\" rel=\"noopener\"><strong>majtki poporodowe<\/strong><\/a>. Sprawd\u017a ofert\u0119 naszego sklepu <a href=\"https:\/\/mama-niemowlaka.pl\/sklep\/\" target=\"_blank\" rel=\"noopener\"><strong>www.mama-niemowlaka.pl<\/strong><\/a> i kup wysokiej jako\u015bci <a href=\"https:\/\/mama-niemowlaka.pl\/sklep\/c\/dlamamy\/koszule-do-karmienia\/\" target=\"_blank\" rel=\"noopener\"><strong>koszule do karmienia<\/strong><\/a>, wygodne <a href=\"https:\/\/mama-niemowlaka.pl\/sklep\/t\/majtki-poporodowe\/\" target=\"_blank\" rel=\"noopener\"><strong>majtki ci\u0105\u017cowe<\/strong><\/a> oraz odpowiedni biustonosz ci\u0105\u017cowy. Ofert\u0119 <a href=\"https:\/\/mama-niemowlaka.pl\/sklep\/c\/dlamamy\/bielizna-poporodowa\/\" target=\"_blank\" rel=\"noopener\"><strong>bielizny ci\u0105\u017cowej<\/strong><\/a> w naszym sklepie znajdziesz <a href=\"https:\/\/mama-niemowlaka.pl\/sklep\/c\/dlamamy\/bielizna-poporodowa\/\" target=\"_blank\" rel=\"noopener\"><strong>tutaj<\/strong><\/a>. Sprawd\u017a r\u00f3wnie\u017c nasz\u0105 propozycj\u0119 wyprawki do szpitala dla mamy &#8211; <a href=\"https:\/\/mama-niemowlaka.pl\/sklep\/t\/dla-mamy\/\" target=\"_blank\" rel=\"noopener\"><strong>torba do szpitala dla mamy<\/strong><\/a>. A pozosta\u0142e bawe\u0142niane wygodne pi\u017camy ci\u0105\u017cowe znajdziesz w kategorii <a href=\"https:\/\/mama-niemowlaka.pl\/sklep\/c\/dlamamy\/pizamy-do-karmienia\/\" target=\"_blank\" rel=\"noopener\"><strong>pi\u017cama do karmienia<\/strong><\/a>.<\/p>\n<p data-pm-slice=\"1 1 []\">Nie czekaj, wybierz ju\u017c dzi\u015b swoj\u0105 pi\u017cam\u0119 do karmienia piersi\u0105 &#8211; wszystkie pi\u017camy dla przysz\u0142ych mam znajdziesz tutaj -&gt; <a href=\"https:\/\/mama-niemowlaka.pl\/sklep\/c\/dlamamy\/pizamy-do-karmienia\/\" target=\"_blank\" rel=\"noopener\"><strong>pi\u017camy do karmienia<\/strong><\/a>.<\/p>\n<h3 data-pm-slice=\"1 1 []\">Ta wygodna pi\u017cama ci\u0105\u017cowa i do karmienia to doskona\u0142y wyb\u00f3r dla przysz\u0142ej mamy. Kup ju\u017c dzi\u015b.<\/h3>\n<p>&nbsp;<\/p>\n","protected":false},"excerpt":{"rendered":"<p data-pm-slice=\"1 1 []\"><a href=\"https:\/\/mama-niemowlaka.pl\/sklep\/produkt\/dlamamy\/pizamy-do-karmienia\/pizama-ciazowa-i-do-karmienia-krotki-rekaw-szara\/\" target=\"_blank\" rel=\"noopener\"><strong>Pi\u017cama ci\u0105\u017cowa i do karmienia<\/strong><\/a> w kolorze szarym to doskona\u0142y wyb\u00f3r dla mam i kobiet w ci\u0105\u017cy, kt\u00f3re preferuj\u0105 wygodn\u0105 i stylow\u0105 opcj\u0119 karmienia. Ten dwucz\u0119\u015bciowy komplet to zar\u00f3wno pi\u017cama ci\u0105\u017cowa i do karmienia. Wygodna pi\u017cama ci\u0105\u017cowa wykona mi\u0119kkiego materia\u0142u, sk\u0142ada si\u0119 z d\u0142ugich spodni i bluzki z kr\u00f3tkim r\u0119kawem i zapewnia komfort podczas ci\u0105\u017cy oraz wygodne karmienie dziecka w czasie okresu karmienia piersi\u0105. Spodnie od pi\u017camy maj\u0105 kr\u00f3j ci\u0105\u017cowy &#8211; posiadaj\u0105 specjaln\u0105 wk\u0142adk\u0119 i regulowany pas, aby dostosowa\u0107 si\u0119 do rosn\u0105cego brzuszka w czasie ci\u0105\u017cy. G\u00f3ra pi\u017camy to bluzka z kr\u00f3tkim r\u0119kawem, kt\u00f3ra posiada guziki po obu stronach klatki piersiowej, umo\u017cliwiaj\u0105ce \u0142atwy dost\u0119p do piersi, dzi\u0119ki czemu zapewnia wygodne karmienie maluszka. W tej pi\u017camie dla przysz\u0142ych mam mo\u017cesz dyskretnie karmi\u0107 dziecko w ci\u0105gu dnia oraz nocne karmienie b\u0119dzie bardzo wygodne.<\/p>\n<p><a href=\"https:\/\/mama-niemowlaka.pl\/sklep\/produkt\/dlamamy\/pizamy-do-karmienia\/pizama-ciazowa-i-do-karmienia-krotki-rekaw-szara\/\" target=\"_blank\" rel=\"noopener\"><strong>Pi\u017cama ci\u0105\u017cowa i do karmienia piersi\u0105<\/strong><\/a> w kolorze szarym wyst\u0119puje w pi\u0119ciu rozmiarach: S,M,L,XL i XXL.<\/p>\n<p>Sk\u0142ad: 70% bawe\u0142na, 30% poliester<\/p>\n","protected":false},"featured_media":9715,"template":"","meta":[],"product_brand":[],"product_cat":[192,64],"product_tag":[608,119,193],"class_list":{"0":"post-19003","1":"product","2":"type-product","3":"status-publish","4":"has-post-thumbnail","6":"product_cat-pizama-do-karmienia","7":"product_cat-dlamamy","8":"product_tag-bestsellery-dla-mamy","9":"product_tag-dla-mamy","10":"product_tag-pizama-do-karmienia","11":"product_shipping_class-lekka","12":"pa_rozmiar-2xl","13":"pa_rozmiar-l","14":"pa_rozmiar-m","15":"pa_rozmiar-s","16":"pa_rozmiar-xl","18":"first","19":"instock","20":"taxable","21":"shipping-taxable","22":"purchasable","23":"product-type-variable","24":"has-default-attributes","25":"wvs-archive-product-wrapper"},"_links":{"self":[{"href":"https:\/\/mama-niemowlaka.pl\/sklep\/wp-json\/wp\/v2\/product\/19003","targetHints":{"allow":["GET"]}}],"collection":[{"href":"https:\/\/mama-niemowlaka.pl\/sklep\/wp-json\/wp\/v2\/product"}],"about":[{"href":"https:\/\/mama-niemowlaka.pl\/sklep\/wp-json\/wp\/v2\/types\/product"}],"wp:featuredmedia":[{"embeddable":true,"href":"https:\/\/mama-niemowlaka.pl\/sklep\/wp-json\/wp\/v2\/media\/9715"}],"wp:attachment":[{"href":"https:\/\/mama-niemowlaka.pl\/sklep\/wp-json\/wp\/v2\/media?parent=19003"}],"wp:term":[{"taxonomy":"product_brand","embeddable":true,"href":"https:\/\/mama-niemowlaka.pl\/sklep\/wp-json\/wp\/v2\/product_brand?post=19003"},{"taxonomy":"product_cat","embeddable":true,"href":"https:\/\/mama-niemowlaka.pl\/sklep\/wp-json\/wp\/v2\/product_cat?post=19003"},{"taxonomy":"product_tag","embeddable":true,"href":"https:\/\/mama-niemowlaka.pl\/sklep\/wp-json\/wp\/v2\/product_tag?post=19003"}],"curies":[{"name":"wp","href":"https:\/\/api.w.org\/{rel}","templated":true}]}}