{"id":19015,"date":"2025-04-08T15:19:22","date_gmt":"2025-04-08T13:19:22","guid":{"rendered":"https:\/\/mama-niemowlaka.pl\/sklep\/?post_type=product&#038;p=19015"},"modified":"2025-12-08T15:20:04","modified_gmt":"2025-12-08T14:20:04","slug":"koszulka-i-spodenki-dla-dziewczynki-fioletowy","status":"publish","type":"product","link":"https:\/\/mama-niemowlaka.pl\/sklep\/produkt\/ubranka-niemowlece\/komplet-niemowlecy\/koszulka-i-spodenki-dla-dziewczynki-fioletowy\/","title":{"rendered":"Koszulka i spodenki dla dziewczynki &#8211; fioletowy"},"content":{"rendered":"<h2 data-pm-slice=\"1 1 []\"><strong>Letni komplet koszulka i dziewcz\u0119ce szorty<\/strong><\/h2>\n<p data-pm-slice=\"1 1 []\">Uroczy <a href=\"https:\/\/mama-niemowlaka.pl\/sklep\/produkt\/ubranka-niemowlece\/komplet-niemowlecy\/koszulka-i-spodenki-dla-dziewczynki-fioletowy\/\" target=\"_blank\" rel=\"noopener\"><strong>komplet koszulka i spodenki dla dziewczynki<\/strong><\/a> w klasycznych letnich kolorach: bia\u0142o-fioletowa koszulka i modne szorty dziewcz\u0119ce w krat\u0119. Wysokiej jako\u015bci tunika dla dziewczynki bez r\u0119kaw\u00f3w i z okr\u0105g\u0142ym dekoltem, dzi\u0119ki czemu u\u0142atwia zak\u0142adanie i zdejmowanie ubranka przez g\u0142ow\u0119. Wygodna tunika zapewniaj\u0105ca swobod\u0119 ruch\u00f3w zapiana jest z ty\u0142u na guziczek.<\/p>\n<p data-pm-slice=\"1 1 []\">Fioletowe kr\u00f3tkie spodenki dla dziewczynki nadaj\u0105 zestawowi stylowego kontrastu, jednocze\u015bnie zapewniaj\u0105c swobod\u0119 ruch\u00f3w i komfort. Szorty letnie posiadaj\u0105 gum\u0119 w pasie dla dobrego dopasowania. Gumka w szortach dziewcz\u0119cych jest nieuciskowa, dzi\u0119ki czemu spodenki s\u0105 bardzo wygodne. Naszym zdaniem dziewcz\u0119ce kr\u00f3tkie spodenki powinny znale\u017a\u0107 si\u0119 w dos\u0142ownie ka\u017cdej garderobie. Koszulka i modne szorty dla dziewczynek zosta\u0142y uszyte z mi\u0119kkiej bawe\u0142ny, dzi\u0119ki czemu idealnie sprawdz\u0105 si\u0119 na lato.<\/p>\n<p data-pm-slice=\"1 1 []\"><a href=\"https:\/\/mama-niemowlaka.pl\/sklep\/produkt\/ubranka-niemowlece\/komplet-niemowlecy\/koszulka-i-spodenki-dla-dziewczynki-fioletowy\/\" target=\"_blank\" rel=\"noopener\"><strong>Komplet koszulka i spodenki dla dziewczynki<\/strong><\/a> to idealny zestaw dla dziewczynki zar\u00f3wno na co dzie\u0144, jak i na wyj\u015bcie lub wakacyjny wyjazd. Kup ju\u017c dzi\u015b ten uroczy komplet dla dziewczynki.<\/p>\n<h2 data-pm-slice=\"1 1 []\"><strong>Komplety ubranek dla ch\u0142opc\u00f3w i dziewczynek w sklepie <\/strong><a href=\"https:\/\/mama-niemowlaka.pl\"><strong>mama-niemowlaka.pl<\/strong><\/a><\/h2>\n<p data-pm-slice=\"1 1 []\"><a href=\"https:\/\/Mama-niemowlaka.pl\" target=\"_blank\" rel=\"noopener\">Mama-niemowlaka.pl<\/a> to sklep internetowy z <a href=\"https:\/\/mama-niemowlaka.pl\/sklep\/ubranka-niemowlece\/\" target=\"_blank\" rel=\"noopener\"><strong>ubrankami niemowl\u0119cymi<\/strong><\/a>. Znajdziesz tutaj bawe\u0142niane <a href=\"https:\/\/mama-niemowlaka.pl\/sklep\/ubranka-niemowlece\/\" target=\"_blank\" rel=\"noopener\"><strong>ubranka niemowl\u0119ce<\/strong><\/a> na ka\u017cd\u0105 okazj\u0119. Nasze ubranka do dzieci\u0119cej garderoby s\u0105 wyj\u0105tkowo praktyczne i sprawdz\u0105 si\u0119 o ka\u017cdej porze roku. Szukaj\u0105c <a href=\"https:\/\/mama-niemowlaka.pl\/sklep\/\" target=\"_blank\" rel=\"noopener\"><strong>ubranek dla niemowlaka<\/strong><\/a>, mamy mo\u017cliwo\u015b\u0107 zakupu zar\u00f3wno pojedynczych element\u00f3w, jak i gotowych zestaw\u00f3w. W kategorii <a href=\"https:\/\/mama-niemowlaka.pl\/sklep\/c\/ubranka-niemowlece\/komplet-niemowlecy\/\" target=\"_blank\" rel=\"noopener\"><strong>Komplety niemowl\u0119ce<\/strong><\/a> znajdziesz <a href=\"https:\/\/mama-niemowlaka.pl\/sklep\/t\/ubranka-dla-niemowlat-dziewczynek\/\" target=\"_blank\" rel=\"noopener\"><strong>ubranka dla niemowl\u0105t dziewczynek<\/strong><\/a> oraz <a href=\"https:\/\/mama-niemowlaka.pl\/sklep\/t\/ubranka-dla-niemowlat-chlopca\/\" target=\"_blank\" rel=\"noopener\"><strong>ubranka dla ch\u0142opca<\/strong><\/a> a tak\u017ce <a href=\"https:\/\/mama-niemowlaka.pl\/sklep\/c\/ubranka-niemowlece\/eleganckie-ubranka-dla-niemowlaka\/\" target=\"_blank\" rel=\"noopener\"><strong>eleganckie ubranka niemowl\u0119ce<\/strong><\/a> a tak\u017ce <a href=\"https:\/\/mama-niemowlaka.pl\/sklep\/c\/ubranka-niemowlece\/dres-dla-niemowlaka\/\" target=\"_blank\" rel=\"noopener\"><strong>niemowl\u0119ce komplety dresowe<\/strong><\/a>.<\/p>\n<h3 data-pm-slice=\"1 1 []\">Koszulki i spodenki na lato dla niemowl\u0105t<\/h3>\n<p data-pm-slice=\"1 1 []\">Pozosta\u0142e zestawy <a href=\"https:\/\/mama-niemowlaka.pl\/sklep\/ubranka-niemowlece\/\" target=\"_blank\" rel=\"noopener\"><strong>ubranek dla niemowl\u0105t<\/strong><\/a> znajdziesz w kategorii <a href=\"https:\/\/mama-niemowlaka.pl\/sklep\/c\/ubranka-niemowlece\/komplet-niemowlecy\/\" target=\"_blank\" rel=\"noopener\"><strong>Komplety niemowl\u0119ce<\/strong><\/a>. Je\u017celi szukasz ubranek dzieci\u0119cych na lato sprawd\u017a nasze <a href=\"https:\/\/mama-niemowlaka.pl\/sklep\/t\/letnie-ubranka-dla-niemowlat\/\" target=\"_blank\" rel=\"noopener\"><strong>letnie ubranka dla niemowl\u0105t<\/strong><\/a>.<\/p>\n","protected":false},"excerpt":{"rendered":"<p data-pm-slice=\"1 1 []\">Wygodny i uroczy <a href=\"https:\/\/mama-niemowlaka.pl\/sklep\/produkt\/ubranka-niemowlece\/komplet-niemowlecy\/koszulka-i-spodenki-dla-dziewczynki-fioletowy\/\" target=\"_blank\" rel=\"noopener\"><strong>komplet koszulka i kr\u00f3tkie spodenki dziewcz\u0119ce<\/strong><\/a> w stonowanej bia\u0142o-fioletowej kolorystyce. Tunika bez r\u0119kaw\u00f3w w kolorze bia\u0142o-fioletowym z urocz\u0105 kokard\u0105 z przodu posiada okr\u0105g\u0142y dekolt, a przy r\u0119kawach urocze falbanki. Kr\u00f3tkie spodenki dziewcz\u0119ce w urocz\u0105 krat\u0119 posiadaj\u0105 w pasie, dla wygody dziecka, grubsz\u0105 gumk\u0119. Koszulka i kr\u00f3tkie spodenki dziewcz\u0119ce to idealny komplet ubranek na lato.<\/p>\n<p><a href=\"https:\/\/mama-niemowlaka.pl\/sklep\/produkt\/ubranka-niemowlece\/komplet-niemowlecy\/koszulka-i-spodenki-dla-dziewczynki-fioletowy\/\" target=\"_blank\" rel=\"noopener\"><strong>Komplet koszulka i spodenki dla dziewczynki <\/strong><\/a>dost\u0119pny jest w czterech rozmiarach: 68, 80, 86 i 92.<\/p>\n<p>Sk\u0142ad: 950% bawe\u0142na, 5% elastan<br \/>\nKraj produkcji: Turcja<\/p>\n","protected":false},"featured_media":14719,"template":"","meta":[],"product_brand":[],"product_cat":[122,57],"product_tag":[152,153,351,162,358,355,180,154,159],"class_list":{"0":"post-19015","1":"product","2":"type-product","3":"status-publish","4":"has-post-thumbnail","6":"product_cat-komplet-niemowlecy","7":"product_cat-ubranka-niemowlece","8":"product_tag-ubranka-dla-niemowlat-dziewczynek","9":"product_tag-komplet","10":"product_tag-komplety-niemowlece-dla-dziewczynki","11":"product_tag-lato","12":"product_tag-ubranka-letnie-dla-dziewczynki","13":"product_tag-letnie-ubranka-dla-niemowlat","14":"product_tag-nowosc","15":"product_tag-szorty","16":"product_tag-tunika","17":"product_shipping_class-lekka","18":"pa_rozmiar-314","19":"pa_rozmiar-315","20":"pa_rozmiar-316","21":"pa_rozmiar-317","23":"first","24":"instock","25":"taxable","26":"shipping-taxable","27":"purchasable","28":"product-type-variable","29":"has-default-attributes","30":"wvs-archive-product-wrapper"},"_links":{"self":[{"href":"https:\/\/mama-niemowlaka.pl\/sklep\/wp-json\/wp\/v2\/product\/19015","targetHints":{"allow":["GET"]}}],"collection":[{"href":"https:\/\/mama-niemowlaka.pl\/sklep\/wp-json\/wp\/v2\/product"}],"about":[{"href":"https:\/\/mama-niemowlaka.pl\/sklep\/wp-json\/wp\/v2\/types\/product"}],"wp:featuredmedia":[{"embeddable":true,"href":"https:\/\/mama-niemowlaka.pl\/sklep\/wp-json\/wp\/v2\/media\/14719"}],"wp:attachment":[{"href":"https:\/\/mama-niemowlaka.pl\/sklep\/wp-json\/wp\/v2\/media?parent=19015"}],"wp:term":[{"taxonomy":"product_brand","embeddable":true,"href":"https:\/\/mama-niemowlaka.pl\/sklep\/wp-json\/wp\/v2\/product_brand?post=19015"},{"taxonomy":"product_cat","embeddable":true,"href":"https:\/\/mama-niemowlaka.pl\/sklep\/wp-json\/wp\/v2\/product_cat?post=19015"},{"taxonomy":"product_tag","embeddable":true,"href":"https:\/\/mama-niemowlaka.pl\/sklep\/wp-json\/wp\/v2\/product_tag?post=19015"}],"curies":[{"name":"wp","href":"https:\/\/api.w.org\/{rel}","templated":true}]}}