{"id":19020,"date":"2025-03-08T15:24:37","date_gmt":"2025-03-08T14:24:37","guid":{"rendered":"https:\/\/mama-niemowlaka.pl\/sklep\/?post_type=product&#038;p=19020"},"modified":"2026-04-13T12:08:08","modified_gmt":"2026-04-13T10:08:08","slug":"kurtka-dla-niemowlaka-chlopca-bez-koszula-spodnie","status":"publish","type":"product","link":"https:\/\/mama-niemowlaka.pl\/sklep\/produkt\/ubranka-niemowlece\/okrycia-wierzchnie\/kurtka-dla-niemowlaka-chlopca-bez-koszula-spodnie\/","title":{"rendered":"Kurtka niemowl\u0119ca dla ch\u0142opca i koszula oraz spodnie"},"content":{"rendered":"<h2 data-pm-slice=\"1 1 []\"><strong>Przej\u015bciowa kurtka niemowl\u0119ca i koszula oraz spodnie \u2013 ubranko na ch\u0142odniejsze dni<\/strong><\/h2>\n<p data-pm-slice=\"1 1 []\"><a href=\"https:\/\/mama-niemowlaka.pl\/sklep\/produkt\/ubranka-niemowlece\/okrycia-wierzchnie\/kurtka-dla-niemowlaka-chlopca-bez-koszula-spodnie\/\" target=\"_blank\" rel=\"noopener\"><strong>Kurtka dla niemowlaka ch\u0142opca<\/strong><\/a> to nie tylko ochrona przed ch\u0142odem, ale tak\u017ce modny element garderoby. Delikatny be\u017cowy kolor, kaptur oraz wygodne kieszonki sprawiaj\u0105, \u017ce kurtka niemowl\u0119ca jest zar\u00f3wno funkcjonalna, jak i estetyczna. Zapi\u0119cie na suwak umo\u017cliwia szybkie i \u0142atwe ubieranie, co jest niezwykle wa\u017cne podczas codziennych aktywno\u015bci maluszka. Kurtka dla ch\u0142opca jest lekka, a jednocze\u015bnie skutecznie chroni przed wiatrem i ch\u0142odem, dzi\u0119ki czemu Twoje dziecko b\u0119dzie czu\u0142o si\u0119 komfortowo podczas spacer\u00f3w, bez wzgl\u0119du na pogod\u0119.<\/p>\n<p data-pm-slice=\"1 1 []\">W komplecie znajduje si\u0119 tak\u017ce jeansowa koszula z d\u0142ugim r\u0119kawem oraz spodnie sztruksowe. To doskona\u0142e po\u0142\u0105czenie<\/p>\n<p data-pm-slice=\"1 1 []\">Nasza kurtka dla niemowlaka ch\u0142opca oraz koszula i spodnie to idealne ubranko zar\u00f3wno do \u017c\u0142obka jak i przedszkola.<\/p>\n<h2 data-pm-slice=\"1 1 []\"><strong>Sprawd\u017a inne kurtki niemowl\u0119ce w sklepie <\/strong><a href=\"https:\/\/mama-niemowlaka.pl\" target=\"_blank\" rel=\"noopener\"><strong>mama-niemowlaka.pl<\/strong><\/a><\/h2>\n<p data-pm-slice=\"1 1 []\">Je\u015bli szukasz wi\u0119cej propozycji na ch\u0142odniejsze dni, odwied\u017a nasz\u0105 kategori\u0119 <a href=\"https:\/\/mama-niemowlaka.pl\/sklep\/t\/kurtki-niemowlece\/\" target=\"_blank\" rel=\"noopener\"><strong>kurtki niemowl\u0119ce<\/strong><\/a>. Znajdziesz tam szeroki wyb\u00f3r kurtek, kt\u00f3re zapewni\u0105 ciep\u0142o i wygod\u0119 Twojemu maluszkowi, jednocze\u015bnie dbaj\u0105c o modny wygl\u0105d. Ka\u017cda kurtka niemowl\u0119ca dla ch\u0142opca dost\u0119pna w naszej ofercie zosta\u0142a starannie wyselekcjonowana, aby sprosta\u0107 najwy\u017cszym wymaganiom rodzic\u00f3w.<\/p>\n<p data-pm-slice=\"1 1 []\">Ten zestaw to doskona\u0142y wyb\u00f3r dla ka\u017cdego rodzica, kt\u00f3ry chce, aby jego dziecko czu\u0142o si\u0119 komfortowo i wygl\u0105da\u0142o stylowo. Dzi\u0119ki wysokiej jako\u015bci materia\u0142om, kurtka niemowl\u0119ca dla ch\u0142opca oraz koszula i spodnie gwarantuj\u0105 komfort noszenia, a jednocze\u015bnie s\u0105 trwa\u0142e i \u0142atwe w piel\u0119gnacji.<\/p>\n","protected":false},"excerpt":{"rendered":"<p data-pm-slice=\"1 1 []\">Ten uroczy zestaw, sk\u0142adaj\u0105cy si\u0119 z <strong><a href=\"https:\/\/mama-niemowlaka.pl\/sklep\/produkt\/ubranka-niemowlece\/okrycia-wierzchnie\/kurtka-dla-niemowlaka-chlopca-bez-koszula-spodnie\/\" target=\"_blank\" rel=\"noopener\">kurtki niemowl\u0119cej dla ch\u0142opca<\/a><\/strong> i koszuli oraz spodni, to idealny wyb\u00f3r na ch\u0142odniejsze dni. Kurtka przej\u015bciowa niemowl\u0119ca w delikatnym be\u017cowym kolorze z kapturem zapewnia komfort i ciep\u0142o. Koszula i sztruksowe spodnie dodaj\u0105 ca\u0142o\u015bci uroku i stylu. To must-have w garderobie ka\u017cdego ma\u0142ego ch\u0142opca, kt\u00f3ry sprawdzi si\u0119 zar\u00f3wno na spacerze, jak i podczas codziennych zabaw.<\/p>\n<p>Kurtka dla niemowlaka ch\u0142opca oraz koszula i spodnie dost\u0119pne s\u0105 w czterech rozmiarach: 74, 80, 86, 92.<\/p>\n<p>Sk\u0142ad: Kurtka dla niemowlaka: 100% poliester, koszula jeansowa: 74% bawe\u0142na, 17% poliester, 9% elastan, spodnie: 100% bawe\u0142na<\/p>\n","protected":false},"featured_media":16246,"template":"","meta":[],"product_brand":[],"product_cat":[217,122,57],"product_tag":[118,145,360,180],"class_list":{"0":"post-19020","1":"product","2":"type-product","3":"status-publish","4":"has-post-thumbnail","6":"product_cat-okrycia-wierzchnie","7":"product_cat-komplet-niemowlecy","8":"product_cat-ubranka-niemowlece","9":"product_tag-bawelna","10":"product_tag-ubranka-dla-niemowlat-chlopca","11":"product_tag-kurtki-niemowlece","12":"product_tag-nowosc","13":"product_shipping_class-lekka","14":"pa_rozmiar-314","15":"pa_rozmiar-315","16":"pa_rozmiar-316","17":"pa_rozmiar-317","19":"first","20":"instock","21":"taxable","22":"shipping-taxable","23":"purchasable","24":"product-type-variable","25":"has-default-attributes","26":"wvs-archive-product-wrapper"},"_links":{"self":[{"href":"https:\/\/mama-niemowlaka.pl\/sklep\/wp-json\/wp\/v2\/product\/19020","targetHints":{"allow":["GET"]}}],"collection":[{"href":"https:\/\/mama-niemowlaka.pl\/sklep\/wp-json\/wp\/v2\/product"}],"about":[{"href":"https:\/\/mama-niemowlaka.pl\/sklep\/wp-json\/wp\/v2\/types\/product"}],"wp:featuredmedia":[{"embeddable":true,"href":"https:\/\/mama-niemowlaka.pl\/sklep\/wp-json\/wp\/v2\/media\/16246"}],"wp:attachment":[{"href":"https:\/\/mama-niemowlaka.pl\/sklep\/wp-json\/wp\/v2\/media?parent=19020"}],"wp:term":[{"taxonomy":"product_brand","embeddable":true,"href":"https:\/\/mama-niemowlaka.pl\/sklep\/wp-json\/wp\/v2\/product_brand?post=19020"},{"taxonomy":"product_cat","embeddable":true,"href":"https:\/\/mama-niemowlaka.pl\/sklep\/wp-json\/wp\/v2\/product_cat?post=19020"},{"taxonomy":"product_tag","embeddable":true,"href":"https:\/\/mama-niemowlaka.pl\/sklep\/wp-json\/wp\/v2\/product_tag?post=19020"}],"curies":[{"name":"wp","href":"https:\/\/api.w.org\/{rel}","templated":true}]}}