{"id":19039,"date":"2022-11-08T15:52:33","date_gmt":"2022-11-08T14:52:33","guid":{"rendered":"https:\/\/mama-niemowlaka.pl\/sklep\/?post_type=product&#038;p=19039"},"modified":"2026-01-14T14:50:39","modified_gmt":"2026-01-14T13:50:39","slug":"body-swiateczne-granatowe","status":"publish","type":"product","link":"https:\/\/mama-niemowlaka.pl\/sklep\/produkt\/ubranka-niemowlece\/body-niemowlece\/body-swiateczne-granatowe\/","title":{"rendered":"Body \u015bwi\u0105teczne granatowe"},"content":{"rendered":"<h2 data-pm-slice=\"1 1 []\"><strong>Body \u015bwi\u0105teczne dla niemowlaka<\/strong><\/h2>\n<p>Urocze body \u015bwi\u0105teczne zar\u00f3wno dla ch\u0142opca jak i dziewczynki uszyte z delikatnej bawe\u0142ny. Dekolt oraz d\u00f3\u0142 body obszyte s\u0105 eleganck\u0105 czerwon\u0105 lam\u00f3wk\u0105, kt\u00f3ra nie tylko chroni delikatn\u0105 sk\u00f3r\u0119 Twojego dziecka, ale tak\u017ce dodaje mu wyj\u0105tkowego uroku. Dzi\u0119ki zapinaniu na bezniklowe napki w kroku, zak\u0142adanie i \u015bci\u0105ganie bodziaka jest szybkie i wygodne.<\/p>\n<p>Nasze body to doskona\u0142e ubranko zar\u00f3wno na sesje \u015bwi\u0105teczne jak i do noszenia na co dzie\u0144 w czasie \u015awi\u0105t Bo\u017cego Narodzenia.<\/p>\n<h2><strong>\u015awi\u0105teczne ubranka niemowl\u0119ce na Bo\u017ce Narodzenie w sklepie <a href=\"https:\/\/www.mama-niemowlaka.pl\">mama-niemowlaka.pl<\/a><\/strong><\/h2>\n<p>Body \u015bwi\u0105teczne to nie jedyna propozycja ubranek \u015bwi\u0105tecznych w naszym sklepie. Pozosta\u0142e \u015bwi\u0105teczne modele ubranek niemowl\u0119cych znajdziesz w kategorii <a href=\"https:\/\/mama-niemowlaka.pl\/sklep\/t\/ubranka-swiateczne-dla-niemowlaka\/\" target=\"_blank\" rel=\"noopener\"><strong>Bo\u017ce Narodzenie<\/strong><\/a>. W naszej kolekcji oferujemy wyj\u0105tkowe ubranka \u015bwi\u0105teczne, idealne dla niemowl\u0105t. Nasze produkty s\u0105 zaprojektowane z my\u015bl\u0105 o bezpiecze\u0144stwie i wygodzie ma\u0142ych u\u017cytkownik\u00f3w. Wykonane z najwy\u017cszej jako\u015bci materia\u0142\u00f3w, zapewniaj\u0105 one ciep\u0142o i komfort przez ca\u0142y okres \u015bwi\u0105teczny.<\/p>\n<p>Odwied\u017a nasz sklep internetowy <a href=\"http:\/\/www.mama-niemowlaka.pl\"><strong>mama-niemowlaka.pl<\/strong><\/a>, gdzie znajdziesz szeroki wyb\u00f3r najwy\u017cszej jako\u015bci ubranek niemowl\u0119cych. Gwarantujemy wysy\u0142k\u0119 zam\u00f3wienia w ci\u0105gu 48 godzin oraz darmow\u0105 wymian\u0119 towaru lub mo\u017cliwo\u015b\u0107 zwrotu w ci\u0105gu 14 dni. Co wi\u0119cej, je\u015bli zam\u00f3wisz za minimum 249 PLN, dostawa b\u0119dzie ca\u0142kowicie darmowa.<\/p>\n<p>&nbsp;<\/p>\n","protected":false},"excerpt":{"rendered":"<p>Odkryj magiczny \u015bwiat \u015awi\u0105t Bo\u017cego Narodzenia z naszym body \u015bwi\u0105tecznym granatowym! To urocze body niemowl\u0119ce z d\u0142ugim r\u0119kawem w kolorze g\u0142\u0119bokiego granatu ozdobione jest radosnymi motywami ba\u0142wank\u00f3w i choinek, kt\u00f3re wprowadz\u0105 Twoje dziecko w \u015bwi\u0105teczny nastr\u00f3j.<\/p>\n<p>Body \u015bwi\u0105teczne dla niemowlaka wykonane w 100% z mi\u0119ciutkiej i rozci\u0105gliwej bawe\u0142ny. Body dla niemowl\u0105t jest idealne zar\u00f3wno na rodzinne sesje zdj\u0119ciowe, jak i codzienne noszenie w okresie \u015bwi\u0105tecznym.<\/p>\n<p>Body \u015bwi\u0105teczne wyst\u0119puje w trzech rozmiarach: 74, 80 i 86.<\/p>\n<p>Sk\u0142ad: 100% bawe\u0142na<\/p>\n","protected":false},"featured_media":16864,"template":"","meta":[],"product_brand":[],"product_cat":[137,57],"product_tag":[118,161,250,249,247,238,145,152],"class_list":{"0":"post-19039","1":"product","2":"type-product","3":"status-publish","4":"has-post-thumbnail","6":"product_cat-body-niemowlece","7":"product_cat-ubranka-niemowlece","8":"product_tag-bawelna","9":"product_tag-body-dla-niemowlat","10":"product_tag-body-dla-chlopca","11":"product_tag-body-dla-dziewczynek","12":"product_tag-body-z-dlugim-rekawem","13":"product_tag-ubranka-swiateczne-dla-niemowlaka","14":"product_tag-ubranka-dla-niemowlat-chlopca","15":"product_tag-ubranka-dla-niemowlat-dziewczynek","16":"product_shipping_class-lekka","17":"pa_rozmiar-314","18":"pa_rozmiar-315","19":"pa_rozmiar-316","21":"first","22":"instock","23":"taxable","24":"shipping-taxable","25":"purchasable","26":"product-type-variable","27":"has-default-attributes","28":"wvs-archive-product-wrapper"},"_links":{"self":[{"href":"https:\/\/mama-niemowlaka.pl\/sklep\/wp-json\/wp\/v2\/product\/19039","targetHints":{"allow":["GET"]}}],"collection":[{"href":"https:\/\/mama-niemowlaka.pl\/sklep\/wp-json\/wp\/v2\/product"}],"about":[{"href":"https:\/\/mama-niemowlaka.pl\/sklep\/wp-json\/wp\/v2\/types\/product"}],"wp:featuredmedia":[{"embeddable":true,"href":"https:\/\/mama-niemowlaka.pl\/sklep\/wp-json\/wp\/v2\/media\/16864"}],"wp:attachment":[{"href":"https:\/\/mama-niemowlaka.pl\/sklep\/wp-json\/wp\/v2\/media?parent=19039"}],"wp:term":[{"taxonomy":"product_brand","embeddable":true,"href":"https:\/\/mama-niemowlaka.pl\/sklep\/wp-json\/wp\/v2\/product_brand?post=19039"},{"taxonomy":"product_cat","embeddable":true,"href":"https:\/\/mama-niemowlaka.pl\/sklep\/wp-json\/wp\/v2\/product_cat?post=19039"},{"taxonomy":"product_tag","embeddable":true,"href":"https:\/\/mama-niemowlaka.pl\/sklep\/wp-json\/wp\/v2\/product_tag?post=19039"}],"curies":[{"name":"wp","href":"https:\/\/api.w.org\/{rel}","templated":true}]}}