{"id":19080,"date":"2024-12-08T18:43:30","date_gmt":"2024-12-08T17:43:30","guid":{"rendered":"https:\/\/mama-niemowlaka.pl\/sklep\/?post_type=product&#038;p=19080"},"modified":"2025-12-08T18:51:59","modified_gmt":"2025-12-08T17:51:59","slug":"granatowy-komplet-na-swieta-dla-chlopca","status":"publish","type":"product","link":"https:\/\/mama-niemowlaka.pl\/sklep\/produkt\/ubranka-niemowlece\/eleganckie-ubranka-dla-chlopca\/granatowy-komplet-na-swieta-dla-chlopca\/","title":{"rendered":"Granatowy komplet na \u015bwi\u0119ta dla ch\u0142opca"},"content":{"rendered":"<h2 data-pm-slice=\"1 1 []\"><strong>Bo\u017ce narodzenie ubrania dla ch\u0142opca &#8211; Eleganckie ubrania \u015bwi\u0105teczne dla ch\u0142opca<\/strong><\/h2>\n<p>Kiedy zbli\u017ca si\u0119 Bo\u017ce Narodzenie, warto zadba\u0107 o odpowiednie ubranka na \u015bwi\u0119ta dla swojego ma\u0142ego ch\u0142opca. Granatowy elegancki komplet na \u015bwi\u0119ta dla ch\u0142opca to doskona\u0142y wyb\u00f3r na t\u0119 okazj\u0119. Koszulobody wykonane jest z wysokogatunkowego materia\u0142u, kt\u00f3ry zapewnia wygod\u0119 i trwa\u0142o\u015b\u0107. Posiadaj\u0105 elegancki ko\u0142nierzyk oraz dekoracyjne guziki, kt\u00f3re dodaj\u0105 im uroku. Koszulobody idealnie dopasowuje si\u0119 do sylwetki dziecka, dzi\u0119ki czemu zapewnia pe\u0142en komfort podczas noszenia. Spodnie w tym komplecie s\u0105 r\u00f3wnie eleganckie, wykonane z wysokiej jako\u015bci materia\u0142\u00f3w, kt\u00f3re s\u0105 trwa\u0142e. Ich granatowy kolor nadaje im elegancji i sprawia, \u017ce pasuj\u0105 do r\u00f3\u017cnych okazji. Spodnie posiadaj\u0105 r\u00f3wnie\u017c regulowany pas, aby zapewni\u0107 idealne dopasowanie do sylwetki dziecka. Dodatkowo, ten elegancki zestaw ubranek dla ch\u0142opca zawiera tak\u017ce szelki z much\u0105, kt\u00f3re s\u0105 idealnym dodatkiem do ca\u0142o\u015bci. Szelki s\u0105 regulowane, dzi\u0119ki czemu mo\u017cna je dopasowa\u0107 do rozmiaru dziecka. Mucha natomiast wzbogaca str\u00f3j o wyj\u0105tkowy i stylowy detal.<\/p>\n<p>Nasz granatowy, elegancki komplet na \u015bwi\u0119ta dla ch\u0142opca to idealne rozwi\u0105zanie na r\u00f3\u017cne okazje, takie jak uroczyste kolacje, \u015bwi\u0105teczne spotkania rodzinne czy wigilijne przyj\u0119cia. \u015awi\u0105teczny komplet dla ch\u0142opca doskonale podkre\u015bli wyj\u0105tkowo\u015b\u0107 tych okazji i sprawi, \u017ce tw\u00f3j ch\u0142opiec b\u0119dzie wygl\u0105da\u0142 niezwykle stylowo.<\/p>\n<h2><strong>Ubrania i komplety niemowl\u0119ce \u015bwi\u0105teczne w sklepie <a href=\"https:\/\/mama-niemowlaka.pl\">mama-niemowlaka.pl<\/a> &#8211; zestaw na Bo\u017ce Narodzenie dla niemowl\u0105t<\/strong><\/h2>\n<p>Zestawy ubranek \u015bwi\u0105tecznych dla ch\u0142opca to nie jedyna propozycja ubranek \u015bwi\u0105tecznych w naszym sklepie. Pozosta\u0142e \u015bwi\u0105teczne modele ubranek niemowl\u0119cych znajdziesz w kategorii <a href=\"https:\/\/mama-niemowlaka.pl\/sklep\/t\/ubranka-swiateczne-dla-niemowlaka\/\" target=\"_blank\" rel=\"noopener\"><strong>Bo\u017ce Narodzenie<\/strong><\/a>. W naszej kolekcji oferujemy wyj\u0105tkowe ubranka \u015bwi\u0105teczne dla dzieci oraz eleganckie ubranka niemowl\u0119ce \u015bwi\u0105teczne. Nasze ubrania na \u015bwi\u0119ta dla dzieci s\u0105 nie tylko wyj\u0105tkowe i pe\u0142ne uroku, ale tak\u017ce wszechstronne, co pozwala na tworzenie niesko\u0144czonej ilo\u015bci zestawie\u0144. Nasze ubrania i komplety dzieci\u0119ce s\u0105 zaprojektowane z my\u015bl\u0105 o bezpiecze\u0144stwie i wygodzie ma\u0142ych u\u017cytkownik\u00f3w. Wykonane z najwy\u017cszej jako\u015bci materia\u0142\u00f3w, zapewniaj\u0105 one ciep\u0142o i komfort przez ca\u0142y okres \u015bwi\u0105teczny.<\/p>\n<p>Odwied\u017a nasz sklep internetowy <a href=\"https:\/\/mama-niemowlaka.pl\"><strong>mama-niemowlaka.pl<\/strong><\/a>, gdzie znajdziesz szeroki wyb\u00f3r najwy\u017cszej jako\u015bci ubranek niemowl\u0119cych. Gwarantujemy wysy\u0142k\u0119 zam\u00f3wienia w ci\u0105gu 48 godzin oraz darmow\u0105 wymian\u0119 towaru lub mo\u017cliwo\u015b\u0107 zwrotu w ci\u0105gu 14 dni. Co wi\u0119cej, je\u015bli zam\u00f3wisz za minimum 249 PLN, dostawa b\u0119dzie ca\u0142kowicie darmowa.<\/p>\n<p>Nie czekaj d\u0142u\u017cej, zam\u00f3w ju\u017c dzisiaj ten zestawy ubranek \u015bwi\u0105tecznych dla ch\u0142opca zapewnij swojemu dziecku niezapomnianego ducha \u015awi\u0105t. Nasze produkty s\u0105 trwa\u0142e, wygodne i wykonane z dba\u0142o\u015bci\u0105 o szczeg\u00f3\u0142y.<\/p>\n","protected":false},"excerpt":{"rendered":"<p data-pm-slice=\"1 1 []\">Elegancki zestaw \u015bwi\u0105teczny dla ch\u0142opca. W sk\u0142ad \u015bwi\u0105tecznego kompletu dla ch\u0142opca wchodz\u0105 \u015bwi\u0105teczne koszulobody, spodnie oraz szelki i mucha. Koszulobody w kolorze bia\u0142ym z motywem \u015bwi\u0105tecznym zapinane przez ca\u0142\u0105 d\u0142ugo\u015b\u0107 na guziki oraz trzy napy w kroku. Mankiety r\u0119kaw\u00f3w zapinane na guziki. W sk\u0142ad tego zestawu dla ch\u0142opca wchodz\u0105 r\u00f3wnie\u017c granatowe spodnie ch\u0142opi\u0119ce. Spodnie posiadaj\u0105 rozporek oraz dwie kieszenie. W pasie spodni znajduje si\u0119 szeroka gumka, dzi\u0119ki czemu spodnie ca\u0142y czas trzymaj\u0105 si\u0119 na miejscu. Spodnie posiadaj\u0105 r\u00f3wnie\u017c guziczki umo\u017cliwiaj\u0105ce przypi\u0119cie szelek, kt\u00f3re r\u00f3wnie\u017c znajduj\u0105 si\u0119 w komplecie. Dope\u0142nieniem ca\u0142ego zestawu jest muszka w kolorze spodni i szelek, kt\u00f3ra nadaje ca\u0142o\u015bci bardzo eleganckiego wygl\u0105du. Ca\u0142o\u015b\u0107 eleganckiego zestawu ubranek dla ch\u0142opca stanowi idealny zestaw na Bo\u017ce Narodzenie.<\/p>\n<p>Granatowy komplet na \u015bwi\u0119ta dla ch\u0142opca wyst\u0119puje w czterech rozmiarach: 68, 74, 80 i 86. Komplet dost\u0119pny jest te\u017c w wersji kolorystycznej czerwonej &#8211; <a href=\"https:\/\/mama-niemowlaka.pl\/sklep\/produkt\/ubranka-niemowlece\/komplet-niemowlecy\/czerwony-komplet-swiateczny-dla-chlopca\/\"><strong>Czerwony komplet \u015bwi\u0105teczny dla ch\u0142opca<\/strong><\/a>.<\/p>\n<p>Sk\u0142ad: 100% bawe\u0142na<\/p>\n","protected":false},"featured_media":10876,"template":"","meta":[],"product_brand":[],"product_cat":[143,122,57],"product_tag":[118,214,161,238,145,155,352],"class_list":{"0":"post-19080","1":"product","2":"type-product","3":"status-publish","4":"has-post-thumbnail","6":"product_cat-eleganckie-ubranka-dla-chlopca","7":"product_cat-komplet-niemowlecy","8":"product_cat-ubranka-niemowlece","9":"product_tag-bawelna","10":"product_tag-bestseller","11":"product_tag-body-dla-niemowlat","12":"product_tag-ubranka-swiateczne-dla-niemowlaka","13":"product_tag-ubranka-dla-niemowlat-chlopca","14":"product_tag-eleganckie","15":"product_tag-komplety-niemowlece-dla-chlopca","16":"product_shipping_class-lekka","17":"pa_rozmiar-313","18":"pa_rozmiar-314","19":"pa_rozmiar-315","20":"pa_rozmiar-316","22":"first","23":"instock","24":"taxable","25":"shipping-taxable","26":"purchasable","27":"product-type-variable","28":"has-default-attributes","29":"wvs-archive-product-wrapper"},"_links":{"self":[{"href":"https:\/\/mama-niemowlaka.pl\/sklep\/wp-json\/wp\/v2\/product\/19080","targetHints":{"allow":["GET"]}}],"collection":[{"href":"https:\/\/mama-niemowlaka.pl\/sklep\/wp-json\/wp\/v2\/product"}],"about":[{"href":"https:\/\/mama-niemowlaka.pl\/sklep\/wp-json\/wp\/v2\/types\/product"}],"wp:featuredmedia":[{"embeddable":true,"href":"https:\/\/mama-niemowlaka.pl\/sklep\/wp-json\/wp\/v2\/media\/10876"}],"wp:attachment":[{"href":"https:\/\/mama-niemowlaka.pl\/sklep\/wp-json\/wp\/v2\/media?parent=19080"}],"wp:term":[{"taxonomy":"product_brand","embeddable":true,"href":"https:\/\/mama-niemowlaka.pl\/sklep\/wp-json\/wp\/v2\/product_brand?post=19080"},{"taxonomy":"product_cat","embeddable":true,"href":"https:\/\/mama-niemowlaka.pl\/sklep\/wp-json\/wp\/v2\/product_cat?post=19080"},{"taxonomy":"product_tag","embeddable":true,"href":"https:\/\/mama-niemowlaka.pl\/sklep\/wp-json\/wp\/v2\/product_tag?post=19080"}],"curies":[{"name":"wp","href":"https:\/\/api.w.org\/{rel}","templated":true}]}}