{"id":19099,"date":"2021-12-08T20:14:51","date_gmt":"2021-12-08T19:14:51","guid":{"rendered":"https:\/\/mama-niemowlaka.pl\/sklep\/?post_type=product&#038;p=19099"},"modified":"2025-12-08T21:32:25","modified_gmt":"2025-12-08T20:32:25","slug":"niebieska-muszka-i-szelki-dla-niemowlaka","status":"publish","type":"product","link":"https:\/\/mama-niemowlaka.pl\/sklep\/produkt\/ubranka-niemowlece\/szelki-i-mucha-dla-niemowlaka\/niebieska-muszka-i-szelki-dla-niemowlaka\/","title":{"rendered":"Szelki i mucha dla ch\u0142opca &#8211; niebieskie"},"content":{"rendered":"<h2 data-pm-slice=\"1 1 []\"><strong>Eleganckie szelki i muchy dla dzieci &#8211; szelki i mucha w r\u00f3\u017cnych kolorach<\/strong><\/h2>\n<p>Komplet muszka i szelki dla niemowlaka to doskona\u0142y element eleganckiej stylizacji. Szelki i mucha dla dziecka maj\u0105 ten sam wz\u00f3r \u2013 w delikatne kropeczki.<br \/>\nSzelki wykonane s\u0105 z elastycznej gumy, z metalowymi uniwersalnymi zapi\u0119ciami. \u0141\u0105czenie szelek wykonane jest ze sk\u00f3ry ekologicznej w czarnym kolorze.\u00a0 Zar\u00f3wno szelki dla dzieci jak i mucha maj\u0105 regulacj\u0119 d\u0142ugo\u015bci.<\/p>\n<p>Komplet muszka i szelki dla niemowlaka to obowi\u0105zkowy element eleganckiej stylizacji ch\u0142opca podczas r\u00f3\u017cnego rodzaju uroczysto\u015bci, jak np. Chrzest dziecka, urodziny czy wesele. Kupuj\u0105c ubranko do chrztu dla ch\u0142opca nie zapomnij o dodatkach dla dzieci takich jak ozdobne szelki i wyj\u0105tkowa muszka.<\/p>\n<h3><strong>Elegancki zestaw szelki i mucha dla dziecka wyst\u0119puj\u0105 w o\u015bmiu r\u00f3\u017cnych kolorach<\/strong><\/h3>\n<p>Szelki i mucha w r\u00f3\u017cnych kolorach w sklepie www.mama-niemowlaka.pl:<\/p>\n<ul>\n<li><a href=\"https:\/\/mama-niemowlaka.pl\/sklep\/produkt\/ubranka\/szelki\/zestaw-szelki-i-mucha-dla-chlopca-szare\/\">Szare szelki i mucha dzieci\u0119ca<\/a><\/li>\n<li><a href=\"https:\/\/mama-niemowlaka.pl\/sklep\/produkt\/ubranka\/szelki\/zestaw-szelki-i-mucha-dla-chlopca-blekitne\/\">Szelki z much\u0105 b\u0142\u0119kitne<\/a><\/li>\n<li><a href=\"https:\/\/mama-niemowlaka.pl\/sklep\/produkt\/ubranka\/dodatki\/szelki-i-mucha-dla-chlopca-niebieskie\/\">Niebieskie szelki z much\u0105<\/a><\/li>\n<li><a href=\"https:\/\/mama-niemowlaka.pl\/sklep\/produkt\/ubranka\/szelki\/zestaw-szelki-i-mucha-dla-chlopca-rozowe\/\">R\u00f3\u017cowa muszka i szelki dla ch\u0142opc\u00f3w<\/a><\/li>\n<li><a href=\"https:\/\/mama-niemowlaka.pl\/sklep\/produkt\/ubranka\/szelki\/zestaw-szelki-i-mucha-dla-chlopca-czerwone\/\">Czerwone szelki i mucha dla dzieci<\/a><\/li>\n<li><a href=\"https:\/\/mama-niemowlaka.pl\/sklep\/produkt\/ubranka\/szelki\/zestaw-szelki-i-mucha-dla-chlopca-granatowe\/\">Granatowe szelki i mucha<\/a><\/li>\n<li><a href=\"https:\/\/mama-niemowlaka.pl\/sklep\/produkt\/ubranka\/szelki\/zestaw-szelki-i-mucha-dla-chlopca\/\">Eleganckie czarne szelki i mucha<\/a><\/li>\n<li><a href=\"https:\/\/mama-niemowlaka.pl\/sklep\/produkt\/ubranka\/dodatki\/szelki-i-mucha-dla-chlopca-zolte\/\" target=\"_blank\" rel=\"noopener\">\u017b\u00f3\u0142ta muszka i szelki dla ch\u0142opc\u00f3w<\/a><\/li>\n<\/ul>\n<p>Wszystkie dost\u0119pne kolory znajdziesz w kategorii <a href=\"https:\/\/mama-niemowlaka.pl\/sklep\/c\/ubranka-niemowlece\/szelki-i-mucha-dla-niemowlaka\/\" target=\"_blank\" rel=\"noopener\"><strong>szelki i mucha dla niemowlaka<\/strong><\/a>.<\/p>\n<h3><strong>Wymiary zestawu muszka i szelki :<\/strong><\/h3>\n<ul>\n<li>Mucha dzieci\u0119ca:\n<ul>\n<li>Szeroko\u015b\u0107 \u2013 10cm<\/li>\n<li>Wysoko\u015b\u0107 \u2013 5cm<\/li>\n<li>Regulowany obw\u00f3d szyi.<\/li>\n<\/ul>\n<\/li>\n<li>Szelki dla ch\u0142opc\u00f3w:\n<ul>\n<li>Szeroko\u015b\u0107 szelek \u2013 2,5cm<\/li>\n<li>D\u0142ugo\u015b\u0107 regulowana \u2013 40-60cm.<\/li>\n<\/ul>\n<\/li>\n<\/ul>\n<p>Kolor: Niebieskie<\/p>\n<h3><strong>Wybierz nasze wygodne szelki niemowl\u0119ce oraz inne ubranka dla ma\u0142ych dzieci<\/strong><\/h3>\n<p>W sklepie <a href=\"https:\/\/www.mama-niemowlaka.pl\">mama-niemowlaka.pl<\/a> kupisz eleganckie stylizacje dla ma\u0142ego ch\u0142opca. Znajdziesz body dzieci\u0119ce z muszk\u0105 i szelkami. Sprawd\u017a pozosta\u0142e wygodne szelki niemowl\u0119ce, znajdziesz je tutaj -&gt; <a href=\"https:\/\/mama-niemowlaka.pl\/sklep\/c\/ubranka-niemowlece\/szelki-i-mucha-dla-niemowlaka\/\" target=\"_blank\" rel=\"noopener\">szelki dla ma\u0142ych ch\u0142opc\u00f3w. <\/a>A tak\u017ce eleganckie koszulo-body -&gt; <a href=\"https:\/\/mama-niemowlaka.pl\/sklep\/produkt\/ubranka\/eleganckie\/koszulobody-biale\/\" target=\"_blank\" rel=\"noopener\">bia\u0142e koszulobody niemowl\u0119ce. <\/a>Sprawd\u017a nasze ubranka dla niemowl\u0105t.<\/p>\n","protected":false},"excerpt":{"rendered":"<p data-pm-slice=\"1 1 []\">Komplet muszka i szelki dla niemowlaka to niezb\u0119dny element eleganckich stylizacji ch\u0142opi\u0119cych. Zar\u00f3wno szelki dla ch\u0142opc\u00f3w jak i muszka ch\u0142opi\u0119ca maj\u0105 ten sam wz\u00f3r \u2013 w delikatne kropeczki.<\/p>\n<p>Szelki ch\u0142opi\u0119ce wykonane s\u0105 z elastycznej gumy, z metalowymi uniwersalnymi zapi\u0119ciami. \u0141\u0105czenie szelek wykonane jest ze sk\u00f3ry ekologicznej w czarnym kolorze. Szelki ch\u0142opi\u0119ce maj\u0105 regulacj\u0119 d\u0142ugo\u015bci. Komplet eleganckie szelki niemowl\u0119ce i muszka dla niemowlaka w kolorze niebieskim idealnie sprawdz\u0105 si\u0119 w wi\u0119kszo\u015bci stylizacji.<\/p>\n<p>Komplet muszka i szelki dla niemowlaka pasuj\u0105 dla dzieci od 0 do 3 lat.<\/p>\n","protected":false},"featured_media":3186,"template":"","meta":[],"product_brand":[],"product_cat":[134,57],"product_tag":[238,125,145,155,343],"class_list":{"0":"post-19099","1":"product","2":"type-product","3":"status-publish","4":"has-post-thumbnail","6":"product_cat-szelki-i-mucha-dla-niemowlaka","7":"product_cat-ubranka-niemowlece","8":"product_tag-ubranka-swiateczne-dla-niemowlaka","9":"product_tag-ubranka-do-chrztu","10":"product_tag-ubranka-dla-niemowlat-chlopca","11":"product_tag-eleganckie","12":"product_tag-ubranka-do-chrztu-dla-chlopca","13":"product_shipping_class-lekka","14":"pa_kolor-czarny","15":"pa_kolor-czerwony","16":"pa_kolor-granat","17":"pa_kolor-niebieski","18":"pa_kolor-rozowy","19":"pa_kolor-szary","21":"first","22":"instock","23":"taxable","24":"shipping-taxable","25":"purchasable","26":"product-type-simple"},"_links":{"self":[{"href":"https:\/\/mama-niemowlaka.pl\/sklep\/wp-json\/wp\/v2\/product\/19099","targetHints":{"allow":["GET"]}}],"collection":[{"href":"https:\/\/mama-niemowlaka.pl\/sklep\/wp-json\/wp\/v2\/product"}],"about":[{"href":"https:\/\/mama-niemowlaka.pl\/sklep\/wp-json\/wp\/v2\/types\/product"}],"wp:featuredmedia":[{"embeddable":true,"href":"https:\/\/mama-niemowlaka.pl\/sklep\/wp-json\/wp\/v2\/media\/3186"}],"wp:attachment":[{"href":"https:\/\/mama-niemowlaka.pl\/sklep\/wp-json\/wp\/v2\/media?parent=19099"}],"wp:term":[{"taxonomy":"product_brand","embeddable":true,"href":"https:\/\/mama-niemowlaka.pl\/sklep\/wp-json\/wp\/v2\/product_brand?post=19099"},{"taxonomy":"product_cat","embeddable":true,"href":"https:\/\/mama-niemowlaka.pl\/sklep\/wp-json\/wp\/v2\/product_cat?post=19099"},{"taxonomy":"product_tag","embeddable":true,"href":"https:\/\/mama-niemowlaka.pl\/sklep\/wp-json\/wp\/v2\/product_tag?post=19099"}],"curies":[{"name":"wp","href":"https:\/\/api.w.org\/{rel}","templated":true}]}}