{"id":19101,"date":"2022-12-08T20:22:45","date_gmt":"2022-12-08T19:22:45","guid":{"rendered":"https:\/\/mama-niemowlaka.pl\/sklep\/?post_type=product&#038;p=19101"},"modified":"2025-12-08T21:32:15","modified_gmt":"2025-12-08T20:32:15","slug":"komplet-niemowlecy-dla-chlopca-koszulka-z-kamizelka-i-spodenki-szary","status":"publish","type":"product","link":"https:\/\/mama-niemowlaka.pl\/sklep\/produkt\/ubranka-niemowlece\/eleganckie-ubranka-dla-chlopca\/komplet-niemowlecy-dla-chlopca-koszulka-z-kamizelka-i-spodenki-szary\/","title":{"rendered":"Komplet niemowl\u0119cy dla ch\u0142opca: koszulka z kamizelk\u0105 i spodenki &#8211; szary"},"content":{"rendered":"<h2 data-pm-slice=\"1 1 []\"><strong>Ch\u0142opi\u0119cy komplet koszulka z kamizelk\u0105 i szorty<\/strong><\/h2>\n<p>Wybieraj\u0105c ten komplet, nie musisz si\u0119 martwi\u0107 o odpowiedni str\u00f3j dla swojego malucha na specjalne okazje. Szara kamizelka w klasycznym stylu dodaje elegancji i sprawia, \u017ce Tw\u00f3j ma\u0142y ch\u0142opiec b\u0119dzie wygl\u0105da\u0142 uroczo i szykownie. Doszyta mucha jest uroczym akcentem, kt\u00f3ry podkre\u015bla stylowy wygl\u0105d kompletu.<\/p>\n<p>Do bia\u0142ej koszulki pasuj\u0105 idealnie dopasowane szare szorty, kt\u00f3re s\u0105 zar\u00f3wno wygodne, jak i modne. Szorty posiadaj\u0105 ten sam wz\u00f3r co kamizelka &#8211; urocz kotwiczki. Wykonane z lekkiego materia\u0142u, zapewniaj\u0105 swobod\u0119 ruch\u00f3w i dostosowuj\u0105 si\u0119 do potrzeb niemowl\u0119cia. Elastyczny pas gwarantuje, \u017ce szorty b\u0119d\u0105 dobrze trzyma\u0107 si\u0119 na miejscu, jednocze\u015bnie nie uciskaj\u0105c brzuszka malucha.<\/p>\n<h2><strong>Elegancki komplet dzieci\u0119cy na lato<\/strong><\/h2>\n<p>Ten komplet niemowl\u0119cy doskonale sprawdzi si\u0119 na r\u00f3\u017cne okazje, takie jak uroczysto\u015bci rodzinne, imprezy czy spotkania ze znajomymi. Tw\u00f3j maluszek b\u0119dzie prezentowa\u0107 si\u0119 niezwykle uroczo i stylowo, przyci\u0105gaj\u0105c spojrzenia wszystkich wok\u00f3\u0142.<\/p>\n<p>Komplet niemowl\u0119cy: koszulka z kamizelk\u0105 i szorty to nie tylko wygodne i funkcjonalne ubranie dla Twojego dziecka, ale r\u00f3wnie\u017c doskona\u0142a propozycja na prezent dla \u015bwie\u017co upieczonych rodzic\u00f3w. Zapewniaj\u0105c zar\u00f3wno wygod\u0119, jak i modny wygl\u0105d, ten komplet spe\u0142ni oczekiwania nawet najbardziej wymagaj\u0105cych klient\u00f3w.<\/p>\n<p>Sk\u0142ad: 100% bawe\u0142na<\/p>\n","protected":false},"excerpt":{"rendered":"<p data-pm-slice=\"1 1 []\">Uroczy komplet dla ma\u0142ych d\u017centelmen\u00f3w &#8211; komplet niemowl\u0119cy sk\u0142adaj\u0105cy si\u0119 z bia\u0142ej koszulki z szar\u0105 kamizelk\u0105 oraz muszk\u0105 i szarych szort\u00f3w. Zestawy ubranek zosta\u0142 uszyty z mi\u0119ciutkiej bawe\u0142ny, dzi\u0119ki czemu jest delikatny dla sk\u00f3ry dziecka oraz chroni dziecko przed przegrzaniem. Kamizelka zosta\u0142a doszyta do bluzeczki. Marynarski akcent dodaje ubranku letniego charakteru<\/p>\n<p>Komplety ubranek dost\u0119pne w czterech rozmiarach.<\/p>\n","protected":false},"featured_media":7500,"template":"","meta":[],"product_brand":[],"product_cat":[143,135,122,57],"product_tag":[118,145,155,153,352,162,359,355,154],"class_list":{"0":"post-19101","1":"product","2":"type-product","3":"status-publish","4":"has-post-thumbnail","6":"product_cat-eleganckie-ubranka-dla-chlopca","7":"product_cat-eleganckie-ubranka-dla-niemowlaka","8":"product_cat-komplet-niemowlecy","9":"product_cat-ubranka-niemowlece","10":"product_tag-bawelna","11":"product_tag-ubranka-dla-niemowlat-chlopca","12":"product_tag-eleganckie","13":"product_tag-komplet","14":"product_tag-komplety-niemowlece-dla-chlopca","15":"product_tag-lato","16":"product_tag-ubranka-dla-niemowlaka-chlopca-na-lato","17":"product_tag-letnie-ubranka-dla-niemowlat","18":"product_tag-szorty","19":"product_shipping_class-lekka","20":"pa_rozmiar-314","21":"pa_rozmiar-315","22":"pa_rozmiar-316","23":"pa_rozmiar-317","25":"first","26":"instock","27":"taxable","28":"shipping-taxable","29":"purchasable","30":"product-type-variable","31":"has-default-attributes","32":"wvs-archive-product-wrapper"},"_links":{"self":[{"href":"https:\/\/mama-niemowlaka.pl\/sklep\/wp-json\/wp\/v2\/product\/19101","targetHints":{"allow":["GET"]}}],"collection":[{"href":"https:\/\/mama-niemowlaka.pl\/sklep\/wp-json\/wp\/v2\/product"}],"about":[{"href":"https:\/\/mama-niemowlaka.pl\/sklep\/wp-json\/wp\/v2\/types\/product"}],"wp:featuredmedia":[{"embeddable":true,"href":"https:\/\/mama-niemowlaka.pl\/sklep\/wp-json\/wp\/v2\/media\/7500"}],"wp:attachment":[{"href":"https:\/\/mama-niemowlaka.pl\/sklep\/wp-json\/wp\/v2\/media?parent=19101"}],"wp:term":[{"taxonomy":"product_brand","embeddable":true,"href":"https:\/\/mama-niemowlaka.pl\/sklep\/wp-json\/wp\/v2\/product_brand?post=19101"},{"taxonomy":"product_cat","embeddable":true,"href":"https:\/\/mama-niemowlaka.pl\/sklep\/wp-json\/wp\/v2\/product_cat?post=19101"},{"taxonomy":"product_tag","embeddable":true,"href":"https:\/\/mama-niemowlaka.pl\/sklep\/wp-json\/wp\/v2\/product_tag?post=19101"}],"curies":[{"name":"wp","href":"https:\/\/api.w.org\/{rel}","templated":true}]}}