{"id":19141,"date":"2023-12-16T22:36:32","date_gmt":"2023-12-16T21:36:32","guid":{"rendered":"https:\/\/mama-niemowlaka.pl\/sklep\/?post_type=product&#038;p=19141"},"modified":"2026-04-02T19:08:20","modified_gmt":"2026-04-02T17:08:20","slug":"biala-sukienka-do-chrztu-62","status":"publish","type":"product","link":"https:\/\/mama-niemowlaka.pl\/sklep\/produkt\/ubranka-niemowlece\/sukieneczki-do-chrztu\/biala-sukienka-do-chrztu-62\/","title":{"rendered":"Sukienka do Chrztu &#8211; zestaw bia\u0142a sukienka, body, opaska i buciki"},"content":{"rendered":"<h2 data-pm-slice=\"1 1 []\"><strong>Bia\u0142y elegancki komplet do Chrztu dla dziewczynki: <\/strong><a href=\"https:\/\/mama-niemowlaka.pl\/sklep\/produkt\/ubranka-niemowlece\/sukieneczki-do-chrztu\/biala-sukienka-do-chrztu-62\/\" target=\"_blank\" rel=\"noopener\"><strong>bia\u0142a sukienka do Chrztu 62<\/strong><\/a><strong>-68, bia\u0142e body, buciki i opaska<\/strong><\/h2>\n<p data-pm-slice=\"1 1 []\">Oferujemy idealne ubranko do Chrztu w rozmiarze 62-68, kt\u00f3re jest doskona\u0142ym wyborem, je\u015bli szukasz eleganckiej sukienki do specjalnej okazji. W sk\u0142ad tego wysokiej jako\u015bci ubranka do Chrztu wchodzi:<\/p>\n<ul>\n<li><a href=\"https:\/\/mama-niemowlaka.pl\/sklep\/produkt\/ubranka-niemowlece\/sukieneczki-do-chrztu\/biala-sukienka-do-chrztu-62\/\" target=\"_blank\" rel=\"noopener\"><strong>bia\u0142a sukienka do Chrztu 62-68<\/strong><\/a><\/li>\n<li>bia\u0142e bawe\u0142niane <a href=\"https:\/\/mama-niemowlaka.pl\/sklep\/t\/body-z-dlugim-rekawem\/\" target=\"_blank\" rel=\"noopener\"><strong>body z d\u0142ugim r\u0119kawem<\/strong><\/a>,<\/li>\n<li>opaska, kt\u00f3ra idealnie pasuje do <a href=\"https:\/\/mama-niemowlaka.pl\/sklep\/c\/ubranka-niemowlece\/sukienki-dla-niemowlat\/\" target=\"_blank\" rel=\"noopener\"><strong>sukienki niemowl\u0119cej<\/strong><\/a><\/li>\n<li>buciki niechodki.<\/li>\n<\/ul>\n<p>Bia\u0142a elegancka sukienka do Chrztu dla ma\u0142ej ksi\u0119\u017cniczki zosta\u0142a starannie wykonana z najwy\u017cszej jako\u015bci materia\u0142\u00f3w, aby zapewni\u0107 wygod\u0119 i komfort Twojemu dziecku. Nasza <a href=\"https:\/\/mama-niemowlaka.pl\/sklep\/produkt\/ubranka-niemowlece\/sukieneczki-do-chrztu\/biala-sukienka-do-chrztu-62\/\" target=\"_blank\" rel=\"noopener\"><strong>bia\u0142a sukienka do Chrztu 62-68<\/strong><\/a> jest dost\u0119pna w klasycznym kolorze bia\u0142ym, kt\u00f3ry symbolizuje czysto\u015b\u0107 i niewinno\u015b\u0107. Dzi\u0119ki naszej tiulowej sukience, Twoja c\u00f3reczka b\u0119dzie wygl\u0105da\u0107 uroczo i elegancko podczas tego wa\u017cnego wydarzenia. <a href=\"https:\/\/mama-niemowlaka.pl\/sklep\/t\/biala-sukienka-dla-niemowlaka\/\" target=\"_blank\" rel=\"noopener\"><strong>Bia\u0142a sukienka do Chrztu<\/strong><\/a> jest starannie zaprojektowana, aby podkre\u015bli\u0107 delikatno\u015b\u0107 i uroczysto\u015b\u0107 tego momentu. Zestaw ubranek do Chrztu dla dziewczynki jest idealnym wyborem, je\u015bli szukasz czego\u015b eleganckiego, uroczego i jednocze\u015bnie praktycznego. Oferuje on wszystko, czego potrzebujesz, aby uczyni\u0107 ten wa\u017cny dzie\u0144 jeszcze bardziej wyj\u0105tkowym. Ubrania s\u0105 starannie wykonane z my\u015bl\u0105 o wygodzie Twojego dziecka, jednocze\u015bnie zachowuj\u0105c wysoki poziom stylu i elegancji.<\/p>\n<p data-pm-slice=\"1 1 []\">Wybieraj\u0105c nasz\u0105 <a href=\"https:\/\/mama-niemowlaka.pl\/sklep\/produkt\/ubranka-niemowlece\/sukieneczki-do-chrztu\/biala-sukienka-do-chrztu-62\/\" target=\"_blank\" rel=\"noopener\"><strong>bia\u0142\u0105 sukienk\u0119 do Chrztu 62-68<\/strong><\/a>, masz pewno\u015b\u0107, \u017ce Twoje dziecko b\u0119dzie wygl\u0105da\u0107 wyj\u0105tkowo i czu\u0107 si\u0119 wygodnie. Kup ju\u017c dzi\u015b t\u0105 elegancka sukienk\u0119 do Chrztu.<\/p>\n<h2 data-pm-slice=\"1 1 []\"><strong>Najlepszy wyb\u00f3r <\/strong><a href=\"https:\/\/mama-niemowlaka.pl\/sklep\/t\/ubranka-do-chrztu\/\" target=\"_blank\" rel=\"noopener\"><strong>ubranek do Chrztu<\/strong><\/a><strong> &#8211; <\/strong><a href=\"https:\/\/mama-niemowlaka.pl\/sklep\/c\/ubranka-niemowlece\/sukieneczki-do-chrztu\/\" target=\"_blank\" rel=\"noopener\"><strong>Sukieneczki do Chrztu<\/strong><\/a><strong> w sklepie <\/strong><a href=\"http:\/\/mama-niemowlaka.pl\"><strong>mama-niemowlaka.pl<\/strong><\/a><\/h2>\n<p data-pm-slice=\"1 1 []\">Je\u017celi poszukujesz wyj\u0105tkowego <a href=\"https:\/\/mama-niemowlaka.pl\/sklep\/t\/ubranka-do-chrztu\/\" target=\"_blank\" rel=\"noopener\"><strong>ubranka do Chrztu<\/strong><\/a>, gwarantujemy Ci \u017ce w naszym asortymencie znajdziesz kreacj\u0119, kt\u00f3ra spe\u0142ni Twoje oczekiwania. Sprawd\u017a nasza ofert\u0119 eleganckich ubranek dla niemowl\u0105t. Odkryj nasz\u0105 kolekcj\u0119 <a href=\"https:\/\/mama-niemowlaka.pl\/sklep\/c\/ubranka-niemowlece\/sukieneczki-do-chrztu\/\" target=\"_blank\" rel=\"noopener\"><strong>sukienek na Chrzest \u015awi\u0119ty<\/strong><\/a>. W naszej ofercie znajdziesz <a href=\"https:\/\/mama-niemowlaka.pl\/sklep\/\" rel=\" \">m.in<\/a>. <a href=\"https:\/\/mama-niemowlaka.pl\/sklep\/t\/biala-sukienka-dla-niemowlaka\/\" target=\"_blank\" rel=\"noopener\"><strong>bia\u0142e sukienki do Chrztu<\/strong><\/a>, tiulowe oraz koronkowe sukienki do Chrztu, a tak\u017ce kolorowe kreacje na Chrzest.<\/p>\n<p data-pm-slice=\"1 1 []\">Je\u015bli chodzi o wyb\u00f3r idealnego <a href=\"https:\/\/mama-niemowlaka.pl\/sklep\/t\/ubranka-do-chrztu\/\" target=\"_blank\" rel=\"noopener\"><strong>ubranka niemowl\u0119cego do Chrztu<\/strong><\/a> dla dziewczynki, na stronie <a href=\"https:\/\/mama-niemowlaka.pl\/sklep\/\" target=\"_blank\" rel=\"noopener\"><strong>mama-niemowlaka.pl<\/strong><\/a> znajdziesz szeroki wyb\u00f3r <a href=\"https:\/\/mama-niemowlaka.pl\/sklep\/c\/ubranka-niemowlece\/sukieneczki-do-chrztu\/\" target=\"_blank\" rel=\"noopener\"><strong>sukienek do Chrztu<\/strong><\/a>. Ale nie chodzi tylko o eleganckie sukienki do Chrztu, odpowiednie dodatki mog\u0105 przenie\u015b\u0107 kreacje dla dziewczynek na wy\u017cszy poziom. Wybieraj\u0105c dodatki do <a href=\"https:\/\/mama-niemowlaka.pl\/sklep\/c\/ubranka-niemowlece\/sukienki-dla-niemowlat\/\" target=\"_blank\" rel=\"noopener\"><strong>sukienki dla dziewczynek<\/strong><\/a>, rozwa\u017c dodanie pary <a href=\"https:\/\/mama-niemowlaka.pl\/sklep\/t\/rajstopy-niemowlece\/\" target=\"_blank\" rel=\"noopener\"><strong>rajstop niemowl\u0119cych<\/strong><\/a> lub <a href=\"https:\/\/mama-niemowlaka.pl\/sklep\/t\/skarpetki-niemowlece\/\" target=\"_blank\" rel=\"noopener\"><strong>skarpetek niemowl\u0119cych<\/strong><\/a>, aby zapewni\u0107 jej ma\u0142ym st\u00f3pkom ciep\u0142o i komfort. Urocze i wygodne <a href=\"https:\/\/mama-niemowlaka.pl\/sklep\/t\/skarpetki-niemowlece\/\" target=\"_blank\" rel=\"noopener\"><strong>skarpetki niemowl\u0119ce<\/strong><\/a> lub <a href=\"https:\/\/mama-niemowlaka.pl\/sklep\/t\/rajstopki-do-chrztu\/\" target=\"_blank\" rel=\"noopener\"><strong>rajstopki do Chrztu<\/strong><\/a> dope\u0142ni\u0105 ca\u0142o\u015bciowy wygl\u0105d, zapewniaj\u0105c jednocze\u015bnie dodatkowy komfort Twojemu male\u0144stwu.<\/p>\n","protected":false},"excerpt":{"rendered":"<p data-pm-slice=\"1 1 []\">Wygodne ubranko do Chrztu w rozmiarze 62-68, kt\u00f3re jest idealnym wyborem na specjaln\u0105 okazj\u0119. Sk\u0142ada si\u0119 ono z <a href=\"https:\/\/mama-niemowlaka.pl\/sklep\/produkt\/ubranka-niemowlece\/sukieneczki-do-chrztu\/biala-sukienka-do-chrztu-62\/\" target=\"_blank\" rel=\"noopener\"><strong>bia\u0142ej sukienki do Chrztu 62<\/strong><\/a> z opask\u0105, <a href=\"https:\/\/mama-niemowlaka.pl\/sklep\/t\/body-z-dlugim-rekawem\/\" target=\"_blank\" rel=\"noopener\"><strong>body z d\u0142ugim r\u0119kawem<\/strong><\/a> i bucik\u00f3w niechodk\u00f3w. <a href=\"https:\/\/mama-niemowlaka.pl\/sklep\/t\/ubranka-do-chrztu\/\" target=\"_blank\" rel=\"noopener\"><strong>Ubranko do Chrztu<\/strong><\/a> zosta\u0142o starannie wykonane z najwy\u017cszej jako\u015bci materia\u0142\u00f3w, zapewniaj\u0105c wygod\u0119 i komfort Twojemu dziecku. To doskona\u0142y spos\u00f3b, aby uczci\u0107 ten wa\u017cny moment w \u017cyciu Twojej c\u00f3reczki. Zam\u00f3w teraz i spraw, aby Tw\u00f3j dzie\u0144 Chrztu by\u0142 niezapomniany!<\/p>\n<p><a href=\"https:\/\/mama-niemowlaka.pl\/sklep\/t\/ubranka-do-chrztu\/\" target=\"_blank\" rel=\"noopener\"><strong>Komplet do Chrztu<\/strong><\/a> idealnie pasuje na dziewczynki w wieku 3-6 miesi\u0119cy.<\/p>\n<p>Sk\u0142ad: 50% bawe\u0142na, 50% poliester.<\/p>\n","protected":false},"featured_media":20675,"template":"","meta":[],"product_brand":[],"product_cat":[163,144,135,126,57],"product_tag":[214,170,171,125,152,153,340,156,344,158],"class_list":{"0":"post-19141","1":"product","2":"type-product","3":"status-publish","4":"has-post-thumbnail","6":"product_cat-sukieneczki-do-chrztu","7":"product_cat-eleganckie-sukienki-dla-niemowlat","8":"product_cat-eleganckie-ubranka-dla-niemowlaka","9":"product_cat-sukienki-dla-niemowlat","10":"product_cat-ubranka-niemowlece","11":"product_tag-bestseller","12":"product_tag-biala-sukienka-dla-niemowlaka","13":"product_tag-buciki","14":"product_tag-ubranka-do-chrztu","15":"product_tag-ubranka-dla-niemowlat-dziewczynek","16":"product_tag-komplet","17":"product_tag-sukieneczka-na-chrzciny","18":"product_tag-sukienka","19":"product_tag-ubranka-do-chrztu-dla-dziewczynki","20":"product_tag-zestaw","21":"product_shipping_class-duza","23":"first","24":"instock","25":"sold-individually","26":"taxable","27":"shipping-taxable","28":"purchasable","29":"product-type-simple"},"_links":{"self":[{"href":"https:\/\/mama-niemowlaka.pl\/sklep\/wp-json\/wp\/v2\/product\/19141","targetHints":{"allow":["GET"]}}],"collection":[{"href":"https:\/\/mama-niemowlaka.pl\/sklep\/wp-json\/wp\/v2\/product"}],"about":[{"href":"https:\/\/mama-niemowlaka.pl\/sklep\/wp-json\/wp\/v2\/types\/product"}],"wp:featuredmedia":[{"embeddable":true,"href":"https:\/\/mama-niemowlaka.pl\/sklep\/wp-json\/wp\/v2\/media\/20675"}],"wp:attachment":[{"href":"https:\/\/mama-niemowlaka.pl\/sklep\/wp-json\/wp\/v2\/media?parent=19141"}],"wp:term":[{"taxonomy":"product_brand","embeddable":true,"href":"https:\/\/mama-niemowlaka.pl\/sklep\/wp-json\/wp\/v2\/product_brand?post=19141"},{"taxonomy":"product_cat","embeddable":true,"href":"https:\/\/mama-niemowlaka.pl\/sklep\/wp-json\/wp\/v2\/product_cat?post=19141"},{"taxonomy":"product_tag","embeddable":true,"href":"https:\/\/mama-niemowlaka.pl\/sklep\/wp-json\/wp\/v2\/product_tag?post=19141"}],"curies":[{"name":"wp","href":"https:\/\/api.w.org\/{rel}","templated":true}]}}