{"id":19142,"date":"2024-05-08T22:38:56","date_gmt":"2024-05-08T20:38:56","guid":{"rendered":"https:\/\/mama-niemowlaka.pl\/sklep\/?post_type=product&#038;p=19142"},"modified":"2026-03-29T15:12:53","modified_gmt":"2026-03-29T13:12:53","slug":"biala-sukienka-niemowleca-do-chrztu-z-dlugim-rekawem-z-opaska","status":"publish","type":"product","link":"https:\/\/mama-niemowlaka.pl\/sklep\/produkt\/ubranka-niemowlece\/sukieneczki-do-chrztu\/biala-sukienka-niemowleca-do-chrztu-z-dlugim-rekawem-z-opaska\/","title":{"rendered":"Sukienka do Chrztu z d\u0142ugim r\u0119kawem i opask\u0105"},"content":{"rendered":"<div>\n<h2 data-pm-slice=\"1 1 []\"><strong>Najpi\u0119kniejsza bia\u0142a sukienka niemowl\u0119ca na Chrzest \u015awi\u0119ty<\/strong><\/h2>\n<p>Sukieneczka do Chrztu dla niemowlaka to wyj\u0105tkowy wyb\u00f3r dla Twojej ma\u0142ej ksi\u0119\u017cniczki w tym szczeg\u00f3lnym dniu. Ta bia\u0142a sukienka niemowl\u0119ca z d\u0142ugim r\u0119kawem \u0142\u0105czy w sobie elegancj\u0119 i komfort, co sprawia, \u017ce b\u0119dzie idealna na ceremoni\u0119 Chrztu.<\/p>\n<p>Sukienka wykonana jest z wysokiej jako\u015bci materia\u0142\u00f3w \u2013 d\u00f3\u0142 z delikatnego tiulu dodaje jej lekko\u015bci, a g\u00f3ra z przyjemnej w dotyku bawe\u0142ny zapewnia wygod\u0119. W komplecie znajduje si\u0119 urocza opaska na g\u0142ow\u0119, kt\u00f3ra dope\u0142ni ca\u0142o\u015bci stylizacji. Praktyczne zapi\u0119cie na bezniklowe napy z ty\u0142u sprawia, \u017ce zak\u0142adanie sukienki jest szybkie i \u0142atwe, co jest niezwykle wa\u017cne podczas ubierania najm\u0142odszych.<\/p>\n<p>Prosta, a zarazem elegancka forma sukieneczki sprawi, \u017ce Twoje dziecko b\u0119dzie wygl\u0105da\u0107 wyj\u0105tkowo podczas Chrztu. Wybierz sukienk\u0119, kt\u00f3ra podkre\u015bli magi\u0119 tej chwili i sprawi, \u017ce b\u0119dzie ona niezapomniana!<\/p>\n<p><strong>W naszym sklepie internetowym znajdziesz wyj\u0105tkowe ubranka dla niemowl\u0105t w tym sukienki dla niemowl\u0105t. Sprawd\u017a nasz\u0105 ofert\u0119 <a href=\"https:\/\/mama-niemowlaka.pl\/sklep\/c\/ubranka\/sukienki\/\" target=\"_blank\" rel=\"noopener noreferrer\">sukienek<\/a><a href=\"https:\/\/mama-niemowlaka.pl\/sklep\/c\/ubranka\/sukienki\/\" target=\"_blank\" rel=\"noopener noreferrer\"> dla niemowl\u0105t.<\/a><\/strong><\/p>\n<\/div>\n","protected":false},"excerpt":{"rendered":"<p>Sukieneczka do Chrztu dla niemowlaka to idealny wyb\u00f3r na t\u0119 wyj\u0105tkow\u0105 okazj\u0119. Bia\u0142a sukienka niemowl\u0119ca z d\u0142ugim r\u0119kawem \u0142\u0105czy w sobie elegancj\u0119 i komfort. Wykonana z wysokiej jako\u015bci materia\u0142\u00f3w, g\u00f3ra sukienki jest z przyjemnej w dotyku bawe\u0142ny, a d\u00f3\u0142 zdobi delikatny tiul, kt\u00f3ry dodaje jej lekko\u015bci i uroku. W komplecie znajduje si\u0119 urocza opaska na g\u0142ow\u0119, kt\u00f3ra dope\u0142nia ca\u0142o\u015b\u0107 stylizacji.<\/p>\n<p>Sukienka do Chrztu z d\u0142ugim r\u0119kawem dost\u0119pna jest w czerech rozmiarach.<\/p>\n<p>Sk\u0142ad: 50% bawe\u0142na, 50% poliester.<\/p>\n","protected":false},"featured_media":20669,"template":"","meta":[],"product_brand":[],"product_cat":[163,144,135,126,57],"product_tag":[170,125,152,180,340,156,344],"class_list":{"0":"post-19142","1":"product","2":"type-product","3":"status-publish","4":"has-post-thumbnail","6":"product_cat-sukieneczki-do-chrztu","7":"product_cat-eleganckie-sukienki-dla-niemowlat","8":"product_cat-eleganckie-ubranka-dla-niemowlaka","9":"product_cat-sukienki-dla-niemowlat","10":"product_cat-ubranka-niemowlece","11":"product_tag-biala-sukienka-dla-niemowlaka","12":"product_tag-ubranka-do-chrztu","13":"product_tag-ubranka-dla-niemowlat-dziewczynek","14":"product_tag-nowosc","15":"product_tag-sukieneczka-na-chrzciny","16":"product_tag-sukienka","17":"product_tag-ubranka-do-chrztu-dla-dziewczynki","18":"product_shipping_class-duza","19":"pa_rozmiar-313","20":"pa_rozmiar-314","21":"pa_rozmiar-315","22":"pa_rozmiar-316","24":"first","25":"instock","26":"taxable","27":"shipping-taxable","28":"purchasable","29":"product-type-variable","30":"has-default-attributes","31":"wvs-archive-product-wrapper"},"_links":{"self":[{"href":"https:\/\/mama-niemowlaka.pl\/sklep\/wp-json\/wp\/v2\/product\/19142","targetHints":{"allow":["GET"]}}],"collection":[{"href":"https:\/\/mama-niemowlaka.pl\/sklep\/wp-json\/wp\/v2\/product"}],"about":[{"href":"https:\/\/mama-niemowlaka.pl\/sklep\/wp-json\/wp\/v2\/types\/product"}],"wp:featuredmedia":[{"embeddable":true,"href":"https:\/\/mama-niemowlaka.pl\/sklep\/wp-json\/wp\/v2\/media\/20669"}],"wp:attachment":[{"href":"https:\/\/mama-niemowlaka.pl\/sklep\/wp-json\/wp\/v2\/media?parent=19142"}],"wp:term":[{"taxonomy":"product_brand","embeddable":true,"href":"https:\/\/mama-niemowlaka.pl\/sklep\/wp-json\/wp\/v2\/product_brand?post=19142"},{"taxonomy":"product_cat","embeddable":true,"href":"https:\/\/mama-niemowlaka.pl\/sklep\/wp-json\/wp\/v2\/product_cat?post=19142"},{"taxonomy":"product_tag","embeddable":true,"href":"https:\/\/mama-niemowlaka.pl\/sklep\/wp-json\/wp\/v2\/product_tag?post=19142"}],"curies":[{"name":"wp","href":"https:\/\/api.w.org\/{rel}","templated":true}]}}