{"id":19155,"date":"2024-05-08T23:11:49","date_gmt":"2024-05-08T21:11:49","guid":{"rendered":"https:\/\/mama-niemowlaka.pl\/sklep\/?post_type=product&#038;p=19155"},"modified":"2026-03-27T10:16:01","modified_gmt":"2026-03-27T09:16:01","slug":"biala-sukienka-niemowleca-bez-rekawow-z-kwiatkiem","status":"publish","type":"product","link":"https:\/\/mama-niemowlaka.pl\/sklep\/produkt\/ubranka-niemowlece\/sukieneczki-do-chrztu\/biala-sukienka-niemowleca-bez-rekawow-z-kwiatkiem\/","title":{"rendered":"Bia\u0142a sukienka niemowl\u0119ca bez r\u0119kaw\u00f3w z kwiatkiem"},"content":{"rendered":"<h2 data-pm-slice=\"1 1 []\"><strong>Idealna sukienka niemowl\u0119ca na letnie uroczysto\u015bci<\/strong><\/h2>\n<p>Urocza bia\u0142a sukienka niemowl\u0119ca z koronki bez r\u0119kaw\u00f3w jest doskona\u0142ym wyborem na letnie uroczysto\u015bci. Jej odcinany w pasie fason nadaje sukience elegancji, podkre\u015blaj\u0105c figury ma\u0142ych dziewczynek. Dolna cz\u0119\u015b\u0107 sukienki jest rozkloszowana, co dodaje lekko\u015bci i swobody ruchom, a g\u00f3rna cz\u0119\u015b\u0107 jest prosta, podkre\u015blaj\u0105c delikatn\u0105 sylwetk\u0119 niemowl\u0119cia.<\/p>\n<h2><strong>Elegancka sukienka niemowl\u0119ca<\/strong><\/h2>\n<p>Sukienka wykonana jest z wysokiej jako\u015bci materia\u0142\u00f3w, a koronkowe detale nadaj\u0105 jej delikatno\u015bci i uroku. Do\u0142\u0105czony ozdobny kwiatek dodaje sukience jeszcze wi\u0119kszego uroku i sprawia, \u017ce jest jeszcze bardziej dziewcz\u0119ca.<\/p>\n<p>Sukienka dost\u0119pna jest w czterech rozmiarach: 74, 80, 86 i 92, zapewniaj\u0105c doskona\u0142e dopasowanie do potrzeb rosn\u0105cego maluszka. Bez wzgl\u0119du na to, czy jest to uroczysto\u015b\u0107 chrztu, \u015blub czy inna letnia okazja, ta bia\u0142a sukienka niemowl\u0119ca z koronki bez r\u0119kaw\u00f3w zapewnia wygod\u0119, elegancj\u0119 i niezwyk\u0142y uroczy wygl\u0105d dla ma\u0142ych dziewczynek.<\/p>\n<p>Dodaj magii do garderoby Twojego dziecka &#8211; kup ju\u017c dzi\u015b.<\/p>\n<p>Sk\u0142ad: 50% bawe\u0142na, 50% poliester<\/p>\n","protected":false},"excerpt":{"rendered":"<p data-pm-slice=\"1 1 []\">Szukasz sukienki niemowl\u0119cej dla swojej pociechy na wyj\u0105tkowe okazje? Wyr\u00f3\u017cnij swoje dziecko na letnich uroczysto\u015bciach takich jak chrzest, wesele czy urodziny za pomoc\u0105 naszej bia\u0142ej sukienki niemowl\u0119cej. Sukienka nie posiada r\u0119kawk\u00f3w, dzi\u0119ki czemu idealnie sprawdzi si\u0119 w upalne dni. Delikatno\u015b\u0107 koronki, odcinany pas i rozkloszowany d\u00f3\u0142 sprawi\u0105, \u017ce Twoja ma\u0142a ksi\u0119\u017cniczka b\u0119dzie b\u0142yszcze\u0107 na ka\u017cdej okazji.<\/p>\n<p>Bia\u0142a sukienka niemowl\u0119ca bez r\u0119kaw\u00f3w dost\u0119pna jest w czterech rozmiarach.<\/p>\n","protected":false},"featured_media":20670,"template":"","meta":[],"product_brand":[],"product_cat":[163,144,135,126,57],"product_tag":[170,125,152,155,153,355,340,156,344],"class_list":{"0":"post-19155","1":"product","2":"type-product","3":"status-publish","4":"has-post-thumbnail","6":"product_cat-sukieneczki-do-chrztu","7":"product_cat-eleganckie-sukienki-dla-niemowlat","8":"product_cat-eleganckie-ubranka-dla-niemowlaka","9":"product_cat-sukienki-dla-niemowlat","10":"product_cat-ubranka-niemowlece","11":"product_tag-biala-sukienka-dla-niemowlaka","12":"product_tag-ubranka-do-chrztu","13":"product_tag-ubranka-dla-niemowlat-dziewczynek","14":"product_tag-eleganckie","15":"product_tag-komplet","16":"product_tag-letnie-ubranka-dla-niemowlat","17":"product_tag-sukieneczka-na-chrzciny","18":"product_tag-sukienka","19":"product_tag-ubranka-do-chrztu-dla-dziewczynki","20":"product_shipping_class-duza","21":"pa_rozmiar-314","22":"pa_rozmiar-315","23":"pa_rozmiar-316","24":"pa_rozmiar-317","26":"first","27":"instock","28":"taxable","29":"shipping-taxable","30":"purchasable","31":"product-type-variable","32":"has-default-attributes","33":"wvs-archive-product-wrapper"},"_links":{"self":[{"href":"https:\/\/mama-niemowlaka.pl\/sklep\/wp-json\/wp\/v2\/product\/19155","targetHints":{"allow":["GET"]}}],"collection":[{"href":"https:\/\/mama-niemowlaka.pl\/sklep\/wp-json\/wp\/v2\/product"}],"about":[{"href":"https:\/\/mama-niemowlaka.pl\/sklep\/wp-json\/wp\/v2\/types\/product"}],"wp:featuredmedia":[{"embeddable":true,"href":"https:\/\/mama-niemowlaka.pl\/sklep\/wp-json\/wp\/v2\/media\/20670"}],"wp:attachment":[{"href":"https:\/\/mama-niemowlaka.pl\/sklep\/wp-json\/wp\/v2\/media?parent=19155"}],"wp:term":[{"taxonomy":"product_brand","embeddable":true,"href":"https:\/\/mama-niemowlaka.pl\/sklep\/wp-json\/wp\/v2\/product_brand?post=19155"},{"taxonomy":"product_cat","embeddable":true,"href":"https:\/\/mama-niemowlaka.pl\/sklep\/wp-json\/wp\/v2\/product_cat?post=19155"},{"taxonomy":"product_tag","embeddable":true,"href":"https:\/\/mama-niemowlaka.pl\/sklep\/wp-json\/wp\/v2\/product_tag?post=19155"}],"curies":[{"name":"wp","href":"https:\/\/api.w.org\/{rel}","templated":true}]}}