{"id":19167,"date":"2024-05-08T23:20:15","date_gmt":"2024-05-08T21:20:15","guid":{"rendered":"https:\/\/mama-niemowlaka.pl\/sklep\/?post_type=product&#038;p=19167"},"modified":"2026-03-27T01:43:00","modified_gmt":"2026-03-27T00:43:00","slug":"sukienka-do-chrztu-z-dlugim-rekawem-ecru","status":"publish","type":"product","link":"https:\/\/mama-niemowlaka.pl\/sklep\/produkt\/ubranka-niemowlece\/eleganckie-sukienki-dla-niemowlat\/sukienka-do-chrztu-z-dlugim-rekawem-ecru\/","title":{"rendered":"Sukienka do Chrztu z d\u0142ugim r\u0119kawem &#8211; ecru"},"content":{"rendered":"<h2><strong>Klasyczna\u00a0 Sukienka do Chrztu z d\u0142ugim r\u0119kawem w komplecie z opask\u0105.<\/strong><\/h2>\n<div>Ta sukienka do Chrztu z d\u0142ugim r\u0119kawem i opask\u0105 w komplecie to eleganckie ubranko dla dziewczynki w dniu Chrztu. Wykonana jest z mi\u0119kkiego i delikatnego tiulu, kt\u00f3ry sprawia, \u017ce sukienka jest wyj\u0105tkowo delikatna i przyjemna w dotyku.<\/div>\n<div><\/div>\n<div>D\u0142ugi r\u0119kaw dodaje sukience eleganckiego wygl\u0105du i subtelnie zas\u0142ania ramiona dziecka. Sukienka jest ozdobiona pi\u0119knym kwiatkiem z przodu, a opaska dodaje uroku ca\u0142emu strojowi. Opaska posiada elastyczny pasek, dzi\u0119ki czemu mo\u017cna j\u0105 \u0142atwo dopasowa\u0107 do rozmiaru g\u0142owy dziecka.<\/div>\n<div><\/div>\n<h2><strong>Wybieraj\u0105c sukienk\u0119 na Chrzest warto postawi\u0107 na klasyczne sukienki.<\/strong><\/h2>\n<div>Kolor ecru, w jakim jest wykonana sukienka, symbolizuje czysto\u015b\u0107 i niewinno\u015b\u0107, co idealnie pasuje do wyj\u0105tkowego momentu, jakim jest Chrzest \u015awi\u0119ty dziecka. Sukienka ta to r\u00f3wnie\u017c doskona\u0142y wyb\u00f3r na inne uroczysto\u015bci, takie jak \u015blub, komunia czy wesele.<\/div>\n<div><\/div>\n<div>Korzy\u015bci\u0105 z zakupu tej klasycznej sukienki jest przede wszystkim fakt, \u017ce jest to wyj\u0105tkowy i elegancki str\u00f3j, kt\u00f3ry podkre\u015bli wa\u017cno\u015b\u0107 i wyj\u0105tkowo\u015b\u0107 chwili, jakim jest moment udzielania Chrztu \u015awi\u0119tego. Sukienka ta jest wykonana z wysokiej jako\u015bci materia\u0142\u00f3w, co gwarantuje jej trwa\u0142o\u015b\u0107 i odporno\u015b\u0107 na uszkodzenia.<\/div>\n<div><\/div>\n<div>Zestaw dla dziewczynki sukienka i opaska to idealny wyb\u00f3r dla ka\u017cdej rodziny, kt\u00f3ra pragnie uczyni\u0107 Chrzest \u015awi\u0119ty swojego dziecka wyj\u0105tkowym i niezapomnianym wydarzeniem. Klasyczny design, wysoka jako\u015b\u0107 wykonania i elegancki wygl\u0105d to tylko niekt\u00f3re z zalet, kt\u00f3re przemawiaj\u0105 za zakupem tego produktu.<\/div>\n<div><\/div>\n<div><\/div>\n<h3><strong>W naszym sklepie internetowym znajdziesz wyj\u0105tkowe ubranka dla niemowl\u0105t. Sprawd\u017a nasz\u0105 ofert\u0119 <a href=\"https:\/\/mama-niemowlaka.pl\/sklep\/c\/ubranka\/sukienki\/\" target=\"_blank\" rel=\"noopener noreferrer\">sukienek<\/a><a href=\"https:\/\/mama-niemowlaka.pl\/sklep\/c\/ubranka\/sukienki\/\" target=\"_blank\" rel=\"noopener noreferrer\"> dla niemowl\u0105t.<\/a><\/strong><\/h3>\n","protected":false},"excerpt":{"rendered":"<h2><strong>Klasyczna\u00a0 Sukienka do Chrztu z d\u0142ugim r\u0119kawem w komplecie z opask\u0105.<\/strong><\/h2>\n<div>Ta Sukienka do Chrztu z d\u0142ugim r\u0119kawem i opask\u0105 w komplecie to eleganckie ubranko dla dziewczynki w dniu Chrztu. Wykonana jest z mi\u0119kkiego i delikatnego tiulu, kt\u00f3ry sprawia, \u017ce sukienka jest wyj\u0105tkowo delikatna i przyjemna w dotyku.<\/div>\n<div><\/div>\n<div>D\u0142ugi r\u0119kaw dodaje sukience eleganckiego wygl\u0105du i subtelnie zas\u0142ania ramiona dziecka. Sukienka jest ozdobiona pi\u0119knym kwiatkiem z przodu, a opaska dodaje uroku ca\u0142emu strojowi. Opaska posiada elastyczny pasek, dzi\u0119ki czemu mo\u017cna j\u0105 \u0142atwo dopasowa\u0107 do rozmiaru g\u0142owy dziecka.<\/div>\n<div><\/div>\n<h2><strong>Wybieraj\u0105c sukienk\u0119 na Chrzest warto postawi\u0107 na klasyczne sukienki.<\/strong><\/h2>\n<div>Kolor ecru, w jakim jest wykonana sukienka, symbolizuje czysto\u015b\u0107 i niewinno\u015b\u0107, co idealnie pasuje do wyj\u0105tkowego momentu, jakim jest Chrzest \u015awi\u0119ty dziecka. Sukienka ta to r\u00f3wnie\u017c doskona\u0142y wyb\u00f3r na inne uroczysto\u015bci, takie jak \u015blub, komunia czy wesele.<\/div>\n<div><\/div>\n<div>Korzy\u015bci\u0105 z zakupu tej klasycznej sukienki jest przede wszystkim fakt, \u017ce jest to wyj\u0105tkowy i elegancki str\u00f3j, kt\u00f3ry podkre\u015bli wa\u017cno\u015b\u0107 i wyj\u0105tkowo\u015b\u0107 chwili, jakim jest moment udzielania Chrztu \u015awi\u0119tego. Sukienka ta jest wykonana z wysokiej jako\u015bci materia\u0142\u00f3w, co gwarantuje jej trwa\u0142o\u015b\u0107 i odporno\u015b\u0107 na uszkodzenia.<\/div>\n<div><\/div>\n<div>Zestaw dla dziewczynki sukienka i opaska to idealny wyb\u00f3r dla ka\u017cdej rodziny, kt\u00f3ra pragnie uczyni\u0107 Chrzest \u015awi\u0119ty swojego dziecka wyj\u0105tkowym i niezapomnianym wydarzeniem. Klasyczny design, wysoka jako\u015b\u0107 wykonania i elegancki wygl\u0105d to tylko niekt\u00f3re z zalet, kt\u00f3re przemawiaj\u0105 za zakupem tego produktu.<\/div>\n<h3><strong>W naszym sklepie internetowym znajdziesz wyj\u0105tkowe ubranka dla niemowl\u0105t. Sprawd\u017a nasz\u0105 ofert\u0119 <a href=\"https:\/\/mama-niemowlaka.pl\/sklep\/c\/ubranka\/sukienki\/\" target=\"_blank\" rel=\"noopener noreferrer\">sukienek<\/a><a href=\"https:\/\/mama-niemowlaka.pl\/sklep\/c\/ubranka\/sukienki\/\" target=\"_blank\" rel=\"noopener noreferrer\"> dla niemowl\u0105t.<\/a><\/strong><\/h3>\n","protected":false},"featured_media":20671,"template":"","meta":[],"product_brand":[],"product_cat":[144,135,163,126,57],"product_tag":[170,125,152,340,156,344],"class_list":{"0":"post-19167","1":"product","2":"type-product","3":"status-publish","4":"has-post-thumbnail","6":"product_cat-eleganckie-sukienki-dla-niemowlat","7":"product_cat-eleganckie-ubranka-dla-niemowlaka","8":"product_cat-sukieneczki-do-chrztu","9":"product_cat-sukienki-dla-niemowlat","10":"product_cat-ubranka-niemowlece","11":"product_tag-biala-sukienka-dla-niemowlaka","12":"product_tag-ubranka-do-chrztu","13":"product_tag-ubranka-dla-niemowlat-dziewczynek","14":"product_tag-sukieneczka-na-chrzciny","15":"product_tag-sukienka","16":"product_tag-ubranka-do-chrztu-dla-dziewczynki","17":"product_shipping_class-duza","18":"pa_rozmiar-313","19":"pa_rozmiar-314","20":"pa_rozmiar-315","21":"pa_rozmiar-316","23":"first","24":"instock","25":"taxable","26":"shipping-taxable","27":"purchasable","28":"product-type-variable","29":"has-default-attributes","30":"wvs-archive-product-wrapper"},"_links":{"self":[{"href":"https:\/\/mama-niemowlaka.pl\/sklep\/wp-json\/wp\/v2\/product\/19167","targetHints":{"allow":["GET"]}}],"collection":[{"href":"https:\/\/mama-niemowlaka.pl\/sklep\/wp-json\/wp\/v2\/product"}],"about":[{"href":"https:\/\/mama-niemowlaka.pl\/sklep\/wp-json\/wp\/v2\/types\/product"}],"wp:featuredmedia":[{"embeddable":true,"href":"https:\/\/mama-niemowlaka.pl\/sklep\/wp-json\/wp\/v2\/media\/20671"}],"wp:attachment":[{"href":"https:\/\/mama-niemowlaka.pl\/sklep\/wp-json\/wp\/v2\/media?parent=19167"}],"wp:term":[{"taxonomy":"product_brand","embeddable":true,"href":"https:\/\/mama-niemowlaka.pl\/sklep\/wp-json\/wp\/v2\/product_brand?post=19167"},{"taxonomy":"product_cat","embeddable":true,"href":"https:\/\/mama-niemowlaka.pl\/sklep\/wp-json\/wp\/v2\/product_cat?post=19167"},{"taxonomy":"product_tag","embeddable":true,"href":"https:\/\/mama-niemowlaka.pl\/sklep\/wp-json\/wp\/v2\/product_tag?post=19167"}],"curies":[{"name":"wp","href":"https:\/\/api.w.org\/{rel}","templated":true}]}}