{"id":19204,"date":"2023-12-09T13:23:08","date_gmt":"2023-12-09T12:23:08","guid":{"rendered":"https:\/\/mama-niemowlaka.pl\/sklep\/?post_type=product&#038;p=19204"},"modified":"2025-12-17T00:31:37","modified_gmt":"2025-12-16T23:31:37","slug":"spodnie-niemowlece-bawelniane-rozowe-dziewczece-2","status":"publish","type":"product","link":"https:\/\/mama-niemowlaka.pl\/sklep\/produkt\/ubranka-niemowlece\/polspiochy\/spodnie-niemowlece-bawelniane-rozowe-dziewczece-2\/","title":{"rendered":"Spodnie niemowl\u0119ce bawe\u0142niane &#8211; r\u00f3\u017cowe"},"content":{"rendered":"<h2 data-pm-slice=\"1 1 []\"><strong>Spodnie dresowe to produkt, kt\u00f3rego potrzebuje ka\u017cdy niemowlak.<\/strong><\/h2>\n<p>Spodnie niemowl\u0119ce to produkt, kt\u00f3ry przyda Ci si\u0119 przez d\u0142ugi czas. Modny, r\u00f3\u017cowy kolor przypadnie do gustu wielu rodzicom, a wraz z <a href=\"https:\/\/mama-niemowlaka.pl\/sklep\/c\/ubranka\/body\/\" rel=\" \"><strong>body<\/strong><\/a> lub <a href=\"https:\/\/mama-niemowlaka.pl\/sklep\/produkt\/ubranka\/sweterki\/sweterek-dziewczecy\/\" rel=\" \"><strong>sweterkiem<\/strong><\/a> stworz\u0105 ubranko idealne. Spodnie wykonane s\u0105 z mi\u0119kkiej i przyjemnej w dotyku bawe\u0142ny, delikatnej dla wra\u017cliwej sk\u00f3ry niemowl\u0105t. Wysoka jako\u015b\u0107 materia\u0142u sprawia, \u017ce spodnie zawsze wygl\u0105daj\u0105 idealnie.<\/p>\n<h2>Dlaczego warto wybra\u0107 spodnie niemowl\u0119ce?<\/h2>\n<p>Z pewno\u015bci\u0105 zastanawiasz si\u0119, dlaczego spodnie niemowl\u0119ce s\u0105 dla Ciebie i Twojego dziecka najlepszym wyborem. Nasz produkt jest wygodny, mi\u0119kki i przede wszystkim praktyczny. Dzi\u0119ki temu, \u017ce spodnie posiadaj\u0105 w pasie mi\u0119kk\u0105 gum\u0119, \u0142atwo si\u0119 je zak\u0142ada i zdejmuje, co u\u0142atwia codzienne czynno\u015bci zwi\u0105zane z piel\u0119gnacj\u0105 dziecka. Dodatkowo spodnie maj\u0105 nogawki zako\u0144czone mi\u0119kkim \u015bci\u0105gaczem dzi\u0119ki czemu dziecko posiada komfort noszenia. Twoje dziecko w tych spodniach b\u0119dzie czu\u0142o si\u0119 wygodnie i swobodnie, co jest szczeg\u00f3lnie wa\u017cne w pierwszych miesi\u0105cach \u017cycia. Dodatkowo, nasz produkt jest bardzo praktyczny i \u0142atwy w piel\u0119gnacji. R\u00f3\u017cowy kolor spodni niemowl\u0119cych to idealny wyb\u00f3r dla dziewczynek, kt\u00f3re uwielbiaj\u0105 ciep\u0142e kolory. Spodnie idealne na spacer jak i na co dzie\u0144.<\/p>\n<h2>Jakie powinny by\u0107 idealne spodnie dla niemowlaka?<\/h2>\n<p>Spodnie niemowl\u0119ce s\u0105 wykonane z przyjemnej w dotyku bawe\u0142ny, kt\u00f3ra zapewni Twojemu dziecku maksymalny komfort i wygod\u0119. Bawe\u0142na gwarantuje wygod\u0119 oraz odpowiedni\u0105 termoregulacj\u0119. Wysoka jako\u015b\u0107 materia\u0142u sprawia, \u017ce nie mechac\u0105 si\u0119 oraz trac\u0105 kszta\u0142tu po praniu. Nie musisz ju\u017c d\u0142u\u017cej obawia\u0107 si\u0119, \u017ce Twoje dziecko b\u0119dzie czu\u0142o si\u0119 nieswojo w swoim ubraniu &#8211; nasz produkt gwarantuje maksymaln\u0105 swobod\u0119 i nie kr\u0119puje ruch\u00f3w dziecka. Spodnie niemowl\u0119ce s\u0105 idealne na ka\u017cd\u0105 okazj\u0119. Nadadz\u0105 si\u0119 zar\u00f3wno na spacery, jak i do domu, czy nawet na wizyt\u0119 u babci. Dzi\u0119ki temu, \u017ce s\u0105 w kolorze r\u00f3\u017cowym, z \u0142atwo\u015bci\u0105 skomponujesz z nimi r\u00f3\u017cne stylizacje dla swojej c\u00f3reczki.<\/p>\n<h2>Spodenki niemowl\u0119ce dziewcz\u0119ce<\/h2>\n<p>Je\u015bli szukasz spodni dla swojego dziecka, kt\u00f3re b\u0119d\u0105 zar\u00f3wno wygodne, jak i praktyczne, to spodnie niemowl\u0119ce to najlepszy wyb\u00f3r. Nie wahaj si\u0119 i ju\u017c dzi\u015b zam\u00f3w nasz produkt!<\/p>\n<h3>Spodnie dresowe niemowl\u0119ce dost\u0119pne s\u0105 r\u00f3wnie\u017c w innych kolorach. Sprawd\u017a dost\u0119pne opcje w sklepie <a href=\"https:\/\/mama-niemowlaka.pl\">mama-niemowlaka.pl<\/a> w kategorii <a href=\"https:\/\/mama-niemowlaka.pl\/sklep\/c\/ubranka\/spodnie\/\" rel=\" \">spodnie niemowl\u0119ce<\/a>. Ju\u017c dzi\u015b zam\u00f3w nasze ubranka niemowl\u0119ce.<\/h3>\n<p>Sk\u0142ad: 100% bawe\u0142na<\/p>\n","protected":false},"excerpt":{"rendered":"<p data-pm-slice=\"1 1 []\">R\u00f3\u017cowe spodnie niemowl\u0119ce z niezwykle mi\u0119kkiej bawe\u0142ny dla dziewczynki. Spodnie o klasycznym fasonie z urocz\u0105 kieszonk\u0105 na przodzie.<\/p>\n<p data-pm-slice=\"1 1 []\">Spodnie dresowe niemowl\u0119ce dost\u0119pne s\u0105 dw\u00f3ch wersjach kolorystycznych: <a href=\"https:\/\/mama-niemowlaka.pl\/sklep\/produkt\/ubranka\/spodnie\/spodnie-niemowlece-bawelniane-rozowe\/\"><strong>r\u00f3\u017cowe spodnie niemowl\u0119ce<\/strong><\/a> oraz <a href=\"https:\/\/mama-niemowlaka.pl\/sklep\/produkt\/ubranka\/spodnie\/spodnie-niemowlece-bawelniane-granatowe\/\"><strong>granatowe spodnie niemowl\u0119ce<\/strong>.<\/a><\/p>\n","protected":false},"featured_media":5204,"template":"","meta":[],"product_brand":[],"product_cat":[223,79,57],"product_tag":[118,152],"class_list":{"0":"post-19204","1":"product","2":"type-product","3":"status-publish","4":"has-post-thumbnail","6":"product_cat-polspiochy","7":"product_cat-spodnie-niemowlece","8":"product_cat-ubranka-niemowlece","9":"product_tag-bawelna","10":"product_tag-ubranka-dla-niemowlat-dziewczynek","11":"product_shipping_class-lekka","12":"pa_rozmiar-313","13":"pa_rozmiar-314","14":"pa_rozmiar-315","15":"pa_rozmiar-316","17":"first","18":"instock","19":"taxable","20":"shipping-taxable","21":"purchasable","22":"product-type-variable","23":"has-default-attributes","24":"wvs-archive-product-wrapper"},"_links":{"self":[{"href":"https:\/\/mama-niemowlaka.pl\/sklep\/wp-json\/wp\/v2\/product\/19204","targetHints":{"allow":["GET"]}}],"collection":[{"href":"https:\/\/mama-niemowlaka.pl\/sklep\/wp-json\/wp\/v2\/product"}],"about":[{"href":"https:\/\/mama-niemowlaka.pl\/sklep\/wp-json\/wp\/v2\/types\/product"}],"wp:featuredmedia":[{"embeddable":true,"href":"https:\/\/mama-niemowlaka.pl\/sklep\/wp-json\/wp\/v2\/media\/5204"}],"wp:attachment":[{"href":"https:\/\/mama-niemowlaka.pl\/sklep\/wp-json\/wp\/v2\/media?parent=19204"}],"wp:term":[{"taxonomy":"product_brand","embeddable":true,"href":"https:\/\/mama-niemowlaka.pl\/sklep\/wp-json\/wp\/v2\/product_brand?post=19204"},{"taxonomy":"product_cat","embeddable":true,"href":"https:\/\/mama-niemowlaka.pl\/sklep\/wp-json\/wp\/v2\/product_cat?post=19204"},{"taxonomy":"product_tag","embeddable":true,"href":"https:\/\/mama-niemowlaka.pl\/sklep\/wp-json\/wp\/v2\/product_tag?post=19204"}],"curies":[{"name":"wp","href":"https:\/\/api.w.org\/{rel}","templated":true}]}}