{"id":19212,"date":"2023-12-09T20:08:29","date_gmt":"2023-12-09T19:08:29","guid":{"rendered":"https:\/\/mama-niemowlaka.pl\/sklep\/?post_type=product&#038;p=19212"},"modified":"2025-12-09T21:43:23","modified_gmt":"2025-12-09T20:43:23","slug":"komplet-niemowlecy-dzianinowy-3-czesciowy","status":"publish","type":"product","link":"https:\/\/mama-niemowlaka.pl\/sklep\/produkt\/ubranka-niemowlece\/komplet-niemowlecy\/komplet-niemowlecy-dzianinowy-3-czesciowy\/","title":{"rendered":"Komplet dla niemowlaka 3-cz\u0119\u015bciowy &#8211; be\u017cowy"},"content":{"rendered":"<h2>Komplet dzianinowy dla niemowlaka 3-cz\u0119\u015bciowy<\/h2>\n<p>Komplet niemowl\u0119cy dzianinowy 3-cz\u0119\u015bciowy to idealny wyb\u00f3r dla rodzic\u00f3w poszukuj\u0105cych wygodnych, funkcjonalnych i stylowych ubranek dla swojego dziecka. Komplet sk\u0142ada si\u0119 z trzech element\u00f3w: sweterka, spodni oraz body, wykonanych z mi\u0119kkiej, przyjemnej w dotyku dzianiny.<\/p>\n<p>Przede wszystkim warto zwr\u00f3ci\u0107 uwag\u0119 na jako\u015b\u0107 materia\u0142\u00f3w, z kt\u00f3rych wykonany jest komplet. Dzianina jest nie tylko mi\u0119kka, ale r\u00f3wnie\u017c bezpieczna dla sk\u00f3ry delikatnej sk\u00f3ry dziecka, a jednocze\u015bnie wystarczaj\u0105co wytrzyma\u0142a, aby wytrzyma\u0107 codzienne u\u017cytkowanie i pranie. Dzi\u0119ki temu rodzice mog\u0105 mie\u0107 pewno\u015b\u0107, \u017ce ich dziecko b\u0119dzie czu\u0142o si\u0119 komfortowo i wygodnie w ubrankach, a jednocze\u015bnie ubrania b\u0119d\u0105 s\u0142u\u017cy\u0107 na d\u0142u\u017cej.<\/p>\n<p>Kolejnym atutem tego kompletnego niemowl\u0119cego jest jego uniwersalny design. Prosty, ale jednocze\u015bnie stylowy fason oraz neutralne kolory (be\u017cowy i bia\u0142y) pozwalaj\u0105 na swobodne \u0142\u0105czenie z innymi elementami garderoby i dodatkami, co umo\u017cliwia tworzenie r\u00f3\u017cnorodnych stylizacji dla dziecka. Odpowiedni dla ch\u0142opc\u00f3w i dziewczynek.<\/p>\n<p>Dodatkowo, trzy elementy zestawu pozwalaj\u0105 na wygodne i praktyczne ubieranie i zmienianie pieluchy dziecka, a mi\u0119kka i elastyczna dzianina nie kr\u0119puje ruch\u00f3w maluszka.<\/p>\n<p>Podsumowuj\u0105c, ten kompletny niemowl\u0119cy to idealna propozycja dla rodzic\u00f3w, kt\u00f3rzy poszukuj\u0105 praktycznych, wygodnych i stylowych ubranek dla swojego dziecka. Wysoka jako\u015b\u0107 materia\u0142\u00f3w i wykonania, uniwersalny design oraz funkcjonalno\u015b\u0107 to atuty, kt\u00f3re zadowol\u0105 zar\u00f3wno rodzic\u00f3w jak i Maluszka.<\/p>\n<p>Uroczy komplet niemowl\u0119cy w kolorze be\u017cowym wykonany ze 100% bawe\u0142ny. Zestaw jest odpowiedni zar\u00f3wno dla dziewczynek jak i ch\u0142opc\u00f3w.<\/p>\n<p>W sk\u0142ad zestawu niemowl\u0119cego wchodz\u0105:<\/p>\n<ul>\n<li>bawe\u0142niane body z d\u0142ugim r\u0119kawem i ko\u0142nierzykiem,<\/li>\n<li>pi\u0119kny kardigan z pomponami i bocznymi kieszeniami,<\/li>\n<li>wygodne dzianinowe spodenki na gumk\u0119.<\/li>\n<\/ul>\n<h3>Komplet niemowl\u0119cy dzianinowy dost\u0119pny jest w czterech rozmiarach.<\/h3>\n<h3><span style=\"font-weight: 400;\">Sk\u0142ad:<\/span><\/h3>\n<p><span style=\"font-weight: 400;\">100% bawe\u0142na<\/span><\/p>\n","protected":false},"excerpt":{"rendered":"<h2>Komplet dzianinowy dla niemowlaka 3-cz\u0119\u015bciowy<\/h2>\n<p>Komplet niemowl\u0119cy dzianinowy 3-cz\u0119\u015bciowy to idealny wyb\u00f3r dla rodzic\u00f3w poszukuj\u0105cych wygodnych, funkcjonalnych i stylowych ubranek dla swojego dziecka. Komplet sk\u0142ada si\u0119 z trzech element\u00f3w: sweterka, spodni oraz body, wykonanych z mi\u0119kkiej, przyjemnej w dotyku dzianiny.<\/p>\n<p>Przede wszystkim warto zwr\u00f3ci\u0107 uwag\u0119 na jako\u015b\u0107 materia\u0142\u00f3w, z kt\u00f3rych wykonany jest komplet. Dzianina jest nie tylko mi\u0119kka, ale r\u00f3wnie\u017c bezpieczna dla sk\u00f3ry delikatnej sk\u00f3ry dziecka, a jednocze\u015bnie wystarczaj\u0105co wytrzyma\u0142a, aby wytrzyma\u0107 codzienne u\u017cytkowanie i pranie. Dzi\u0119ki temu rodzice mog\u0105 mie\u0107 pewno\u015b\u0107, \u017ce ich dziecko b\u0119dzie czu\u0142o si\u0119 komfortowo i wygodnie w ubrankach, a jednocze\u015bnie ubrania b\u0119d\u0105 s\u0142u\u017cy\u0107 na d\u0142u\u017cej.<\/p>\n<p>Kolejnym atutem tego kompletnego niemowl\u0119cego jest jego uniwersalny design. Prosty, ale jednocze\u015bnie stylowy fason oraz neutralne kolory (be\u017cowy i bia\u0142y) pozwalaj\u0105 na swobodne \u0142\u0105czenie z innymi elementami garderoby i dodatkami, co umo\u017cliwia tworzenie r\u00f3\u017cnorodnych stylizacji dla dziecka. Odpowiedni dla ch\u0142opc\u00f3w i dziewczynek.<\/p>\n<p>Dodatkowo, trzy elementy zestawu pozwalaj\u0105 na wygodne i praktyczne ubieranie i zmienianie pieluchy dziecka, a mi\u0119kka i elastyczna dzianina nie kr\u0119puje ruch\u00f3w maluszka.<\/p>\n<p>Podsumowuj\u0105c, ten kompletny niemowl\u0119cy to idealna propozycja dla rodzic\u00f3w, kt\u00f3rzy poszukuj\u0105 praktycznych, wygodnych i stylowych ubranek dla swojego dziecka. Wysoka jako\u015b\u0107 materia\u0142\u00f3w i wykonania, uniwersalny design oraz funkcjonalno\u015b\u0107 to atuty, kt\u00f3re zadowol\u0105 zar\u00f3wno rodzic\u00f3w jak i Maluszka.<\/p>\n<p>Uroczy komplet niemowl\u0119cy w kolorze be\u017cowym wykonany ze 100% bawe\u0142ny. Zestaw jest odpowiedni zar\u00f3wno dla dziewczynek jak i ch\u0142opc\u00f3w.<\/p>\n<p>W sk\u0142ad zestawu niemowl\u0119cego wchodz\u0105:<\/p>\n<ul>\n<li>bawe\u0142niane body z d\u0142ugim r\u0119kawem i ko\u0142nierzykiem,<\/li>\n<li>pi\u0119kny kardigan z pomponami i bocznymi kieszeniami,<\/li>\n<li>wygodne dzianinowe spodenki na gumk\u0119.<\/li>\n<\/ul>\n<h3>Komplet niemowl\u0119cy dzianinowy dost\u0119pny jest w czterech rozmiarach.<\/h3>\n<h3><span style=\"font-weight: 400;\">Sk\u0142ad:<\/span><\/h3>\n<p><span style=\"font-weight: 400;\">100% bawe\u0142na<\/span><\/p>\n","protected":false},"featured_media":5129,"template":"","meta":[],"product_brand":[],"product_cat":[122,57],"product_tag":[161,252,247,145,152,248,352,351,228],"class_list":{"0":"post-19212","1":"product","2":"type-product","3":"status-publish","4":"has-post-thumbnail","6":"product_cat-komplet-niemowlecy","7":"product_cat-ubranka-niemowlece","8":"product_tag-body-dla-niemowlat","9":"product_tag-body-dla-noworodka","10":"product_tag-body-z-dlugim-rekawem","11":"product_tag-ubranka-dla-niemowlat-chlopca","12":"product_tag-ubranka-dla-niemowlat-dziewczynek","13":"product_tag-eleganckie-body","14":"product_tag-komplety-niemowlece-dla-chlopca","15":"product_tag-komplety-niemowlece-dla-dziewczynki","16":"product_tag-promocje","17":"product_shipping_class-duza","18":"pa_rozmiar-312","19":"pa_rozmiar-313","20":"pa_rozmiar-314","21":"pa_rozmiar-315","23":"first","24":"instock","25":"sale","26":"taxable","27":"shipping-taxable","28":"purchasable","29":"product-type-variable","30":"has-default-attributes","31":"wvs-archive-product-wrapper"},"_links":{"self":[{"href":"https:\/\/mama-niemowlaka.pl\/sklep\/wp-json\/wp\/v2\/product\/19212","targetHints":{"allow":["GET"]}}],"collection":[{"href":"https:\/\/mama-niemowlaka.pl\/sklep\/wp-json\/wp\/v2\/product"}],"about":[{"href":"https:\/\/mama-niemowlaka.pl\/sklep\/wp-json\/wp\/v2\/types\/product"}],"wp:featuredmedia":[{"embeddable":true,"href":"https:\/\/mama-niemowlaka.pl\/sklep\/wp-json\/wp\/v2\/media\/5129"}],"wp:attachment":[{"href":"https:\/\/mama-niemowlaka.pl\/sklep\/wp-json\/wp\/v2\/media?parent=19212"}],"wp:term":[{"taxonomy":"product_brand","embeddable":true,"href":"https:\/\/mama-niemowlaka.pl\/sklep\/wp-json\/wp\/v2\/product_brand?post=19212"},{"taxonomy":"product_cat","embeddable":true,"href":"https:\/\/mama-niemowlaka.pl\/sklep\/wp-json\/wp\/v2\/product_cat?post=19212"},{"taxonomy":"product_tag","embeddable":true,"href":"https:\/\/mama-niemowlaka.pl\/sklep\/wp-json\/wp\/v2\/product_tag?post=19212"}],"curies":[{"name":"wp","href":"https:\/\/api.w.org\/{rel}","templated":true}]}}