{"id":19222,"date":"2021-12-09T21:47:44","date_gmt":"2021-12-09T20:47:44","guid":{"rendered":"https:\/\/mama-niemowlaka.pl\/sklep\/?post_type=product&#038;p=19222"},"modified":"2026-03-13T15:34:21","modified_gmt":"2026-03-13T14:34:21","slug":"okrycie-kapielowe-bambusowe-lamowka-rozowa","status":"publish","type":"product","link":"https:\/\/mama-niemowlaka.pl\/sklep\/produkt\/pielegnacja\/akcesoria\/okrycie-kapielowe-bambusowe-lamowka-rozowa\/","title":{"rendered":"Okrycie k\u0105pielowe bambusowe z r\u00f3\u017cow\u0105 lam\u00f3wk\u0105"},"content":{"rendered":"<h2>Okrycie k\u0105pielowe z w\u0142\u00f3kna bambusowego doskonale sprawdzi si\u0119 u niemowl\u0105t i noworodk\u00f3w.<\/h2>\n<p><span style=\"font-weight: 400;\">R\u0119cznik k\u0105pielowy bambusowy z kapturkiem w kolorze r\u00f3\u017cowym<\/span>.<\/p>\n<p>Pierwsza k\u0105piel noworodka to bardzo cz\u0119sto bardzo wa\u017cne wydarzenie, do kt\u00f3rego chcemy przygotowa\u0107 si\u0119 jak najlepiej. Z pomoc\u0105 przychodz\u0105 bambusowe okrycia k\u0105pielowe, kt\u00f3rych nie mo\u017ce zabrakn\u0105\u0107 w wyprawce dla noworodka.<\/p>\n<p>R\u0119czniki bambusowe dla dzieci to wyj\u0105tkowo komfortowe i delikatne okrycia. Sk\u00f3ra ma\u0142ego dziecka jest bardzo delikatna i wra\u017cliwa na czynniki zewn\u0119trzne. Warto zatem zwr\u00f3ci\u0107 uwag\u0119 na materia\u0142y jakich u\u017cywamy podczas piel\u0119gnacji niemowl\u0105t. Zdecydowanie bardziej bezpieczne b\u0119d\u0105 naturalne materia\u0142y jak w\u0142\u00f3kno bambusowe. \u015awietnie ch\u0142on\u0105 wod\u0119, s\u0105 niezwykle wytrzyma\u0142e, ekologiczne, przyjazne dla sk\u00f3ry. Uprawa bambusa nie wymaga stosowania \u015brodk\u00f3w chemicznych i pestycyd\u00f3w. Dzi\u0119ki temu przewag\u0105 r\u0119cznik\u00f3w bambusowych jest to, \u017ce s\u0105 one hipoalergiczne. Takie okrycie k\u0105pielowe b\u0119dzie dla malucha bezpieczne i sprawdzi si\u0119 r\u00f3wnie\u017c u dziecka ze sk\u00f3r\u0105 wra\u017cliw\u0105, a nawet z tendencj\u0105 do nadwra\u017cliwo\u015bci lub AZS.<\/p>\n<p>Okazuje si\u0119, \u017ce s\u0105 one w stanie wch\u0142on\u0105\u0107 sze\u015bciokrotnie wi\u0119cej wody ni\u017c klasyczne r\u0119czniki z bawe\u0142ny. U\u0142atwi to proces k\u0105pieli, bo osuszenie dziecka b\u0119dzie skuteczne i szybkie. Okrycie k\u0105pielowe posiada w\u0142a\u015bciwo\u015bci antystatyczne, przez co nie ma mowy o nadmiarze drobinek kurzu ani problematycznych roztoczach. R\u0119czniki mog\u0105 by\u0107 u\u017cywane nawet w przypadku alergik\u00f3w i astmatyk\u00f3w, bez obawy o nasilenie objaw\u00f3w.<\/p>\n<p><span style=\"font-weight: 400;\">R\u0119cznik k\u0105pielowy z kapturem jest du\u017cy, swobodnie mo\u017cna nim okry\u0107 nawet 2 letnie dziecko. R\u0119cznik ma du\u017c\u0105 absorbcj\u0119 wody. Mo\u017ce by\u0107 u\u017cywany od pierwszych dni noworodka.<\/span><\/p>\n<p><span style=\"font-weight: 400;\">W\u0142\u00f3kno bambusowe jest bardzo mi\u0119kkie i przyjemne w dotyku.<\/span><\/p>\n<h3><span style=\"font-weight: 400;\">R\u0119cznik k\u0105pielowy z kapturkiem w kolorze r\u00f3\u017cowym, wyko\u0144czony lam\u00f3wk\u0105 w trzech kolorach do wyboru:<\/span><\/h3>\n<ul>\n<li style=\"font-weight: 400;\"><a href=\"https:\/\/mama-niemowlaka.pl\/sklep\/produkt\/pielegnacja\/okrycie-kapielowe-bambusowe-z-rozowa-lamowka\/\" target=\"_blank\" rel=\"noopener\"><span style=\"font-weight: 400;\">R\u00f3\u017cowy<\/span><\/a><\/li>\n<li style=\"font-weight: 400;\"><a href=\"https:\/\/mama-niemowlaka.pl\/sklep\/produkt\/pielegnacja\/okrycie-kapielowe-bambusowe-z-niebieska-lamowka\/\" target=\"_blank\" rel=\"noopener\"><span style=\"font-weight: 400;\">Niebieski<\/span><\/a><\/li>\n<li style=\"font-weight: 400;\"><a href=\"https:\/\/mama-niemowlaka.pl\/sklep\/produkt\/pielegnacja\/okrycie-kapielowe-bambusowe-z-bezowa-lamowka\/\"><span style=\"font-weight: 400;\">Be\u017cowy<\/span><\/a><\/li>\n<\/ul>\n<p><span style=\"font-weight: 400;\">Wymiary r\u0119cznika 90&#215;90 cm.<\/span><\/p>\n<p><span style=\"font-weight: 400;\">Sk\u0142ad: <\/span><span style=\"font-weight: 400;\">100% w\u0142\u00f3kno bambusowe<\/span><\/p>\n","protected":false},"excerpt":{"rendered":"<h2>Okrycie k\u0105pielowe z w\u0142\u00f3kna bambusowego doskonale sprawdzi si\u0119 u niemowl\u0105t i noworodk\u00f3w.<\/h2>\n<p><span style=\"font-weight: 400;\">R\u0119cznik k\u0105pielowy bambusowy z kapturkiem w kolorze r\u00f3\u017cowym. <\/span><\/p>\n<p>Pierwsza k\u0105piel noworodka to bardzo cz\u0119sto bardzo wa\u017cne wydarzenie, do kt\u00f3rego chcemy przygotowa\u0107 si\u0119 jak najlepiej. Z pomoc\u0105 przychodz\u0105 bambusowe okrycia k\u0105pielowe, kt\u00f3rych nie mo\u017ce zabrakn\u0105\u0107 w wyprawce dla noworodka.<\/p>\n<p>R\u0119czniki bambusowe dla dzieci to wyj\u0105tkowo komfortowe i delikatne okrycia. Sk\u00f3ra ma\u0142ego dziecka jest bardzo delikatna i wra\u017cliwa na czynniki zewn\u0119trzne. Warto zatem zwr\u00f3ci\u0107 uwag\u0119 na materia\u0142y jakich u\u017cywamy podczas piel\u0119gnacji niemowl\u0105t. Zdecydowanie bardziej bezpieczne b\u0119d\u0105 naturalne materia\u0142y jak w\u0142\u00f3kno bambusowe. \u015awietnie ch\u0142on\u0105 wod\u0119, s\u0105 niezwykle wytrzyma\u0142e, ekologiczne, przyjazne dla sk\u00f3ry. Uprawa bambusa nie wymaga stosowania \u015brodk\u00f3w chemicznych i pestycyd\u00f3w. Dzi\u0119ki temu przewag\u0105 r\u0119cznik\u00f3w bambusowych jest to, \u017ce s\u0105 one hipoalergiczne. Takie okrycie k\u0105pielowe b\u0119dzie dla malucha bezpieczne i sprawdzi si\u0119 r\u00f3wnie\u017c u dziecka ze sk\u00f3r\u0105 wra\u017cliw\u0105, a nawet z tendencj\u0105 do nadwra\u017cliwo\u015bci lub AZS.<\/p>\n<p>Okazuje si\u0119, \u017ce s\u0105 one w stanie wch\u0142on\u0105\u0107 sze\u015bciokrotnie wi\u0119cej wody ni\u017c klasyczne r\u0119czniki z bawe\u0142ny. U\u0142atwi to proces k\u0105pieli, bo osuszenie dziecka b\u0119dzie skuteczne i szybkie. Okrycie k\u0105pielowe posiada w\u0142a\u015bciwo\u015bci antystatyczne, przez co nie ma mowy o nadmiarze drobinek kurzu ani problematycznych roztoczach. R\u0119czniki mog\u0105 by\u0107 u\u017cywane nawet w przypadku alergik\u00f3w i astmatyk\u00f3w, bez obawy o nasilenie objaw\u00f3w.<\/p>\n<p><span style=\"font-weight: 400;\">R\u0119cznik k\u0105pielowy z kapturem jest du\u017cy, swobodnie mo\u017cna nim okry\u0107 nawet 2 letnie dziecko. R\u0119cznik ma du\u017c\u0105 absorbcj\u0119 wody. Mo\u017ce by\u0107 u\u017cywany od pierwszych dni noworodka.<\/span><\/p>\n<p><span style=\"font-weight: 400;\">W\u0142\u00f3kno bambusowe jest bardzo mi\u0119kkie i przyjemne w dotyku.<\/span><\/p>\n<h3><span style=\"font-weight: 400;\">R\u0119cznik k\u0105pielowy z kapturkiem w kolorze ecru, wyko\u0144czony lam\u00f3wk\u0105 w trzech kolorach do wyboru:<\/span><\/h3>\n<ul>\n<li style=\"font-weight: 400;\"><a href=\"https:\/\/mama-niemowlaka.pl\/sklep\/produkt\/pielegnacja\/okrycie-kapielowe-bambusowe-z-rozowa-lamowka\/\" target=\"_blank\" rel=\"noopener\"><span style=\"font-weight: 400;\">R\u00f3\u017cowy<\/span><\/a><\/li>\n<li style=\"font-weight: 400;\"><a href=\"https:\/\/mama-niemowlaka.pl\/sklep\/produkt\/pielegnacja\/okrycie-kapielowe-bambusowe-z-niebieska-lamowka\/\" target=\"_blank\" rel=\"noopener\"><span style=\"font-weight: 400;\">Niebieski<\/span><\/a><\/li>\n<li style=\"font-weight: 400;\"><a href=\"https:\/\/mama-niemowlaka.pl\/sklep\/produkt\/pielegnacja\/okrycie-kapielowe-bambusowe-z-bezowa-lamowka\/\"><span style=\"font-weight: 400;\">Be\u017cowy<\/span><\/a><\/li>\n<\/ul>\n<p><span style=\"font-weight: 400;\">Wymiary r\u0119cznika 90&#215;90 cm.<\/span><\/p>\n<p><span style=\"font-weight: 400;\">Sk\u0142ad: <\/span><span style=\"font-weight: 400;\">100% w\u0142\u00f3kno bambusowe<\/span><\/p>\n","protected":false},"featured_media":2876,"template":"","meta":[],"product_brand":[],"product_cat":[63,81],"product_tag":[214,152,220,227],"class_list":{"0":"post-19222","1":"product","2":"type-product","3":"status-publish","4":"has-post-thumbnail","6":"product_cat-akcesoria","7":"product_cat-pielegnacja","8":"product_tag-bestseller","9":"product_tag-ubranka-dla-niemowlat-dziewczynek","10":"product_tag-ubranka-dla-noworodkow","11":"product_tag-reczniki-dla-niemowlat","12":"product_shipping_class-lekka","14":"first","15":"instock","16":"taxable","17":"shipping-taxable","18":"purchasable","19":"product-type-simple"},"_links":{"self":[{"href":"https:\/\/mama-niemowlaka.pl\/sklep\/wp-json\/wp\/v2\/product\/19222","targetHints":{"allow":["GET"]}}],"collection":[{"href":"https:\/\/mama-niemowlaka.pl\/sklep\/wp-json\/wp\/v2\/product"}],"about":[{"href":"https:\/\/mama-niemowlaka.pl\/sklep\/wp-json\/wp\/v2\/types\/product"}],"wp:featuredmedia":[{"embeddable":true,"href":"https:\/\/mama-niemowlaka.pl\/sklep\/wp-json\/wp\/v2\/media\/2876"}],"wp:attachment":[{"href":"https:\/\/mama-niemowlaka.pl\/sklep\/wp-json\/wp\/v2\/media?parent=19222"}],"wp:term":[{"taxonomy":"product_brand","embeddable":true,"href":"https:\/\/mama-niemowlaka.pl\/sklep\/wp-json\/wp\/v2\/product_brand?post=19222"},{"taxonomy":"product_cat","embeddable":true,"href":"https:\/\/mama-niemowlaka.pl\/sklep\/wp-json\/wp\/v2\/product_cat?post=19222"},{"taxonomy":"product_tag","embeddable":true,"href":"https:\/\/mama-niemowlaka.pl\/sklep\/wp-json\/wp\/v2\/product_tag?post=19222"}],"curies":[{"name":"wp","href":"https:\/\/api.w.org\/{rel}","templated":true}]}}