{"id":19225,"date":"2024-12-09T22:19:05","date_gmt":"2024-12-09T21:19:05","guid":{"rendered":"https:\/\/mama-niemowlaka.pl\/sklep\/?post_type=product&#038;p=19225"},"modified":"2026-03-24T13:20:08","modified_gmt":"2026-03-24T12:20:08","slug":"przenosny-przewijak-dla-niemowlat-niebieski","status":"publish","type":"product","link":"https:\/\/mama-niemowlaka.pl\/sklep\/produkt\/pielegnacja\/akcesoria\/przenosny-przewijak-dla-niemowlat-niebieski\/","title":{"rendered":"Przeno\u015bny przewijak dla niemowl\u0105t &#8211; niebieski"},"content":{"rendered":"<h2 data-pm-slice=\"1 1 []\">Przeno\u015bny przewijak dla niemowl\u0105t<\/h2>\n<p>Nasz przeno\u015bny przewijak dla niemowl\u0105t to przewijak w formie bezpiecznej maty. Przewijak dla dziecka zosta\u0142 wykonany z mi\u0119kkiego materia\u0142u jakim jest bawe\u0142na. Materia\u0142 przewijaka zapewnia maksymalny komfort dla Twojego maluszka. Wype\u0142nienie przewijaka jest antyalergiczne i bezpieczne dla najm\u0142odszych dzieci &#8211; nawet od pierwszych dni \u017cycia. Dodatkowo, materia\u0142 nie b\u0119dzie podra\u017cnia\u0107 delikatnej sk\u00f3ry dziecka ani nie spowoduje alergii. Mata dla niemowl\u0105t jest solidnie przeszyta na brzegach razem z wype\u0142nieniem, co zapobiega jego przesuwaniu si\u0119.<\/p>\n<h2>Sk\u0142adane przewijaki dla niemowl\u0105t<\/h2>\n<p>Nie musisz si\u0119 martwi\u0107 o stabilno\u015b\u0107 ani wygod\u0119 przy przewijaniu maluszka &#8211; nasz sk\u0142adany przewijak dla niemowl\u0105t zapewnia idealne warunki i wygod\u0119 zawsze, gdy tego potrzebujesz. Ten produkt to kompaktowy przewijak. Aby u\u0142atwi\u0107 transport, przewijak dzieci\u0119cy \u0142atwo si\u0119 sk\u0142ada i posiada zapi\u0119cie na nap\u0119. Mo\u017cesz go szybko schowa\u0107 do torebki lub plecaka. Nie zajmuje du\u017co miejsca, a przy tym jest niezwykle por\u0119czny i praktyczny.<\/p>\n<h2>Przewijak dla noworodka<\/h2>\n<p>Przewijak turystyczny mo\u017cna pra\u0107 w pralce, co czyni jego piel\u0119gnacj\u0119 bardzo \u0142atw\u0105 i wygodn\u0105. Bez wzgl\u0119du na pogod\u0119 czy por\u0119 roku, nasz przeno\u015bny przewijak dla niemowl\u0105t w kolorze niebieskim z pewno\u015bci\u0105 spe\u0142ni Twoje oczekiwania i zapewni sprawnie przewijanie dla Twojego maluszka.<\/p>\n","protected":false},"excerpt":{"rendered":"<p>Przeno\u015bny przewijak dla niemowl\u0105t w kolorze niebieskim to idealne rozwi\u0105zanie dla ka\u017cdej mamy, kt\u00f3ra potrzebuje wygodnego miejsca do przewijania swoich maluszk\u00f3w. Nasz sk\u0142adany przewijak dla niemowl\u0105t pasuje zar\u00f3wno do w\u00f3zka g\u0142\u0119bokiego, jak i spacerowego, dzi\u0119ki czemu zawsze b\u0119dziesz mie\u0107 go pod r\u0119k\u0105 podczas podr\u00f3\u017cy czy spaceru. P\u0142aski kszta\u0142t przewijaka sprawia, \u017ce jest on bardzo por\u0119czny i idealnie nadaje si\u0119 na wyjazdy. Dzi\u0119ki niemu zapewnisz szybkie przewijanie oraz sprawnie przewijanie niemowlaka niezale\u017cnie od miejsca &#8211; czy to na kanapie w domu, czy podczas relaksuj\u0105cej przerwy na \u015bwie\u017cym powietrzu jednocze\u015bnie dbaj\u0105c o komfort dziecka. Nasz przeno\u015bny przewijak zapewnia bezpieczne przewijanie niemowl\u0105t, a zarazem zapewnia wygodn\u0105 zmian\u0119 pieluszki.<\/p>\n<p>Przeno\u015bny przewijak dla niemowl\u0105t jest dost\u0119pny w dw\u00f3ch wersjach kolorystycznych. Pozosta\u0142e przewijaki dzieci\u0119ce sprawdzisz <a href=\"https:\/\/mama-niemowlaka.pl\/sklep\/c\/pielegnacja\/akcesoria\/\" target=\"_blank\" rel=\"noopener\"><strong>tutaj<\/strong><\/a>. Jego wymiary to 50x70cm.<\/p>\n<p>Sk\u0142ad: 100% bawe\u0142na<\/p>\n","protected":false},"featured_media":8892,"template":"","meta":[],"product_brand":[],"product_cat":[63,81],"product_tag":[118,145,220,117,213],"class_list":{"0":"post-19225","1":"product","2":"type-product","3":"status-publish","4":"has-post-thumbnail","6":"product_cat-akcesoria","7":"product_cat-pielegnacja","8":"product_tag-bawelna","9":"product_tag-ubranka-dla-niemowlat-chlopca","10":"product_tag-ubranka-dla-noworodkow","11":"product_tag-pielegnacja","12":"product_tag-przewijak","13":"product_shipping_class-lekka","15":"first","16":"instock","17":"taxable","18":"shipping-taxable","19":"purchasable","20":"product-type-simple"},"_links":{"self":[{"href":"https:\/\/mama-niemowlaka.pl\/sklep\/wp-json\/wp\/v2\/product\/19225","targetHints":{"allow":["GET"]}}],"collection":[{"href":"https:\/\/mama-niemowlaka.pl\/sklep\/wp-json\/wp\/v2\/product"}],"about":[{"href":"https:\/\/mama-niemowlaka.pl\/sklep\/wp-json\/wp\/v2\/types\/product"}],"wp:featuredmedia":[{"embeddable":true,"href":"https:\/\/mama-niemowlaka.pl\/sklep\/wp-json\/wp\/v2\/media\/8892"}],"wp:attachment":[{"href":"https:\/\/mama-niemowlaka.pl\/sklep\/wp-json\/wp\/v2\/media?parent=19225"}],"wp:term":[{"taxonomy":"product_brand","embeddable":true,"href":"https:\/\/mama-niemowlaka.pl\/sklep\/wp-json\/wp\/v2\/product_brand?post=19225"},{"taxonomy":"product_cat","embeddable":true,"href":"https:\/\/mama-niemowlaka.pl\/sklep\/wp-json\/wp\/v2\/product_cat?post=19225"},{"taxonomy":"product_tag","embeddable":true,"href":"https:\/\/mama-niemowlaka.pl\/sklep\/wp-json\/wp\/v2\/product_tag?post=19225"}],"curies":[{"name":"wp","href":"https:\/\/api.w.org\/{rel}","templated":true}]}}