{"id":19228,"date":"2024-12-10T00:59:56","date_gmt":"2024-12-09T23:59:56","guid":{"rendered":"https:\/\/mama-niemowlaka.pl\/sklep\/?post_type=product&#038;p=19228"},"modified":"2026-03-19T20:04:24","modified_gmt":"2026-03-19T19:04:24","slug":"sukienka-do-chrztu-z-krotkim-rekawem-biala","status":"publish","type":"product","link":"https:\/\/mama-niemowlaka.pl\/sklep\/produkt\/ubranka-niemowlece\/sukieneczki-do-chrztu\/sukienka-do-chrztu-z-krotkim-rekawem-biala\/","title":{"rendered":"Sukienka do Chrztu z kr\u00f3tkim r\u0119kawem &#8211; bia\u0142a"},"content":{"rendered":"<h2 data-pm-slice=\"1 1 []\"><strong>Sukienka do Chrztu z kr\u00f3tkim r\u0119kawem i tiulowym do\u0142em<\/strong><\/h2>\n<p data-pm-slice=\"1 1 []\">Sukienka do Chrztu z kr\u00f3tkim r\u0119kawem dla niemowlaka to wyj\u0105tkowa propozycja dla ka\u017cdej m\u0142odej mamy, kt\u00f3ra chce, aby dziecko wygl\u0105da\u0142o pi\u0119knie i elegancko w dniu swojego chrztu. Sukienka ta jest inspirowana tradycyjnymi wzorami i klasycznym stylem, kt\u00f3ry zawsze b\u0119dzie modny i elegancki. Klasyczny bia\u0142y kolor i delikatny tiulowy d\u00f3\u0142 sukienki dodaj\u0105 sukience uroku. A zdobienia na r\u0119kawach i dekolcie sprawiaj\u0105, \u017ce \u200b\u200bjest ona jeszcze bardziej wyj\u0105tkowa i pi\u0119kna. W pasie sukienka ozdobiona jest tiulowymi kwiatami. Taki sam kwiatek znajduje si\u0119 na opasce, kt\u00f3ra znajduje si\u0119 w komplecie z sukienk\u0105. Sukienka zapinana jest na zamek b\u0142yskawiczny, a z ty\u0142u znajduje si\u0119 jeszcze urocza kokarda. To sukienka, kt\u00f3ra b\u0119dzie idealnie pasowa\u0107 do charakteru ka\u017cdej dziewczynki i sprawi, \u017ce jej chrzest b\u0119dzie wyj\u0105tkowym i niezapomnianym wydarzeniem w \u017cyciu Twojego dziecka.<\/p>\n<h2 data-pm-slice=\"1 1 []\"><strong>Ubranko do Chrztu \u015awi\u0119tego musi by\u0107 wysokiej jako\u015bci<\/strong><\/h2>\n<p>Ta urocza sukienka do chrztu dla niemowlaka z kr\u00f3tkim r\u0119kawem wykonana jest z mi\u0119kkiego i przyjemnego w dotyku materia\u0142u. Klasyczny bia\u0142y kolor, delikatne marszczenia na sp\u00f3dnicy oraz falbanki na r\u0119kawach i dekolcie dodaj\u0105 sukience elegancji i uroku. Sukienka ta jest dost\u0119pna w r\u00f3\u017cnych rozmiarach, aby dopasowa\u0107 si\u0119 do potrzeb ka\u017cdego niemowlaka. Jest to idealna sukienka dla dziewczynki, kt\u00f3ra chce wygl\u0105da\u0107 pi\u0119knie w dniu swojego chrztu.<\/p>\n<p>Nasza sukienka to nie tylko pi\u0119kna i elegancka propozycja na Chrzest \u015awi\u0119ty, ale tak\u017ce bardzo funkcjonalna. Dzi\u0119ki kr\u00f3tkim r\u0119kawom, dziecko nie b\u0119dzie si\u0119 przegrzewa\u0107 w ciep\u0142e dni, a mi\u0119kki materia\u0142 b\u0119dzie zapewnia\u0142 mu maksymalny komfort. Klasyczny bia\u0142y kolor i delikatny tiulowy d\u00f3\u0142 sukienki sprawiaj\u0105, \u017ce \u200b\u200bsukienka ta b\u0119dzie pasowa\u0107 do ka\u017cdej stylizacji i zawsze wygl\u0105da\u0107 pi\u0119knie.<\/p>\n<p>Kupuj\u0105c t\u0119 sukienk\u0119 do Chrztu dla niemowlaka, masz pewno\u015b\u0107, \u017ce otrzymujesz produkt wysokiej jako\u015bci. Jest to sukienka, kt\u00f3ra b\u0119dzie idealnie pasowa\u0107 do charakteru Twojej c\u00f3reczki, dodaj\u0105c jej uroku i elegancji w dniu jej Chrztu.<\/p>\n<h2><strong>Wyj\u0105tkowe ubranka na Chrzest \u015awi\u0119ty<\/strong><\/h2>\n<p>Sukienka do chrztu dla niemowlaka z kr\u00f3tkim r\u0119kawem w kolorze bia\u0142ym to idealny wyb\u00f3r dla ka\u017cdej mamy, kt\u00f3ra chce, aby jej dziecko wygl\u0105da\u0142o pi\u0119knie i elegancko w dniu swojego Chrztu. Dzi\u0119ki swojemu mi\u0119kkiemu materia\u0142owi, kr\u00f3tkim r\u0119kawom i klasycznemu bia\u0142emu kolorowi, sukienka ta b\u0119dzie idealnie pasowa\u0107 do ka\u017cdej stylizacji i zapewni Twojemu dziecku maksymalny komfort i swobod\u0119 ruch\u00f3w. To sukienka, kt\u00f3ra sprawi, \u017ce jego Chrzest b\u0119dzie niezapomnianym wydarzeniem. W tej sukience Twoja dziewczynka prezentowa\u0107 si\u0119 b\u0119dzie jak ksi\u0119\u017cniczka.<\/p>\n<p>&nbsp;<\/p>\n<p>Sk\u0142ad: 50% bawe\u0142na, 50% poliester<\/p>\n","protected":false},"excerpt":{"rendered":"<p data-pm-slice=\"1 1 []\">Sukienka do Chrztu z kr\u00f3tkim r\u0119kawem zapewni Twojemu dziecku wyj\u0105tkowy wygl\u0105d w dniu chrztu. Mi\u0119kki materia\u0142, kr\u00f3tkie r\u0119kawy i delikatny tiulowy d\u00f3\u0142 sukienki zapewni\u0105 Twojemu dziecku wygod\u0119 i swobod\u0119 ruch\u00f3w, a klasyczny bia\u0142y kolor zawsze b\u0119dzie modny i elegancki. Do sukienki do\u0142\u0105czona jest opaska.<\/p>\n<p data-pm-slice=\"1 1 []\">Kup ju\u017c teraz i zobacz, jak Twoje dziecko wygl\u0105da pi\u0119knie podczas Chrztu \u015awi\u0119tego!<\/p>\n<p data-pm-slice=\"1 1 []\">Sk\u0142ad: 50% bawe\u0142na, 50% poliester<\/p>\n","protected":false},"featured_media":20610,"template":"","meta":[],"product_brand":[],"product_cat":[163,144,135,126,57],"product_tag":[170,125,152,355,228,340,156,344],"class_list":{"0":"post-19228","1":"product","2":"type-product","3":"status-publish","4":"has-post-thumbnail","6":"product_cat-sukieneczki-do-chrztu","7":"product_cat-eleganckie-sukienki-dla-niemowlat","8":"product_cat-eleganckie-ubranka-dla-niemowlaka","9":"product_cat-sukienki-dla-niemowlat","10":"product_cat-ubranka-niemowlece","11":"product_tag-biala-sukienka-dla-niemowlaka","12":"product_tag-ubranka-do-chrztu","13":"product_tag-ubranka-dla-niemowlat-dziewczynek","14":"product_tag-letnie-ubranka-dla-niemowlat","15":"product_tag-promocje","16":"product_tag-sukieneczka-na-chrzciny","17":"product_tag-sukienka","18":"product_tag-ubranka-do-chrztu-dla-dziewczynki","19":"product_shipping_class-duza","20":"pa_rozmiar-314","21":"pa_rozmiar-315","22":"pa_rozmiar-316","23":"pa_rozmiar-317","25":"first","26":"instock","27":"sale","28":"taxable","29":"shipping-taxable","30":"purchasable","31":"product-type-variable","32":"has-default-attributes","33":"wvs-archive-product-wrapper"},"_links":{"self":[{"href":"https:\/\/mama-niemowlaka.pl\/sklep\/wp-json\/wp\/v2\/product\/19228","targetHints":{"allow":["GET"]}}],"collection":[{"href":"https:\/\/mama-niemowlaka.pl\/sklep\/wp-json\/wp\/v2\/product"}],"about":[{"href":"https:\/\/mama-niemowlaka.pl\/sklep\/wp-json\/wp\/v2\/types\/product"}],"wp:featuredmedia":[{"embeddable":true,"href":"https:\/\/mama-niemowlaka.pl\/sklep\/wp-json\/wp\/v2\/media\/20610"}],"wp:attachment":[{"href":"https:\/\/mama-niemowlaka.pl\/sklep\/wp-json\/wp\/v2\/media?parent=19228"}],"wp:term":[{"taxonomy":"product_brand","embeddable":true,"href":"https:\/\/mama-niemowlaka.pl\/sklep\/wp-json\/wp\/v2\/product_brand?post=19228"},{"taxonomy":"product_cat","embeddable":true,"href":"https:\/\/mama-niemowlaka.pl\/sklep\/wp-json\/wp\/v2\/product_cat?post=19228"},{"taxonomy":"product_tag","embeddable":true,"href":"https:\/\/mama-niemowlaka.pl\/sklep\/wp-json\/wp\/v2\/product_tag?post=19228"}],"curies":[{"name":"wp","href":"https:\/\/api.w.org\/{rel}","templated":true}]}}