{"id":19259,"date":"2023-12-13T23:37:08","date_gmt":"2023-12-13T22:37:08","guid":{"rendered":"https:\/\/mama-niemowlaka.pl\/sklep\/?post_type=product&#038;p=19259"},"modified":"2025-12-13T23:38:12","modified_gmt":"2025-12-13T22:38:12","slug":"bawelniany-kocyk-niemowlecy-niebieski","status":"publish","type":"product","link":"https:\/\/mama-niemowlaka.pl\/sklep\/produkt\/pielegnacja\/posciel\/bawelniany-kocyk-niemowlecy-niebieski\/","title":{"rendered":"Bawe\u0142niany kocyk niemowl\u0119cy &#8211; niebieski"},"content":{"rendered":"<h2 data-pm-slice=\"1 1 []\"><strong>Bawe\u0142niany niebieski kocyk dzieci\u0119cy\u00a0 &#8211; ca\u0142oroczny kocyk dla niemowlaka<\/strong><\/h2>\n<p data-pm-slice=\"1 1 []\"><a href=\"https:\/\/mama-niemowlaka.pl\/sklep\/produkt\/pielegnacja\/posciel\/bawelniany-kocyk-niemowlecy-niebieski\/\" target=\"_blank\" rel=\"noopener\"><strong>Niebieski kocyk niemowl\u0119cy bawe\u0142niany<\/strong><\/a> spe\u0142ni najwy\u017csze oczekiwania rodzic\u00f3w i maluszk\u00f3w, gdy\u017c zosta\u0142 wyprodukowany z wysokogatunkowych tkanin i z najwi\u0119ksz\u0105 staranno\u015bci\u0105. Materia\u0142 jest niezwykle mi\u0119kki i przyjemny w dotyku, delikatnie otuli dziecko, np. do snu. Dodatkowym atutem tego mi\u0119kkiego kocyka jest termoregulacja, kt\u00f3ra zapewnia odpowiedni przep\u0142yw powietrza. Dzi\u0119ki temu nasz <a href=\"https:\/\/mama-niemowlaka.pl\/sklep\/t\/kocyki-dla-niemowlat\/\" target=\"_blank\" rel=\"noopener\"><strong>kocyk dla niemowlaka<\/strong><\/a> doskonale sprawdzi si\u0119 w porze letniej i zimowej. Zim\u0105 dziecko zostanie odpowiednio ogrzane, a latem nie trzeba martwi\u0107 si\u0119 o przegrzanie.<\/p>\n<p data-pm-slice=\"1 1 []\"><a href=\"https:\/\/mama-niemowlaka.pl\/sklep\/produkt\/pielegnacja\/posciel\/kocyk-niemowlecy-bawelniany-bezowy\/\" target=\"_blank\" rel=\"noopener\"><strong>Bawe\u0142niany kocyk niemowl\u0119cy<\/strong><\/a> to r\u00f3wnie\u017c doskona\u0142y pomys\u0142 na prezent. Niebieski kolor tego kocyka dla niemowl\u0105t doskonale si\u0119 sprawdzi w wyprawce ch\u0142opca. Ka\u017cda <a href=\"https:\/\/mama-niemowlaka.pl\/sklep\/c\/ubranka-niemowlece\/wyprawka-dla-noworodka\/\" target=\"_blank\" rel=\"noopener\"><strong>wyprawka niemowl\u0119ca<\/strong><\/a> powinna zawiera\u0107 <a href=\"https:\/\/mama-niemowlaka.pl\/sklep\/t\/kocyki-dla-niemowlat\/\" target=\"_blank\" rel=\"noopener\"><strong>kocyk niemowl\u0119cy<\/strong><\/a>. Wybierz nasz <a href=\"https:\/\/mama-niemowlaka.pl\/sklep\/produkt\/pielegnacja\/posciel\/bawelniany-kocyk-niemowlecy-niebieski\/\" target=\"_blank\" rel=\"noopener\"><strong>bawe\u0142niany kocyk niemowl\u0119cy<\/strong><\/a>!<\/p>\n<h2 data-pm-slice=\"1 1 []\"><strong>Mi\u0119kkie kocyki dla niemowl\u0105t w sklepie <\/strong><a href=\"http:\/\/mama-niemowlaka.pl\"><strong>mama-niemowlaka.pl<\/strong><\/a><\/h2>\n<p data-pm-slice=\"1 1 []\"><a href=\"https:\/\/mama-niemowlaka.pl\/sklep\/t\/kocyki-dla-niemowlat\/\" target=\"_blank\" rel=\"noopener\"><strong>Niebieski kocyk dzieci\u0119cy<\/strong><\/a> jest niezb\u0119dnym elementem ka\u017cdej <a href=\"https:\/\/mama-niemowlaka.pl\/sklep\/c\/ubranka-niemowlece\/wyprawka-dla-noworodka\/\" target=\"_blank\" rel=\"noopener\"><strong>wyprawki niemowl\u0119cej<\/strong><\/a>. W sklepie <a href=\"http:\/\/mama-niemowlaka.pl\">mama-niemowlaka.pl<\/a> Oferujemy mi\u0119kkie i naturalne kocyki dla niemowl\u0105t. Znajdziesz tu kocyki w r\u00f3\u017cnorodnych kolorach i wzorach. Sprawd\u017a nasz\u0105 ofert\u0119 <a href=\"https:\/\/mama-niemowlaka.pl\/sklep\/t\/kocyki-dla-niemowlat\/\" target=\"_blank\" rel=\"noopener\"><strong>kocyk\u00f3w dla niemowl\u0105t<\/strong><\/a> i kompleksowo przygotuj wyprawk\u0119 niemowl\u0119c\u0105 z produkt\u00f3w z najwy\u017cszej jako\u015bci materia\u0142\u00f3w. Nasze przewiewne kocyki zapewni\u0105 maluchowi idealn\u0105 temperatur\u0119 i komfort w ka\u017cdej sytuacji. W naszym sklepie kupisz ca\u0142oroczne kocyki dla niemowlaka zar\u00f3wno dla ch\u0142opca jak i dziewczynki.<\/p>\n<p data-pm-slice=\"1 1 []\">Pozosta\u0142e kocyki dzieci\u0119ce znajdziesz w kategorii <a href=\"https:\/\/mama-niemowlaka.pl\/sklep\/t\/kocyki-dla-niemowlat\/\" target=\"_blank\" rel=\"noopener\"><strong>kocyki dla niemowl\u0105t<\/strong><\/a>.<\/p>\n","protected":false},"excerpt":{"rendered":"<p data-pm-slice=\"1 1 []\">Idealny <a href=\"https:\/\/mama-niemowlaka.pl\/sklep\/t\/kocyki-dla-niemowlat\/\" target=\"_blank\" rel=\"noopener\"><strong>kocyk dla niemowlaka<\/strong><\/a> wykonany ze 100% bawe\u0142ny, dzi\u0119ki czemu nie uczula delikatnej i wra\u017cliwej sk\u00f3ry dziecka. Zadba o zdrowy i spokojny sen, nie podra\u017cniaj\u0105c jego delikatnej sk\u00f3ry. Doskonale sprawdzi si\u0119 w ka\u017cdej <a href=\"https:\/\/mama-niemowlaka.pl\/sklep\/c\/ubranka-niemowlece\/wyprawka-dla-noworodka\/\" target=\"_blank\" rel=\"noopener\"><strong>wyprawce niemowl\u0119cej<\/strong><\/a>, mo\u017ce by\u0107 u\u017cywany przez ca\u0142y rok. <a href=\"https:\/\/mama-niemowlaka.pl\/sklep\/t\/kocyki-dla-niemowlat\/\" target=\"_blank\" rel=\"noopener\"><strong>Kocyk dla niemowlaka<\/strong><\/a> jest w pe\u0142ni bezpieczny dla wra\u017cliwej sk\u00f3ry maluszka i mo\u017cna u\u017cywa\u0107 go ju\u017c od pierwszych dni \u017cycia.<\/p>\n<p>Rozmiar <a href=\"https:\/\/mama-niemowlaka.pl\/sklep\/produkt\/pielegnacja\/posciel\/bawelniany-kocyk-niemowlecy-niebieski\/\" target=\"_blank\" rel=\"noopener\"><strong>niebieskiego bawe\u0142nianego kocyka dzieci\u0119cego<\/strong><\/a>: 100x100cm<\/p>\n<p>Sk\u0142ad: 100% bawe\u0142na<\/p>\n","protected":false},"featured_media":16238,"template":"","meta":[],"product_brand":[],"product_cat":[127],"product_tag":[118,145,152,254,220,180],"class_list":{"0":"post-19259","1":"product","2":"type-product","3":"status-publish","4":"has-post-thumbnail","6":"product_cat-posciel","7":"product_tag-bawelna","8":"product_tag-ubranka-dla-niemowlat-chlopca","9":"product_tag-ubranka-dla-niemowlat-dziewczynek","10":"product_tag-kocyki-dla-niemowlat","11":"product_tag-ubranka-dla-noworodkow","12":"product_tag-nowosc","13":"product_shipping_class-lekka","15":"first","16":"instock","17":"taxable","18":"shipping-taxable","19":"purchasable","20":"product-type-simple"},"_links":{"self":[{"href":"https:\/\/mama-niemowlaka.pl\/sklep\/wp-json\/wp\/v2\/product\/19259","targetHints":{"allow":["GET"]}}],"collection":[{"href":"https:\/\/mama-niemowlaka.pl\/sklep\/wp-json\/wp\/v2\/product"}],"about":[{"href":"https:\/\/mama-niemowlaka.pl\/sklep\/wp-json\/wp\/v2\/types\/product"}],"wp:featuredmedia":[{"embeddable":true,"href":"https:\/\/mama-niemowlaka.pl\/sklep\/wp-json\/wp\/v2\/media\/16238"}],"wp:attachment":[{"href":"https:\/\/mama-niemowlaka.pl\/sklep\/wp-json\/wp\/v2\/media?parent=19259"}],"wp:term":[{"taxonomy":"product_brand","embeddable":true,"href":"https:\/\/mama-niemowlaka.pl\/sklep\/wp-json\/wp\/v2\/product_brand?post=19259"},{"taxonomy":"product_cat","embeddable":true,"href":"https:\/\/mama-niemowlaka.pl\/sklep\/wp-json\/wp\/v2\/product_cat?post=19259"},{"taxonomy":"product_tag","embeddable":true,"href":"https:\/\/mama-niemowlaka.pl\/sklep\/wp-json\/wp\/v2\/product_tag?post=19259"}],"curies":[{"name":"wp","href":"https:\/\/api.w.org\/{rel}","templated":true}]}}