{"id":19269,"date":"2021-12-14T17:39:18","date_gmt":"2021-12-14T16:39:18","guid":{"rendered":"https:\/\/mama-niemowlaka.pl\/sklep\/?post_type=product&#038;p=19269"},"modified":"2026-01-06T00:19:24","modified_gmt":"2026-01-05T23:19:24","slug":"wyprawka-dla-dziewczynki-noworodka-rozowy","status":"publish","type":"product","link":"https:\/\/mama-niemowlaka.pl\/sklep\/produkt\/ubranka-niemowlece\/wyprawka-dla-noworodka\/wyprawka-dla-dziewczynki-noworodka-rozowy\/","title":{"rendered":"R\u00f3\u017cowy zestaw dla noworodka &#8211; wyprawka dla dziewczynki"},"content":{"rendered":"<h2 data-pm-slice=\"1 1 []\"><strong>Wyprawka dla dziewczynki zestaw wykonany z bawe\u0142ny organicznej z certyfikatem Oeko-Tex 100 w kolorze r\u00f3\u017cowym<\/strong><\/h2>\n<p data-pm-slice=\"1 1 []\">Zakup <a href=\"https:\/\/mama-niemowlaka.pl\/sklep\/c\/ubranka-niemowlece\/wyprawka-dla-noworodka\/\" target=\"_blank\" rel=\"noopener\"><strong>wyprawki dla noworodka<\/strong><\/a> to nie lada wyzwanie. Podstawowa wyprawka dla dziewczynki powinna zawiera\u0107 pajacyk niemowl\u0119cy, body niemowl\u0119ce oraz czapeczk\u0119. Nasza kompletna wyprawka dla dziewczynki zawiera te ubranka a tak\u017ce znajdziesz w nim skarpetki niemowl\u0119ce dla Maluszka. <a href=\"https:\/\/mama-niemowlaka.pl\/sklep\/produkt\/ubranka-niemowlece\/wyprawka-dla-noworodka\/wyprawka-dla-dziewczynki-noworodka-rozowy\/\" target=\"_blank\" rel=\"noopener\"><strong>Wyprawka dla dziewczynki<\/strong><\/a> zosta\u0142a uszyta z najdelikatniejszej bawe\u0142ny dla sk\u00f3ry noworodka czyli z bawe\u0142ny organicznej.<\/p>\n<p data-pm-slice=\"1 1 []\"><a href=\"https:\/\/mama-niemowlaka.pl\/sklep\/t\/ubranka-dla-noworodkow\/\" target=\"_blank\" rel=\"noopener\"><strong>Ubranka dla noworodka<\/strong><\/a> to element obowi\u0105zkowy, kt\u00f3ry powinna zawiera\u0107 torba z wyprawk\u0105 do szpitala. Wybieraj\u0105c pierwsze <a href=\"https:\/\/mama-niemowlaka.pl\/sklep\/t\/ubranka-dla-noworodkow\/\" target=\"_blank\" rel=\"noopener\"><strong>ubranka dla noworodka<\/strong><\/a> do zestawu wyprawkowego musimy zwr\u00f3ci\u0107 szczeg\u00f3ln\u0105 uwag\u0119 na jako\u015b\u0107 materia\u0142\u00f3w. Nasza <a href=\"https:\/\/mama-niemowlaka.pl\/sklep\/produkt\/ubranka-niemowlece\/wyprawka-dla-noworodka\/wyprawka-dla-dziewczynki-noworodka-rozowy\/\" target=\"_blank\" rel=\"noopener\"><strong>wyprawka dla dziewczynki<\/strong><\/a> jest delikatna i przyjazna dla sk\u00f3ry dziecka. Ubranka dla noworodka zosta\u0142y uszyte z bawe\u0142ny organicznej z certyfikatem Oeko-Tex 100 Standard. Bawe\u0142na organiczna jest odpowiednim materia\u0142em na ubranka dla noworodka poniewa\u017c do jej uprawy u\u017cywa si\u0119 wody deszczowej. Przy jej uprawie nie u\u017cywa si\u0119 pestycyd\u00f3w oraz nawoz\u00f3w, tak aby gleba by\u0142a wolna od zanieczyszcze\u0144.<\/p>\n<h2 data-pm-slice=\"1 1 []\"><strong>Idealna wyprawka dla dziewczynki do szpitala<\/strong><\/h2>\n<p data-pm-slice=\"1 1 []\">Co powinno znale\u017a\u0107 si\u0119 w wyprawce dla dziewczynki? Odpowiednia wyprawka dla dziewczynki do szpitala powinna tak\u017ce wygl\u0105da\u0107 estetycznie i by\u0107 komfortowa dla ma\u0142ego dziecka. Nasza propozycja to idealna wyprawka dla noworodka. Zestaw zawiera niezb\u0119dne elementy wyprawki dla noworodka oraz jest bezpieczny dla sk\u00f3ry dziecka od pierwszych dni \u017cycia noworodka.<\/p>\n<p>Nasza wyprawka dla niemowlaka to idealna wyprawka dla noworodka na prezent na baby shower \u2013 komplet niemowl\u0119cy zapakowany jest w ozdobne pude\u0142ko.<\/p>\n<h3 data-pm-slice=\"1 3 []\"><strong>Nasz zestaw to kompletna <\/strong><a href=\"https:\/\/mama-niemowlaka.pl\/sklep\/c\/ubranka-niemowlece\/wyprawka-dla-noworodka\/\" target=\"_blank\" rel=\"noopener\"><strong>wyprawka dla noworodka<\/strong><\/a><strong>. Sk\u0142ad wyprawki niemowl\u0119cej:<\/strong><\/h3>\n<ul>\n<li><a href=\"https:\/\/mama-niemowlaka.pl\/sklep\/c\/ubranka-niemowlece\/pajacyki-dla-niemowlat\/\" target=\"_blank\" rel=\"noopener\"><strong>Pajacyk niemowl\u0119cy<\/strong><\/a><\/li>\n<li><a href=\"https:\/\/mama-niemowlaka.pl\/sklep\/t\/body-kopertowe\/\" target=\"_blank\" rel=\"noopener\"><strong>Body niemowl\u0119ce kopertowe<\/strong><\/a><\/li>\n<li>Czapeczka dla noworodka<\/li>\n<li><a href=\"https:\/\/mama-niemowlaka.pl\/sklep\/t\/skarpetki-niemowlece\/\" target=\"_blank\" rel=\"noopener\"><strong>Skarpetki niemowl\u0119ce<\/strong><\/a><\/li>\n<\/ul>\n<p data-pm-slice=\"1 1 []\">Pajacyk niemowl\u0119cy ma prosty i wygodny kr\u00f3j. Zapinany na napy, kt\u00f3re nie zawieraj\u0105 niklu. R\u0119kaw pajacyka wyko\u0144czony jest dopasowanym mankietem, tak aby maluchowi by\u0142o ciep\u0142o.<br \/>\nBody niemowl\u0119ce z d\u0142ugim r\u0119kawem zapinane s\u0105 kopertowo. Do zapi\u0119cia u\u017cyto nap bez niklu. Czapeczka ma mo\u017cliwo\u015b\u0107 regulacji.<\/p>\n<h2 data-pm-slice=\"1 1 []\"><strong>Wyprawka do szpitala dla noworodka &#8211; ubranka na ka\u017cd\u0105 por\u0119<\/strong><\/h2>\n<p data-pm-slice=\"1 1 []\">Nasza kompletna wyprawka dla dziewczynki dost\u0119pna jest w dw\u00f3ch rozmiarach: 56 i 62.<\/p>\n<p><span style=\"font-weight: 400;\">Wymiary element\u00f3w wyprawki dla niemowl\u0105t:<\/span><\/p>\n<table>\n<tbody>\n<tr>\n<td><b>Pajacyk niemowl\u0119cy<\/b><\/td>\n<td><b>\u00a056\/62\u00a0<\/b><\/td>\n<td><b>\u00a062\/68\u00a0<\/b><\/td>\n<\/tr>\n<tr>\n<td><span style=\"font-weight: 400;\">D\u0142ugo\u015b\u0107 ca\u0142kowita<\/span><\/td>\n<td><span style=\"font-weight: 400;\">53cm<\/span><\/td>\n<td><span style=\"font-weight: 400;\">56cm<\/span><\/td>\n<\/tr>\n<tr>\n<td><span style=\"font-weight: 400;\">D\u0142. od pachy do pachy<\/span><\/td>\n<td><span style=\"font-weight: 400;\">22cm<\/span><\/td>\n<td><span style=\"font-weight: 400;\">24,5cm<\/span><\/td>\n<\/tr>\n<tr>\n<td><span style=\"font-weight: 400;\">D\u0142ugo\u015b\u0107 r\u0119kawa<\/span><\/td>\n<td><span style=\"font-weight: 400;\">18cm<\/span><\/td>\n<td><span style=\"font-weight: 400;\">19cm<\/span><\/td>\n<\/tr>\n<\/tbody>\n<\/table>\n<p>&nbsp;<\/p>\n<table>\n<tbody>\n<tr>\n<td><b>Body kopertowe<\/b><\/td>\n<td><b>\u00a056\/62\u00a0<\/b><\/td>\n<td><b>\u00a062\/68\u00a0<\/b><\/td>\n<\/tr>\n<tr>\n<td><span style=\"font-weight: 400;\">D\u0142ugo\u015b\u0107 ca\u0142kowita<\/span><\/td>\n<td><span style=\"font-weight: 400;\">38cm<\/span><\/td>\n<td><span style=\"font-weight: 400;\">39,5cm<\/span><\/td>\n<\/tr>\n<tr>\n<td><span style=\"font-weight: 400;\">D\u0142. od pachy do pachy<\/span><\/td>\n<td><span style=\"font-weight: 400;\">22cm<\/span><\/td>\n<td><span style=\"font-weight: 400;\">23,5cm<\/span><\/td>\n<\/tr>\n<tr>\n<td><span style=\"font-weight: 400;\">D\u0142ugo\u015b\u0107 r\u0119kawa<\/span><\/td>\n<td><span style=\"font-weight: 400;\">18cm<\/span><\/td>\n<td><span style=\"font-weight: 400;\">19cm<\/span><\/td>\n<\/tr>\n<\/tbody>\n<\/table>\n<p>&nbsp;<\/p>\n<table>\n<tbody>\n<tr>\n<td><b>Czapeczka<\/b><\/td>\n<td><b>\u00a056\/62\u00a0<\/b><\/td>\n<td><b>\u00a062\/68\u00a0<\/b><\/td>\n<\/tr>\n<tr>\n<td><span style=\"font-weight: 400;\">Obw\u00f3d g\u0142owy<\/span><\/td>\n<td><span style=\"font-weight: 400;\">35cm<\/span><\/td>\n<td><span style=\"font-weight: 400;\">35cm<\/span><\/td>\n<\/tr>\n<\/tbody>\n<\/table>\n<h2 data-pm-slice=\"1 1 []\"><strong>Wyprawka dla noworodka w sklepie <\/strong><a href=\"https:\/\/mama-niemowlaka.pl\"><strong>mama-niemowlaka.pl<\/strong><\/a><\/h2>\n<p data-pm-slice=\"1 1 []\">Odwied\u017a nasz sklep internetowy <a href=\"https:\/\/mama-niemowlaka.pl\"><strong>mama-niemowlaka.pl<\/strong><\/a>, gdzie znajdziesz szeroki wyb\u00f3r najwy\u017cszej jako\u015bci ubranek niemowl\u0119cych. Gwarantujemy wysy\u0142k\u0119 zam\u00f3wienia w ci\u0105gu 48 godzin oraz darmow\u0105 wymian\u0119 towaru lub mo\u017cliwo\u015b\u0107 zwrotu w ci\u0105gu 14 dni. Co wi\u0119cej, je\u015bli zam\u00f3wisz za minimum 249 PLN, dostawa b\u0119dzie ca\u0142kowicie darmowa. Skompletowanie pierwszej wyprawki dla noworodka to wyzwanie. Z nami przygotowanie wyprawki niemowl\u0119cej b\u0119dzie niezwykle komfortowe.<\/p>\n<p data-pm-slice=\"1 1 []\">Sprawd\u017a nasz pozosta\u0142e propozycje <a href=\"https:\/\/mama-niemowlaka.pl\/sklep\/t\/ubranka-dla-noworodkow\/\" target=\"_blank\" rel=\"noopener\"><strong>ubranek dla noworodka<\/strong><\/a> w kategorii <a href=\"https:\/\/mama-niemowlaka.pl\/sklep\/c\/ubranka-niemowlece\/wyprawka-dla-noworodka\/\" target=\"_blank\" rel=\"noopener\"><strong>wyprawka dla noworodka<\/strong><\/a>. Skorzystaj teraz z naszych us\u0142ug i sprawd\u017a nasz\u0105 ofert\u0119 ubranek potrzebnych noworodkowi oraz akcesoria do piel\u0119gnacji niemowl\u0105t ju\u017c dzi\u015b! Wybierz wygodne dzieci\u0119ce ubrania. Pozosta\u0142e ubranka do wyprawki dla noworodka znajdziesz w kategorii <a href=\"https:\/\/mama-niemowlaka.pl\/sklep\/t\/ubranka-dla-noworodkow\/\" target=\"_blank\" rel=\"noopener\"><strong>ubranka dla noworodk\u00f3w<\/strong><\/a>.<\/p>\n","protected":false},"excerpt":{"rendered":"<p data-pm-slice=\"1 1 []\"><a href=\"https:\/\/mama-niemowlaka.pl\/sklep\/c\/ubranka-niemowlece\/wyprawka-dla-noworodka\/\" target=\"_blank\" rel=\"noopener\"><strong>Wyprawka dla noworodka<\/strong><\/a> dziewczynki z bawe\u0142ny organicznej w r\u00f3\u017cowym kolorze. Ubranka w <a href=\"https:\/\/mama-niemowlaka.pl\/sklep\/produkt\/ubranka-niemowlece\/wyprawka-dla-noworodka\/wyprawka-dla-dziewczynki-noworodka-rozowy\/\" target=\"_blank\" rel=\"noopener\"><strong>wyprawce dla dziewczynki<\/strong><\/a> : pajacyk niemowl\u0119cy, body kopertowe, czapeczka i skarpetki. Komplet niemowl\u0119cy idealny dla noworodka dziewczynki. Ten zestaw ubranek warto mie\u0107 w wyprawce dla dziewczynki. Bawe\u0142na organiczna to delikatny materia\u0142, kt\u00f3ry jest idealny dla sk\u00f3ry noworodka. Twoja wyprawka do szpitala dla dziewczynki powinna zawiera\u0107 te ubranka dla niemowlaka.<\/p>\n<p>Wyprawka dla noworodka wyst\u0119puje w trzech wersjach kolorystycznych: <a href=\"https:\/\/mama-niemowlaka.pl\/sklep\/produkt\/ubranka-niemowlece\/wyprawki-dla-niemowlaka\/wyprawka-dla-noworodka-bialy\/\" target=\"_blank\" rel=\"noopener\"><u>bia\u0142y<\/u><\/a>, <a href=\"https:\/\/mama-niemowlaka.pl\/sklep\/produkt\/ubranka-niemowlece\/wyprawki-dla-niemowlaka\/wyprawka-dla-noworodka-niebieski\/\" target=\"_blank\" rel=\"noopener\"><u>niebieski<\/u><\/a> i <a href=\"https:\/\/mama-niemowlaka.pl\/sklep\/produkt\/ubranka-niemowlece\/wyprawki-dla-niemowlaka\/wyprawka-dla-noworodka-rozowy\/\" target=\"_blank\" rel=\"noopener\"><u>r\u00f3\u017cowy<\/u><\/a>. Wszystkie kolory dost\u0119pne s\u0105 w dw\u00f3ch rozmiarach 56 i 62.<\/p>\n<p>Sk\u0142ad: 100% bawe\u0142na organiczna<\/p>\n","protected":false},"featured_media":7464,"template":"","meta":[],"product_brand":[],"product_cat":[91,57],"product_tag":[94,214,161,249,252,253,247,152,220,93],"class_list":{"0":"post-19269","1":"product","2":"type-product","3":"status-publish","4":"has-post-thumbnail","6":"product_cat-wyprawka-dla-noworodka","7":"product_cat-ubranka-niemowlece","8":"product_tag-bawelna-organiczna","9":"product_tag-bestseller","10":"product_tag-body-dla-niemowlat","11":"product_tag-body-dla-dziewczynek","12":"product_tag-body-dla-noworodka","13":"product_tag-body-kopertowe","14":"product_tag-body-z-dlugim-rekawem","15":"product_tag-ubranka-dla-niemowlat-dziewczynek","16":"product_tag-ubranka-dla-noworodkow","17":"product_tag-oeko-tex-100","18":"product_shipping_class-lekka","19":"pa_rozmiar-311","20":"pa_rozmiar-312","22":"first","23":"instock","24":"taxable","25":"shipping-taxable","26":"purchasable","27":"product-type-variable","28":"has-default-attributes","29":"wvs-archive-product-wrapper"},"_links":{"self":[{"href":"https:\/\/mama-niemowlaka.pl\/sklep\/wp-json\/wp\/v2\/product\/19269","targetHints":{"allow":["GET"]}}],"collection":[{"href":"https:\/\/mama-niemowlaka.pl\/sklep\/wp-json\/wp\/v2\/product"}],"about":[{"href":"https:\/\/mama-niemowlaka.pl\/sklep\/wp-json\/wp\/v2\/types\/product"}],"wp:featuredmedia":[{"embeddable":true,"href":"https:\/\/mama-niemowlaka.pl\/sklep\/wp-json\/wp\/v2\/media\/7464"}],"wp:attachment":[{"href":"https:\/\/mama-niemowlaka.pl\/sklep\/wp-json\/wp\/v2\/media?parent=19269"}],"wp:term":[{"taxonomy":"product_brand","embeddable":true,"href":"https:\/\/mama-niemowlaka.pl\/sklep\/wp-json\/wp\/v2\/product_brand?post=19269"},{"taxonomy":"product_cat","embeddable":true,"href":"https:\/\/mama-niemowlaka.pl\/sklep\/wp-json\/wp\/v2\/product_cat?post=19269"},{"taxonomy":"product_tag","embeddable":true,"href":"https:\/\/mama-niemowlaka.pl\/sklep\/wp-json\/wp\/v2\/product_tag?post=19269"}],"curies":[{"name":"wp","href":"https:\/\/api.w.org\/{rel}","templated":true}]}}