{"id":19283,"date":"2022-12-14T21:37:56","date_gmt":"2022-12-14T20:37:56","guid":{"rendered":"https:\/\/mama-niemowlaka.pl\/sklep\/?post_type=product&#038;p=19283"},"modified":"2025-12-14T21:39:35","modified_gmt":"2025-12-14T20:39:35","slug":"kombinezon-dla-dziewczynki-zimowy-rozowy","status":"publish","type":"product","link":"https:\/\/mama-niemowlaka.pl\/sklep\/produkt\/ubranka-niemowlece\/kombinezony-dla-niemowlat\/kombinezon-dla-dziewczynki-zimowy-rozowy\/","title":{"rendered":"Kombinezon dla dziewczynki zimowy &#8211; r\u00f3\u017cowy"},"content":{"rendered":"<h2 data-pm-slice=\"1 1 []\">Kombinezony zimowe dla dzieci i niemowl\u0105t idealne na zim\u0119 &#8211; kombinezon dla dziewczynki zimowy<\/h2>\n<p>Zastanawiasz si\u0119 jaki b\u0119dzie najlepszy kombinezon dla ma\u0142ej dziewczynki? Ten uroczy kombinezon dziewcz\u0119cy zimowy uzupe\u0142niony jest w wiele praktycznych detali, dodaj\u0105cych komfortu dziecku oraz u\u0142atwiaj\u0105cych jego zak\u0142adanie. Wn\u0119trze r\u0119kawk\u00f3w podszyte jest \u015bliskim materia\u0142em, dzi\u0119ki czemu maluch mo\u017ce swobodnie i \u0142atwo wsun\u0105\u0107 r\u0105czki do \u015brodka. Dodatkowo r\u0119kawy zako\u0144czone s\u0105 \u015bci\u0105gaczami, dzi\u0119ki czemu chroni\u0105 ma\u0142e r\u0105czki przed ch\u0142odem. Kombinezon niemowl\u0119cy zimowy rozpinany jest na dwa wygodne suwaki, kt\u00f3re ci\u0105gn\u0105 si\u0119 od szyjki a\u017c po same st\u00f3pki. Zamek jest zabezpieczony praktyczn\u0105 plis\u0105, kt\u00f3ra chroni przed wiatrem. G\u00f3ra suwak\u00f3w jest zabezpieczona tak, aby suwak nie dotyka\u0142 szyi dziecka. Powierzchnia tego kombinezonu dla dziewczynek na zim\u0119 to doskona\u0142ej jako\u015bci poliester, kt\u00f3ry jest odporny na wiatr i wod\u0119. Ten model kombinezonu posiada \u015bwietnie izoluj\u0105ce wype\u0142nienie, kt\u00f3re sprawia, \u017ce dziecku b\u0119dzie ciep\u0142o nawet w czasie bardzo mro\u017anych spacer\u00f3w.<\/p>\n<p>Ju\u017c dzi\u015b wybierz nasz r\u00f3\u017cowy kombinezon dla dziewczynki zimowy i zapewnij swojemu maluszkowi ciep\u0142o i komfort w ch\u0142odne dni.<\/p>\n<h2>Gdzie kupi\u0107 kombinezony zimowy dla niemowl\u0105t?<\/h2>\n<p>Szukasz dobrego kombinezonu zimowego dla dziewczynek, kt\u00f3ry zapewni komfort i ciep\u0142o dla Twojego dziecka? Je\u015bli chcesz kupi\u0107 swojemu maluszkowi kombinezon zimowy dzieci\u0119cy sprawd\u017a ofert\u0119 naszego sklepu i kup dobry zimowy kombinezon.<\/p>\n<h2>Kombinezony zimowe dzieci\u0119ce &#8211; Kombinezony dzieci\u0119ce dost\u0119pne w sklepie <a href=\"https:\/\/mama-niemowlaka.pl\">mama-niemowlaka.pl<\/a><\/h2>\n<p>Je\u015bli szukasz ubranek dla swojego niemowlaka, to <strong><a href=\"https:\/\/mama-niemowlaka.pl\">mama-niemowlaka.pl<\/a><\/strong> jest idealnym miejscem dla Ciebie. Oferujemy szeroki wyb\u00f3r ubranek dla niemowl\u0105t. Nasze produkty s\u0105 starannie wyselekcjonowane, aby zapewni\u0107 maksymalny komfort i bezpiecze\u0144stwo Twojemu dziecku. W naszym sklepie znajdziesz kombinezon zimowy dla dziewczynki i dla ch\u0142opca. Oferujemy kombinezony: kombinezony jesienne, ciep\u0142e kombinezony zimowe dla niemowl\u0105t, lekkie kombinezony zimowe, kombinezony zimowe dzieci\u0119ce zar\u00f3wno dla ch\u0142opca jak i dziewczynki. Dodatkowo, oferujemy szybk\u0105 dostaw\u0119 (w ci\u0105gu 48 godzin), darmow\u0105 wymian\u0119 oraz mo\u017cliwo\u015b\u0107 zwrotu w ci\u0105gu 14 dni. A je\u015bli Tw\u00f3j zakup przekroczy 249 PLN, masz darmow\u0105 dostaw\u0119!<\/p>\n<p>Nie tra\u0107 ju\u017c wi\u0119cej czasu na przeszukiwanie innych sklep\u00f3w \u2013 <strong><a href=\"https:\/\/mama-niemowlaka.pl\">mama-niemowlaka.pl<\/a><\/strong> ma wszystko, czego potrzebujesz! Sprawd\u017a <strong><a href=\"https:\/\/mama-niemowlaka.pl\">mama-niemowlaka.pl<\/a><\/strong> i wybierz idealny kombinezon niemowl\u0119cy ju\u017c dzi\u015b! Pozosta\u0142e kombinezony zimowe dla dzieci i niemowl\u0105t znajdziesz w kategorii <a href=\"https:\/\/mama-niemowlaka.pl\/sklep\/c\/ubranka\/kombinezony\/\" target=\"_blank\" rel=\"noopener\"><strong>kombinezony dla niemowl\u0105t<\/strong><\/a>.<\/p>\n","protected":false},"excerpt":{"rendered":"<p data-pm-slice=\"1 1 []\">Kombinezon dla dziewczynki zimowy w kolorze r\u00f3\u017cowym z uroczym kwiatuszkiem to idealny kombinezon zimowy dla dziewczynek. Gruby, funkcjonalny i jednocze\u015bnie uroczy kombinezon dla dziewczynki zimowy sprawdzi si\u0119 \u015bwietnie ju\u017c od pierwszych chwil niemowlaka. Na zewn\u0105trz jest wysokiej jako\u015b\u0107 po\u0142yskuj\u0105cy, wodoodporny materia\u0142 w kolorze r\u00f3\u017cowym. Natomiast wewn\u0105trz ciep\u0142ego kombinezonu dla dziewczynek znajduje si\u0119 milutka w dotyku, puszysta i ciep\u0142a podszewka, przypominaj\u0105ca r\u00f3\u017cowego misia. Kombinezon dla dziewczynki zimowy rozpinany jest na dwa wygodne suwaki, kt\u00f3re ci\u0105gn\u0105 si\u0119 od szyjki a\u017c po same st\u00f3pki. Kombinezon niemowl\u0119cy zimowy ma kaptur, kt\u00f3ry doskonale ochroni ma\u0142\u0105 g\u0142\u00f3wk\u0119 przed wiatrem. Dodatkowo kaptur jest zapinany na rzep pod szyj\u0105. To bardzo ciep\u0142y kombinezon dla ma\u0142ej dziewczynki.<\/p>\n<p>Ocieplany kombinezon dla dziewczynki zimowy w kolorze r\u00f3\u017cowym wyst\u0119puje w trzech rozmiarach: 68, 74 i 80.<\/p>\n<p>Sk\u0142ad: 100% poliester<\/p>\n","protected":false},"featured_media":10343,"template":"","meta":[],"product_brand":[],"product_cat":[78,217,57],"product_tag":[152,211,229,230],"class_list":{"0":"post-19283","1":"product","2":"type-product","3":"status-publish","4":"has-post-thumbnail","6":"product_cat-kombinezony-dla-niemowlat","7":"product_cat-okrycia-wierzchnie","8":"product_cat-ubranka-niemowlece","9":"product_tag-ubranka-dla-niemowlat-dziewczynek","10":"product_tag-kombinezon","11":"product_tag-kombinezon-niemowlecy-zimowy","12":"product_tag-kombinezon-zimowy-dla-dziewczynki","13":"product_shipping_class-duza","14":"pa_rozmiar-313","15":"pa_rozmiar-314","16":"pa_rozmiar-315","18":"first","19":"instock","20":"taxable","21":"shipping-taxable","22":"purchasable","23":"product-type-variable","24":"has-default-attributes","25":"wvs-archive-product-wrapper"},"_links":{"self":[{"href":"https:\/\/mama-niemowlaka.pl\/sklep\/wp-json\/wp\/v2\/product\/19283","targetHints":{"allow":["GET"]}}],"collection":[{"href":"https:\/\/mama-niemowlaka.pl\/sklep\/wp-json\/wp\/v2\/product"}],"about":[{"href":"https:\/\/mama-niemowlaka.pl\/sklep\/wp-json\/wp\/v2\/types\/product"}],"wp:featuredmedia":[{"embeddable":true,"href":"https:\/\/mama-niemowlaka.pl\/sklep\/wp-json\/wp\/v2\/media\/10343"}],"wp:attachment":[{"href":"https:\/\/mama-niemowlaka.pl\/sklep\/wp-json\/wp\/v2\/media?parent=19283"}],"wp:term":[{"taxonomy":"product_brand","embeddable":true,"href":"https:\/\/mama-niemowlaka.pl\/sklep\/wp-json\/wp\/v2\/product_brand?post=19283"},{"taxonomy":"product_cat","embeddable":true,"href":"https:\/\/mama-niemowlaka.pl\/sklep\/wp-json\/wp\/v2\/product_cat?post=19283"},{"taxonomy":"product_tag","embeddable":true,"href":"https:\/\/mama-niemowlaka.pl\/sklep\/wp-json\/wp\/v2\/product_tag?post=19283"}],"curies":[{"name":"wp","href":"https:\/\/api.w.org\/{rel}","templated":true}]}}