{"id":19329,"date":"2023-08-15T02:54:55","date_gmt":"2023-08-15T00:54:55","guid":{"rendered":"https:\/\/mama-niemowlaka.pl\/sklep\/?post_type=product&#038;p=19329"},"modified":"2025-12-15T02:56:43","modified_gmt":"2025-12-15T01:56:43","slug":"komplet-body-i-polspiochy-dla-dziewczynki-biale-serduszka","status":"publish","type":"product","link":"https:\/\/mama-niemowlaka.pl\/sklep\/produkt\/ubranka-niemowlece\/komplet-niemowlecy\/komplet-body-i-polspiochy-dla-dziewczynki-biale-serduszka\/","title":{"rendered":"Komplet body i p\u00f3\u0142\u015bpiochy dla dziewczynki &#8211; bia\u0142e serduszka"},"content":{"rendered":"<h2 data-pm-slice=\"1 1 []\">Komplet body i p\u00f3\u0142\u015bpiochy dla niemowlaka<\/h2>\n<p>P\u00f3\u0142\u015bpiochy plus body to niezb\u0119dne ubranka niemowl\u0119ce. Body dla niemowlaka to niezwykle popularna cz\u0119\u015b\u0107 garderoby ka\u017cdego malucha ze wzgl\u0119du na swoj\u0105 praktyczno\u015b\u0107. Rodzice uwielbiaj\u0105 body dzieci\u0119ce ze wzgl\u0119du na liczne zalety. Przede wszystkim to bardzo wygodne ubranko niemowl\u0119ce. Wygodnego body nie mo\u017ce zabrakn\u0105\u0107 w twojej wyprawce dla noworodka. Dok\u0142adnie tak samo jest z p\u00f3\u0142\u015bpioszkami. P\u00f3\u0142\u015bpiochy ubieramy dziecku, aby chroni\u0107 n\u00f3\u017cki dziecka przed ch\u0142odem oraz zapewni\u0107 \u0142atwe przebranie dziecka.<\/p>\n<p>\u015apioszki dla niemowl\u0105t opr\u00f3cz do body z kompletu, pasuj\u0105 do ka\u017cdego innego body czy bluzki, a nawet kaftanika. Wybierz ju\u017c dzi\u015b nasz bawe\u0142ny komplet body i p\u00f3\u0142\u015bpiochy. P\u00f3\u0142\u015bpiochy niemowl\u0119ce sprawiaj\u0105, \u017ce dziecku jest ciep\u0142o oraz czuje si\u0119 komfortowo.<\/p>\n<h2>Dlaczego warto zrobi\u0107 zakupy dla niemowlaka w sklepie <a href=\"https:\/\/mama-niemowlaka.pl\">mama-niemowlaka.pl<\/a>?<\/h2>\n<p>Odwied\u017a nasz sklep internetowy <a href=\"https:\/\/mama-niemowlaka.pl\">mama-niemowlaka.pl<\/a>, gdzie znajdziesz szeroki wyb\u00f3r najwy\u017cszej jako\u015bci ubranek niemowl\u0119cych. Gwarantujemy wysy\u0142k\u0119 zam\u00f3wienia w ci\u0105gu 48 godzin oraz darmow\u0105 wymian\u0119 towaru lub mo\u017cliwo\u015b\u0107 zwrotu w ci\u0105gu 14 dni. Co wi\u0119cej, je\u015bli zam\u00f3wisz za minimum 249 PLN, dostawa b\u0119dzie ca\u0142kowicie darmowa.<\/p>\n<p>Dbamy o wygod\u0119 i bezpiecze\u0144stwo Twojego dziecka, dlatego nasze produkty s\u0105 starannie wyselekcjonowane. Nie tra\u0107 wi\u0119cej czasu na przeszukiwanie innych sklep\u00f3w &#8211; <a href=\"https:\/\/mama-niemowlaka.pl\">mama-niemowlaka.pl<\/a> ma wszystko, czego potrzebujesz!<\/p>\n<p>Skorzystaj teraz z naszych us\u0142ug i sprawd\u017a nasz\u0105 ofert\u0119 ju\u017c dzi\u015b!<\/p>\n","protected":false},"excerpt":{"rendered":"<p data-pm-slice=\"1 1 []\">Nasz komplet niemowl\u0119cy to idealne rozwi\u0105zanie dla Twojej ma\u0142ej dziewczynki. Zawiera on body niemowl\u0119ce z d\u0142ugim r\u0119kawem oraz p\u00f3\u0142\u015bpiochy wygodne dla niemowlaka w kolorze r\u00f3\u017cowym z delikatnymi, bia\u0142ymi serduszkami. Ubranko niemowl\u0119ce zosta\u0142o wykonane z wysokiej jako\u015bci 100% bawe\u0142ny, zapewniaj\u0105c maksymalny komfort dla malucha.<\/p>\n<p>Drobne serduszka na naszym bawe\u0142nianym komplecie niemowl\u0119cym s\u0105 trwa\u0142e, bezpieczne dla sk\u00f3ry dziecka i nieodczuwalne podczas dotyku. Body dzieci\u0119ce \u015bwietnie komponuj\u0105 si\u0119 ze spodenkami jakimi s\u0105 p\u00f3\u0142\u015bpiochy niemowl\u0119ce. P\u00f3\u0142\u015bpioszki niemowl\u0119ce posiadaj\u0105 elastyczny \u015bci\u0105gacz w pasie, kt\u00f3ry nie uciska brzuszka malucha.<\/p>\n<p>P\u00f3\u0142\u015bpiochy plus body to komplet niemowl\u0119cy idealny zar\u00f3wno do szpitala jak i na prezent dla noworodka.<\/p>\n<p>Komplet body i p\u00f3\u0142\u015bpiochy dost\u0119pny jest w trzech rozmiarach: 56, 62 i 68, co pozwala dopasowa\u0107 go do potrzeb rosn\u0105cego dziecka.<\/p>\n<p data-pm-slice=\"1 1 []\">Sk\u0142ad: 100% bawe\u0142na<\/p>\n","protected":false},"featured_media":9155,"template":"","meta":[],"product_brand":[],"product_cat":[122,57,91],"product_tag":[118,161,249,252,247,152,153,351,220,165],"class_list":{"0":"post-19329","1":"product","2":"type-product","3":"status-publish","4":"has-post-thumbnail","6":"product_cat-komplet-niemowlecy","7":"product_cat-ubranka-niemowlece","8":"product_cat-wyprawka-dla-noworodka","9":"product_tag-bawelna","10":"product_tag-body-dla-niemowlat","11":"product_tag-body-dla-dziewczynek","12":"product_tag-body-dla-noworodka","13":"product_tag-body-z-dlugim-rekawem","14":"product_tag-ubranka-dla-niemowlat-dziewczynek","15":"product_tag-komplet","16":"product_tag-komplety-niemowlece-dla-dziewczynki","17":"product_tag-ubranka-dla-noworodkow","18":"product_tag-polspiochy","19":"product_shipping_class-lekka","20":"pa_rozmiar-311","21":"pa_rozmiar-312","22":"pa_rozmiar-313","24":"first","25":"instock","26":"taxable","27":"shipping-taxable","28":"purchasable","29":"product-type-variable","30":"has-default-attributes","31":"wvs-archive-product-wrapper"},"_links":{"self":[{"href":"https:\/\/mama-niemowlaka.pl\/sklep\/wp-json\/wp\/v2\/product\/19329","targetHints":{"allow":["GET"]}}],"collection":[{"href":"https:\/\/mama-niemowlaka.pl\/sklep\/wp-json\/wp\/v2\/product"}],"about":[{"href":"https:\/\/mama-niemowlaka.pl\/sklep\/wp-json\/wp\/v2\/types\/product"}],"wp:featuredmedia":[{"embeddable":true,"href":"https:\/\/mama-niemowlaka.pl\/sklep\/wp-json\/wp\/v2\/media\/9155"}],"wp:attachment":[{"href":"https:\/\/mama-niemowlaka.pl\/sklep\/wp-json\/wp\/v2\/media?parent=19329"}],"wp:term":[{"taxonomy":"product_brand","embeddable":true,"href":"https:\/\/mama-niemowlaka.pl\/sklep\/wp-json\/wp\/v2\/product_brand?post=19329"},{"taxonomy":"product_cat","embeddable":true,"href":"https:\/\/mama-niemowlaka.pl\/sklep\/wp-json\/wp\/v2\/product_cat?post=19329"},{"taxonomy":"product_tag","embeddable":true,"href":"https:\/\/mama-niemowlaka.pl\/sklep\/wp-json\/wp\/v2\/product_tag?post=19329"}],"curies":[{"name":"wp","href":"https:\/\/api.w.org\/{rel}","templated":true}]}}