{"id":19336,"date":"2024-02-15T15:50:37","date_gmt":"2024-02-15T14:50:37","guid":{"rendered":"https:\/\/mama-niemowlaka.pl\/sklep\/?post_type=product&#038;p=19336"},"modified":"2025-12-15T15:52:01","modified_gmt":"2025-12-15T14:52:01","slug":"rajstopki-niemowlece-z-kokarda","status":"publish","type":"product","link":"https:\/\/mama-niemowlaka.pl\/sklep\/produkt\/ubranka-niemowlece\/bielizna-dla-niemowlaka\/rajstopki-niemowlece-z-kokarda\/","title":{"rendered":"Bawe\u0142niane rajstopki niemowl\u0119ce z kokard\u0105 &#8211; 6 kolor\u00f3w"},"content":{"rendered":"<h2 data-pm-slice=\"1 1 []\"><strong>Rajstopki niemowl\u0119ce dla dziewczynki<\/strong><\/h2>\n<p data-pm-slice=\"1 1 []\">Rajstopki niemowl\u0119ce to nieod\u0142\u0105czny element dziewcz\u0119cej stylizacji. Nasze rajstopki doskonale sprawdz\u0105 si\u0119 na co dzie\u0144, do eleganckiej sukienki lub jako rajstopy na chrzest. Wykonane z bawe\u0142ny, zapewniaj\u0105 one komfort i delikatno\u015b\u0107 dla delikatnej sk\u00f3ry niemowl\u0119cej. Rajstopy niemowl\u0119ce s\u0105 ozdobione kokardk\u0105 w kolorze rajstop na ka\u017cdej n\u00f3\u017cce, dodaj\u0105c uroku i stylu do ubrania twojej c\u00f3reczki. Dost\u0119pne w 6 pi\u0119knych kolorach: czarny, pudrowy r\u00f3\u017c, bia\u0142y, brudny r\u00f3\u017c, kremowy i szary oraz w dw\u00f3ch rozmiarach: 15-18 (6-12 miesi\u0119cy) i 19-22 (12-24 miesi\u0105ce). Niezale\u017cnie od okazji, nasze rajstopki zapewni\u0105 wygod\u0119 i modny wygl\u0105d dla Twojej ma\u0142ej modnisi.<\/p>\n<p data-pm-slice=\"1 1 []\">Wykonane z dobrej jako\u015bci materia\u0142\u00f3w, ultrawygodne, bezpieczne w u\u017cytkowaniu i zawsze modne &#8211; rajstopki dla dzieci. Dzi\u0119ki naszym rajstopkom dzieci\u0119cym malutka dziewczynka b\u0119dzie czu\u0107 si\u0119 wygodnie i stylowo przez ca\u0142y dzie\u0144. Kup ju\u017c dzi\u015b te komfortowe i wytrzyma\u0142e rajstopki dzieci\u0119ce.<\/p>\n<h2 data-pm-slice=\"1 1 []\"><strong>Rajstopki i podkolan\u00f3wki dla niemowl\u0105t w sklepie <\/strong><a href=\"https:\/\/mama-niemowlaka.pl\/sklep\/\" target=\"_blank\" rel=\"noopener\"><strong>mama-niemowlaka.pl<\/strong><\/a><\/h2>\n<p data-pm-slice=\"1 1 []\"><a href=\"https:\/\/mama-niemowlaka.pl\/sklep\/\" target=\"_blank\" rel=\"noopener\"><strong>mama-niemowlaka.pl<\/strong><\/a> to sklep, kt\u00f3ry oferuje szeroki wyb\u00f3r ubranek dla najm\u0142odszych. W naszej ofercie znajdziesz mi\u0119dzy innymi rajstopy niemowl\u0119ce, kt\u00f3re s\u0105 nie tylko funkcjonalne, ale r\u00f3wnie\u017c pi\u0119knie wykonane. Sprawd\u017a nasza ofert\u0119 <a href=\"https:\/\/mama-niemowlaka.pl\/sklep\/c\/ubranka-niemowlece\/bielizna-dla-niemowlaka\/\" target=\"_blank\" rel=\"noopener\"><strong>bielizny dla niemowl\u0105t<\/strong><\/a>. W\u015br\u00f3d bielizny dla niemowl\u0105t znajdziesz <a href=\"https:\/\/mama-niemowlaka.pl\/sklep\/t\/rajstopy-niemowlece\/\" target=\"_blank\" rel=\"noopener\"><strong>rajstopy niemowl\u0119ce<\/strong><\/a>. W naszym sklepie kupisz bawe\u0142niane rajstopy dzieci\u0119ce do ka\u017cdej dzieci\u0119cej stylizacji. W szerokiej gamie kolorystycznej znajdziesz w delikatne, \u017cakardowe wzorki, kt\u00f3re doskonale uzupe\u0142ni\u0105 stylizacj\u0119 maluszka, idealnie sprawdz\u0105 si\u0119 w \u017c\u0142obku, przedszkolu czy na spacerze. W naszym sklepie kupisz tak\u017ce bia\u0142e rajstopki idealne jako rajstopki do Chrztu. Nie zapomnij r\u00f3wnie\u017c sprawdzi\u0107 naszej oferty <a href=\"https:\/\/mama-niemowlaka.pl\/sklep\/c\/ubranka-niemowlece\/sukienki\/\" target=\"_blank\" rel=\"noopener\"><strong>sukienek dla niemowl\u0105t<\/strong><\/a>.<\/p>\n","protected":false},"excerpt":{"rendered":"<p data-pm-slice=\"1 1 []\">Rajstopki niemowl\u0119ce wykonane s\u0105 z najwy\u017csz\u0105 staranno\u015bci\u0105 i dba\u0142o\u015bci\u0105 o szczeg\u00f3\u0142y, zapewniaj\u0105 jednocze\u015bnie wygod\u0119 i modny wygl\u0105d ma\u0142ej Ksi\u0119\u017cniczce. Nasze rajstopy dzieci\u0119ce wykonane s\u0105 z mi\u0119kkich, trwa\u0142ych materia\u0142\u00f3w, delikatnych dla delikatnej sk\u00f3ry. Dzi\u0119ki szerokiej gamie kolor\u00f3w i wzor\u00f3w do wyboru, mo\u017cesz znale\u017a\u0107 idealn\u0105 par\u0119, kt\u00f3ra uzupe\u0142ni ka\u017cdy str\u00f3j. Kup nasze rajstopki niemowl\u0119ce i ubierz swoj\u0105 ma\u0142\u0105 Ksi\u0119\u017cniczk\u0119 w naj\u0142adniejsze i najwygodniejsze rajstopy!<\/p>\n<p>Rajstopy niemowl\u0119ce s\u0105 dost\u0119pne w 6 kolorach: czarny, pudrowy r\u00f3\u017c, bia\u0142y, brudny r\u00f3\u017c, kremowy i szary. Rajstopy wyst\u0119puj\u0105 w dw\u00f3ch rozmiarach: 15-18 i 19-22. Rozmiar 15-18 pasuje na dziecko w wieku 6-12 miesi\u0119cy, a rozmiar 19-22 na 12-24 miesi\u0105ce.<\/p>\n<p>Sk\u0142ad: 80% bawe\u0142na, 17% poliamid, 3% elastan.<\/p>\n<p>Aby kupi\u0107 wybierz <strong>wariant kolorystyczny<\/strong> oraz <strong>rozmiar<\/strong> rajstopek\u00a0 :<\/p>\n","protected":false},"featured_media":12704,"template":"","meta":[],"product_brand":[],"product_cat":[190,57],"product_tag":[214,238,125,152,333,329,344],"class_list":{"0":"post-19336","1":"product","2":"type-product","3":"status-publish","4":"has-post-thumbnail","6":"product_cat-bielizna-dla-niemowlaka","7":"product_cat-ubranka-niemowlece","8":"product_tag-bestseller","9":"product_tag-ubranka-swiateczne-dla-niemowlaka","10":"product_tag-ubranka-do-chrztu","11":"product_tag-ubranka-dla-niemowlat-dziewczynek","12":"product_tag-rajstopki-do-chrztu","13":"product_tag-rajstopy-niemowlece","14":"product_tag-ubranka-do-chrztu-dla-dziewczynki","16":"first","17":"instock","18":"taxable","19":"shipping-taxable","20":"purchasable","21":"product-type-variable","22":"has-default-attributes","23":"wvs-archive-product-wrapper"},"_links":{"self":[{"href":"https:\/\/mama-niemowlaka.pl\/sklep\/wp-json\/wp\/v2\/product\/19336","targetHints":{"allow":["GET"]}}],"collection":[{"href":"https:\/\/mama-niemowlaka.pl\/sklep\/wp-json\/wp\/v2\/product"}],"about":[{"href":"https:\/\/mama-niemowlaka.pl\/sklep\/wp-json\/wp\/v2\/types\/product"}],"wp:featuredmedia":[{"embeddable":true,"href":"https:\/\/mama-niemowlaka.pl\/sklep\/wp-json\/wp\/v2\/media\/12704"}],"wp:attachment":[{"href":"https:\/\/mama-niemowlaka.pl\/sklep\/wp-json\/wp\/v2\/media?parent=19336"}],"wp:term":[{"taxonomy":"product_brand","embeddable":true,"href":"https:\/\/mama-niemowlaka.pl\/sklep\/wp-json\/wp\/v2\/product_brand?post=19336"},{"taxonomy":"product_cat","embeddable":true,"href":"https:\/\/mama-niemowlaka.pl\/sklep\/wp-json\/wp\/v2\/product_cat?post=19336"},{"taxonomy":"product_tag","embeddable":true,"href":"https:\/\/mama-niemowlaka.pl\/sklep\/wp-json\/wp\/v2\/product_tag?post=19336"}],"curies":[{"name":"wp","href":"https:\/\/api.w.org\/{rel}","templated":true}]}}