{"id":19349,"date":"2022-12-15T15:52:04","date_gmt":"2022-12-15T14:52:04","guid":{"rendered":"https:\/\/mama-niemowlaka.pl\/sklep\/?post_type=product&#038;p=19349"},"modified":"2026-03-17T17:32:19","modified_gmt":"2026-03-17T16:32:19","slug":"skarpetki-niemowlece-3szt","status":"publish","type":"product","link":"https:\/\/mama-niemowlaka.pl\/sklep\/produkt\/ubranka-niemowlece\/bielizna-dla-niemowlaka\/skarpetki-niemowlece-3szt\/","title":{"rendered":"Skarpetki niemowl\u0119ce 3szt."},"content":{"rendered":"<h2>Zestaw 3 par bawe\u0142nianych skarpetek niemowl\u0119cych<\/h2>\n<p>Skarpetki niemowl\u0119ce bezuciskowe wykonane z mi\u0119kkiej i przyjemnej w dotyku bawe\u0142ny to idealny wyb\u00f3r dla ka\u017cdej mamy, kt\u00f3ra chce zapewni\u0107 swojemu dziecku maksymalny komfort i ochron\u0119.<\/p>\n<p>Ten produkt posiada wiele korzy\u015bci, kt\u00f3re wynikaj\u0105 z jego wyj\u0105tkowych w\u0142a\u015bciwo\u015bci. Przede wszystkim, bawe\u0142na jest materia\u0142em antyalergicznym, co oznacza, \u017ce skarpetki s\u0105 idealne dla niemowl\u0105t z wra\u017cliw\u0105 sk\u00f3r\u0105. Bawe\u0142na poch\u0142ania tak\u017ce wilgo\u0107, dzi\u0119ki czemu skarpetki pozostaj\u0105 suche i utrzymuj\u0105 optymaln\u0105 temperatur\u0119 st\u00f3p dziecka.<\/p>\n<p>Skarpetki posiadaj\u0105 r\u00f3wnie\u017c elastyczny \u015bci\u0105gacz, dzi\u0119ki czemu idealnie przylegaj\u0105 do stopy i nie zsuwaj\u0105 si\u0119. Ich klasyczny design z mi\u0119kkim wyko\u0144czeniem z pewno\u015bci\u0105 spodoba si\u0119 ka\u017cdemu rodzicowi, kt\u00f3ry szuka wygodnych i funkcjonalnych skarpetek dla swojego dziecka.<\/p>\n<p>Zestaw skarpetek niemowl\u0119cych bezuciskowych zawiera 3 pary, co oznacza, \u017ce b\u0119d\u0105 one idealne do noszenia w ci\u0105gu ca\u0142ego dnia. Dzi\u0119ki temu, \u017ce skarpetki s\u0105 wykonane z bawe\u0142ny, mo\u017cna je pra\u0107 w pralce, co u\u0142atwia ich utrzymanie w czysto\u015bci.<\/p>\n<h3>Nasze skarpetki niemowl\u0119ce bezuciskowe spe\u0142ni\u0105 oczekiwania ka\u017cdej mamy i dziecka.<\/h3>\n<p>Skarpetki niemowl\u0119ce sprzedawanie s\u0105 w zestawach zawieraj\u0105cych 3 pary. Do wyboru s\u0105 trzy mo\u017cliwo\u015bci kolorystyczne:<\/p>\n<ul>\n<li>skarpetki niemowl\u0119ce 3 pary w kolorze r\u00f3\u017cowym<\/li>\n<li>skarpetki niemowl\u0119ce 3 pary w kolorze bia\u0142ym<\/li>\n<li>skarpetki niemowl\u0119ce 3 pary w kolorze ecru<\/li>\n<li>skarpetki niemowl\u0119ce 3 pary, ka\u017cda w innym kolorze<\/li>\n<\/ul>\n<p>Sk\u0142ad:<\/p>\n<p>80% bawe\u0142na, 17% poliamid, 3% elastan<\/p>\n","protected":false},"excerpt":{"rendered":"<p>Skarpetki niemowl\u0119ce bezuciskowe wykonane z mi\u0119kkiej i przyjemnej w dotyku bawe\u0142ny to idealny wyb\u00f3r dla ka\u017cdej mamy, kt\u00f3ra chce zapewni\u0107 swojemu dziecku maksymalny komfort i ochron\u0119.<\/p>\n<p>Zestaw skarpetek niemowl\u0119cych zawiera 3 pary, co oznacza, \u017ce b\u0119d\u0105 one idealne do noszenia w ci\u0105gu ca\u0142ego dnia. Dzi\u0119ki temu, \u017ce skarpetki s\u0105 wykonane z bawe\u0142ny, mo\u017cna je pra\u0107 w pralce, co u\u0142atwia ich utrzymanie w czysto\u015bci.<\/p>\n<p>Sk\u0142ad:<\/p>\n<p>80% bawe\u0142na, 17% poliamid, 3% elastan<\/p>\n","protected":false},"featured_media":8683,"template":"","meta":[],"product_brand":[],"product_cat":[190,57],"product_tag":[214,152,220,341],"class_list":{"0":"post-19349","1":"product","2":"type-product","3":"status-publish","4":"has-post-thumbnail","6":"product_cat-bielizna-dla-niemowlaka","7":"product_cat-ubranka-niemowlece","8":"product_tag-bestseller","9":"product_tag-ubranka-dla-niemowlat-dziewczynek","10":"product_tag-ubranka-dla-noworodkow","11":"product_tag-skarpetki-niemowlece","13":"first","14":"instock","15":"taxable","16":"shipping-taxable","17":"purchasable","18":"product-type-variable","19":"has-default-attributes","20":"wvs-archive-product-wrapper"},"_links":{"self":[{"href":"https:\/\/mama-niemowlaka.pl\/sklep\/wp-json\/wp\/v2\/product\/19349","targetHints":{"allow":["GET"]}}],"collection":[{"href":"https:\/\/mama-niemowlaka.pl\/sklep\/wp-json\/wp\/v2\/product"}],"about":[{"href":"https:\/\/mama-niemowlaka.pl\/sklep\/wp-json\/wp\/v2\/types\/product"}],"wp:featuredmedia":[{"embeddable":true,"href":"https:\/\/mama-niemowlaka.pl\/sklep\/wp-json\/wp\/v2\/media\/8683"}],"wp:attachment":[{"href":"https:\/\/mama-niemowlaka.pl\/sklep\/wp-json\/wp\/v2\/media?parent=19349"}],"wp:term":[{"taxonomy":"product_brand","embeddable":true,"href":"https:\/\/mama-niemowlaka.pl\/sklep\/wp-json\/wp\/v2\/product_brand?post=19349"},{"taxonomy":"product_cat","embeddable":true,"href":"https:\/\/mama-niemowlaka.pl\/sklep\/wp-json\/wp\/v2\/product_cat?post=19349"},{"taxonomy":"product_tag","embeddable":true,"href":"https:\/\/mama-niemowlaka.pl\/sklep\/wp-json\/wp\/v2\/product_tag?post=19349"}],"curies":[{"name":"wp","href":"https:\/\/api.w.org\/{rel}","templated":true}]}}