{"id":19354,"date":"2024-12-15T15:58:02","date_gmt":"2024-12-15T14:58:02","guid":{"rendered":"https:\/\/mama-niemowlaka.pl\/sklep\/?post_type=product&#038;p=19354"},"modified":"2025-12-15T16:07:55","modified_gmt":"2025-12-15T15:07:55","slug":"czapka-zimowa-dla-niemowlaka-chlopca-z-szalikiem","status":"publish","type":"product","link":"https:\/\/mama-niemowlaka.pl\/sklep\/produkt\/ubranka-niemowlece\/czapki-dla-niemowlat\/czapka-zimowa-dla-niemowlaka-chlopca-z-szalikiem\/","title":{"rendered":"Czapka zimowa dla niemowlaka ch\u0142opca z szalikiem"},"content":{"rendered":"<h2 data-pm-slice=\"1 1 []\">Czapki niemowl\u0119ce dla ch\u0142opc\u00f3w &#8211; zimowe czapki niemowl\u0119ce<\/h2>\n<p>Czapka zimowa dla niemowlaka ch\u0142opca to niezb\u0119dny element zimowej garderoby niemowlaka. Zimowe spacery z dzieckiem mog\u0105 sprawi\u0107 mu niema\u0142\u0105 przyjemno\u015b\u0107 pod warunkiem, \u017ce odpowiednio zabezpieczysz je przed ch\u0142odem. Czapki dla niemowl\u0105t na zim\u0119 to nieod\u0142\u0105czny element zapewniaj\u0105cy ochron\u0119 przed zimnem. Pozwalaj\u0105 r\u00f3wnie\u017c stworzy\u0107 modn\u0105, zimow\u0105 stylizacj\u0119. Wyb\u00f3r odpowiedniego modelu czapeczki zimowej niemowl\u0119cej nie jest jednak tak prosty, jak nam si\u0119 wydaje. Idealna czapka zimowa musi bowiem spe\u0142nia\u0107 kilka kluczowych kryteri\u00f3w.<\/p>\n<p>Nasza czapka zimowa dla niemowlaka ch\u0142opca to idealna ciep\u0142a zimowa czapka. Czapka dla ch\u0142opca zosta\u0142a wykonana z materia\u0142u, kt\u00f3ry jest odpowiedni dla delikatnej sk\u00f3ry dziecka a jednocze\u015bnie zapewnia mu komfort i ciep\u0142o.<\/p>\n<h2>Wygodna czapka zimowa dla niemowlaka ch\u0142opca &#8211; jak chroni\u0107 g\u0142\u00f3wk\u0119 dziecka w mro\u017ane dni<\/h2>\n<p>Szukasz odpowiedniej czapki niemowl\u0119cej? Jak\u0105 czapk\u0119 niemowl\u0119c\u0105 wybra\u0107? Martwisz si\u0119, \u017ce nakrycie g\u0142owy zsunie si\u0119 w trakcie spaceru, a w rezultacie maluch zmarznie? Dla Maluszka wybierz koniecznie wi\u0105zana czapk\u0119 pod szyj\u0105, co zapobiega zsuwaniu si\u0119 i przesuwaniu na bok w trakcie spaceru. Do kurtek lub kombinezon\u00f3w zimowych z kapturem wybierz nieco cie\u0144sze czapki, kt\u00f3re ochroni\u0105 g\u0142\u00f3wk\u0119 dziecka przed przepoceniem. Natomiast, aby zapewni\u0107 komfort w mro\u017ane dni wybierz dwuwarstwowe czapki z nausznikami. Zadbaj r\u00f3wnie\u017c o odpowiedni rozmiar czapki dla niemowlaka. Zimowe czapki dla niemowl\u0105t nie mog\u0105 by\u0107 ani za du\u017ce, ani za ciasne.<\/p>\n<h2>Czapki i szaliki niemowl\u0119ce w sklepie <a href=\"https:\/\/mama-niemowlaka.pl\">mama-niemowlaka.pl<\/a><\/h2>\n<p>Czapki dla niemowl\u0105t na zim\u0119 w naszym sklepie to doskona\u0142y wyb\u00f3r. W sklepie <a href=\"https:\/\/mama-niemowlaka.pl\"><strong>mama-niemowlaka.pl<\/strong><\/a> znajdziesz czapki zimowe dla niemowl\u0105t ale tak\u017ce <a href=\"https:\/\/mama-niemowlaka.pl\/sklep\/c\/ubranka\/kombinezony\/\" target=\"_blank\" rel=\"noopener\"><strong>kombinezony zimowe<\/strong><\/a> dla niemowl\u0105t. W naszym sklepie oferujemy zar\u00f3wno czapki dla niemowl\u0105t ch\u0142opc\u00f3w jak i czapki dla niemowl\u0105t dziewczynek. Ale tak\u017ce znajdziesz cie\u0144sze czapeczki dla niemowl\u0105t na wiosn\u0119 lub jesie\u0144 z wysokiej jako\u015bci materia\u0142\u00f3w. W naszym sklepie znajdziesz doskona\u0142e czapki zimowe niemowl\u0119ce &#8211; nie czekaj i kup ju\u017c dzi\u015b idealn\u0105 czapk\u0119 na zim\u0119 dla ch\u0142opca.<\/p>\n<p>Doskonale wiemy, \u017ce Twoje dziecko potrzebuje wygodnych ubra\u0144 na ka\u017cd\u0105 okazj\u0119. Odwied\u017a nasz sklep internetowy <a href=\"https:\/\/mama-niemowlaka.pl\"><strong>mama-niemowlaka.pl<\/strong><\/a>, gdzie znajdziesz szeroki wyb\u00f3r najwy\u017cszej jako\u015bci ubranek niemowl\u0119cych. Gwarantujemy wysy\u0142k\u0119 zam\u00f3wienia w ci\u0105gu 48 godzin oraz darmow\u0105 wymian\u0119 towaru lub mo\u017cliwo\u015b\u0107 zwrotu w ci\u0105gu 14 dni. Co wi\u0119cej, je\u015bli zam\u00f3wisz za minimum 249 PLN, dostawa b\u0119dzie ca\u0142kowicie darmowa.<\/p>\n<p>Przygotuj swoje dziecko na zimowy spacer w w\u00f3zku i zam\u00f3w czapk\u0119 zimow\u0105 dla niemowlaka ch\u0142opca w sklepie <a href=\"https:\/\/mama-niemowlaka.pl\"><strong>mama-niemowlaka.pl<\/strong><\/a><\/p>\n","protected":false},"excerpt":{"rendered":"<p data-pm-slice=\"1 1 []\">Czapka zimowa dla niemowlaka ch\u0142opca w komplecie z szalikiem to niezb\u0119dny element garderoby malucha na ch\u0142odne dni. Komplet zimowa czapka i szalik\u00a0zosta\u0142 wykonany\u00a0z najwy\u017cszej jako\u015bci prz\u0119dzy,\u00a0dzi\u0119ki czemu\u00a0jest niezwykle mi\u0119kki i mi\u0142y w dotyku, nie gryzie i nie podra\u017cnia sk\u00f3ry. Czapeczka dla niemowl\u0105t zosta\u0142a podszyta ciep\u0142\u0105 bawe\u0142n\u0105.\u00a0Dzi\u0119ki zastosowaniu bawe\u0142ny czapka dla niemowlaka dopasowuje si\u0119 do obwodu g\u0142\u00f3wki, a zarazem pozwala\u00a0zapewni\u0107 najwy\u017csz\u0105 ochron\u0119 przed zimnem i wiatrem. Szalik szczelnie chroni szyj\u0119 malucha przed wiatrem. Do cieplej zimowej czapki zosta\u0142 przymocowany du\u017cy i puchaty pompon wykonany z eko-futerka. Nauszniki w pe\u0142ni zas\u0142aniaj\u0105 uszy dziecka\u00a0przed wiatrem. Mi\u0119kkie\u00a0troczki daj\u0105 mo\u017cliwo\u015b\u0107 zawi\u0105zania\u00a0czapki dla ch\u0142opca niemowlaka, a zarazem nie podra\u017cniaj\u0105 brody dziecka. Czapka dla niemowlaka jest g\u0142\u0119boka, nie \u015bci\u0105ga si\u0119 z g\u0142owy. To idealna czapeczka zimowa niemowl\u0119ca dla Twojego ch\u0142opca.<\/p>\n<p>Czapka zimowa dla niemowlaka ch\u0142opca w komplecie z szalikiem wyst\u0119puje w pi\u0119ciu kolorach. Rozmiar czapki 40-42: 0-6 miesi\u0119cy<\/p>\n<p>Sk\u0142ad: podszewka 100% bawe\u0142na, warstwa wierzchnia 100% akryl<\/p>\n","protected":false},"featured_media":10779,"template":"","meta":[],"product_brand":[],"product_cat":[189,57],"product_tag":[118,241,145],"class_list":{"0":"post-19354","1":"product","2":"type-product","3":"status-publish","4":"has-post-thumbnail","6":"product_cat-czapki-dla-niemowlat","7":"product_cat-ubranka-niemowlece","8":"product_tag-bawelna","9":"product_tag-czapki-niemowlece-zimowe","10":"product_tag-ubranka-dla-niemowlat-chlopca","11":"product_shipping_class-lekka","13":"first","14":"instock","15":"taxable","16":"shipping-taxable","17":"purchasable","18":"product-type-variable","19":"has-default-attributes","20":"wvs-archive-product-wrapper"},"_links":{"self":[{"href":"https:\/\/mama-niemowlaka.pl\/sklep\/wp-json\/wp\/v2\/product\/19354","targetHints":{"allow":["GET"]}}],"collection":[{"href":"https:\/\/mama-niemowlaka.pl\/sklep\/wp-json\/wp\/v2\/product"}],"about":[{"href":"https:\/\/mama-niemowlaka.pl\/sklep\/wp-json\/wp\/v2\/types\/product"}],"wp:featuredmedia":[{"embeddable":true,"href":"https:\/\/mama-niemowlaka.pl\/sklep\/wp-json\/wp\/v2\/media\/10779"}],"wp:attachment":[{"href":"https:\/\/mama-niemowlaka.pl\/sklep\/wp-json\/wp\/v2\/media?parent=19354"}],"wp:term":[{"taxonomy":"product_brand","embeddable":true,"href":"https:\/\/mama-niemowlaka.pl\/sklep\/wp-json\/wp\/v2\/product_brand?post=19354"},{"taxonomy":"product_cat","embeddable":true,"href":"https:\/\/mama-niemowlaka.pl\/sklep\/wp-json\/wp\/v2\/product_cat?post=19354"},{"taxonomy":"product_tag","embeddable":true,"href":"https:\/\/mama-niemowlaka.pl\/sklep\/wp-json\/wp\/v2\/product_tag?post=19354"}],"curies":[{"name":"wp","href":"https:\/\/api.w.org\/{rel}","templated":true}]}}