{"id":19360,"date":"2023-11-15T15:59:48","date_gmt":"2023-11-15T14:59:48","guid":{"rendered":"https:\/\/mama-niemowlaka.pl\/sklep\/?post_type=product&#038;p=19360"},"modified":"2025-12-15T16:01:24","modified_gmt":"2025-12-15T15:01:24","slug":"opaska-dla-dziewczynki-niemowlaka-rozowa","status":"publish","type":"product","link":"https:\/\/mama-niemowlaka.pl\/sklep\/produkt\/ubranka-niemowlece\/czapki-dla-niemowlat\/opaska-dla-dziewczynki-niemowlaka-rozowa\/","title":{"rendered":"Opaska dla dziewczynki niemowlaka Moi Noi &#8211; r\u00f3\u017cowa"},"content":{"rendered":"<h2 data-pm-slice=\"1 1 []\">Bawe\u0142niane opaski niemowl\u0119ce &#8211; wygodne opaski dla niemowl\u0105t<\/h2>\n<p>Opaski dla dziewczynki niemowlaka sta\u0142y si\u0119 ostatnimi laty bardzo popularne. Opaski na g\u0142ow\u0119 niemowl\u0119ce mo\u017cna nosi\u0107 zar\u00f3wno wiosn\u0105, latem i jesieni\u0105.<\/p>\n<p>Opaska dla dziewczynki niemowlaka jest dost\u0119pna jest w kolorze r\u00f3\u017cowym, co pozwala na \u0142atwe dopasowanie do r\u00f3\u017cnych stylizacji i kolor\u00f3w ubranek. Dzi\u0119ki temu, \u017ce opaski s\u0105 elastyczne, mo\u017cna je \u0142atwo dopasowa\u0107 do obwodu g\u0142\u00f3wki dziecka, co zapewnia komfortowe i bezpieczne noszenie. Opaski zosta\u0142y uszyte z mi\u0119kkiej bawe\u0142ny, dzi\u0119ki czemu opaska nie uciska g\u0142\u00f3wki dziecka. Dodatkowo nasze opaska bawe\u0142niana dla niemowl\u0105t posiada kokard\u0119 \u2013 jest urocza.<\/p>\n<p>Opaska dla niemowlaka jest idealna dla dzieci w wieku od 0 do 12 miesi\u0119cy, kiedy to sk\u00f3ra dziecka jest najbardziej wra\u017cliwa i potrzebuje specjalnej ochrony. Opaski s\u0105 \u0142atwe w utrzymaniu czysto\u015bci i mo\u017cna je pra\u0107 w pralce w temperaturze do 30 stopni Celsjusza.<\/p>\n<h2>Kiedy warto ubra\u0107 opaski niemowl\u0119ce dla dziewczynki? Ozdobne opaski dla niemowl\u0105t<\/h2>\n<p>Opaski dla niemowl\u0105t to nie tylko praktyczne akcesoria, ale r\u00f3wnie\u017c modny element niemowl\u0119cej garderoby najm\u0142odszych. Dzi\u0119ki nim ka\u017cde dziecko b\u0119dzie wygl\u0105da\u0142o uroczo i stylowo, a jednocze\u015bnie b\u0119dzie mia\u0142o zapewniony komfort i bezpiecze\u0144stwo podczas codziennych zabaw i aktywno\u015bci. Opaski niemowl\u0119ce idealnie s\u0105 w ch\u0142odniejsze dni aby ochroni\u0107 uszy dziecka przed wiatrem. Ozdobne opaski dla niemowl\u0105t doskonale za to uzupe\u0142niaj\u0105 stylizacje na wyj\u0105tkowe okazje. Tak aby Twoja dziewczynka prezentowa\u0142a si\u0119 niezwykle uroczo wybierz opaska z kokardk\u0105 dla niemowlaka.<\/p>\n<p>Ta urocza opaska z kokardk\u0105 dla niemowlaka doskonale pasuje do pajacyka w tym samy kolorze i wzorze &#8211; <a href=\"https:\/\/mama-niemowlaka.pl\/sklep\/produkt\/ubranka\/pajacyki-dla-niemowlat\/pajacyk-na-suwak-rozowy-moi-noi\/\" target=\"_blank\" rel=\"noopener\"><strong>Pajacyk na suwak r\u00f3\u017cowy MOI NOI<\/strong><\/a>.<\/p>\n<h2>Opaski dla niemowlaka dost\u0119pne w sklepie <a href=\"https:\/\/mama-niemowlaka.pl\">mama-niemowlaka.pl<\/a><\/h2>\n<p>W sklepie <a href=\"https:\/\/mama-niemowlaka.pl\"><strong>mama-niemowlaka.pl<\/strong><\/a> oferujemy modele opasek dla niemowl\u0105t dziewczynki wysokiej jako\u015bci, bezpieczne i wygodne. Opaski dla dziewczynek niemowl\u0105t wykonane s\u0105 z mi\u0119kkiego materia\u0142u, kt\u00f3ry nie podra\u017cnia sk\u00f3ry delikatnej sk\u00f3ry dziecka, a jednocze\u015bnie s\u0105 trwa\u0142e i odporne na pranie. Eleganckie i praktyczne opaski dla maluszk\u00f3w dost\u0119pne w naszym sklepie znajdziesz w kategorii <a href=\"https:\/\/mama-niemowlaka.pl\/sklep\/c\/ubranka\/czapki\/\" target=\"_blank\" rel=\"noopener\"><strong>Czapki i opaski<\/strong><\/a>.<\/p>\n<p>Przygotuj swoje dziecko na spacery w w\u00f3zku lub inne okazje i zam\u00f3w opaski niemowl\u0119ce dla dziewczynki w sklepie <a href=\"https:\/\/mama-niemowlaka.pl\"><strong>mama-niemowlaka.pl<\/strong><\/a><\/p>\n","protected":false},"excerpt":{"rendered":"<p data-pm-slice=\"1 1 []\">Opaska niemowl\u0119ca z kokard\u0105 dla dziewczynki. Uszyta z wyj\u0105tkowo mi\u0119kkiej i delikatnej bawe\u0142ny. Opaska dla niemowlaka jest wi\u0105zana, dzi\u0119ki czemu rozmiar mo\u017cna idealnie dopasowa\u0107 do g\u0142owy dziecka. Opaska niemowl\u0119ca dla dziewczynki doskonale pasuje do pajacyka w tym samym kolorze i wzorze. Zobacz <a href=\"https:\/\/mama-niemowlaka.pl\/sklep\/produkt\/ubranka\/pajacyki-dla-niemowlat\/pajacyk-na-suwak-rozowy-moi-noi\/\" target=\"_blank\" rel=\"noopener\"><strong>Pajacyk na suwak r\u00f3\u017cowy MOI NOI<\/strong><\/a>.<\/p>\n<p>Opaski niemowl\u0119ce opr\u00f3cz tego, \u017ce znakomicie zdobi\u0105 g\u0142\u00f3wk\u0119 Maluszka to r\u00f3wnie\u017c ochroni\u0105 delikatne uszy dziecka przed wiatrem. Opaska z kokard\u0105 dla dziewczynki jest delikatna, a materia\u0142 z kt\u00f3rego zosta\u0142a uszyta zapewnia, \u017ce s\u0105 to opaski bezuciskowe dla niemowl\u0105t.<\/p>\n<p>Sk\u0142ad: 100% bawe\u0142na<\/p>\n<p>Rozmiar: uniwersalny<\/p>\n","protected":false},"featured_media":10659,"template":"","meta":[],"product_brand":[],"product_cat":[189,57],"product_tag":[118,214,152,355,120,224,172],"class_list":{"0":"post-19360","1":"product","2":"type-product","3":"status-publish","4":"has-post-thumbnail","6":"product_cat-czapki-dla-niemowlat","7":"product_cat-ubranka-niemowlece","8":"product_tag-bawelna","9":"product_tag-bestseller","10":"product_tag-ubranka-dla-niemowlat-dziewczynek","11":"product_tag-letnie-ubranka-dla-niemowlat","12":"product_tag-moi-noi","13":"product_tag-moinoi","14":"product_tag-opaski-dla-niemowlat","16":"first","17":"instock","18":"taxable","19":"shipping-taxable","20":"purchasable","21":"product-type-simple"},"_links":{"self":[{"href":"https:\/\/mama-niemowlaka.pl\/sklep\/wp-json\/wp\/v2\/product\/19360","targetHints":{"allow":["GET"]}}],"collection":[{"href":"https:\/\/mama-niemowlaka.pl\/sklep\/wp-json\/wp\/v2\/product"}],"about":[{"href":"https:\/\/mama-niemowlaka.pl\/sklep\/wp-json\/wp\/v2\/types\/product"}],"wp:featuredmedia":[{"embeddable":true,"href":"https:\/\/mama-niemowlaka.pl\/sklep\/wp-json\/wp\/v2\/media\/10659"}],"wp:attachment":[{"href":"https:\/\/mama-niemowlaka.pl\/sklep\/wp-json\/wp\/v2\/media?parent=19360"}],"wp:term":[{"taxonomy":"product_brand","embeddable":true,"href":"https:\/\/mama-niemowlaka.pl\/sklep\/wp-json\/wp\/v2\/product_brand?post=19360"},{"taxonomy":"product_cat","embeddable":true,"href":"https:\/\/mama-niemowlaka.pl\/sklep\/wp-json\/wp\/v2\/product_cat?post=19360"},{"taxonomy":"product_tag","embeddable":true,"href":"https:\/\/mama-niemowlaka.pl\/sklep\/wp-json\/wp\/v2\/product_tag?post=19360"}],"curies":[{"name":"wp","href":"https:\/\/api.w.org\/{rel}","templated":true}]}}