{"id":19361,"date":"2024-10-15T16:02:32","date_gmt":"2024-10-15T14:02:32","guid":{"rendered":"https:\/\/mama-niemowlaka.pl\/sklep\/?post_type=product&#038;p=19361"},"modified":"2025-12-15T16:09:14","modified_gmt":"2025-12-15T15:09:14","slug":"czapka-niemowleca-dla-dziewczynki","status":"publish","type":"product","link":"https:\/\/mama-niemowlaka.pl\/sklep\/produkt\/ubranka-niemowlece\/czapki-dla-niemowlat\/czapka-niemowleca-dla-dziewczynki\/","title":{"rendered":"Czapka niemowl\u0119ca dla dziewczynki"},"content":{"rendered":"<h2 data-pm-slice=\"1 1 []\"><strong>Bawe\u0142niane czapki niemowl\u0119ce dla dziewczynki w kolorze r\u00f3\u017cowym lub brzoskwiniowym &#8211; cztery wzory.<\/strong><\/h2>\n<p><a href=\"https:\/\/mama-niemowlaka.pl\/sklep\/c\/ubranka-niemowlece\/czapki-dla-niemowlat\/\" target=\"_blank\" rel=\"noopener\"><strong>Czapki niemowl\u0119ce<\/strong><\/a> to doskona\u0142y wyb\u00f3r dla ka\u017cdej mamy, kt\u00f3ra pragnie zadba\u0107 o zdrowie swojego dziecka. Czapka niemowl\u0119ca skutecznie chroni g\u0142\u00f3wk\u0119 niemowl\u0119cia zar\u00f3wno przed ch\u0142odem jak i przed intensywnymi promieniami s\u0142o\u0144ca.<\/p>\n<p><a href=\"https:\/\/mama-niemowlaka.pl\/sklep\/c\/ubranka-niemowlece\/czapki-dla-niemowlat\/\" target=\"_blank\" rel=\"noopener\"><strong>Czapki niemowl\u0119ce<\/strong><\/a> uszyte s\u0105 z najwy\u017cszej jako\u015bci mi\u0119ciutkiej bawe\u0142ny dzi\u0119ki czemu s\u0105 wyj\u0105tkowo przyjazne dla sk\u00f3ry g\u0142owy dziecka. Do wyboru s\u0105 cztery warianty czapeczek. Pierwszy wz\u00f3r to komety i gwiazdki , drugi to kr\u00f3liczek. Oba wzory s\u0105 dost\u0119pne w kolorze r\u00f3\u017cowym oraz brzoskwiniowym. Czapeczki nie uciskaj\u0105 g\u0142\u00f3wki dziecka. Czapki niemowl\u0119ce s\u0105 idealnie dopasowane do rozmiaru g\u0142\u00f3wki malucha, dzi\u0119ki czemu nie przesuwaj\u0105 si\u0119 i nie kr\u0119puj\u0105 ruch\u00f3w. Nasze czapki to wysoka jako\u015b\u0107 wykonania i estetyka wyko\u0144czenia. Na pewno przypadn\u0105 do gustu zar\u00f3wno Tobie, jak i Twojemu maluchowi.<\/p>\n<p>Czapeczki niemowl\u0119ce to obowi\u0105zkowy element wyprawki dla niemowl\u0105t. Czapka niemowl\u0119ca sprawdzi r\u00f3wnie\u017c u maluszk\u00f3w narodzonym w letnich miesi\u0105cach. Wybieraj\u0105c czapeczk\u0119 dla dzidziusia zwracajmy uwag\u0119 na materia\u0142 z jakiego jest wykonana. Najlepszym wyborem b\u0119dzie bawe\u0142na, kt\u00f3ra pozwala na oddychanie delikatnej sk\u00f3ry dziecka.<\/p>\n<h2><strong>Czapki niemowl\u0119ce to cudny dodatek do garderoby malucha<\/strong><\/h2>\n<p><a href=\"https:\/\/mama-niemowlaka.pl\/sklep\/c\/ubranka-niemowlece\/czapki-dla-niemowlat\/\" target=\"_blank\" rel=\"noopener\"><strong>Czapki niemowl\u0119ce<\/strong><\/a> to nie tylko urocze akcesoria, ale przede wszystkim niezb\u0119dne elementy garderoby dla maluch\u00f3w. Dzi\u0119ki nim Twoje dziecko b\u0119dzie chronione przed szkodliwym wp\u0142ywem s\u0142o\u0144ca, wiatru czy zimna. Nasze czapki niemowl\u0119ce to nie tylko element ochrony przed zimnem, ale tak\u017ce idealny dodatek do r\u00f3\u017cnych stylizacji. Z pewno\u015bci\u0105 spodobaj\u0105 si\u0119 wszystkim m\u0142odym rodzicom, kt\u00f3rzy ceni\u0105 sobie zar\u00f3wno praktyczno\u015b\u0107, jak i modny wygl\u0105d swojego dziecka.<\/p>\n<h3><strong>Nie czekaj zatem zbyt d\u0142ugo, aby zd\u0105\u017cy\u0107 zaopatrzy\u0107 si\u0119 w idealn\u0105 czapk\u0119 dla Twojego maluszka. Sprawd\u017a ofert\u0119 czapek niemowl\u0119cych w naszym sklepie <a href=\"https:\/\/mama-niemowlaka.pl\">mama-niemowlaka.pl<\/a> ju\u017c dzi\u015b i przekonaj si\u0119, \u017ce to doskona\u0142y wyb\u00f3r dla Twojego malucha.<\/strong><\/h3>\n<p>Nie zwlekaj i ju\u017c teraz zadbaj o zdrowie swojego dziecka oraz dodaj mu uroku dzi\u0119ki naszym czapkom niemowl\u0119cym. Z nami Tw\u00f3j maluch b\u0119dzie zawsze modny i bezpieczny. Zach\u0119camy do zakup\u00f3w!<\/p>\n<p>Sk\u0142ad:<\/p>\n<p>100% bawe\u0142na<\/p>\n<p>Obw\u00f3d czapki : 38 cm (2-4 msc)<\/p>\n","protected":false},"excerpt":{"rendered":"<p>Czapka niemowl\u0119ca to produkt dedykowany dla najm\u0142odszych dzieci, kt\u00f3rzy potrzebuj\u0105 ochrony g\u0142owy przed zimnem, wiatrem i s\u0142o\u0144cem. Nasz czapka wykonana jest z wysokiej jako\u015bci bawe\u0142ny, kt\u00f3ra jest mi\u0119kka, przyjemna w dotyku i nie uczula sk\u00f3ry dziecka. Dzi\u0119ki temu, zapewnia ona maksymalny komfort noszenia i nie powoduje podra\u017cnie\u0144.<\/p>\n<p>Czapka niemowl\u0119ca dost\u0119pna jest w czterech wzorach. Produkt ten jest dost\u0119pny w jednym rozmiarze, kt\u00f3ry jest odpowiedni dla niemowl\u0105t od 2 do 6 miesi\u0119cy. Dzi\u0119ki temu, rodzice nie musz\u0105 martwi\u0107 si\u0119 o to, \u017ce czapka b\u0119dzie za du\u017ca lub za ma\u0142a dla ich dziecka.<\/p>\n<p>Obw\u00f3d czapki : 38 cm<\/p>\n","protected":false},"featured_media":6746,"template":"","meta":[],"product_brand":[],"product_cat":[189,57],"product_tag":[118,152],"class_list":{"0":"post-19361","1":"product","2":"type-product","3":"status-publish","4":"has-post-thumbnail","6":"product_cat-czapki-dla-niemowlat","7":"product_cat-ubranka-niemowlece","8":"product_tag-bawelna","9":"product_tag-ubranka-dla-niemowlat-dziewczynek","10":"product_shipping_class-lekka","12":"first","13":"instock","14":"taxable","15":"shipping-taxable","16":"purchasable","17":"product-type-variable","18":"has-default-attributes","19":"wvs-archive-product-wrapper"},"_links":{"self":[{"href":"https:\/\/mama-niemowlaka.pl\/sklep\/wp-json\/wp\/v2\/product\/19361","targetHints":{"allow":["GET"]}}],"collection":[{"href":"https:\/\/mama-niemowlaka.pl\/sklep\/wp-json\/wp\/v2\/product"}],"about":[{"href":"https:\/\/mama-niemowlaka.pl\/sklep\/wp-json\/wp\/v2\/types\/product"}],"wp:featuredmedia":[{"embeddable":true,"href":"https:\/\/mama-niemowlaka.pl\/sklep\/wp-json\/wp\/v2\/media\/6746"}],"wp:attachment":[{"href":"https:\/\/mama-niemowlaka.pl\/sklep\/wp-json\/wp\/v2\/media?parent=19361"}],"wp:term":[{"taxonomy":"product_brand","embeddable":true,"href":"https:\/\/mama-niemowlaka.pl\/sklep\/wp-json\/wp\/v2\/product_brand?post=19361"},{"taxonomy":"product_cat","embeddable":true,"href":"https:\/\/mama-niemowlaka.pl\/sklep\/wp-json\/wp\/v2\/product_cat?post=19361"},{"taxonomy":"product_tag","embeddable":true,"href":"https:\/\/mama-niemowlaka.pl\/sklep\/wp-json\/wp\/v2\/product_tag?post=19361"}],"curies":[{"name":"wp","href":"https:\/\/api.w.org\/{rel}","templated":true}]}}