{"id":19381,"date":"2023-12-28T16:25:11","date_gmt":"2023-12-28T15:25:11","guid":{"rendered":"https:\/\/mama-niemowlaka.pl\/sklep\/?post_type=product&#038;p=19381"},"modified":"2025-12-15T21:22:21","modified_gmt":"2025-12-15T20:22:21","slug":"body-prazkowane-dzieciece-ecru","status":"publish","type":"product","link":"https:\/\/mama-niemowlaka.pl\/sklep\/produkt\/ubranka-niemowlece\/body-niemowlece\/body-prazkowane-dzieciece-ecru\/","title":{"rendered":"Body pr\u0105\u017ckowane dzieci\u0119ce z d\u0142ugim r\u0119kawem &#8211; ecru"},"content":{"rendered":"<h2 data-pm-slice=\"1 1 []\"><strong>Body niemowl\u0119ce pr\u0105\u017ckowane w kolorze ecru &#8211; wygodne body dzieci\u0119ce<\/strong><\/h2>\n<p data-pm-slice=\"1 1 []\">Body dla niemowl\u0105t to najpopularniejsze ubranko dla malucha jednocze\u015bnie najbardziej praktyczne i wygodne. Bawe\u0142niane, body pr\u0105\u017ckowane dzieci\u0119ce z d\u0142ugim r\u0119kawem w kolorze ecru to doskona\u0142y wyb\u00f3r zar\u00f3wno dla dziewczynki jak i ch\u0142opca. Te wygodne body dzieci\u0119ce to niezb\u0119dne ubranko niemowl\u0119ce w wyprawce dla noworodka. Body pr\u0105\u017ckowane dzieci\u0119ce z d\u0142ugim r\u0119kawem zapinane s\u0105 w kroku na bezniklowe napki. Zapi\u0119cie w kroku pozwala na wygodn\u0105 i szybk\u0105 zmian\u0119 pieluszki. Ubranko posiada d\u0142ugi r\u0119kaw dzi\u0119ki czemu zapewnia odpowiedni komfort termiczny dziecku. Te wysokiej jako\u015bci body dzieci\u0119ce z d\u0142ugim r\u0119kawem zosta\u0142y uszyte z mi\u0119kkiej, bezpiecznej dla sk\u00f3ry niemowlaka bawe\u0142ny.<\/p>\n<p data-pm-slice=\"1 1 []\">Do tych wygodnych, bawe\u0142nianych body z d\u0142ugim r\u0119kawem mo\u017cesz dobra\u0107 p\u00f3\u0142\u015bpiochy dla niemowlaka w tym samym kolorze lub we wzorki. P\u00f3\u0142\u015bpiochy znajdziesz w kategorii <a href=\"https:\/\/mama-niemowlaka.pl\/sklep\/c\/ubranka-niemowlece\/polspiochy\/\" target=\"_blank\" rel=\"noopener\"><strong>p\u00f3\u0142\u015bpiochy dla niemowl\u0105t<\/strong><\/a>.<\/p>\n<p data-pm-slice=\"1 1 []\">Kup ju\u017c dzi\u015b nasze urocze body niemowl\u0119ce pr\u0105\u017ckowane z d\u0142ugim r\u0119kawem i zapewnij komfort swojemu dziecku.<\/p>\n<h2 data-pm-slice=\"1 1 []\"><strong>Body dla niemowl\u0105t &#8211; wysokiej jako\u015bci body dzieci\u0119ce w sklepie <a href=\"https:\/\/www.mama-niemowlaka.pl\">mama-niemowlaka.pl<\/a><\/strong><\/h2>\n<p data-pm-slice=\"1 1 []\">Odwied\u017a nasz sklep internetowy <a href=\"https:\/\/www.mama-niemowlaka.pl\"><strong>mama-niemowlaka.pl<\/strong><\/a>, gdzie znajdziesz szeroki wyb\u00f3r najwy\u017cszej jako\u015bci ubranek niemowl\u0119cych. Gwarantujemy wysy\u0142k\u0119 zam\u00f3wienia w ci\u0105gu 48 godzin oraz darmow\u0105 wymian\u0119 towaru lub mo\u017cliwo\u015b\u0107 zwrotu w ci\u0105gu 14 dni. Co wi\u0119cej, je\u015bli zam\u00f3wisz za minimum 249 PLN, dostawa b\u0119dzie ca\u0142kowicie darmowa.<\/p>\n<p data-pm-slice=\"1 1 []\">Nasze body dzieci\u0119ce to wygodne i bezpieczne body dla niemowl\u0105t. W naszym sklepie znajdziesz body z d\u0142ugim r\u0119kawem, body z kr\u00f3tkim r\u0119kawem , bawe\u0142niane body, body niemowl\u0119ce kopertowe oraz wiele innych ubranek niemowl\u0119cych. W naszym sklepie kupisz body dla niemowl\u0105t najwy\u017cszej jako\u015bci. Znajdziesz modne body dzieci\u0119ce zar\u00f3wno body dla dziewczynek jak i body dla ch\u0142opc\u00f3w. Sprawd\u017a pozosta\u0142e body dla niemowl\u0105t w kategorii <a href=\"https:\/\/mama-niemowlaka.pl\/sklep\/c\/ubranka\/body\/\" target=\"_blank\" rel=\"noopener\"><strong>body dla niemowl\u0105t.<\/strong><\/a><\/p>\n<p data-pm-slice=\"1 1 []\">Skorzystaj teraz z naszych us\u0142ug i sprawd\u017a nasz\u0105 ofert\u0119 ubranek dla niemowlaka ju\u017c dzi\u015b! Wybierz wygodne body dla niemowl\u0105t.<\/p>\n","protected":false},"excerpt":{"rendered":"<p data-pm-slice=\"1 1 []\">Bawe\u0142niane, body pr\u0105\u017ckowane dzieci\u0119ce w kolorze ecru z d\u0142ugim r\u0119kawem zapinane w kroku na bezniklowe napki.<\/p>\n<p>Body niemowl\u0119ce pr\u0105\u017ckowane w kolorze ecru wyst\u0119puj\u0105 w trzech rozmiarach: 62, 68 i 74.<\/p>\n<p>Sk\u0142ad: 100% bawe\u0142na<\/p>\n","protected":false},"featured_media":10884,"template":"","meta":[],"product_brand":[],"product_cat":[137,57],"product_tag":[118,161,250,249,252,247,145,152,220],"class_list":{"0":"post-19381","1":"product","2":"type-product","3":"status-publish","4":"has-post-thumbnail","6":"product_cat-body-niemowlece","7":"product_cat-ubranka-niemowlece","8":"product_tag-bawelna","9":"product_tag-body-dla-niemowlat","10":"product_tag-body-dla-chlopca","11":"product_tag-body-dla-dziewczynek","12":"product_tag-body-dla-noworodka","13":"product_tag-body-z-dlugim-rekawem","14":"product_tag-ubranka-dla-niemowlat-chlopca","15":"product_tag-ubranka-dla-niemowlat-dziewczynek","16":"product_tag-ubranka-dla-noworodkow","17":"product_shipping_class-lekka","18":"pa_rozmiar-312","19":"pa_rozmiar-313","20":"pa_rozmiar-314","22":"first","23":"instock","24":"taxable","25":"shipping-taxable","26":"purchasable","27":"product-type-variable","28":"has-default-attributes","29":"wvs-archive-product-wrapper"},"_links":{"self":[{"href":"https:\/\/mama-niemowlaka.pl\/sklep\/wp-json\/wp\/v2\/product\/19381","targetHints":{"allow":["GET"]}}],"collection":[{"href":"https:\/\/mama-niemowlaka.pl\/sklep\/wp-json\/wp\/v2\/product"}],"about":[{"href":"https:\/\/mama-niemowlaka.pl\/sklep\/wp-json\/wp\/v2\/types\/product"}],"wp:featuredmedia":[{"embeddable":true,"href":"https:\/\/mama-niemowlaka.pl\/sklep\/wp-json\/wp\/v2\/media\/10884"}],"wp:attachment":[{"href":"https:\/\/mama-niemowlaka.pl\/sklep\/wp-json\/wp\/v2\/media?parent=19381"}],"wp:term":[{"taxonomy":"product_brand","embeddable":true,"href":"https:\/\/mama-niemowlaka.pl\/sklep\/wp-json\/wp\/v2\/product_brand?post=19381"},{"taxonomy":"product_cat","embeddable":true,"href":"https:\/\/mama-niemowlaka.pl\/sklep\/wp-json\/wp\/v2\/product_cat?post=19381"},{"taxonomy":"product_tag","embeddable":true,"href":"https:\/\/mama-niemowlaka.pl\/sklep\/wp-json\/wp\/v2\/product_tag?post=19381"}],"curies":[{"name":"wp","href":"https:\/\/api.w.org\/{rel}","templated":true}]}}