{"id":19386,"date":"2023-12-15T21:06:27","date_gmt":"2023-12-15T20:06:27","guid":{"rendered":"https:\/\/mama-niemowlaka.pl\/sklep\/?post_type=product&#038;p=19386"},"modified":"2025-12-31T01:01:19","modified_gmt":"2025-12-31T00:01:19","slug":"body-bawelniane-biale","status":"publish","type":"product","link":"https:\/\/mama-niemowlaka.pl\/sklep\/produkt\/ubranka-niemowlece\/body-niemowlece\/body-bawelniane-biale\/","title":{"rendered":"Body bawe\u0142niane &#8211; bia\u0142e"},"content":{"rendered":"<h2>Klasyczne body niemowl\u0119ce bia\u0142e<\/h2>\n<p>Bawe\u0142niane body niemowl\u0119ce w kolorze bia\u0142ym z d\u0142ugim r\u0119kawem wykonane z mi\u0119kkiej i elastycznej bawe\u0142ny to klasyk w wyprawce ka\u017cdego noworodka. Body z d\u0142ugim r\u0119kawem s\u0105 bardzo praktyczne, zapinane w kroku na bezpieczne bezniklowe napki, kt\u00f3re pozwalaj\u0105 na sprawne przewini\u0119cie dziecka.<\/p>\n<p>Body niemowl\u0119ce to najcz\u0119\u015bciej wybierane ubranko dla niemowlaka ze wzgl\u0119du na sw\u00f3j praktyczny kr\u00f3j. Doskonale sprawdz\u0105 si\u0119 u dzieci, kt\u00f3re nosz\u0105 pieluszk\u0119, gdy\u017c zapewniaj\u0105 do niej wygodny i szybki dost\u0119p nawet podczas drzemki. Ponadto, \u015bwietnie j\u0105 podtrzymuj\u0105 i chroni\u0105 plecki niemowlaka przed wyzi\u0119bieniem.<\/p>\n<p>Bia\u0142e body niemowl\u0119ce sprawdz\u0105 si\u0119 w wielu okazjach. Mog\u0105 stanowi\u0107 samodzielne ubranko lub tworzy\u0107 uroczy zestaw z innymi ubrankami, takimi jak: spodenki dresowe lub p\u00f3\u0142\u015bpiochy. Mog\u0105 by\u0107 r\u00f3wnie\u017c noszone jako bielizna pod cieplejsze ubranka takie jak dresiki niemowl\u0119ce czy kombinezony.<\/p>\n<p><span style=\"font-weight: 400;\">Sk\u0142ad: <\/span><span style=\"font-weight: 400;\">100% bawe\u0142na<br \/>\n<\/span><\/p>\n","protected":false},"excerpt":{"rendered":"<h2>Klasyczne body niemowl\u0119ce bia\u0142e<\/h2>\n<p>Bawe\u0142niane body niemowl\u0119ce w kolorze bia\u0142ym z d\u0142ugim r\u0119kawem wykonane z mi\u0119kkiej i elastycznej bawe\u0142ny to klasyk w wyprawce ka\u017cdego noworodka. Body z d\u0142ugim r\u0119kawem s\u0105 bardzo praktyczne, zapinane w kroku na bezpieczne bezniklowe napki, kt\u00f3re pozwalaj\u0105 na sprawne przewini\u0119cie dziecka.<\/p>\n<p>Body niemowl\u0119ce to najcz\u0119\u015bciej wybierane ubranko dla niemowlaka ze wzgl\u0119du na sw\u00f3j praktyczny kr\u00f3j. Doskonale sprawdz\u0105 si\u0119 u dzieci, kt\u00f3re nosz\u0105 pieluszk\u0119, gdy\u017c zapewniaj\u0105 do niej wygodny i szybki dost\u0119p nawet podczas drzemki. Ponadto, \u015bwietnie j\u0105 podtrzymuj\u0105 i chroni\u0105 plecki niemowlaka przed wyzi\u0119bieniem.<\/p>\n<p>Bia\u0142e body niemowl\u0119ce sprawdz\u0105 si\u0119 w wielu okazjach. Mog\u0105 stanowi\u0107 samodzielne ubranko lub tworzy\u0107 uroczy zestaw z innymi ubrankami, takimi jak: spodenki dresowe lub p\u00f3\u0142\u015bpiochy. Mog\u0105 by\u0107 r\u00f3wnie\u017c noszone jako bielizna pod cieplejsze ubranka takie jak dresiki niemowl\u0119ce czy kombinezony.<\/p>\n<p><span style=\"font-weight: 400;\">Sk\u0142ad: <\/span><span style=\"font-weight: 400;\">100% bawe\u0142na<\/span><\/p>\n<h2><\/h2>\n","protected":false},"featured_media":9808,"template":"","meta":[],"product_brand":[],"product_cat":[137,57],"product_tag":[118,214,161,250,249,252,247,125,145,152,248,343,344],"class_list":{"0":"post-19386","1":"product","2":"type-product","3":"status-publish","4":"has-post-thumbnail","6":"product_cat-body-niemowlece","7":"product_cat-ubranka-niemowlece","8":"product_tag-bawelna","9":"product_tag-bestseller","10":"product_tag-body-dla-niemowlat","11":"product_tag-body-dla-chlopca","12":"product_tag-body-dla-dziewczynek","13":"product_tag-body-dla-noworodka","14":"product_tag-body-z-dlugim-rekawem","15":"product_tag-ubranka-do-chrztu","16":"product_tag-ubranka-dla-niemowlat-chlopca","17":"product_tag-ubranka-dla-niemowlat-dziewczynek","18":"product_tag-eleganckie-body","19":"product_tag-ubranka-do-chrztu-dla-chlopca","20":"product_tag-ubranka-do-chrztu-dla-dziewczynki","21":"product_shipping_class-lekka","22":"pa_rozmiar-312","23":"pa_rozmiar-313","24":"pa_rozmiar-314","25":"pa_rozmiar-315","27":"first","28":"instock","29":"taxable","30":"shipping-taxable","31":"purchasable","32":"product-type-variable","33":"has-default-attributes","34":"wvs-archive-product-wrapper"},"_links":{"self":[{"href":"https:\/\/mama-niemowlaka.pl\/sklep\/wp-json\/wp\/v2\/product\/19386","targetHints":{"allow":["GET"]}}],"collection":[{"href":"https:\/\/mama-niemowlaka.pl\/sklep\/wp-json\/wp\/v2\/product"}],"about":[{"href":"https:\/\/mama-niemowlaka.pl\/sklep\/wp-json\/wp\/v2\/types\/product"}],"wp:featuredmedia":[{"embeddable":true,"href":"https:\/\/mama-niemowlaka.pl\/sklep\/wp-json\/wp\/v2\/media\/9808"}],"wp:attachment":[{"href":"https:\/\/mama-niemowlaka.pl\/sklep\/wp-json\/wp\/v2\/media?parent=19386"}],"wp:term":[{"taxonomy":"product_brand","embeddable":true,"href":"https:\/\/mama-niemowlaka.pl\/sklep\/wp-json\/wp\/v2\/product_brand?post=19386"},{"taxonomy":"product_cat","embeddable":true,"href":"https:\/\/mama-niemowlaka.pl\/sklep\/wp-json\/wp\/v2\/product_cat?post=19386"},{"taxonomy":"product_tag","embeddable":true,"href":"https:\/\/mama-niemowlaka.pl\/sklep\/wp-json\/wp\/v2\/product_tag?post=19386"}],"curies":[{"name":"wp","href":"https:\/\/api.w.org\/{rel}","templated":true}]}}