{"id":19397,"date":"2023-05-13T21:13:57","date_gmt":"2023-05-13T19:13:57","guid":{"rendered":"https:\/\/mama-niemowlaka.pl\/sklep\/?post_type=product&#038;p=19397"},"modified":"2025-12-15T21:23:45","modified_gmt":"2025-12-15T20:23:45","slug":"body-niemowlece-z-krotkim-rekawem-i-falbanka-rozowe","status":"publish","type":"product","link":"https:\/\/mama-niemowlaka.pl\/sklep\/produkt\/ubranka-niemowlece\/body-niemowlece\/body-niemowlece-z-krotkim-rekawem-i-falbanka-rozowe\/","title":{"rendered":"Body niemowl\u0119ce z kr\u00f3tkim r\u0119kawem i falbank\u0105 &#8211; r\u00f3\u017cowe"},"content":{"rendered":"<h2>Body dzieci\u0119ce &#8211; najwygodniejsze ubranko niemowl\u0119ce<\/h2>\n<p>Wyj\u0105tkowe body niemowl\u0119ce z kr\u00f3tkim r\u0119kawem w kolorze r\u00f3\u017cowym, zaprojektowane z my\u015bl\u0105 o komforcie i wygodzie Twojego male\u0144stwa. Wykonane z mi\u0119kkiej, wysokogatunkowej bawe\u0142ny. Body z kr\u00f3tkim r\u0119kawem zapewniaj\u0105 komfort i przyjemno\u015b\u0107 noszenia. Body s\u0105 rozpinane na ramionku i w kroczku, na antyalergiczne napki. Dzi\u0119ki temu zak\u0142adanie i zdejmowanie ubranka staje si\u0119 \u0142atwe i szybkie, umo\u017cliwiaj\u0105c wygodne przewijanie i piel\u0119gnacj\u0119 maluszka.<\/p>\n<h2>Stylowe detale dla malutkich fashionistek<\/h2>\n<p>Nasze body niemowl\u0119ce z kr\u00f3tkim r\u0119kawem w kolorze r\u00f3\u017cowym wyr\u00f3\u017cniaj\u0105 si\u0119 stylowymi detalami, kt\u00f3re dodaj\u0105 uroku i dziewcz\u0119cego wdzi\u0119ku. Ozdobione delikatn\u0105 falbank\u0105 przy r\u0119kawach, prezentuj\u0105 si\u0119 niezwykle uroczo i nadaj\u0105 ma\u0142ej modnisi wyj\u0105tkowy wygl\u0105d. Eleganckie falbanki z przodu bodziaka s\u0105 mi\u0119kkie, i robi\u0105 niesamowity efekt.<\/p>\n<h2>Body niemowl\u0119ce z kr\u00f3tkim r\u0119kawem s\u0105 dost\u0119pne w r\u00f3\u017cnych rozmiarach i modnych kolorach<\/h2>\n<p>Aby zapewni\u0107 idealne dopasowanie, nasze body niemowl\u0119ce z kr\u00f3tkim r\u0119kawem s\u0105 dost\u0119pne w czterech rozmiarach. Mo\u017cesz wybra\u0107 ten, kt\u00f3ry najlepiej pasuje do Twojego dziecka. Dodatkowo, oferujemy je w dw\u00f3ch uroczych kolorach: r\u00f3\u017cowym i bia\u0142ym, aby\u015b mog\u0142a dopasowa\u0107 je do stylizacji swojej ma\u0142ej ksi\u0119\u017cniczki. Dobierz do tego nasze <a href=\"https:\/\/mama-niemowlaka.pl\/sklep\/produkt\/ubranka\/dodatki\/bloomersy-niemowlece-kwiatki\/\" target=\"_blank\" rel=\"noopener\"><strong>bloomersy<\/strong><\/a> lub sp\u00f3dniczk\u0119, spodenki i stw\u00f3rz eleganck\u0105 stylizacj\u0119 dla ma\u0142ej damy.<\/p>\n<p>Do body mo\u017cesz dobra\u0107 <a href=\"https:\/\/mama-niemowlaka.pl\/sklep\/produkt\/ubranka\/dodatki\/opaska-niemowleca-z-kokarda\/\" target=\"_blank\" rel=\"noopener\"><strong>opask\u0119 niemowl\u0119c\u0105<\/strong><\/a> wykonan\u0105 r\u00f3wnie\u017c z bawe\u0142ny, dzi\u0119ki czemu podkre\u015blisz dziewcz\u0119cy wygl\u0105d swojego Malucha.<\/p>\n<h2>Najlepsza jako\u015b\u0107 dla Twojego dziecka<\/h2>\n<p>Bezpiecze\u0144stwo i komfort Twojego maluszka s\u0105 naszym priorytetem. Dlatego wszystkie nasze body niemowl\u0119ce s\u0105 starannie wykonane z wysokiej jako\u015bci materia\u0142\u00f3w, kt\u00f3re s\u0105 przyjazne dla delikatnej sk\u00f3ry dziecka. Mo\u017cesz mie\u0107 pewno\u015b\u0107, \u017ce nasze produkty spe\u0142niaj\u0105 najwy\u017csze standardy jako\u015bci.<\/p>\n<p>Przygotuj letni\u0105 garderob\u0119 dla Twojej malutkiej dziewczynki! Wybierz nasze body niemowl\u0119ce z kr\u00f3tkim r\u0119kawem w kolorze r\u00f3\u017cowym- zam\u00f3w teraz!<\/p>\n<p>Sk\u0142ad: 100% bawe\u0142na<\/p>\n","protected":false},"excerpt":{"rendered":"<p>Urocze body niemowl\u0119ce z kr\u00f3tkim r\u0119kawem w kolorze r\u00f3\u017cowym ozdobione eleganck\u0105 falbank\u0105, zapewni\u0105 Twojemu dziecku niezwyk\u0142y komfort . Delikatna falbanka i mi\u0119kka bawe\u0142na sprawi\u0105, \u017ce Twoje dziecko b\u0119dzie wygl\u0105da\u0107 uroczo i czu\u0107 si\u0119 komfortowo. Body z kr\u00f3tkim r\u0119kawem to idealne ubranko na letnie dni dla ma\u0142ej modnisi!<\/p>\n<p>Body niemowl\u0119ce z kr\u00f3tkim r\u0119kawem dost\u0119pne s\u0105 w dw\u00f3ch kolorach: r\u00f3\u017cowym i bia\u0142ym oraz czterech rozmiarach.<\/p>\n","protected":false},"featured_media":8663,"template":"","meta":[],"product_brand":[],"product_cat":[137,57],"product_tag":[118,161,249,252,251,152,248,355,184],"class_list":{"0":"post-19397","1":"product","2":"type-product","3":"status-publish","4":"has-post-thumbnail","6":"product_cat-body-niemowlece","7":"product_cat-ubranka-niemowlece","8":"product_tag-bawelna","9":"product_tag-body-dla-niemowlat","10":"product_tag-body-dla-dziewczynek","11":"product_tag-body-dla-noworodka","12":"product_tag-body-z-krotkim-rekawem","13":"product_tag-ubranka-dla-niemowlat-dziewczynek","14":"product_tag-eleganckie-body","15":"product_tag-letnie-ubranka-dla-niemowlat","16":"product_tag-z-krotkim-rekawem","17":"product_shipping_class-lekka","18":"pa_rozmiar-312","19":"pa_rozmiar-313","20":"pa_rozmiar-314","21":"pa_rozmiar-315","23":"first","24":"instock","25":"taxable","26":"shipping-taxable","27":"purchasable","28":"product-type-variable","29":"has-default-attributes","30":"wvs-archive-product-wrapper"},"_links":{"self":[{"href":"https:\/\/mama-niemowlaka.pl\/sklep\/wp-json\/wp\/v2\/product\/19397","targetHints":{"allow":["GET"]}}],"collection":[{"href":"https:\/\/mama-niemowlaka.pl\/sklep\/wp-json\/wp\/v2\/product"}],"about":[{"href":"https:\/\/mama-niemowlaka.pl\/sklep\/wp-json\/wp\/v2\/types\/product"}],"wp:featuredmedia":[{"embeddable":true,"href":"https:\/\/mama-niemowlaka.pl\/sklep\/wp-json\/wp\/v2\/media\/8663"}],"wp:attachment":[{"href":"https:\/\/mama-niemowlaka.pl\/sklep\/wp-json\/wp\/v2\/media?parent=19397"}],"wp:term":[{"taxonomy":"product_brand","embeddable":true,"href":"https:\/\/mama-niemowlaka.pl\/sklep\/wp-json\/wp\/v2\/product_brand?post=19397"},{"taxonomy":"product_cat","embeddable":true,"href":"https:\/\/mama-niemowlaka.pl\/sklep\/wp-json\/wp\/v2\/product_cat?post=19397"},{"taxonomy":"product_tag","embeddable":true,"href":"https:\/\/mama-niemowlaka.pl\/sklep\/wp-json\/wp\/v2\/product_tag?post=19397"}],"curies":[{"name":"wp","href":"https:\/\/api.w.org\/{rel}","templated":true}]}}