{"id":19402,"date":"2022-12-15T21:25:28","date_gmt":"2022-12-15T20:25:28","guid":{"rendered":"https:\/\/mama-niemowlaka.pl\/sklep\/?post_type=product&#038;p=19402"},"modified":"2026-01-15T00:10:49","modified_gmt":"2026-01-14T23:10:49","slug":"koszulobody-niebieskie-w-gwiazdki","status":"publish","type":"product","link":"https:\/\/mama-niemowlaka.pl\/sklep\/produkt\/ubranka-niemowlece\/body-niemowlece\/koszulobody-niebieskie-w-gwiazdki\/","title":{"rendered":"Koszulobody niebieskie w gwiazdki"},"content":{"rendered":"<p><span style=\"font-weight: 400;\">Niebieskie koszulobody w gwiazdki wykonane z bawe\u0142ny.\u00a0<\/span><\/p>\n<p>Klasyczne, eleganckie body bawe\u0142niane z ko\u0142nierzykiem i mankietami, zapinanymi na guziki. Koszulobody ch\u0142opi\u0119ce doskonale sprawdz\u0105 si\u0119 jako eleganckie ubranko dla ch\u0142opca do Chrztu, na Roczek, na wesele i inne uroczysto\u015bci.<\/p>\n<p><span style=\"font-weight: 400;\">Niebieskie koszulobody z d\u0142ugim r\u0119kawem wykonane s\u0105 z mi\u0119kkiej bawe\u0142ny, wysokiej jako\u015bci. Body s\u0105 bardzo przyjemne dla sk\u00f3ry oraz bardzo \u0142atwe w prasowaniu. Koszulobody s\u0105 zapiane na guziki, ale tylko do pasa. Dzi\u0119ki czemu, gdy dziecko siedzi koszula nie rozchodzi si\u0119 na brzuszku. Na dole, w kroku koszulobody s\u0105 zapinane jak klasyczne body na napki, kt\u00f3re nie zawieraj\u0105 niklu.\u00a0<\/span><\/p>\n<p><span style=\"font-weight: 400;\">Body jest mi\u0119ciutkie bawe\u0142niane, niebieskie w drobne gwiazdki. <\/span><\/p>\n<p><span style=\"font-weight: 400;\">Niebieskie koszulobody \u015bwietnie skomponuj\u0105 si\u0119 z eleganckimi spodniami lub zwyk\u0142ymi jeansami. Mucha i szelki dodadz\u0105 ca\u0142e stylizacji elegancji.<\/span><\/p>\n<p><span style=\"font-weight: 400;\">Klasyczna bia\u0142a koszula niezast\u0105piona podczas wyj\u0105tkowych uroczysto\u015bci takich jak Chrzest \u015awi\u0119ty, urodziny czy wesele. Bia\u0142e koszulobody niemowl\u0119ce to odpowiednik klasycznej bia\u0142ej koszuli.\u00a0<\/span><\/p>\n<p><span style=\"font-weight: 400;\">Sk\u0142ad:<\/span><\/p>\n<p><span style=\"font-weight: 400;\">95% bawe\u0142na, 5% spandex<\/span><\/p>\n<p><span style=\"font-weight: 400;\">Wymiary rozmiar\u00f3w :<\/span><\/p>\n<table>\n<tbody>\n<tr>\n<td><b>Koszulobody<\/b><\/td>\n<td><b>74<\/b><\/td>\n<td><b>80<\/b><\/td>\n<td><b>92<\/b><\/td>\n<\/tr>\n<tr>\n<td><span style=\"font-weight: 400;\">D\u0142ugo\u015b\u0107 ca\u0142kowita<\/span><\/td>\n<td><span style=\"font-weight: 400;\">44,5cm<\/span><\/td>\n<td><span style=\"font-weight: 400;\">48cm<\/span><\/td>\n<td><span style=\"font-weight: 400;\">51cm<\/span><\/td>\n<\/tr>\n<tr>\n<td><span style=\"font-weight: 400;\">D\u0142. od pachy do pachy<\/span><\/td>\n<td><span style=\"font-weight: 400;\">30cm<\/span><\/td>\n<td><span style=\"font-weight: 400;\">31cm<\/span><\/td>\n<td><span style=\"font-weight: 400;\">32cm<\/span><\/td>\n<\/tr>\n<tr>\n<td><span style=\"font-weight: 400;\">D\u0142ugo\u015b\u0107 r\u0119kawa<\/span><\/td>\n<td><span style=\"font-weight: 400;\">25cm<\/span><\/td>\n<td><span style=\"font-weight: 400;\">27,5cm<\/span><\/td>\n<td><span style=\"font-weight: 400;\">30cm<\/span><\/td>\n<\/tr>\n<\/tbody>\n<\/table>\n","protected":false},"excerpt":{"rendered":"<p><span style=\"font-weight: 400;\">Niebieskie koszulobody w gwiazdki wykonane z bawe\u0142ny.\u00a0<\/span><\/p>\n<p>Klasyczne, eleganckie body bawe\u0142niane z ko\u0142nierzykiem i mankietami, zapinanymi na guziki. Koszulobody ch\u0142opi\u0119ce doskonale sprawdz\u0105 si\u0119 jako eleganckie ubranko dla ch\u0142opca do Chrztu, na Roczek, na wesele i inne uroczysto\u015bci.<\/p>\n<p><span style=\"font-weight: 400;\">Niebieskie koszulobody z d\u0142ugim r\u0119kawem wykonane s\u0105 z mi\u0119kkiej bawe\u0142ny, wysokiej jako\u015bci. Body s\u0105 bardzo przyjemne dla sk\u00f3ry oraz bardzo \u0142atwe w prasowaniu. Koszulobody s\u0105 zapiane na guziki, ale tylko do pasa. Dzi\u0119ki czemu, gdy dziecko siedzi koszula nie rozchodzi si\u0119 na brzuszku. Na dole, w kroku koszulobody s\u0105 zapinane jak klasyczne body na napki, kt\u00f3re nie zawieraj\u0105 niklu.\u00a0<\/span><\/p>\n<p><span style=\"font-weight: 400;\">Body jest mi\u0119ciutkie bawe\u0142niane, niebieskie w drobne gwiazdki. <\/span><\/p>\n<p><span style=\"font-weight: 400;\">Niebieskie koszulobody \u015bwietnie skomponuj\u0105 si\u0119 z eleganckimi spodniami lub zwyk\u0142ymi jeansami. Mucha i szelki dodadz\u0105 ca\u0142e stylizacji elegancji.<\/span><\/p>\n<p><span style=\"font-weight: 400;\">Sk\u0142ad:<\/span><\/p>\n<p><span style=\"font-weight: 400;\">95% bawe\u0142na, 5% spandex<\/span><\/p>\n<p><span style=\"font-weight: 400;\">Wymiary rozmiar\u00f3w :<\/span><\/p>\n<table>\n<tbody>\n<tr>\n<td><b>Koszulobody<\/b><\/td>\n<td><b>74<\/b><\/td>\n<td><b>80<\/b><\/td>\n<td><b>92<\/b><\/td>\n<\/tr>\n<tr>\n<td><span style=\"font-weight: 400;\">D\u0142ugo\u015b\u0107 ca\u0142kowita<\/span><\/td>\n<td><span style=\"font-weight: 400;\">44,5cm<\/span><\/td>\n<td><span style=\"font-weight: 400;\">48cm<\/span><\/td>\n<td><span style=\"font-weight: 400;\">51cm<\/span><\/td>\n<\/tr>\n<tr>\n<td><span style=\"font-weight: 400;\">D\u0142. od pachy do pachy<\/span><\/td>\n<td><span style=\"font-weight: 400;\">30cm<\/span><\/td>\n<td><span style=\"font-weight: 400;\">31cm<\/span><\/td>\n<td><span style=\"font-weight: 400;\">32cm<\/span><\/td>\n<\/tr>\n<tr>\n<td><span style=\"font-weight: 400;\">D\u0142ugo\u015b\u0107 r\u0119kawa<\/span><\/td>\n<td><span style=\"font-weight: 400;\">25cm<\/span><\/td>\n<td><span style=\"font-weight: 400;\">27,5cm<\/span><\/td>\n<td><span style=\"font-weight: 400;\">30cm<\/span><\/td>\n<\/tr>\n<\/tbody>\n<\/table>\n<p><span style=\"font-weight: 400;\">\u00a0<\/span><\/p>\n","protected":false},"featured_media":1824,"template":"","meta":[],"product_brand":[],"product_cat":[137,135,57],"product_tag":[118,243,161,250,238,125,145,155,248,342],"class_list":{"0":"post-19402","1":"product","2":"type-product","3":"status-publish","4":"has-post-thumbnail","6":"product_cat-body-niemowlece","7":"product_cat-eleganckie-ubranka-dla-niemowlaka","8":"product_cat-ubranka-niemowlece","9":"product_tag-bawelna","10":"product_tag-black-friday","11":"product_tag-body-dla-niemowlat","12":"product_tag-body-dla-chlopca","13":"product_tag-ubranka-swiateczne-dla-niemowlaka","14":"product_tag-ubranka-do-chrztu","15":"product_tag-ubranka-dla-niemowlat-chlopca","16":"product_tag-eleganckie","17":"product_tag-eleganckie-body","18":"product_tag-koszulobody","19":"product_shipping_class-lekka","20":"pa_rozmiar-314","21":"pa_rozmiar-315","22":"pa_rozmiar-317","24":"first","25":"instock","26":"taxable","27":"shipping-taxable","28":"purchasable","29":"product-type-variable","30":"has-default-attributes","31":"wvs-archive-product-wrapper"},"_links":{"self":[{"href":"https:\/\/mama-niemowlaka.pl\/sklep\/wp-json\/wp\/v2\/product\/19402","targetHints":{"allow":["GET"]}}],"collection":[{"href":"https:\/\/mama-niemowlaka.pl\/sklep\/wp-json\/wp\/v2\/product"}],"about":[{"href":"https:\/\/mama-niemowlaka.pl\/sklep\/wp-json\/wp\/v2\/types\/product"}],"wp:featuredmedia":[{"embeddable":true,"href":"https:\/\/mama-niemowlaka.pl\/sklep\/wp-json\/wp\/v2\/media\/1824"}],"wp:attachment":[{"href":"https:\/\/mama-niemowlaka.pl\/sklep\/wp-json\/wp\/v2\/media?parent=19402"}],"wp:term":[{"taxonomy":"product_brand","embeddable":true,"href":"https:\/\/mama-niemowlaka.pl\/sklep\/wp-json\/wp\/v2\/product_brand?post=19402"},{"taxonomy":"product_cat","embeddable":true,"href":"https:\/\/mama-niemowlaka.pl\/sklep\/wp-json\/wp\/v2\/product_cat?post=19402"},{"taxonomy":"product_tag","embeddable":true,"href":"https:\/\/mama-niemowlaka.pl\/sklep\/wp-json\/wp\/v2\/product_tag?post=19402"}],"curies":[{"name":"wp","href":"https:\/\/api.w.org\/{rel}","templated":true}]}}