{"id":19411,"date":"2025-03-08T22:16:48","date_gmt":"2025-03-08T21:16:48","guid":{"rendered":"https:\/\/mama-niemowlaka.pl\/sklep\/?post_type=product&#038;p=19411"},"modified":"2026-02-16T21:04:02","modified_gmt":"2026-02-16T20:04:02","slug":"dresik-dla-niemowlaka-puzzle-musztardowy","status":"publish","type":"product","link":"https:\/\/mama-niemowlaka.pl\/sklep\/produkt\/ubranka-niemowlece\/dres-dla-niemowlaka\/dresik-dla-niemowlaka-puzzle-musztardowy\/","title":{"rendered":"Dres dla niemowlaka Puzzle &#8211; musztardowy"},"content":{"rendered":"<h2 data-pm-slice=\"1 1 []\"><strong>Modne wygodne ubranko &#8211; bawe\u0142niany dresik dla niemowlaka<\/strong><\/h2>\n<p data-pm-slice=\"1 1 []\">Uroczy, wygodny dres niemowl\u0119cy z du\u017cym wizerunkiem puzzla. <a href=\"https:\/\/mama-niemowlaka.pl\/sklep\/produkt\/ubranka-niemowlece\/komplet-niemowlecy\/dresik-dla-niemowlaka-puzzle-musztardowy\/\" target=\"_blank\" rel=\"noopener\"><strong>Dresik dla niemowlaka<\/strong><\/a> wykonany jest ze 100% bawe\u0142ny. Ubranka dla niemowlaka powinny by\u0107 przede wszystkim wygodne i bezpieczne, czyli dok\u0142adnie takie jak proponowany przez nas dres dzieci\u0119cy.<\/p>\n<p data-pm-slice=\"1 1 []\">Wygodny, bawe\u0142niany <a href=\"https:\/\/mama-niemowlaka.pl\/sklep\/c\/ubranka-niemowlece\/dres-dla-niemowlaka\/\" target=\"_blank\" rel=\"noopener\"><strong>dres dla niemowlaka<\/strong><\/a> o lu\u017anym, swobodnym fasonie. Uszyty z wysokiej jako\u015bci dzianiny dresowej. Dresik dla niemowlaka mo\u017ce by\u0107 noszony na ka\u017cd\u0105 pogod\u0119, na co dzie\u0144 w domu oraz na specjalne okazje. Wyj\u0105tkowo mi\u0119kki i mi\u0142y w dotyku. W sk\u0142ad <a href=\"https:\/\/mama-niemowlaka.pl\/sklep\/c\/ubranka-niemowlece\/dres-dla-niemowlaka\/\" target=\"_blank\" rel=\"noopener\"><strong>kompletu dres\u00f3w niemowl\u0119cych<\/strong><\/a> wchodz\u0105: Bluza niemowl\u0119ca z aplikacj\u0105, wyko\u0144czona delikatnym \u015bci\u0105gaczem wok\u00f3\u0142 r\u0105czek, przy szyjce oraz w pasie. Spodnie dresowe ze specjalnym obni\u017conym stanem dla dzieci nosz\u0105cych pieluszk\u0119. W pasie i wok\u00f3\u0142 kostek delikatny, bezuciskowy \u015bci\u0105gacz.<\/p>\n<p data-pm-slice=\"1 1 []\"><a href=\"https:\/\/mama-niemowlaka.pl\/sklep\/c\/ubranka-niemowlece\/dres-dla-niemowlaka\/\" target=\"_blank\" rel=\"noopener\"><strong>Dres niemowl\u0119cy<\/strong><\/a> gwarantuje swobod\u0119 ruch\u00f3w, sprawdzi si\u0119 w przypadku maluszk\u00f3w le\u017c\u0105cych w \u0142\u00f3\u017ceczku, jak r\u00f3wnie\u017c dla dzieci biegaj\u0105cych.<\/p>\n<h2 data-pm-slice=\"1 1 []\"><strong>Wygodne dresy niemowl\u0119ce w sklepie <\/strong><a href=\"https:\/\/mama-niemowlaka.pl\"><strong>mama-niemowlaka.pl<\/strong><\/a><\/h2>\n<p data-pm-slice=\"1 1 []\">Odwied\u017a nasz sklep internetowy <a href=\"https:\/\/mama-niemowlaka.pl\/sklep\/\" target=\"_blank\" rel=\"noopener\"><strong>mama-niemowlaka.pl<\/strong><\/a>, gdzie znajdziesz szeroki wyb\u00f3r <a href=\"https:\/\/mama-niemowlaka.pl\/sklep\/ubranka-niemowlece\/\" target=\"_blank\" rel=\"noopener\"><strong>ubranek niemowl\u0119cych<\/strong><\/a> najwy\u017cszej jako\u015bci. Gwarantujemy wysy\u0142k\u0119 zam\u00f3wienia w ci\u0105gu 48 godzin oraz darmow\u0105 wymian\u0119 towaru lub mo\u017cliwo\u015b\u0107 zwrotu w ci\u0105gu 14 dni. Co wi\u0119cej, je\u015bli zam\u00f3wisz za minimum 249 PLN, dostawa b\u0119dzie ca\u0142kowicie darmowa.<\/p>\n<p data-pm-slice=\"1 1 []\">Odkryj modne <a href=\"https:\/\/mama-niemowlaka.pl\/sklep\/c\/ubranka-niemowlece\/dres-dla-niemowlaka\/\" target=\"_blank\" rel=\"noopener\"><strong>dresy dla niemowl\u0105t<\/strong><\/a> w sklepie <a href=\"https:\/\/mama-niemowlaka.pl\/sklep\/\" target=\"_blank\" rel=\"noopener\"><strong>mama-niemowlaka.pl<\/strong><\/a>. W naszym sklepie znajdziesz szeroki wyb\u00f3r dres\u00f3w dla dzieci, kt\u00f3re s\u0105 zar\u00f3wno modne, jak i wygodne. Stworzone z my\u015bl\u0105 o najm\u0142odszych, nasze <a href=\"https:\/\/mama-niemowlaka.pl\/sklep\/c\/ubranka-niemowlece\/dres-dla-niemowlaka\/\" target=\"_blank\" rel=\"noopener\"><strong>dresy dla niemowl\u0105t<\/strong><\/a> zapewniaj\u0105 komfort i styl. Odwied\u017a nasz sklep online ju\u017c dzi\u015b i wybierz idealny dres dla Twojego dziecka! Skorzystaj teraz z naszych us\u0142ug i sprawd\u017a nasz\u0105 ofert\u0119 <a href=\"https:\/\/mama-niemowlaka.pl\/sklep\/\" target=\"_blank\" rel=\"noopener\"><strong>ubranek dla niemowlaka<\/strong><\/a> ju\u017c dzi\u015b! Wybierz wygodne <a href=\"https:\/\/mama-niemowlaka.pl\/sklep\/\" target=\"_blank\" rel=\"noopener\"><strong>ubranka dla niemowlaka<\/strong><\/a>. Je\u017celi szukasz <a href=\"https:\/\/mama-niemowlaka.pl\/sklep\/c\/ubranka-niemowlece\/dres-dla-niemowlaka\/\" target=\"_blank\" rel=\"noopener\"><strong>dresu dla niemowlaka<\/strong><\/a> sprawd\u017a nasz\u0105 ofert\u0119 w kategorii <a href=\"https:\/\/mama-niemowlaka.pl\/sklep\/c\/ubranka-niemowlece\/dres-dla-niemowlaka\/\" target=\"_blank\" rel=\"noopener\"><strong>dresy dla niemowl\u0105t<\/strong><\/a>. Kup ju\u017c dzi\u015b <a href=\"https:\/\/mama-niemowlaka.pl\/sklep\/c\/ubranka-niemowlece\/dres-dla-niemowlaka\/\" target=\"_blank\" rel=\"noopener\"><strong>wygodne dresy niemowl\u0119ce<\/strong><\/a> w naszym sklepie.<\/p>\n<p>&nbsp;<\/p>\n","protected":false},"excerpt":{"rendered":"<p data-pm-slice=\"1 1 []\">Bawe\u0142niany <a href=\"https:\/\/mama-niemowlaka.pl\/sklep\/c\/ubranka-niemowlece\/dres-dla-niemowlaka\/\" target=\"_blank\" rel=\"noopener\"><strong>dres dla niemowlaka<\/strong><\/a> w kolorze musztardowym. Uroczy, wygodny dres niemowl\u0119cy z urocz\u0105 aplikacj\u0105 w kszta\u0142cie puzzla.<\/p>\n<p>W sk\u0142ad kompletu dres\u00f3w niemowl\u0119cych wchodz\u0105: Bluza niemowl\u0119ca z aplikacj\u0105, wyko\u0144czona delikatnym \u015bci\u0105gaczem wok\u00f3\u0142 r\u0105czek, przy szyjce oraz w pasie. Spodnie dresowe ze specjalnym obni\u017conym stanem dla dzieci nosz\u0105cych pieluszk\u0119. <a href=\"https:\/\/mama-niemowlaka.pl\/sklep\/produkt\/ubranka-niemowlece\/komplet-niemowlecy\/dresik-dla-niemowlaka-puzzle-musztardowy\/\" target=\"_blank\" rel=\"noopener\"><strong>Dresik dla niemowlaka<\/strong><\/a> posiada w pasie i wok\u00f3\u0142 kostek delikatny, bezuciskowy \u015bci\u0105gacz.<\/p>\n<p><a href=\"https:\/\/mama-niemowlaka.pl\/sklep\/c\/ubranka-niemowlece\/dres-dla-niemowlaka\/\" target=\"_blank\" rel=\"noopener\"><strong>Dres dla niemowlaka<\/strong><\/a> Puzzle wyst\u0119puje w czterech rozmiarach: 68, 74, 80 i 86.<\/p>\n<p>Sk\u0142ad: 100% bawe\u0142na<\/p>\n","protected":false},"featured_media":20340,"template":"","meta":[],"product_brand":[],"product_cat":[136,122,57],"product_tag":[118,145,152,239,237,352,351],"class_list":{"0":"post-19411","1":"product","2":"type-product","3":"status-publish","4":"has-post-thumbnail","6":"product_cat-dres-dla-niemowlaka","7":"product_cat-komplet-niemowlecy","8":"product_cat-ubranka-niemowlece","9":"product_tag-bawelna","10":"product_tag-ubranka-dla-niemowlat-chlopca","11":"product_tag-ubranka-dla-niemowlat-dziewczynek","12":"product_tag-dresik-dla-chlopca","13":"product_tag-dresik-dla-dziewczynki","14":"product_tag-komplety-niemowlece-dla-chlopca","15":"product_tag-komplety-niemowlece-dla-dziewczynki","16":"product_shipping_class-lekka","17":"pa_rozmiar-313","18":"pa_rozmiar-314","19":"pa_rozmiar-315","20":"pa_rozmiar-316","22":"first","23":"instock","24":"taxable","25":"shipping-taxable","26":"purchasable","27":"product-type-variable","28":"has-default-attributes","29":"wvs-archive-product-wrapper"},"_links":{"self":[{"href":"https:\/\/mama-niemowlaka.pl\/sklep\/wp-json\/wp\/v2\/product\/19411","targetHints":{"allow":["GET"]}}],"collection":[{"href":"https:\/\/mama-niemowlaka.pl\/sklep\/wp-json\/wp\/v2\/product"}],"about":[{"href":"https:\/\/mama-niemowlaka.pl\/sklep\/wp-json\/wp\/v2\/types\/product"}],"wp:featuredmedia":[{"embeddable":true,"href":"https:\/\/mama-niemowlaka.pl\/sklep\/wp-json\/wp\/v2\/media\/20340"}],"wp:attachment":[{"href":"https:\/\/mama-niemowlaka.pl\/sklep\/wp-json\/wp\/v2\/media?parent=19411"}],"wp:term":[{"taxonomy":"product_brand","embeddable":true,"href":"https:\/\/mama-niemowlaka.pl\/sklep\/wp-json\/wp\/v2\/product_brand?post=19411"},{"taxonomy":"product_cat","embeddable":true,"href":"https:\/\/mama-niemowlaka.pl\/sklep\/wp-json\/wp\/v2\/product_cat?post=19411"},{"taxonomy":"product_tag","embeddable":true,"href":"https:\/\/mama-niemowlaka.pl\/sklep\/wp-json\/wp\/v2\/product_tag?post=19411"}],"curies":[{"name":"wp","href":"https:\/\/api.w.org\/{rel}","templated":true}]}}