{"id":19422,"date":"2023-12-15T22:24:30","date_gmt":"2023-12-15T21:24:30","guid":{"rendered":"https:\/\/mama-niemowlaka.pl\/sklep\/?post_type=product&#038;p=19422"},"modified":"2026-01-04T20:35:21","modified_gmt":"2026-01-04T19:35:21","slug":"kurtka-przejsciowa-niemowleca-i-dresik-dla-dziewczynki","status":"publish","type":"product","link":"https:\/\/mama-niemowlaka.pl\/sklep\/produkt\/ubranka-niemowlece\/dres-dla-niemowlaka\/kurtka-przejsciowa-niemowleca-i-dresik-dla-dziewczynki\/","title":{"rendered":"Kurtka przej\u015bciowa niemowl\u0119ca i dresik dla dziewczynki"},"content":{"rendered":"<h2 data-pm-slice=\"1 1 []\">Kurtki dla niemowl\u0105t &#8211; szukasz lekkiej kurtki przej\u015bciowej dla niemowlaka?<\/h2>\n<h2>Przej\u015bciowe kurtki niemowl\u0119ce &#8211; kurtka jesienno-wiosenna<\/h2>\n<p>Kurtka niemowl\u0119ca musi przede wszystkim chroni\u0107 maluszka przed kapry\u015bn\u0105 pogod\u0105. Aby by\u0142o to mo\u017cliwe kurtka przej\u015bciowa niemowl\u0119ca powinna by\u0107 dobrze dopasowana do rozmiaru dziecka, nie za du\u017ca ani za ma\u0142a, aby zapewni\u0107 dziecku komfort termiczny. Nasza kurtka niemowl\u0119ca dost\u0119pna jest w czterech rozmiarach, dzi\u0119ki czemu wyb\u00f3r rozmiaru kurtki niemowl\u0119cej nie b\u0119dzie dla Ciebie wyzwaniem. Przej\u015bciowa kurtka dla niemowlaka posiada praktyczny suwak oraz gumk\u0119 na ko\u0144cach r\u0119kaw\u00f3w dla \u0142atwiejszego zak\u0142adania. Wz\u00f3r serduszek dodaje nutki koloru do wielu r\u00f3\u017cnorodnych stylizacji na wiosn\u0119 lub jesie\u0144. Kurtka przej\u015bciowa zapewni wygod\u0119 i ochron\u0119 podczas przechodzenia mi\u0119dzy sezonami.<\/p>\n<h2>Dresik dla dziewczynki &#8211; wygodne ubrania niemowl\u0119ce<\/h2>\n<p>Dresik zosta\u0142 wykonany z wysokiej jako\u015bci bawe\u0142ny, kt\u00f3ra zapewnia swobodny przep\u0142yw wilgoci i izolacj\u0119 ciepln\u0105. Bluza ma klasyczny kr\u00f3j. Spodnie posiadaj\u0105 \u015bci\u0105gacze na dole nogawek, dzi\u0119ki czemu nie podci\u0105gaj\u0105 si\u0119 ku g\u00f3rze.<\/p>\n<p>Ten zestaw kurtka niemowl\u0119ca i dresik to idealne rozwi\u0105zanie dla ka\u017cdej ma\u0142ej fashionistki, kt\u00f3ra ceni sobie komfort, wygod\u0119 oraz wyj\u0105tkowy styl.<\/p>\n<h2>Szeroki wyb\u00f3r wyb\u00f3r odzie\u017cy niemowl\u0119cej w sklepie <a href=\"https:\/\/mama-niemowlaka.pl\">mama-niemowlaka.pl<\/a><\/h2>\n<p><a href=\"https:\/\/mama-niemowlaka.pl\">Mama-niemowlaka.pl<\/a> to sklep oferuj\u0105cy ubranka niemowl\u0119ce. Nasze produkty wysy\u0142amy w ci\u0105gu 48 godzin. Oferujemy bezp\u0142atn\u0105 wymian\u0119 produkt\u00f3w oraz 14-dniow\u0105 polityk\u0119 zwrotu. Dodatkowo, je\u015bli zam\u00f3wisz za minimum 249 z\u0142, wysy\u0142ka b\u0119dzie ca\u0142kowicie bezp\u0142atna. Nasze produkty s\u0105 starannie dobierane tak, aby zapewni\u0107 Twojemu dziecku maksymalny komfort i bezpiecze\u0144stwo. Nie musisz ju\u017c traci\u0107 czasu na przeszukiwanie innych sklep\u00f3w. <a href=\"https:\/\/mama-niemowlaka.pl\">Mama-niemowlaka.pl<\/a> ma wszystko, czego potrzebujesz! Wybierz nasz\u0105 odzie\u017c niemowl\u0119c\u0105. Skorzystaj z naszych us\u0142ug ju\u017c teraz i sprawd\u017a nasz\u0105 ofert\u0119 ju\u017c dzi\u015b!<\/p>\n","protected":false},"excerpt":{"rendered":"<p data-pm-slice=\"1 1 []\">Bia\u0142a kurtka niemowl\u0119ca przej\u015bciowa to doskona\u0142a propozycja dla ka\u017cdej ma\u0142ej modnisi, kt\u00f3ra lubi si\u0119 bawi\u0107 na zewn\u0105trz. Ta gustowna kurtka niemowl\u0119ca zapewnia doskona\u0142\u0105 ochron\u0119. Kurtka dla niemowlaka zosta\u0142a wykonana z wysokiej jako\u015bci poliestru, jest wodoodporna i \u015bwietnie chroni przed nieprzyjemnym wiatrem. Jej klasyczny design w po\u0142\u0105czeniu z nadrukiem drobnych, kolorowych serduszek sprawiaj\u0105, \u017ce b\u0119dzie pasowa\u0107 zar\u00f3wno do s\u0142onecznej pogody jak i pochmurnych dni. Dodatkowo kurtka dla niemowlaka jest bardzo wytrzyma\u0142a i plamoodporna, co oznacza, \u017ce nie musisz si\u0119 martwi\u0107 o jej stan nawet podczas intensywnego u\u017cytkowania przez Twoje dziecko. Kurtka przej\u015bciowa dla dzieci posiada kaptur, dzi\u0119ki czemu jeszcze lepiej chroni Twoje dziecko.<\/p>\n<p>W komplecie z kurtk\u0105 przej\u015bciow\u0105 dostajesz r\u00f3wnie\u017c wygodny bawe\u0142niany dresik dla dziewczynki. Jest to klasyczna bluza dresowa wk\u0142adana przez g\u0142ow\u0119 z d\u0142ugim r\u0119kawem i spodnie z elastycznym pasem. Dzi\u0119ki temu zestawowi Twoja c\u00f3rka b\u0119dzie mog\u0142a swobodnie porusza\u0107 si\u0119 podczas zabawy czy spacer\u00f3w. Zakup kurtki tej kurtki dla dziewczynek zapewni Ci gotowy zestaw ubranek dla Twojego dziecka.<\/p>\n<p>Kurtka przej\u015bciowa niemowl\u0119ca i dresik dla dziewczynki s\u0105 dost\u0119pne w czterech rozmiarach: 74, 80, 86 i 92. To idealna kurtka przej\u015bciowa na jesie\u0144 lub wiosn\u0119.<\/p>\n<p>Kurtka w kolorze bia\u0142ym. Dres w kolorze \u0142ososiowym.<\/p>\n<p>Sk\u0142ad: Kurtka niemowl\u0119ca z kapturem &#8211; materia\u0142 wierzchni 100% poliester, podszewka &#8211; 100%,\u00a0Dresik niemowl\u0119cy: 100% bawe\u0142na<\/p>\n","protected":false},"featured_media":11610,"template":"","meta":[],"product_brand":[],"product_cat":[136,122,217,57],"product_tag":[118,214,152,237,351,360],"class_list":{"0":"post-19422","1":"product","2":"type-product","3":"status-publish","4":"has-post-thumbnail","6":"product_cat-dres-dla-niemowlaka","7":"product_cat-komplet-niemowlecy","8":"product_cat-okrycia-wierzchnie","9":"product_cat-ubranka-niemowlece","10":"product_tag-bawelna","11":"product_tag-bestseller","12":"product_tag-ubranka-dla-niemowlat-dziewczynek","13":"product_tag-dresik-dla-dziewczynki","14":"product_tag-komplety-niemowlece-dla-dziewczynki","15":"product_tag-kurtki-niemowlece","16":"product_shipping_class-lekka","17":"pa_rozmiar-314","18":"pa_rozmiar-315","19":"pa_rozmiar-316","20":"pa_rozmiar-317","22":"first","23":"instock","24":"taxable","25":"shipping-taxable","26":"purchasable","27":"product-type-variable","28":"has-default-attributes","29":"wvs-archive-product-wrapper"},"_links":{"self":[{"href":"https:\/\/mama-niemowlaka.pl\/sklep\/wp-json\/wp\/v2\/product\/19422","targetHints":{"allow":["GET"]}}],"collection":[{"href":"https:\/\/mama-niemowlaka.pl\/sklep\/wp-json\/wp\/v2\/product"}],"about":[{"href":"https:\/\/mama-niemowlaka.pl\/sklep\/wp-json\/wp\/v2\/types\/product"}],"wp:featuredmedia":[{"embeddable":true,"href":"https:\/\/mama-niemowlaka.pl\/sklep\/wp-json\/wp\/v2\/media\/11610"}],"wp:attachment":[{"href":"https:\/\/mama-niemowlaka.pl\/sklep\/wp-json\/wp\/v2\/media?parent=19422"}],"wp:term":[{"taxonomy":"product_brand","embeddable":true,"href":"https:\/\/mama-niemowlaka.pl\/sklep\/wp-json\/wp\/v2\/product_brand?post=19422"},{"taxonomy":"product_cat","embeddable":true,"href":"https:\/\/mama-niemowlaka.pl\/sklep\/wp-json\/wp\/v2\/product_cat?post=19422"},{"taxonomy":"product_tag","embeddable":true,"href":"https:\/\/mama-niemowlaka.pl\/sklep\/wp-json\/wp\/v2\/product_tag?post=19422"}],"curies":[{"name":"wp","href":"https:\/\/api.w.org\/{rel}","templated":true}]}}