{"id":19432,"date":"2023-10-03T22:34:55","date_gmt":"2023-10-03T20:34:55","guid":{"rendered":"https:\/\/mama-niemowlaka.pl\/sklep\/?post_type=product&#038;p=19432"},"modified":"2025-12-15T22:38:56","modified_gmt":"2025-12-15T21:38:56","slug":"dres-niemowlecy-dla-chlopca-musztardowy","status":"publish","type":"product","link":"https:\/\/mama-niemowlaka.pl\/sklep\/produkt\/ubranka-niemowlece\/dres-dla-niemowlaka\/dres-niemowlecy-dla-chlopca-musztardowy\/","title":{"rendered":"Dres dla niemowlaka ch\u0142opca &#8211; musztardowy"},"content":{"rendered":"<h2>Bawe\u0142niany dres niemowl\u0119cy dla ch\u0142opca w kolorze musztardowym<\/h2>\n<p><span style=\"font-weight: 400;\">Uroczy, wygodny dres niemowl\u0119cy dla ch\u0142opca z motywami kosmicznymi i napisem SPACE. Ubranie wykonane jest ze 100% bawe\u0142ny.<\/span><\/p>\n<p>Ubranka dla niemowlaka powinny by\u0107 przede wszystkim wygodne i bezpieczne, czyli dok\u0142adnie takie jak proponowany przez nas dres dzieci\u0119cy.<\/p>\n<p>Wygodny, bawe\u0142niany dres dla dzieci i niemowl\u0105t o lu\u017anym, swobodnym fasonie. Uszyty z wysokiej jako\u015bci dzianiny dresowej w urocze zwierz\u0105tka. Dres mo\u017ce by\u0107 noszony na ka\u017cd\u0105 pogod\u0119, na co dzie\u0144 w domu oraz na specjalne okazje. Wyj\u0105tkowo mi\u0119kki i mi\u0142y w dotyku.<\/p>\n<p>W sk\u0142ad kompletu wchodz\u0105:<\/p>\n<p>Bluza z aplikacj\u0105, zapinana z przodu pod szyj\u0105 na dwie napy, kt\u00f3re u\u0142atwiaj\u0105 zak\u0142adanie bluzy przez g\u0142\u00f3wk\u0119 Maluszka. Bluza wyko\u0144czona jest delikatnym \u015bci\u0105gaczem wok\u00f3\u0142 r\u0105czek, przy szyjce oraz w pasie.<\/p>\n<p>Spodnie dresowe ze specjalnym obni\u017conym stanem dla dzieci nosz\u0105cych pieluszk\u0119. W pasie gumka, a wok\u00f3\u0142 kostek delikatny, bezuciskowy \u015bci\u0105gacz.<\/p>\n<h3>Dres niemowl\u0119cy gwarantuje swobod\u0119 ruch\u00f3w, sprawdzi si\u0119 w przypadku maluszk\u00f3w le\u017c\u0105cych w \u0142\u00f3\u017ceczku, jak r\u00f3wnie\u017c dla dzieci biegaj\u0105cych.<\/h3>\n<h3><span style=\"font-weight: 400;\">Sk\u0142ad:<\/span><\/h3>\n<p><span style=\"font-weight: 400;\">100% bawe\u0142na<\/span><\/p>\n","protected":false},"excerpt":{"rendered":"<h2>Bawe\u0142niany dres niemowl\u0119cy dla ch\u0142opca w kolorze musztardowym<\/h2>\n<p><span style=\"font-weight: 400;\">Uroczy, wygodny dres niemowl\u0119cy dla ch\u0142opca z motywami kosmicznymi i napisem SPACE. Ubranie wykonane jest ze 100% bawe\u0142ny.<\/span><\/p>\n<p>Ubranka dla niemowlaka powinny by\u0107 przede wszystkim wygodne i bezpieczne, czyli dok\u0142adnie takie jak proponowany przez nas dres dzieci\u0119cy.<\/p>\n<p>Wygodny, bawe\u0142niany dres dla dzieci i niemowl\u0105t o lu\u017anym, swobodnym fasonie. Uszyty z wysokiej jako\u015bci dzianiny dresowej w urocze zwierz\u0105tka. Dres mo\u017ce by\u0107 noszony na ka\u017cd\u0105 pogod\u0119, na co dzie\u0144 w domu oraz na specjalne okazje. Wyj\u0105tkowo mi\u0119kki i mi\u0142y w dotyku.<\/p>\n<p>W sk\u0142ad kompletu wchodz\u0105:<\/p>\n<p>Bluza z aplikacj\u0105, zapinana z przodu pod szyj\u0105 na dwie napy, kt\u00f3re u\u0142atwiaj\u0105 zak\u0142adanie bluzy przez g\u0142\u00f3wk\u0119 Maluszka. Bluza wyko\u0144czona jest delikatnym \u015bci\u0105gaczem wok\u00f3\u0142 r\u0105czek, przy szyjce oraz w pasie.<\/p>\n<p>Spodnie dresowe ze specjalnym obni\u017conym stanem dla dzieci nosz\u0105cych pieluszk\u0119. W pasie gumka, a wok\u00f3\u0142 kostek delikatny, bezuciskowy \u015bci\u0105gacz.<\/p>\n<h3>Dres niemowl\u0119cy gwarantuje swobod\u0119 ruch\u00f3w, sprawdzi si\u0119 w przypadku maluszk\u00f3w le\u017c\u0105cych w \u0142\u00f3\u017ceczku, jak r\u00f3wnie\u017c dla dzieci biegaj\u0105cych.<\/h3>\n<h3><span style=\"font-weight: 400;\">Sk\u0142ad:<\/span><\/h3>\n<p><span style=\"font-weight: 400;\">100% bawe\u0142na<\/span><\/p>\n","protected":false},"featured_media":5045,"template":"","meta":[],"product_brand":[],"product_cat":[136,57],"product_tag":[118,243,145,239],"class_list":{"0":"post-19432","1":"product","2":"type-product","3":"status-publish","4":"has-post-thumbnail","6":"product_cat-dres-dla-niemowlaka","7":"product_cat-ubranka-niemowlece","8":"product_tag-bawelna","9":"product_tag-black-friday","10":"product_tag-ubranka-dla-niemowlat-chlopca","11":"product_tag-dresik-dla-chlopca","12":"product_shipping_class-lekka","13":"pa_rozmiar-313","14":"pa_rozmiar-314","15":"pa_rozmiar-315","17":"first","18":"instock","19":"taxable","20":"shipping-taxable","21":"purchasable","22":"product-type-variable","23":"has-default-attributes","24":"wvs-archive-product-wrapper"},"_links":{"self":[{"href":"https:\/\/mama-niemowlaka.pl\/sklep\/wp-json\/wp\/v2\/product\/19432","targetHints":{"allow":["GET"]}}],"collection":[{"href":"https:\/\/mama-niemowlaka.pl\/sklep\/wp-json\/wp\/v2\/product"}],"about":[{"href":"https:\/\/mama-niemowlaka.pl\/sklep\/wp-json\/wp\/v2\/types\/product"}],"wp:featuredmedia":[{"embeddable":true,"href":"https:\/\/mama-niemowlaka.pl\/sklep\/wp-json\/wp\/v2\/media\/5045"}],"wp:attachment":[{"href":"https:\/\/mama-niemowlaka.pl\/sklep\/wp-json\/wp\/v2\/media?parent=19432"}],"wp:term":[{"taxonomy":"product_brand","embeddable":true,"href":"https:\/\/mama-niemowlaka.pl\/sklep\/wp-json\/wp\/v2\/product_brand?post=19432"},{"taxonomy":"product_cat","embeddable":true,"href":"https:\/\/mama-niemowlaka.pl\/sklep\/wp-json\/wp\/v2\/product_cat?post=19432"},{"taxonomy":"product_tag","embeddable":true,"href":"https:\/\/mama-niemowlaka.pl\/sklep\/wp-json\/wp\/v2\/product_tag?post=19432"}],"curies":[{"name":"wp","href":"https:\/\/api.w.org\/{rel}","templated":true}]}}