{"id":19436,"date":"2024-03-15T22:54:24","date_gmt":"2024-03-15T21:54:24","guid":{"rendered":"https:\/\/mama-niemowlaka.pl\/sklep\/?post_type=product&#038;p=19436"},"modified":"2025-12-15T23:02:22","modified_gmt":"2025-12-15T22:02:22","slug":"kardigan-dla-niemowlaka-chlopca-samochody-szary","status":"publish","type":"product","link":"https:\/\/mama-niemowlaka.pl\/sklep\/produkt\/ubranka-niemowlece\/sweterki-dla-niemowlat\/kardigan-dla-niemowlaka-chlopca-samochody-szary\/","title":{"rendered":"Kardigan dla niemowlaka ch\u0142opca samochody &#8211; szary"},"content":{"rendered":"<h2 data-pm-slice=\"1 1 []\"><strong>Mi\u0119ciutki kardigan dla niemowlaka ch\u0142opca w urocze samochodziki<\/strong><\/h2>\n<p data-pm-slice=\"1 1 []\"><a href=\"https:\/\/mama-niemowlaka.pl\/sklep\/produkt\/ubranka-niemowlece\/sweterki-dla-niemowlat\/kardigan-dla-niemowlaka-chlopca-samochody-szary\/\" target=\"_blank\" rel=\"noopener\"><strong>Kardigan dla niemowlaka<\/strong><\/a> z d\u0142ugim r\u0119kawem zapinany jest przez \u015brodek na praktyczne guziki. Mo\u017cna go szybko rozpi\u0105\u0107 lub zdj\u0105\u0107. Kardigan niemowl\u0119cy jest w kolorze szarym w urocze kolorowe samochodziki. D\u00f3\u0142 <a href=\"https:\/\/mama-niemowlaka.pl\/sklep\/c\/ubranka-niemowlece\/sweterki-dla-niemowlat\/\" target=\"_blank\" rel=\"noopener\"><strong>swetra niemowl\u0119cego<\/strong><\/a> oraz r\u0119kawy zosta\u0142y zako\u0144czone delikatnym \u015bci\u0105gaczem. <a href=\"https:\/\/mama-niemowlaka.pl\/sklep\/c\/ubranka-niemowlece\/sweterki-dla-niemowlat\/\" target=\"_blank\" rel=\"noopener\"><strong>Sweterek niemowl\u0119cy<\/strong><\/a> jest przyjemny w dotyku. Materia\u0142 jest delikatny, nie podra\u017cnia sk\u00f3ry. Kardigan niemowl\u0119cy utrzyma kszta\u0142t nawet po wielu praniach, o kt\u00f3re przy maluchach nietrudno. Ubranko niemowl\u0119ce jest wygodne i dopasowuje si\u0119 do dziecka, zapewniaj\u0105c mu swobod\u0119 ruch\u00f3w. Uniwersalny kolor mi\u0119ciutkiego kardiganu pozwala skompletowa\u0107 go z reszt\u0105 <a href=\"https:\/\/mama-niemowlaka.pl\/sklep\/ubranka-niemowlece\/\" target=\"_blank\" rel=\"noopener\"><strong>ubra\u0144 niemowl\u0119cych<\/strong><\/a>.<\/p>\n<h2 data-pm-slice=\"1 1 []\"><strong>Sweterki dla niemowl\u0105t w sklepie <\/strong><a href=\"https:\/\/mama-niemowlaka.pl\/sklep\/\" target=\"_blank\" rel=\"noopener\"><strong>mama-niemowlaka.pl<\/strong><\/a><\/h2>\n<p data-pm-slice=\"1 1 []\">Znajd\u017a najnowsze i najmodniejsze <a href=\"https:\/\/mama-niemowlaka.pl\/sklep\/c\/ubranka-niemowlece\/sweterki-dla-niemowlat\/\" target=\"_blank\" rel=\"noopener\"><strong>sweterki dla niemowl\u0105t<\/strong><\/a> w sklepie <a href=\"https:\/\/mama-niemowlaka.pl\/sklep\/\" target=\"_blank\" rel=\"noopener\"><strong>mama-niemowlaka.pl<\/strong><\/a>. W naszej ofercie znajdziesz zar\u00f3wno sweterki rozpinane dla ch\u0142opca i dziewczynki, eleganckie sweterki dla niemowl\u0105t a tak\u017ce wygodne sweterki dla noworodk\u00f3w. Nasze <a href=\"https:\/\/mama-niemowlaka.pl\/sklep\/ubranka-niemowlece\/\" target=\"_blank\" rel=\"noopener\"><strong>ubrania niemowl\u0119ce<\/strong><\/a> s\u0105 wykonane z wysokiej jako\u015bci materia\u0142\u00f3w, zapewniaj\u0105c trwa\u0142o\u015b\u0107 i wygod\u0119 dla Twojego maluszka. Oferujemy szeroki wyb\u00f3r sweterk\u00f3w dla niemowl\u0105t, w tym nasz <a href=\"https:\/\/mama-niemowlaka.pl\/sklep\/produkt\/ubranka-niemowlece\/sweterki-dla-niemowlat\/kardigan-dla-niemowlaka-chlopca-samochody-szary\/\" target=\"_blank\" rel=\"noopener\"><strong>Kardigan dla niemowlaka ch\u0142opca samochody &#8211; szary<\/strong><\/a>. Wybierz nasze wyj\u0105tkowe sweterki dla niemowl\u0105t, aby Twoje dziecko wygl\u0105da\u0142o uroczo i czu\u0142o si\u0119 wygodnie przez ca\u0142y dzie\u0144.<\/p>\n","protected":false},"excerpt":{"rendered":"<p data-pm-slice=\"1 1 []\">Kardigan niemowl\u0119cy dla ch\u0142opca z d\u0142ugim r\u0119kawem, kt\u00f3ry jest \u0142atwy do rozpi\u0119cia i zdj\u0119cia dzi\u0119ki praktycznym guzikom. Nasz kardigan dzieci\u0119cy jest wykonany z delikatnego materia\u0142u, kt\u00f3ry nie podra\u017cnia sk\u00f3ry dziecka. Dodatkowo sweterek niemowl\u0119cy utrzymuje sw\u00f3j kszta\u0142t nawet po wielu praniach. Nasze ubranko zapewni Twojemu niemowlakowi komfort i swobod\u0119 ruch\u00f3w. Uniwersalny szary kolor pozwala na \u0142atwe dopasowanie go do innych <a href=\"https:\/\/mama-niemowlaka.pl\/sklep\/ubranka-niemowlece\/\" target=\"_blank\" rel=\"noopener\"><strong>ubranek niemowl\u0119cych<\/strong><\/a>, a urocze samochodziki dodadz\u0105 dzieci\u0119cego uroku. Skompletuj z nami garderob\u0119 Twojego maluszka ju\u017c teraz, kup nasze <a href=\"https:\/\/mama-niemowlaka.pl\/sklep\/c\/ubranka-niemowlece\/sweterki-dla-niemowlat\/\" target=\"_blank\" rel=\"noopener\"><strong>sweterki dla niemowl\u0105t<\/strong><\/a>.<\/p>\n<p><a href=\"https:\/\/mama-niemowlaka.pl\/sklep\/produkt\/ubranka-niemowlece\/sweterki-dla-niemowlat\/kardigan-dla-niemowlaka-chlopca-samochody-szary\/\" target=\"_blank\" rel=\"noopener\"><strong>Kardigan dla niemowlaka ch\u0142opca<\/strong><\/a> wyst\u0119puje w czterech rozmiarach: 86, 92, 98 i 104. Dost\u0119pny jest r\u00f3wnie\u017c w kolorze niebieskim: <a href=\"https:\/\/mama-niemowlaka.pl\/sklep\/produkt\/ubranka-niemowlece\/sweterki-dla-niemowlat\/kardigan-dla-chlopca-niemowlaka-samochody-niebieski\/\" target=\"_blank\" rel=\"noopener\"><strong>Kardigan dla niemowlaka ch\u0142opca samochody &#8211; niebieski<\/strong><\/a>.<\/p>\n<p>Sk\u0142ad: 100% akryl<\/p>\n<table>\n<tbody>\n<tr>\n<td><b>rozmiar<\/b><\/td>\n<td style=\"text-align: center;\"><b>86<\/b><\/td>\n<td style=\"text-align: center;\"><b>92<\/b><\/td>\n<td style=\"text-align: center;\"><b>98<\/b><\/td>\n<td style=\"text-align: center;\"><b>104<\/b><\/td>\n<\/tr>\n<tr>\n<td><span style=\"font-weight: 400;\">D\u0142ugo\u015b\u0107 ca\u0142kowita<\/span><\/td>\n<td><span style=\"font-weight: 400;\">33 cm<\/span><\/td>\n<td><span style=\"font-weight: 400;\">36 cm<\/span><\/td>\n<td><span style=\"font-weight: 400;\">38 cm<\/span><\/td>\n<td><span style=\"font-weight: 400;\">41 cm<\/span><\/td>\n<\/tr>\n<tr>\n<td><span style=\"font-weight: 400;\">Szeroko\u015b\u0107 pachy<\/span><\/td>\n<td><span style=\"font-weight: 400;\">26 cm<\/span><\/td>\n<td><span style=\"font-weight: 400;\">28 cm<\/span><\/td>\n<td><span style=\"font-weight: 400;\">30 cm<\/span><\/td>\n<td><span style=\"font-weight: 400;\">32cm<\/span><\/td>\n<\/tr>\n<tr>\n<td><span style=\"font-weight: 400;\">D\u0142ugo\u015b\u0107 r\u0119kawa<\/span><\/td>\n<td><span style=\"font-weight: 400;\">31cm<\/span><\/td>\n<td><span style=\"font-weight: 400;\">33cm<\/span><\/td>\n<td><span style=\"font-weight: 400;\">35cm<\/span><\/td>\n<td><span style=\"font-weight: 400;\">41cm<\/span><\/td>\n<\/tr>\n<\/tbody>\n<\/table>\n<p>&nbsp;<\/p>\n","protected":false},"featured_media":13126,"template":"","meta":[],"product_brand":[],"product_cat":[80,57],"product_tag":[145],"class_list":{"0":"post-19436","1":"product","2":"type-product","3":"status-publish","4":"has-post-thumbnail","6":"product_cat-sweterki-dla-niemowlat","7":"product_cat-ubranka-niemowlece","8":"product_tag-ubranka-dla-niemowlat-chlopca","9":"product_shipping_class-lekka","10":"pa_rozmiar-319","11":"pa_rozmiar-316","12":"pa_rozmiar-317","13":"pa_rozmiar-318","15":"first","16":"instock","17":"taxable","18":"shipping-taxable","19":"purchasable","20":"product-type-variable","21":"has-default-attributes","22":"wvs-archive-product-wrapper"},"_links":{"self":[{"href":"https:\/\/mama-niemowlaka.pl\/sklep\/wp-json\/wp\/v2\/product\/19436","targetHints":{"allow":["GET"]}}],"collection":[{"href":"https:\/\/mama-niemowlaka.pl\/sklep\/wp-json\/wp\/v2\/product"}],"about":[{"href":"https:\/\/mama-niemowlaka.pl\/sklep\/wp-json\/wp\/v2\/types\/product"}],"wp:featuredmedia":[{"embeddable":true,"href":"https:\/\/mama-niemowlaka.pl\/sklep\/wp-json\/wp\/v2\/media\/13126"}],"wp:attachment":[{"href":"https:\/\/mama-niemowlaka.pl\/sklep\/wp-json\/wp\/v2\/media?parent=19436"}],"wp:term":[{"taxonomy":"product_brand","embeddable":true,"href":"https:\/\/mama-niemowlaka.pl\/sklep\/wp-json\/wp\/v2\/product_brand?post=19436"},{"taxonomy":"product_cat","embeddable":true,"href":"https:\/\/mama-niemowlaka.pl\/sklep\/wp-json\/wp\/v2\/product_cat?post=19436"},{"taxonomy":"product_tag","embeddable":true,"href":"https:\/\/mama-niemowlaka.pl\/sklep\/wp-json\/wp\/v2\/product_tag?post=19436"}],"curies":[{"name":"wp","href":"https:\/\/api.w.org\/{rel}","templated":true}]}}