{"id":19464,"date":"2023-05-15T23:59:09","date_gmt":"2023-05-15T21:59:09","guid":{"rendered":"https:\/\/mama-niemowlaka.pl\/sklep\/?post_type=product&#038;p=19464"},"modified":"2025-12-16T00:07:30","modified_gmt":"2025-12-15T23:07:30","slug":"pajacyk-niemowlecy-azurowy-bialy-2","status":"publish","type":"product","link":"https:\/\/mama-niemowlaka.pl\/sklep\/produkt\/ubranka-niemowlece\/pajacyki-dla-niemowlat\/pajacyk-niemowlecy-azurowy-bialy-2\/","title":{"rendered":"Pajacyk niemowl\u0119cy a\u017curowy &#8211; bia\u0142y"},"content":{"rendered":"<h2 data-pm-slice=\"1 1 []\"><strong>Pajac niemowl\u0119cy na lato<\/strong><\/h2>\n<p>Pajacyk niemowl\u0119cy to jeden z podstawowych element\u00f3w garderoby ma\u0142ego dziecka.<\/p>\n<p>A\u017curowy pajacyk niemowl\u0119cy to doskona\u0142y wyb\u00f3r dla rodzic\u00f3w, kt\u00f3rzy szukaj\u0105 ubrania dla swojego dziecka, kt\u00f3re zapewni mu maksymalny komfort i wygod\u0119 w ciep\u0142e dni. Nasz pi\u0119kny i praktyczny pajacyk zosta\u0142 wykonany z a\u017curowej dzianiny bawe\u0142nianej, dzi\u0119ki czemu jest niezwykle lekki i przewiewny, idealny na lato. Pajacyk niemowl\u0119cy jest wykonany z wysokiej jako\u015bci materia\u0142\u00f3w, co sprawia, \u017ce jest trwa\u0142y i wytrzyma\u0142y. Jego estetyczny wygl\u0105d i staranne wykonanie sprawiaj\u0105, \u017ce b\u0119dzie to prezent, kt\u00f3ry zostanie doceniony przez ka\u017cdego rodzica.<\/p>\n<h2><strong>Bia\u0142y pajacyk niemowl\u0119cy<\/strong><\/h2>\n<p>Bawe\u0142niany pajac niemowl\u0119cy posiad d\u0142ugi r\u0119kaw. Dodatkowo, pajacyk dla niemowl\u0105t zosta\u0142 ozdobiony balonikami. Pajacyk zapinany jest na bezniklowe napy. Materia\u0142 z kt\u00f3rego zosta\u0142 wykonany nasz pajacyk niemowl\u0119cy wyr\u00f3\u017cnia go po\u015br\u00f3d innych ubranek dla noworodka. Pajacyk doskonale sprawdzi si\u0119 zar\u00f3wno dla ch\u0142opca jak i dziewczynki.<\/p>\n<h2><strong>Ubranka niemowl\u0119ce to sprawdzony pomys\u0142 na prezent<\/strong><\/h2>\n<p>Pajacyk niemowl\u0119cy jest bardzo praktycznym prezentem dla rodzic\u00f3w, poniewa\u017c zapewnia wygod\u0119 i komfort dla dziecka.<\/p>\n<p>A\u017curowy pajacyk niemowl\u0119cy to doskona\u0142y prezent dla noworodka lub ma\u0142ego dziecka, kt\u00f3ry zapewni dziecku wygod\u0119 i komfort, a jednocze\u015bnie b\u0119dzie estetycznym dodatkiem do garderoby. Jego wysoka jako\u015b\u0107 i uniwersalno\u015b\u0107 sprawiaj\u0105, \u017ce b\u0119dzie to prezent, kt\u00f3ry zostanie doceniony przez ka\u017cdego rodzica.<\/p>\n<p>Sk\u0142ad: 100% bawe\u0142na<\/p>\n","protected":false},"excerpt":{"rendered":"<p data-pm-slice=\"1 1 []\">Pajacyk niemowl\u0119cy w kolorze bia\u0142ym dla Malucha uszyty z a\u017curowej dzianiny bawe\u0142nianej. Dzianina bawe\u0142niana sprawia, \u017ce pajacyk jest przewiewny dzi\u0119ki czemu doskonale sprawdzi si\u0119 w wyprawce noworodka urodzonego w letnich miesi\u0105cach. Lekki materia\u0142 powoduje, \u017ce pajacyk jest niezwykle mi\u0119kki i delikatny. Pajacyk wyst\u0119puje w dw\u00f3ch kolorach: bia\u0142ym i niebieskim.<\/p>\n<p>Pajacyki niemowl\u0119ce dost\u0119pne s\u0105 w dw\u00f3ch rozmiarach.<\/p>\n","protected":false},"featured_media":8658,"template":"","meta":[],"product_brand":[],"product_cat":[59,57],"product_tag":[118,278,145,152,350,162,359,358,355,220,270,281,272,273,274,269],"class_list":{"0":"post-19464","1":"product","2":"type-product","3":"status-publish","4":"has-post-thumbnail","6":"product_cat-pajacyki-dla-niemowlat","7":"product_cat-ubranka-niemowlece","8":"product_tag-bawelna","9":"product_tag-bialy-pajacyk-niemowlecy","10":"product_tag-ubranka-dla-niemowlat-chlopca","11":"product_tag-ubranka-dla-niemowlat-dziewczynek","12":"product_tag-dzianina-azurowa","13":"product_tag-lato","14":"product_tag-ubranka-dla-niemowlaka-chlopca-na-lato","15":"product_tag-ubranka-letnie-dla-dziewczynki","16":"product_tag-letnie-ubranka-dla-niemowlat","17":"product_tag-ubranka-dla-noworodkow","18":"product_tag-pajacyk-do-spania","19":"product_tag-pajacyk-na-lato","20":"product_tag-pajacyk-niemowlecy-62","21":"product_tag-pajacyki-68","22":"product_tag-pajacyki-dla-dziewczynek","23":"product_tag-pajacyki-niemowlece-dla-chlopca","24":"product_shipping_class-lekka","25":"pa_rozmiar-312","26":"pa_rozmiar-313","28":"first","29":"instock","30":"taxable","31":"shipping-taxable","32":"purchasable","33":"product-type-variable","34":"has-default-attributes","35":"wvs-archive-product-wrapper"},"_links":{"self":[{"href":"https:\/\/mama-niemowlaka.pl\/sklep\/wp-json\/wp\/v2\/product\/19464","targetHints":{"allow":["GET"]}}],"collection":[{"href":"https:\/\/mama-niemowlaka.pl\/sklep\/wp-json\/wp\/v2\/product"}],"about":[{"href":"https:\/\/mama-niemowlaka.pl\/sklep\/wp-json\/wp\/v2\/types\/product"}],"wp:featuredmedia":[{"embeddable":true,"href":"https:\/\/mama-niemowlaka.pl\/sklep\/wp-json\/wp\/v2\/media\/8658"}],"wp:attachment":[{"href":"https:\/\/mama-niemowlaka.pl\/sklep\/wp-json\/wp\/v2\/media?parent=19464"}],"wp:term":[{"taxonomy":"product_brand","embeddable":true,"href":"https:\/\/mama-niemowlaka.pl\/sklep\/wp-json\/wp\/v2\/product_brand?post=19464"},{"taxonomy":"product_cat","embeddable":true,"href":"https:\/\/mama-niemowlaka.pl\/sklep\/wp-json\/wp\/v2\/product_cat?post=19464"},{"taxonomy":"product_tag","embeddable":true,"href":"https:\/\/mama-niemowlaka.pl\/sklep\/wp-json\/wp\/v2\/product_tag?post=19464"}],"curies":[{"name":"wp","href":"https:\/\/api.w.org\/{rel}","templated":true}]}}