{"id":19467,"date":"2024-12-16T00:13:29","date_gmt":"2024-12-15T23:13:29","guid":{"rendered":"https:\/\/mama-niemowlaka.pl\/sklep\/?post_type=product&#038;p=19467"},"modified":"2025-12-16T00:17:49","modified_gmt":"2025-12-15T23:17:49","slug":"pajacyk-niemowlecy-bez-stopek-w-serduszka-rozowy","status":"publish","type":"product","link":"https:\/\/mama-niemowlaka.pl\/sklep\/produkt\/ubranka-niemowlece\/pajacyki-dla-niemowlat\/pajacyk-niemowlecy-bez-stopek-w-serduszka-rozowy\/","title":{"rendered":"Pajacyk niemowl\u0119cy bez st\u00f3pek dla dziewczynki &#8211; r\u00f3\u017cowy"},"content":{"rendered":"<h2 data-pm-slice=\"1 1 []\">Bawe\u0142niany pajacyk niemowl\u0119cy bez st\u00f3pek dla dziewczynki<\/h2>\n<p data-pm-slice=\"1 1 []\">Nasz <a href=\"https:\/\/mama-niemowlaka.pl\/sklep\/produkt\/ubranka-niemowlece\/pajacyki-dla-niemowlat\/pajacyk-niemowlecy-bez-stopek-w-serduszka-rozowy\/\" target=\"_blank\" rel=\"noopener\"><strong>pajacyk niemowl\u0119cy bez st\u00f3pek<\/strong><\/a> to doskona\u0142y wyb\u00f3r na ka\u017cd\u0105 okazj\u0119 \u2013 od codziennych drzemek po wieczorne przytulanki. Mi\u0119kka bawe\u0142na, z kt\u00f3rej zosta\u0142 wykonany, jest przyjazna dla delikatnej sk\u00f3ry noworodka, nie powoduje podra\u017cnie\u0144 i zapewnia odpowiedni\u0105 cyrkulacj\u0119 powietrza. Bawe\u0142niany pajac niemowl\u0119cy jest idealny na ka\u017cd\u0105 por\u0119 roku, a uroczy wz\u00f3r w serduszka doda ka\u017cdej stylizacji odrobiny uroku. Dzi\u0119ki wygodnym zapi\u0119ciom na napy, zmiana pieluszki to czysta przyjemno\u015b\u0107, bez zb\u0119dnych komplikacji.<\/p>\n<p data-pm-slice=\"1 1 []\">Nasz pajacyk dla dziewczynki to wygodne ubranko dla niemowlaka. Kup je ju\u017c dzi\u015b.<\/p>\n<h2 data-pm-slice=\"1 1 []\">Pajacyki dla niemowl\u0105t w sklepie <a href=\"https:\/\/mama-niemowlaka.pl\" target=\"_blank\" rel=\"noopener\">mama-niemowlaka.pl<\/a><\/h2>\n<p data-pm-slice=\"1 1 []\">Je\u015bli spodoba\u0142 Ci si\u0119 ten <strong>pajacyk niemowl\u0119cy bez st\u00f3pek<\/strong>, zapraszamy do zapoznania si\u0119 z nasz\u0105 pe\u0142n\u0105 ofert\u0105 <a href=\"https:\/\/mama-niemowlaka.pl\/sklep\/c\/ubranka-niemowlece\/pajacyki-dla-niemowlat\/\" target=\"_blank\" rel=\"noopener\"><strong>wygodnych pajacyk\u00f3w niemowl\u0119cych<\/strong><\/a>. W sklepie Mama Niemowlaka znajdziesz tylko <strong>najwy\u017cszej jako\u015bci pajacyki<\/strong>, idealne dla Twojego maluszka. Ka\u017cdy <strong>pajacyk niemowl\u0119cy <\/strong>dost\u0119pny w naszej ofercie zosta\u0142 starannie wyselekcjonowany, aby zapewni\u0107 komfort i bezpiecze\u0144stwo Twojego dziecka. W naszej ofercie znajdziesz szeroki wyb\u00f3r <a href=\"https:\/\/mama-niemowlaka.pl\/sklep\/t\/pajacyki-dla-dziewczynek\/\" target=\"_blank\" rel=\"noopener\"><strong>pajacyk\u00f3w dla dziewczynki<\/strong><\/a> oraz <a href=\"https:\/\/mama-niemowlaka.pl\/sklep\/t\/pajacyki-niemowlece-dla-chlopca\/\" target=\"_blank\" rel=\"noopener\"><strong>pajacyki dla ch\u0142opca<\/strong><\/a>. Odkryj te\u017c <a href=\"https:\/\/mama-niemowlaka.pl\/sklep\/t\/pajacyki-dla-noworodka\/\" target=\"_blank\" rel=\"noopener\"><strong>pajacyki dla noworodka<\/strong><\/a> w r\u00f3\u017cnych wzorach i kolorach, kt\u00f3re z pewno\u015bci\u0105 przypadn\u0105 do gustu ka\u017cdej mamie i jej maluszkowi.<\/p>\n<p data-pm-slice=\"1 1 []\">Warto kupi\u0107 pajacyki niemowl\u0119ce na naszym sklepie!<\/p>\n","protected":false},"excerpt":{"rendered":"<p data-pm-slice=\"1 1 []\">Wygodny <a href=\"https:\/\/mama-niemowlaka.pl\/sklep\/produkt\/ubranka-niemowlece\/pajacyki-dla-niemowlat\/pajacyk-niemowlecy-bez-stopek-w-serduszka-rozowy\/\" target=\"_blank\" rel=\"noopener\"><strong>pajacyk niemowl\u0119cy bez st\u00f3pek<\/strong><\/a> to uroczy wyb\u00f3r dla ka\u017cdej ma\u0142ej dziewczynki. Wykonany z mi\u0119kkiej i delikatnej bawe\u0142ny, zapewnia komfort i wygod\u0119 podczas snu i codziennych aktywno\u015bci. Ten r\u00f3\u017cowy pajacyk z czarnymi serduszkami jest nie tylko stylowy, ale r\u00f3wnie\u017c praktyczny dzi\u0119ki bezniklowym napom, kt\u00f3re u\u0142atwiaj\u0105 jego zak\u0142adanie i zdejmowanie. Idealny na ch\u0142odniejsze dni i noce.<\/p>\n<p>Bawe\u0142niany pajacyk niemowl\u0119cy bez st\u00f3pek dla dziewczynki dost\u0119pny jest w trzech rozmiarach: 56, 62 i 68.<\/p>\n<p>Sk\u0142ad: 100% bawe\u0142na<\/p>\n","protected":false},"featured_media":16071,"template":"","meta":[],"product_brand":[],"product_cat":[59,57],"product_tag":[118,152,180,270,272,273,276,274,235],"class_list":{"0":"post-19467","1":"product","2":"type-product","3":"status-publish","4":"has-post-thumbnail","6":"product_cat-pajacyki-dla-niemowlat","7":"product_cat-ubranka-niemowlece","8":"product_tag-bawelna","9":"product_tag-ubranka-dla-niemowlat-dziewczynek","10":"product_tag-nowosc","11":"product_tag-pajacyk-do-spania","12":"product_tag-pajacyk-niemowlecy-62","13":"product_tag-pajacyki-68","14":"product_tag-pajacyki-bez-stopek","15":"product_tag-pajacyki-dla-dziewczynek","16":"product_tag-rampersy","17":"product_shipping_class-lekka","18":"pa_rozmiar-311","19":"pa_rozmiar-312","20":"pa_rozmiar-313","21":"pa_rozmiar-314","23":"first","24":"instock","25":"taxable","26":"shipping-taxable","27":"purchasable","28":"product-type-variable","29":"has-default-attributes","30":"wvs-archive-product-wrapper"},"_links":{"self":[{"href":"https:\/\/mama-niemowlaka.pl\/sklep\/wp-json\/wp\/v2\/product\/19467","targetHints":{"allow":["GET"]}}],"collection":[{"href":"https:\/\/mama-niemowlaka.pl\/sklep\/wp-json\/wp\/v2\/product"}],"about":[{"href":"https:\/\/mama-niemowlaka.pl\/sklep\/wp-json\/wp\/v2\/types\/product"}],"wp:featuredmedia":[{"embeddable":true,"href":"https:\/\/mama-niemowlaka.pl\/sklep\/wp-json\/wp\/v2\/media\/16071"}],"wp:attachment":[{"href":"https:\/\/mama-niemowlaka.pl\/sklep\/wp-json\/wp\/v2\/media?parent=19467"}],"wp:term":[{"taxonomy":"product_brand","embeddable":true,"href":"https:\/\/mama-niemowlaka.pl\/sklep\/wp-json\/wp\/v2\/product_brand?post=19467"},{"taxonomy":"product_cat","embeddable":true,"href":"https:\/\/mama-niemowlaka.pl\/sklep\/wp-json\/wp\/v2\/product_cat?post=19467"},{"taxonomy":"product_tag","embeddable":true,"href":"https:\/\/mama-niemowlaka.pl\/sklep\/wp-json\/wp\/v2\/product_tag?post=19467"}],"curies":[{"name":"wp","href":"https:\/\/api.w.org\/{rel}","templated":true}]}}